{"id":3752,"date":"2025-05-27T14:04:00","date_gmt":"2025-05-27T12:04:00","guid":{"rendered":"https:\/\/opus-folyoirat.sk\/?page_id=3752"},"modified":"2026-01-14T14:04:50","modified_gmt":"2026-01-14T12:04:50","slug":"david-dora","status":"publish","type":"page","link":"https:\/\/opus-folyoirat.sk\/?page_id=3752","title":{"rendered":"D\u00e1vid D\u00f3ra"},"content":{"rendered":"\n<p><strong>\u00c1larc<\/strong><\/p>\n\n\n<div class=\"has-text-align-right wp-block-post-date\"><time datetime=\"2025-05-27T14:04:00+02:00\">2025-05-27<\/time><\/div>\n\n\n<p>K\u00e9s\u0151 \u0151szi d\u00e9lut\u00e1n van, \u00e9s m\u00e1r alkonyodik, amikor a&nbsp;buszra felsz\u00e1llva helyet foglalok egy id\u0151s\u00f6d\u0151 asszony mellett. A j\u00e1rm\u0171 szinte teljesen megtelik, mire a busz kihajt a meg\u00e1ll\u00f3b\u00f3l, \u00e9s a sz\u00ednes falevelekkel szeg\u00e9lyezett f\u0151\u00fatra fordul r\u00e1. Er\u0151s sz\u00e9l f\u00faj, \u00e9s az es\u0151 is r\u00e1kezd, \u00edgy a motor egyenletes b\u00fag\u00e1s\u00e1ba belekeveredik az ablakt\u00f6rl\u0151k zaja, amelyek az egyre s\u0171r\u0171s\u00f6d\u0151 cseppeket igyekeznek elt\u0171ntetni a sz\u00e9lv\u00e9d\u0151r\u0151l.<\/p>\n\n\n\n<p>A t\u00e1sk\u00e1mmal az \u00f6lemben \u00fclve elfojtok magamban egy s\u00f3hajt, majd az ablakon kib\u00e1mulva figyelem a mellett\u00fcnk elsuhan\u00f3 t\u00e1jat, mik\u00f6zben a gondolataimba mer\u00fcl\u00f6k. Hossz\u00fa napom volt, \u00edgy kifejezetten f\u00e1radtnak \u00e9s kimer\u00fcltnek \u00e9rzem magam, \u00e9s alig v\u00e1rom, hogy haza\u00e9rve v\u00e9gre az \u00e1gyamba d\u0151lhessek. Az id\u0151 nyomott hangulata sem seg\u00edt az \u00e1llapotomon, az es\u0151s-h\u0171v\u00f6s november szomor\u00fanak \u00e9s melankolikusnak hat, \u00e9s m\u00e9g a busz enyhe f\u0171t\u00e9se ellen\u00e9re is v\u00e9gigfut rajtam a hideg.<\/p>\n\n\n\n<p>\u00c9rzem, hogy csuk\u00f3dik le a szemem, \u00e9s tudom, hogy hamarosan el fog nyomi az \u00e1lom, amit viszont egy\u00e1ltal\u00e1n nem engedhetek meg magamnak, \u00edgy a kor\u00e1bban v\u00e1s\u00e1rolt \u00fajs\u00e1got el\u0151veszem a t\u00e1sk\u00e1mb\u00f3l, kisim\u00edtom a lapokat. Elkezdem olvasni az els\u0151 oldalon l\u00e9v\u0151 cikket, amely a kisv\u00e1rosban t\u00f6rt\u00e9nt gyilkoss\u00e1gok sorozat\u00e1val foglalkozik, \u00e9s az esetek k\u00f6z\u00f6tti \u2013 nem l\u00e9tez\u0151 \u2013 \u00f6sszef\u00fcgg\u00e9st pr\u00f3b\u00e1lja valahogyan felfedni.<\/p>\n\n\n\n<p>\u2013 Sz\u00f6rny\u0171s\u00e9g az eg\u00e9sz \u2013 hallok meg egy gyenge hangot magam mell\u0151l, mire k\u00e9rd\u0151n n\u00e9zek fel.<\/p>\n\n\n\n<p>Az \u00f6regasszony tekintete a sorokon fut v\u00e9gig, majd amikor l\u00e1tja, hogy \u0151t figyelem, v\u00e1llat von.<\/p>\n\n\n\n<p>\u2013 \u00c9s m\u00e9g mindig nincs semmi nyom, amin a nyomoz\u00f3k elindulhatn\u00e1nak \u2013 folytatja, \u00e9n pedig \u00e9rdekl\u0151dve hallgatom, igaz\u00edtva a von\u00e1saimon, hogy semmit se lehessen leolvasni az arcomr\u00f3l.<\/p>\n\n\n\n<p>\u2013 \u00cdgy van \u2013 b\u00f3lintok, majd a bennem l\u00e9v\u0151 \u00f6sszes emp\u00e1ti\u00e1val a hangomban fokozom. \u2013 Ki k\u00e9pes ilyen kegyetlens\u00e9gre?<\/p>\n\n\n\n<p>\u2013 Rem\u00e9lem, nem lesz t\u00f6bb \u00e1ldozat \u2013 borzong meg az asszony, majd a fej\u00e9t r\u00e1zva fordul el. L\u00e1tom rajta, hogy el\u00e9gg\u00e9 felzargatta az el\u0151bbi p\u00e1rbesz\u00e9d, \u00e9s hogy minden porcik\u00e1j\u00e1val igyekszik megszabadulni az \u00fajs\u00e1gcikk okozta f\u00e9lelemt\u0151l.<\/p>\n\n\n\n<p>Egy apr\u00f3 mosolyt elfojtva fordulok vissza a lapokhoz. Hatalom \u00e9s a fels\u0151bbrend\u0171s\u00e9g \u00e9rz\u00e9se \u00e1rad sz\u00e9t bennem, \u00e9s j\u00f3les\u0151 libab\u0151r fut v\u00e9gig a karomon.<\/p>\n\n\n\n<p>Senki sem tudja. Mert senkinek sem engedem, hogy tudja.<\/p>\n\n\n\n<p>Hasonl\u00f3 gondolatokkal az agyamban mer\u00fcl\u00f6k el ism\u00e9t a sorok k\u00f6z\u00f6tt, mik\u00f6zben \u00e9n vagyok az egyetlen, aki tiszt\u00e1ban van azzal, kir\u0151l is sz\u00f3l az \u00edr\u00e1s.<\/p>\n\n\n\n<p>R\u00f3lam.<\/p>\n","protected":false},"excerpt":{"rendered":"<p>\u00c1larc K\u00e9s\u0151 \u0151szi d\u00e9lut\u00e1n van, \u00e9s m\u00e1r alkonyodik, amikor a&nbsp;buszra felsz\u00e1llva helyet foglalok egy id\u0151s\u00f6d\u0151 asszony mellett. A j\u00e1rm\u0171 szinte teljesen megtelik, mire a busz kihajt a meg\u00e1ll\u00f3b\u00f3l, \u00e9s a sz\u00ednes falevelekkel szeg\u00e9lyezett f\u0151\u00fatra fordul r\u00e1. Er\u0151s sz\u00e9l f\u00faj, \u00e9s &hellip; <a href=\"https:\/\/opus-folyoirat.sk\/?page_id=3752\">Egy kattint\u00e1s ide a folytat\u00e1shoz&#8230;. <span class=\"meta-nav\">&rarr;<\/span><\/a><\/p>\n","protected":false},"author":4,"featured_media":0,"parent":0,"menu_order":0,"comment_status":"closed","ping_status":"closed","template":"","meta":{"footnotes":""},"class_list":["post-3752","page","type-page","status-publish","hentry"],"_links":{"self":[{"href":"https:\/\/opus-folyoirat.sk\/index.php?rest_route=\/wp\/v2\/pages\/3752","targetHints":{"allow":["GET"]}}],"collection":[{"href":"https:\/\/opus-folyoirat.sk\/index.php?rest_route=\/wp\/v2\/pages"}],"about":[{"href":"https:\/\/opus-folyoirat.sk\/index.php?rest_route=\/wp\/v2\/types\/page"}],"author":[{"embeddable":true,"href":"https:\/\/opus-folyoirat.sk\/index.php?rest_route=\/wp\/v2\/users\/4"}],"replies":[{"embeddable":true,"href":"https:\/\/opus-folyoirat.sk\/index.php?rest_route=%2Fwp%2Fv2%2Fcomments&post=3752"}],"version-history":[{"count":1,"href":"https:\/\/opus-folyoirat.sk\/index.php?rest_route=\/wp\/v2\/pages\/3752\/revisions"}],"predecessor-version":[{"id":3754,"href":"https:\/\/opus-folyoirat.sk\/index.php?rest_route=\/wp\/v2\/pages\/3752\/revisions\/3754"}],"wp:attachment":[{"href":"https:\/\/opus-folyoirat.sk\/index.php?rest_route=%2Fwp%2Fv2%2Fmedia&parent=3752"}],"curies":[{"name":"wp","href":"https:\/\/api.w.org\/{rel}","templated":true}]}}