{"id":3772,"date":"2025-07-06T14:32:00","date_gmt":"2025-07-06T12:32:00","guid":{"rendered":"https:\/\/opus-folyoirat.sk\/?page_id=3772"},"modified":"2026-01-14T14:42:58","modified_gmt":"2026-01-14T12:42:58","slug":"kemal-ozer-5","status":"publish","type":"page","link":"https:\/\/opus-folyoirat.sk\/?page_id=3772","title":{"rendered":"Kemal \u00d6zer"},"content":{"rendered":"\n<p><strong>K\u00e9t orsz\u00e1g egym\u00e1s mellett&nbsp;<\/strong><\/p>\n\n\n<div class=\"has-text-align-right wp-block-post-date\"><time datetime=\"2025-07-06T14:32:00+02:00\">2025-07-06<\/time><\/div>\n\n\n<p>Mint k\u00e9t orsz\u00e1g egym\u00e1s mellett olyanok vagyunk,<br>a hold el\u0151tt elvonul\u00f3 felh\u0151<br>el\u0151sz\u00f6r t\u00e9ged bor\u00edt s\u00f6t\u00e9tbe azt\u00e1n engem<br>fel\u0151led fel\u00e9m f\u00faj emitt,<br>amott fel\u0151lem fel\u00e9d<br>a hal\u00e1nt\u00e9kunkat h\u0171s\u00edt\u0151 sz\u00e9l.<\/p>\n\n\n\n<p>Mint k\u00e9t szemk\u00f6zti part olyanok vagyunk<br>elv\u00e1laszt egym\u00e1st\u00f3l \u00e9s egym\u00e1shoz k\u00f6t<br>a k\u00f6zt\u00fcnk ballag\u00f3 foly\u00f3<br>mint a t\u00f6rt\u00e9nelem egym\u00e1st k\u00f6vet\u0151 lapjai olyanok vagyunk<br>az egyiken kezd\u0151d\u0151 mondat<br>a m\u00e1sikon \u00e9r v\u00e9get.<\/p>\n\n\n\n<p>Amikor elj\u00f6nnek az arat\u00e1s napjai<br>mint k\u00e9t sz\u00e1jon ugyanabban a percben<br>megjelen\u0151 mosoly olyanok vagyunk<br>mint k\u00e9t verejt\u00e9kcsepp olyanok vagyunk<br>az egy\u00fctt l\u00e9trehozott \u00e9s<br>testv\u00e9riesen megosztott vil\u00e1g homlok\u00e1n.&nbsp;<\/p>\n\n\n\n<p><br><br><strong>Homokos tengerparton<\/strong><\/p>\n\n\n\n<p>A homokban s\u00e9t\u00e1l\u00f3k nyom\u00e1t<br>elmoss\u00e1k a hull\u00e1mok<\/p>\n\n\n\n<p>Amikor egym\u00e1shoz sz\u00f3lnak<br>elviszi hangjukat a v\u00edz<\/p>\n\n\n\n<p>Mennek m\u00e9gis a homokban<br>l\u00e1bukkal \u00fajabb nyomokat r\u00f3va<\/p>\n\n\n\n<p>M\u00e9gis sz\u00f3lnak egym\u00e1shoz<br>\u00faj szavakat tal\u00e1lnak \u0151k ketten<\/p>\n\n\n\n<p><\/p>\n\n\n\n<p><br><br><strong>Az \u00e9v fordul\u00f3j\u00e1n a haj\u00f3n<\/strong><\/p>\n\n\n\n<p>Haj\u00f3n \u00fcl\u00f6k az \u00e9v fordul\u00f3j\u00e1n.<br>T\u00e1voli havakr\u00f3l hoz h\u00edrt<br>a tengeren az els\u0151 idei sz\u00e9l.<br>R\u00e1ront a v\u00edzre ez\u00fcst kasz\u00e1val<br>mintha b\u00fazamez\u0151be v\u00e1gna<br>v\u00e9gigfut h\u00e1trahagy megannyi k\u00e9v\u00e9t \u2212<br>a hallgatag utasok gondolatait.<\/p>\n\n\n\n<p>Reszket\u00fcnk. \u00cdm az els\u0151 h\u00f3felh\u0151<br>\u00faszik odaf\u00f6nt.<br>K\u00e9rdezgetj\u00fck egym\u00e1st:<br>Havat hoz? Vagy valami m\u00e1st?<\/p>\n\n\n\n<p><\/p>\n\n\n\n<p class=\"has-text-align-right\"><em>Tasn\u00e1di Edit ford\u00edt\u00e1sai<\/em><\/p>\n","protected":false},"excerpt":{"rendered":"<p>K\u00e9t orsz\u00e1g egym\u00e1s mellett&nbsp; Mint k\u00e9t orsz\u00e1g egym\u00e1s mellett olyanok vagyunk,a hold el\u0151tt elvonul\u00f3 felh\u0151el\u0151sz\u00f6r t\u00e9ged bor\u00edt s\u00f6t\u00e9tbe azt\u00e1n engemfel\u0151led fel\u00e9m f\u00faj emitt,amott fel\u0151lem fel\u00e9da hal\u00e1nt\u00e9kunkat h\u0171s\u00edt\u0151 sz\u00e9l. Mint k\u00e9t szemk\u00f6zti part olyanok vagyunkelv\u00e1laszt egym\u00e1st\u00f3l \u00e9s egym\u00e1shoz k\u00f6ta k\u00f6zt\u00fcnk ballag\u00f3 &hellip; <a href=\"https:\/\/opus-folyoirat.sk\/?page_id=3772\">Egy kattint\u00e1s ide a folytat\u00e1shoz&#8230;. <span class=\"meta-nav\">&rarr;<\/span><\/a><\/p>\n","protected":false},"author":4,"featured_media":0,"parent":0,"menu_order":0,"comment_status":"closed","ping_status":"closed","template":"","meta":{"footnotes":""},"class_list":["post-3772","page","type-page","status-publish","hentry"],"_links":{"self":[{"href":"https:\/\/opus-folyoirat.sk\/index.php?rest_route=\/wp\/v2\/pages\/3772","targetHints":{"allow":["GET"]}}],"collection":[{"href":"https:\/\/opus-folyoirat.sk\/index.php?rest_route=\/wp\/v2\/pages"}],"about":[{"href":"https:\/\/opus-folyoirat.sk\/index.php?rest_route=\/wp\/v2\/types\/page"}],"author":[{"embeddable":true,"href":"https:\/\/opus-folyoirat.sk\/index.php?rest_route=\/wp\/v2\/users\/4"}],"replies":[{"embeddable":true,"href":"https:\/\/opus-folyoirat.sk\/index.php?rest_route=%2Fwp%2Fv2%2Fcomments&post=3772"}],"version-history":[{"count":1,"href":"https:\/\/opus-folyoirat.sk\/index.php?rest_route=\/wp\/v2\/pages\/3772\/revisions"}],"predecessor-version":[{"id":3783,"href":"https:\/\/opus-folyoirat.sk\/index.php?rest_route=\/wp\/v2\/pages\/3772\/revisions\/3783"}],"wp:attachment":[{"href":"https:\/\/opus-folyoirat.sk\/index.php?rest_route=%2Fwp%2Fv2%2Fmedia&parent=3772"}],"curies":[{"name":"wp","href":"https:\/\/api.w.org\/{rel}","templated":true}]}}