{"id":3785,"date":"2025-07-13T14:43:00","date_gmt":"2025-07-13T12:43:00","guid":{"rendered":"https:\/\/opus-folyoirat.sk\/?page_id=3785"},"modified":"2026-01-14T14:44:45","modified_gmt":"2026-01-14T12:44:45","slug":"kemal-ozer-6","status":"publish","type":"page","link":"https:\/\/opus-folyoirat.sk\/?page_id=3785","title":{"rendered":"Kemal \u00d6zer"},"content":{"rendered":"<div class=\"has-text-align-right wp-block-post-date\"><time datetime=\"2025-07-13T14:43:00+02:00\">2025-07-13<\/time><\/div>\n\n\n<p><strong>Besz\u00e9l\u0151n<\/strong><\/p>\n\n\n\n<p>Fiam, hegyeken \u00e1th\u00e1gva<br>j\u00f6ttem a besz\u00e9l\u0151re<br>\u2212 a mi hegyeinken \u2212&nbsp;<br>\u00f6r\u00f6m\u00f6met megmosva a foly\u00f3kban<br>\u2212 a mi foly\u00f3inkban \u2212<br>reggeli sz\u00e9llel befonva a hajam<br>\u2212 a mi reggeli szel\u00fcnkkel<br>a hangomat a mi ottani<br>vir\u00e1gainkhoz \u00e9rintve j\u00f6ttem:<br>                              <em>Hogy vagy?<\/em><\/p>\n\n\n\n<p>\u00cdme \u00e9vek m\u00falt\u00e1n, fiam<br>szemt\u0151l szembe l\u00e1tjuk egym\u00e1st<br>ha k\u00f6zt\u00fcnk van is a sz\u00f6gesdr\u00f3t<br>neked is a homlokomat kell n\u00e9zned<br>am\u00edg el nem oszlanak sorban a felh\u0151k<br>am\u00edg meg nem l\u00e1tod rajta<br>a neked elhozott otthoni eget.<br>Mert egy sz\u00f6gesdr\u00f3t nem \u00e1ll\u00edthatja meg<br>se a te pillant\u00e1sodat se az eny\u00e9met<br>a l\u00e9nyeg, hogy a szem\u00fcnk ne hallgasson:<br>                              <em>Hogy vagy&#8230;<\/em><\/p>\n\n\n\n<p>Fiam, a besz\u00e9l\u0151n<br>altat\u00f3dalokat akartam \u00e9nekelni<br>\u2212 nyugtatni \u00e1lmatlan \u00e9jszak\u00e1id \u2212<br>dalokat akartam \u00e9nekelni<br>\u2212 a lagzidra \u0151rizgetett dalokat \u2212<br>sirat\u00f3dalok csom\u00f3sodtak torkomban<br>\u2212 egy-egy cs\u00e9pl\u00e9s-t\u0171z mindegyik \u2212&nbsp;<br>\u00e9nekeln\u00e9k, ha nem volna tilos<br>a saj\u00e1t nyelv\u00fcnket haszn\u00e1lni.<br>De ez sem akad\u00e1lyozhatja meg, fiam<br>se amit \u00e9n akarok mondani, se azt amit te<br>El\u00e9g, ha belef\u00e9r ebbe a sz\u00f3ba:<br>                              <em>Hogy vagy!<\/em><\/p>\n\n\n\n<p>Egyetlen sz\u00f3val fogom kezeidet a kezembe<br>\u2212 hogy megd\u00f6rzs\u00f6ljem, ha f\u00e1znak \u2212<br>egyetlen sz\u00f3val szor\u00edtlak mellemre<br>\u2212 a d\u00e9lel\u0151tt leg\u00e1rv\u00e1bb \u00f3r\u00e1j\u00e1n \u2212<br>egyetlen sz\u00f3val adom tan\u00e1csom<br>\u2212 a kegyetlens\u00e9g er\u0151s\u00edtsen meg t\u00e9ged \u2212<br>egyetlen sz\u00f3val \u00e9r hozz\u00e1d \u00f3hajom<br>\u2212 v\u00e1ltozzon a nap, de te ne v\u00e1ltozz \u2013<br>hi\u00e1ba annyi er\u0151szak, tilalom \u00e9s akad\u00e1ly,<br>sz\u00e9gyenkezzenek, akik k\u00f6z\u00e9nk \u00e1ll\u00edtj\u00e1k \u0151ket:<br>                              <em>Hogy vagy?!<\/em><\/p>\n\n\n\n<p><br><br><strong>Hozz\u00e1m ne \u00e9rjen!<\/strong><\/p>\n\n\n\n<p>Es\u0151 szemerk\u00e9l<br>befel\u00e9 h\u00faz\u00f3dik az ablakban a vir\u00e1g<br>szinte sz\u00f3l: Nehogy r\u00e1m cs\u00f6ppenjen!<\/p>\n\n\n\n<p>A v\u00e1roshoz m\u00e9g nem szokott, de m\u00e1r idegen a mez\u0151kt\u0151l.<\/p>\n\n\n\n<p><\/p>\n\n\n\n<p class=\"has-text-align-right\"><em>Tasn\u00e1di Edit ford\u00edt\u00e1sai<\/em><\/p>\n","protected":false},"excerpt":{"rendered":"<p>Besz\u00e9l\u0151n Fiam, hegyeken \u00e1th\u00e1gvaj\u00f6ttem a besz\u00e9l\u0151re\u2212 a mi hegyeinken \u2212&nbsp;\u00f6r\u00f6m\u00f6met megmosva a foly\u00f3kban\u2212 a mi foly\u00f3inkban \u2212reggeli sz\u00e9llel befonva a hajam\u2212 a mi reggeli szel\u00fcnkkela hangomat a mi ottanivir\u00e1gainkhoz \u00e9rintve j\u00f6ttem: Hogy vagy? \u00cdme \u00e9vek m\u00falt\u00e1n, fiamszemt\u0151l szembe l\u00e1tjuk egym\u00e1stha &hellip; <a href=\"https:\/\/opus-folyoirat.sk\/?page_id=3785\">Egy kattint\u00e1s ide a folytat\u00e1shoz&#8230;. <span class=\"meta-nav\">&rarr;<\/span><\/a><\/p>\n","protected":false},"author":4,"featured_media":0,"parent":0,"menu_order":0,"comment_status":"closed","ping_status":"closed","template":"","meta":{"footnotes":""},"class_list":["post-3785","page","type-page","status-publish","hentry"],"_links":{"self":[{"href":"https:\/\/opus-folyoirat.sk\/index.php?rest_route=\/wp\/v2\/pages\/3785","targetHints":{"allow":["GET"]}}],"collection":[{"href":"https:\/\/opus-folyoirat.sk\/index.php?rest_route=\/wp\/v2\/pages"}],"about":[{"href":"https:\/\/opus-folyoirat.sk\/index.php?rest_route=\/wp\/v2\/types\/page"}],"author":[{"embeddable":true,"href":"https:\/\/opus-folyoirat.sk\/index.php?rest_route=\/wp\/v2\/users\/4"}],"replies":[{"embeddable":true,"href":"https:\/\/opus-folyoirat.sk\/index.php?rest_route=%2Fwp%2Fv2%2Fcomments&post=3785"}],"version-history":[{"count":1,"href":"https:\/\/opus-folyoirat.sk\/index.php?rest_route=\/wp\/v2\/pages\/3785\/revisions"}],"predecessor-version":[{"id":3786,"href":"https:\/\/opus-folyoirat.sk\/index.php?rest_route=\/wp\/v2\/pages\/3785\/revisions\/3786"}],"wp:attachment":[{"href":"https:\/\/opus-folyoirat.sk\/index.php?rest_route=%2Fwp%2Fv2%2Fmedia&parent=3785"}],"curies":[{"name":"wp","href":"https:\/\/api.w.org\/{rel}","templated":true}]}}