{"id":3790,"date":"2025-06-04T10:51:00","date_gmt":"2025-06-04T08:51:00","guid":{"rendered":"https:\/\/opus-folyoirat.sk\/?page_id=3790"},"modified":"2026-01-14T14:52:57","modified_gmt":"2026-01-14T12:52:57","slug":"durec-valeria","status":"publish","type":"page","link":"https:\/\/opus-folyoirat.sk\/?page_id=3790","title":{"rendered":"Durec Val\u00e9ria\u00a0"},"content":{"rendered":"\n<p><strong>Az exped\u00edci\u00f3<\/strong><\/p>\n\n\n<div class=\"has-text-align-right wp-block-post-date\"><time datetime=\"2025-06-04T10:51:00+02:00\">2025-06-04<\/time><\/div>\n\n\n<p>J\u00f3zsi b\u00e1ty\u00e1m \u00fagy d\u00f6nt\u00f6tt, megkeresi Attila s\u00edrj\u00e1t. T\u00f6rt\u00e9nt ez vas\u00e1rnap hajnal\u00e1n, amikor a&nbsp;pirkadat r\u00f3zsasz\u00edn sz\u00e1rnyait bontogatta az \u00e9g alj\u00e1n, maga el\u0151tt terelve az apr\u00f3 b\u00e1r\u00e1nyfelh\u0151ket a mennyei legel\u0151re. Szem\u00e9b\u0151l kit\u00f6r\u00f6lte csip\u00e1it, haj\u00e1b\u00f3l kiszedte a sz\u00e9n\u00e1t, \u00e9s \u00f3vatosan megnyitotta a cs\u0171r ajtaj\u00e1t. Megnyugv\u00e1ssal k\u00e9mlelte a h\u00e1z s\u00f6t\u00e9t ablakait, lelki szeme el\u0151tt kirajzol\u00f3dott neje h\u00f3feh\u00e9r mellkasa, mely halk szuszog\u00e1s k\u00eds\u00e9ret\u00e9ben emelgette a vaskos dunyh\u00e1t. M\u00e9ly horkant\u00e1s is felt\u00f6rt n\u00e9ha az asszony sz\u00e1j\u00e1b\u00f3l, de J\u00f3zsi b\u00e1 a szombat esti ultiz\u00e1s ut\u00e1n, v\u00e1gyaival eltelve szende Csipker\u00f3zsik\u00e1t v\u00e9lt felfedezni alv\u00f3 feles\u00e9g\u00e9ben. Az\u00e9rt biztos, ami biztos, szedett a mez\u0151n p\u00e1r sz\u00e1l vir\u00e1got, margar\u00e9t\u00e1t, pipacsot, b\u00fazavir\u00e1got, nem r\u00f3zs\u00e1t, mint a m\u00faltkor, az f\u00e1jt a kopasz fej\u00e9nek \u2013 fr\u00e1nya egy sz\u00far\u00f3s Isten alkot\u00e1sa. Szerencs\u00e9re az asszony mindig megb\u00e9k\u00e9lt, hiszen a h\u00e9t t\u00f6bbi napj\u00e1n f\u00e9rje szinte tenyer\u00e9n hordta. Ha b\u00edrta volna. Kem\u00e9ny, k\u00e9rges kezeivel igazgatta a frissen szedett zsenge csokrot, arra gondolva, most majd b\u00fcszke lesz r\u00e1 az asszony, csak vigye v\u00e9gbe a terv\u00e9t.<\/p>\n\n\n\n<p>&nbsp; J\u00f3zsi b\u00e1 beosont a h\u00e1zba, feltette f\u0151ni a reggeli k\u00e1v\u00e9t. A konyhakredencen \u00e1ll\u00f3 r\u00e9gi vekkerre pillantott \u2013 F\u00e9l hat van \u2013 nyugt\u00e1zta mag\u00e1ban \u2013 m\u00e9g van egy kis id\u0151m, azt\u00e1n az exped\u00edci\u00f3mhoz sz\u00fcks\u00e9ges fontos adatok gy\u0171jt\u00e9s\u00e9re indulok, \u00e9s megfelel\u0151 embereket kell verbuv\u00e1lnom \u2013 \u00edgy elm\u00e9lkedett. Egy kancs\u00f3ba vizet engedett, elrendezte benne a vir\u00e1gcsokrot, feles\u00e9ge kedvenc iboly\u00e1s cs\u00e9sz\u00e9j\u00e9be k\u00e1v\u00e9t \u00f6nt\u00f6tt, \u00e9s csendben kiosont a h\u00e1zb\u00f3l.<\/p>\n\n\n\n<p>&nbsp; Hatkor nyitott a N\u00e9gyk\u00e9zl\u00e1b nevezet\u0171 kocsma, a falu tiszteletben \u00e1ll\u00f3 n\u00e9pe kedvenc \u00e9s egyed\u00fcli sz\u00f3rakoz\u00f3helye, s egyben m\u00e9rhetetlen inform\u00e1ci\u00f3k kincses szigete. Ide sietett<\/p>\n\n\n\n<p>J\u00f3zsi b\u00e1ty\u00e1m, meg sem lep\u0151dve, hogy a kocsma ajtaja m\u00e1r hat el\u0151tt t\u00e1rva-nyitva volt, f\u00e9lig tele \u00e1lmos, de kitart\u00f3 vend\u00e9gekkel, j\u00f3magamat is bele\u00e9rtve.<\/p>\n\n\n\n<p>\u2013 Na ide figyeljenek emberek! \u2013 sz\u00f3lt az \u00f6reg a terem k\u00f6zep\u00e9re \u00e1llva. \u2013 Ugye nem j\u00e1rja az, hogy a nagy vez\u00e9r\u00fcnket, Attil\u00e1t m\u00e9g mind\u00e9g nem tal\u00e1lt\u00e1k meg! Ugye, hogy igazam van?! \u2013 buzg\u00f3 sz\u00f3\u00e1radata megbillentette egyesek fej\u00e9t, \u00e9bredeztek az ott \u00e9jszak\u00e1z\u00f3k, az \u00fajonnan j\u00f6v\u0151k is \u00e9rdekl\u0151d\u00e9ssel tekintettek J\u00f3zsi b\u00e1 fel\u00e9.<\/p>\n\n\n\n<p>\u2013 Te, J\u00f3ska, az asszony megint a cs\u0171rbe zavart? \u2013 vetette oda sunyi mosollyal az arc\u00e1n a kocsm\u00e1ros, \u00e9s m\u00e1r t\u00f6lt\u00f6tte a p\u00e1link\u00e1skupic\u00e1kat \u00e9s a s\u00f6r\u00f6spoharakat. Az \u00f6reg arca l\u00e1ngba borult.<\/p>\n\n\n\n<p>\u2013 Engem azt\u00e1n nem zavart senki sehova! \u2013 \u00fcv\u00f6lt\u00f6tte az \u00f6reg, de csak sz\u00e9lesen vigyorg\u00f3 arcok fogadt\u00e1k \u00e9rzelmes kirobban\u00e1s\u00e1t. \u2013 A cs\u0171r, az az \u00e9n medit\u00e1ci\u00f3s k\u00f6zpontom, \u00e9rtitek fajank\u00f3k?!<\/p>\n\n\n\n<p>Amikor kil\u00e9pek ebb\u0151l a szennyg\u00f6d\u00f6rb\u0151l, le kell mosnom a sok mocskot, ami itt r\u00e1m ragad \u2013 s f\u00f6l\u00e9nyesen k\u00f6r\u00fcln\u00e9zett. Elcsendesedett a kocsma n\u00e9pe, minden szem a feld\u00falt f\u00e9rfira szegez\u0151d\u00f6tt. Komor tekintetek voltak, a seg\u00e9d is m\u00e1r \u00f6t\u00f6dj\u00e9re t\u00f6r\u00fclte le a pultot \u00e9s a kocsm\u00e1ros gy\u00f6ngy\u00f6z\u0151 homlok\u00e1t.<\/p>\n\n\n\n<p>\u2013 Ajaj, itt nagy baj lesz \u2013 gondoltam. \u2013 K\u00f6zbe kellene l\u00e9pni, miel\u0151tt kit\u00f6r a forradalom. Odal\u00e9ptem J\u00f3zsi b\u00e1hoz, gyeng\u00e9den megkocogtattam a v\u00e1ll\u00e1t, majd felseg\u00edtettem, \u00e9s \u00edgy sz\u00f3ltam:&nbsp;<\/p>\n\n\n\n<p>\u2013 J\u00f3zsi b\u00e1, h\u00e1t mondja m\u00e1r el, mire k\u00e9sz\u00fcl! Nagy megtiszteltet\u00e9s, hogy vel\u00fcnk ossza meg els\u0151re a terv\u00e9t, \u00e9s m\u00e9g fizet is egy k\u00f6rt.&nbsp;<\/p>\n\n\n\n<p>&nbsp; J\u00f3zsi b\u00e1 felszisszent, na, nem a v\u00e1lla v\u00e9gett, mivel \u00e9rtelmes volt, \u00e9s \u00e9rezte a feje felett \u00f6sszegy\u00fcleml\u0151 v\u00e9szj\u00f3sl\u00f3 felh\u0151ket, \u00edgy el\u0151szedte bugyell\u00e1ris\u00e1t. A teremben beindult az \u00e9let, mint a tavaszi m\u00e9hrajz\u00e1s. Poharak teltek, \u00fcr\u00fcltek, v\u00e9gre teljes volt a b\u00e9ke.<\/p>\n\n\n\n<p>\u2013 Ahogy az el\u0151bb mondtam \u2013 kezdett neki \u00fajb\u00f3l az \u00f6reg, k\u00f6rbej\u00e1ratva kiss\u00e9 m\u00e1r m\u00e1moros tekintet\u00e9t \u2013, Attila s\u00edrja felt\u00e1r\u00e1s\u00e1hoz exped\u2026 iz\u00e9t toborzok Nep\u00e1lba, most \u00e9ppen tudom\u00e1nyos archeol\u00f3giai teoretikus felt\u00e1r\u00e1sokat tartok itt.&nbsp;<\/p>\n\n\n\n<p>Az \u00e9rtelmetlen pillant\u00e1sokat, t\u00e1tott sz\u00e1jakat n\u00e9zve, megtoldotta kegyesen mondanival\u00f3j\u00e1t, persze a p\u00e1linkaszint magass\u00e1g\u00e1nak megfelel\u0151en, hogy \u00e9rthet\u0151 legyen ezeknek a tudatlan tusk\u00f3knak:&nbsp;<\/p>\n\n\n\n<p>\u2013 Hov\u00e1 a b\u00fab\u00e1natba \u00e1st\u00e1k el Attil\u00e1t \u00e9s a lov\u00e1t?<\/p>\n\n\n\n<p>Megk\u00f6sz\u00f6r\u00fcltem a torkom \u2013 Azt\u00e1n mib\u0151l gondolja b\u00e1ty\u00e1m, hogy Nep\u00e1lban kell keresni a vez\u00e9rt?<\/p>\n\n\n\n<p>\u2013 Mindenki oda megy, fiam, az ott \u00e9l\u0151knek a szem\u00fck is ferde, lovaik is vannak, nemde? H\u00e1t olyan kis p\u00f3nikon j\u00f6ttek ide \u0151saty\u00e1ink \u2013 eln\u00e9z\u0151en s b\u00f6lcsen magyar\u00e1zta az \u00f6reg.<\/p>\n\n\n\n<p>Egy kiss\u00e9 elakadtam. Ennyi er\u0151vel tal\u00e1n a szomsz\u00e9dban l\u00e9v\u0151 k\u00ednai \u00fczlet pinc\u00e9j\u00e9ben is v\u00e9gezhetn\u00e9nk \u00e1sat\u00e1sokat. Valami nem stimmelt \u2013 net\u00e1n Dzsingisz k\u00e1nt szeretn\u00e9 felkutatni, b\u00e1ty\u00e1m? Valahol a mongol sztyepp\u00e9ken?<\/p>\n\n\n\n<p>\u2013 Ne besz\u00e9lj badars\u00e1gokat, fiam! Kit \u00e9rdekel egy k\u00ednai fal\u00e9p\u00edt\u0151 \u2013 dagadt a melle a sok tud\u00e1st\u00f3l. \u2013 Tudom \u00e9n, hogy n\u00e9zett ki Attila, l\u00e1ttam a f\u00e9nyk\u00e9p\u00e9t \u2013 r\u00e1ncolta homlok\u00e1t rokonom.<\/p>\n\n\n\n<p>\u2013 Szerintem meg \u2013 sz\u00f3lalt meg Dod\u00f3, az egy\u00fcgy\u0171 p\u00e1sztorleg\u00e9ny \u2013 a szomsz\u00e9d falu temet\u0151j\u00e9ben kell keresni. Ott l\u00e1ttam egy s\u00edrk\u00f6v\u00f6n sz\u00e9p arannyal kiv\u00e9sve, hogy Vez\u00e9r Attila. A legkedvesebb birk\u00e1mra esk\u00fcsz\u00f6m, ott van! \u2013 b\u00f3logatott nagyokat, t\u00e9pett ingujj\u00e1ba t\u00f6r\u00f6lve a sz\u00e1j\u00e1b\u00f3l kicsordul\u00f3 habot.<\/p>\n\n\n\n<p>&nbsp; Nagy lett a zsivaj a kocsm\u00e1ban. Volt, aki azt kiab\u00e1lta, valami harci mez\u0151n t\u0171nt el a verseivel egy\u00fctt, a m\u00e1sik D\u00f3d\u00f3 fej\u00e9t paskolta, ezzel tudt\u00e1ra adva, hamis az \u00e1ll\u00edt\u00e1sa, mivelhogy mindenki tiszt\u00e1ban volt vele, birk\u00e1kat terel, de Manci, a kecske volt a kedvence. Egyesek az oroszokra fogt\u00e1k, hogy elt\u00fcntett\u00e9k vez\u00e9r\u00fcnket, \u00fagy, mint a Borosty\u00e1ntermet. Mondtam \u00e9n, azok n\u00e1cik voltak, de senki sem hallgatott r\u00e1m, m\u00edgnem J\u00f3zsi b\u00e1 nagyot nem rikkantott \u2013 Kuss! \u2013 felemelte a kez\u00e9t, gyorsan lenyalta a kil\u00f6ttyintett p\u00e1link\u00e1t, nehogy m\u00e1r elp\u00e1rologjon. \u2013 Ez az \u00e9n \u00f6tletem, \u00e9n expendexem\u2026 vagy mi, sz\u00f3val az! \u00c9n mondom meg hov\u00e1 megy\u00fcnk! \u2013 imbolyogva elindult a kij\u00e1rat fel\u00e9, visszafordulva fel\u00e9m b\u00f6kte b\u00fctyk\u00f6s ujj\u00e1t: \u2013 Veled m\u00e9g besz\u00e9dem lesz. Dics\u0151s\u00e9g\u00e9re v\u00e1ljon, hogy most k\u00e9t l\u00e1bon hagyta el a kocsma helys\u00e9g\u00e9t. Tal\u00e1n el is felejtettem volna kedvenc rokonom nagy terv\u00e9t, ha m\u00e1snap nem kopogtat az ajt\u00f3nkon. Napszem\u00fcveg takarta arc\u00e1t, b\u00e1r \u00edgy is kikandik\u00e1lt egy-k\u00e9t helyen szemh\u00e9ja lila elsz\u00ednez\u0151d\u00e9se. N\u00e9n\u00e9m h\u00edres volt sz\u00e9p k\u00e9zimunk\u00e1ir\u00f3l, \u00fcgyesen \u00e9s gyorsan j\u00e1rt a keze.<\/p>\n\n\n\n<p>\u2013 J\u00f6jj\u00f6n be J\u00f3zsi b\u00e1. Mi sz\u00e9l hozta? \u2013 k\u00edn\u00e1ltam hellyel a kiss\u00e9 bizonytalan mozg\u00e1s\u00fa \u00f6reget.<\/p>\n\n\n\n<p>\u2013 Mondtam \u00e9n, hogy j\u00f6v\u00f6k, csak sok volt a munka az asszonyon\u2026 akarom mondani, a h\u00e1z k\u00f6r\u00fcl \u2013 k\u00f6h\u00e9cselt p\u00e1rat. Maga m\u00f6g\u00e9 pillantott, majd megk\u00f6nnyebb\u00fclve el\u0151h\u00fazott egy \u00fcveg p\u00e1link\u00e1t. \u00c9n sem voltam rest, azonnal az asztalon voltak a poharak, \u00e9s m\u00e1r t\u00f6lt\u00f6tt\u00fck is magunkba az \u00e9letment\u0151 ned\u0171t. Az \u00f6reg fels\u00f3hajtott az els\u0151 poh\u00e1r ut\u00e1n, m\u00e9g a szem\u00fcveg\u00e9t is levette, \u00e9s r\u00e1mvillantotta lila keretes sz\u00fcrke h\u00e1lyogos szem\u00e9t.<\/p>\n\n\n\n<p>\u2013 Tudod, fiam, nagyon b\u00e1nt engem ez a dolog, Attila vez\u00e9r\u00fcnk utols\u00f3 nyugov\u00f3ja. M\u00e9g tisztelet\u00fcnket sem tudjuk neki ler\u00f3ni, mert nincs hol \u2013 d\u00fcnny\u00f6gte \u00e9s t\u00f6lt\u00f6tte a poharakat. \u2013<\/p>\n\n\n\n<p>Arra gondoltam, te, egyetemet v\u00e9gzett, tud\u00f3s ember vagy, tagja lehetn\u00e9l az exped\u00edci\u00f3 csapat\u00e1nak.<\/p>\n\n\n\n<p>\u2013 Nem is tudom, J\u00f3zsi b\u00e1 \u2013 kiss\u00e9 \u00f3dzkodtam \u2013 h\u00e1ny embert tal\u00e1lt m\u00e1r?<\/p>\n\n\n\n<p>\u2013 Term\u00e9szetesen \u00e9n vagyok a f\u0151n\u00f6k \u2013 h\u00fazta ki mag\u00e1t az \u00f6reg \u2013 te leszel az archeol\u00f3gusunk, \u00e9s m\u00e9g Sanyit, a s\u00edr\u00e1s\u00f3t is siker\u00fclt beszerveznem. Kellenek a szakik, na!<\/p>\n\n\n\n<p>\u2013 \u00c9n patol\u00f3gus vagyok, kedves b\u00e1ty\u00e1m \u2013 szabadkoztam.<\/p>\n\n\n\n<p>\u2013 H\u00e1\u2019 j\u00f3 az fiam, csont, mint csont. Nem mindegy? Kevesebb lesz a dolgod, tiszta munka, v\u00e1gni sem kell \u2013 tolta h\u00e1tra kalapj\u00e1t az \u00f6reg.<\/p>\n\n\n\n<p>\u2013 Ehhez sok p\u00e9nz kell, f\u0151leg, ha Nep\u00e1lba szeretne kutatni \u2013 pr\u00f3b\u00e1ltam lebesz\u00e9lni \u0151t mer\u00e9sz terv\u00e9r\u0151l.<\/p>\n\n\n\n<p>\u2013 Ne f\u00e9lj te semmit! Tal\u00e1ltam szponzort. L\u00e1tod, tudom \u00e9n, hogy kell ezt csin\u00e1lni! A kocsm\u00e1ros be\u00edg\u00e9rt \u00f6t \u00fcveg kis\u00fcstit \u00e9s \u00f6t l\u00e1da s\u00f6rt. Gondoltam \u00e9n mindenre.<\/p>\n\n\n\n<p>\u2013 Kezdhetn\u00e9nk k\u00f6zelebb is az \u00e1sat\u00e1sokat, b\u00e1ty\u00e1m. Legal\u00e1bb begyakoroljuk kicsit.<\/p>\n\n\n\n<p>\u2013 A magyar n\u00e9p\u00e9rt, t\u00f6rt\u00e9nelm\u00e9\u00e9rt b\u00e1rmit fel\u00e1ldozok! Ha kell, ak\u00e1r az \u00e9szaki sarkra is elmegyek \u2013 nagyot csapott az asztalra.<\/p>\n\n\n\n<p>\u2013 B\u00f6zsi n\u00e9n\u00e9m mit sz\u00f3l a terveihez? \u2013 h\u00faztam el\u0151 az utols\u00f3 adut.<\/p>\n\n\n\n<p>\u2013 Kezdj\u00fck teh\u00e1t a keres\u00e9st Pilisben \u2013 sz\u00f3lt elmerengve. \u2013 \u00dagy olvastam, Ildik\u00f3 ott szerette begy\u0171jteni f\u00e9rje kedvenc ital\u00e1hoz a gy\u00f3gyn\u00f6v\u00e9nyeket \u2013 felhajtott m\u00e9g egy kupica p\u00e1link\u00e1t \u00e9s kis\u00e9t\u00e1lt a napf\u00e9nyes utc\u00e1ra.<\/p>\n\n\n\n<p>&nbsp; Nagy k\u0151 esett le a sz\u00edvemr\u0151l. Rem\u00e9ltem, hogy J\u00f3zsi b\u00e1 az itthoni t\u00e1jakon sok\u00e1ig fog teoretikus adatgy\u0171jt\u00e9s v\u00e9gezni. T\u00e9vedtem.<\/p>\n\n\n\n<p>&nbsp; M\u00e1snap kora reggel, az els\u0151 kakaskukor\u00e9kol\u00e1s ut\u00e1n dud\u00e1l\u00e1sra riadtam fel. Mire ki\u00e9rtem a gangra, J\u00f3zsi b\u00e1ty\u00e1m minden sz\u00f3 n\u00e9lk\u00fcl, mint a tettek embere, a f\u00e9szer\u00fcnkb\u0151l vitte a lap\u00e1tot \u00e9s a cs\u00e1k\u00e1nyt. \u00d6reg 1500-as Lad\u00e1ja h\u00e1ts\u00f3 \u00fcl\u00e9s\u00e9re pakolta a szersz\u00e1mokat, csomagtart\u00f3ja m\u00e1r tele volt Sanyival, a s\u00edr\u00e1s\u00f3val, aki magzatp\u00f3zban szundik\u00e1lva \u00f6lelgette a s\u00f6r\u00f6sl\u00e1d\u00e1t.<\/p>\n\n\n\n<p>\u2013 Csipkedd magad, \u00f6cs\u00e9m, sok a dolgunk! Minden felszerel\u00e9s\u00fcnk megvan. Lap\u00e1t, cs\u00e1k\u00e1ny, t\u00edz sz\u00e1l kolb\u00e1sz, finom friss keny\u00e9r \u00e9s a kocsm\u00e1ros szponzori adom\u00e1nya is mind bef\u00e9rt. J\u00f3 ez az \u00f6reg j\u00e1rg\u00e1ny \u2013 b\u00fcszk\u00e9n simogatta kocsija behorpadt tetej\u00e9t.<\/p>\n\n\n\n<p>\u2013 M\u00e1ris j\u00f6v\u00f6k \u2013 rikkantottam, ezt a kalandot ki nem hagyom, b\u00e1rmit is gondoltam fel\u0151le.<\/p>\n\n\n\n<p>Fel\u00f6lt\u00f6ztem, magamba \u00f6nt\u00f6ttem a tegnap lef\u0151z\u00f6tt hideg k\u00e1v\u00e9t, \u00e9s rohantam a kocsihoz.<\/p>\n\n\n\n<p>Felr\u00e1ntottam az ajtaj\u00e1t, a j\u00f3 kis ruszki aut\u00f3 kiss\u00e9 fanyalgott, de v\u00e9g\u00fcl engedett, \u00e9s m\u00e1r raktam is be a l\u00e1bam, mire J\u00f3zsi b\u00e1 r\u00e1m ord\u00edtott: \u2013 A bal sarokba rakd a l\u00e1baid, finoman!<\/p>\n\n\n\n<p>Ty\u00fa\u00fa\u00fa! \u2013 nagyot n\u00e9ztem, mert a kocsi alj\u00e1t megette a rozsda. \u2013 Az \u00fcl\u00e9s b\u00edrni fogja? \u2013 k\u00e9rdeztem megszeppenve, majd l\u00e1tva az \u00f6reg villan\u00f3 tekintet\u00e9t, gyorsan bek\u00fasztam az aut\u00f3ba.<\/p>\n\n\n\n<p>&nbsp; Elkezd\u0151d\u00f6tt a nagy kaland. R\u00f3ttuk a kilom\u00e9tereket, Sz\u00e1sa, J\u00f3zsi b\u00e1 ily n\u00e9ven bec\u00e9zett aut\u00f3ja zab\u00e1lta a benzint, talpam al\u00f3l id\u0151k\u00f6z\u00f6nk\u00e9nt kihullott p\u00e1r rozsd\u00e1s darab. \u00c9lveztem az utat, a gy\u00f6ny\u00f6r\u0171 t\u00e1jat, Pilis elk\u00e9peszt\u0151 dombjaival, erdeivel. Ki tudja, mi mindent rejtegetnek zugai, tal\u00e1n t\u00e9nyleg r\u00e1lel\u00fcnk valaki s\u00edrj\u00e1ra. Mereng\u00e9seimb\u0151l \u00e9les f\u00e9knyikorg\u00e1s szak\u00edtott ki, m\u00edg a testem folytatta mozg\u00e1s\u00e1t egyenesen a sz\u00e9lv\u00e9d\u0151re. Szerencs\u00e9re az \u00fcveg b\u00edrta, Sanyi is fel\u00e9bredt a csomagtart\u00f3ban, \u00e9s s\u00edrva k\u00f6ny\u00f6rg\u00f6tt, engedj\u00fck ki a kript\u00e1b\u00f3l. Sz\u00f6rny\u0171 ez a szakmai \u00e1rtalom!<\/p>\n\n\n\n<p>\u2013 Ez j\u00f3 hely lesz \u2013 nyugt\u00e1zta az \u00f6reg. \u2013 N\u00e9zd azt a domboldalt! Attila szelleme azt s\u00fagja, ott kezdj\u00fck meg az \u00e1sat\u00e1sokat!<\/p>\n\n\n\n<p>Mi\u00e9rt ne hittem volna neki, \u00e9s k\u00fcl\u00f6nben is, ez a f\u00e9l\u00f3r\u00e1s d\u00f6c\u00f6g\u0151s \u00fat megviselte csontjaimat.<\/p>\n\n\n\n<p>\u00cdgy h\u00e1t minden t\u00e1sk\u00e1t, h\u00e1tizs\u00e1kot magunkra vetett\u00fcnk, \u00e9s szabadj\u00e1ra engedt\u00fck a Sanyit. A csomagtart\u00f3b\u00f3l el\u0151bukkan\u00f3 szem\u00e9lye elk\u00e1pr\u00e1ztatott, fekete gy\u0171r\u00f6tt szmoking l\u00f3gott rajta, l\u00e1bain vietn\u00e1mi papucs. K\u00e9rd\u0151n J\u00f3zsi b\u00e1ra pillantottam. Az \u00f6reg csak v\u00e1llat vont: \u2013 Sanyi akarata \u2013 mondta. Ha m\u00e1r a nagy vez\u00e9rt nem volt tiszts\u00e9ge eltemetni, akkor legal\u00e1bb a ki\u00e1s\u00e1sn\u00e1l meg akarja adni a m\u00f3dj\u00e1t \u2013 s a m\u00e9g szipog\u00f3 embernek kez\u00e9be nyomta az \u00e1s\u00f3t.<\/p>\n\n\n\n<p>&nbsp; Elindultunk. Neh\u00e9z volt a terep, izzadva, szuszogva l\u00e9pkedt\u00fcnk, t\u00f6rt\u00fck magunkat \u00e1t az erd\u0151 s\u0171r\u0171j\u00e9n. \u00dagy \u00f6t perc f\u00e1radalmas menet ut\u00e1n az exped\u00edci\u00f3 f\u0151n\u00f6ke meg\u00e1lljt vez\u00e9nyelt. Kis f\u00f6ldkupacon \u00e1llva, m\u00e9lyen mag\u00e1ba sz\u00edvta a leveg\u0151t, becsukta a szem\u00e9t. \u00c1h\u00edtattal figyelt\u00fck \u0151t,<\/p>\n\n\n\n<p>Sanyi le is t\u00e9rdelt, \u00edgy k\u00f6nnyebben tudta kibontani a p\u00e1link\u00e1s\u00fcveget, majd v\u00e9gre megsz\u00f3lalt az \u00f6reg \u00e1tszellem\u00fclt hangon: \u2013 Ez az a hely, igyunk! \u00dcdvrivalg\u00e1sba t\u00f6rt\u00fcnk ki, m\u00e1r igencsak megszomjaztunk a melegben. Le\u00fclt\u00fcnk a puha p\u00e1zsitra er\u0151t gy\u0171jteni \u00e9s r\u00e1hangol\u00f3dni a felt\u00e1r\u00f3 munk\u00e1latokra. Csendben fogyasztottuk \u00e9tk\u00fcnket, italunkat, \u00e9rezt\u00fck a hely kisug\u00e1rz\u00e1s\u00e1t. Kellemes f\u00e1radts\u00e1g ker\u00edtett hatalm\u00e1ba, majd r\u00f6vid, k\u00e9t\u00f3r\u00e1s alv\u00e1s ut\u00e1n nekil\u00e1ttunk a munk\u00e1nak. Sanyi \u00e1sott jobbra-balra, J\u00f3zsi b\u00e1 k\u00e9zr\u00e1t\u00e9teles energia-\u00e9rz\u00e9kel\u00e9ssel mutatta a megfelel\u0151 helyeket, \u00e9n bontottam a s\u00f6rt. Tal\u00e1ltunk szarvasagancsot, vaddiszn\u00f3-\u00e1llkapcsot, furcsa pap\u00edrral lefedett kupacokat. Emberi csontokat nem tal\u00e1ltunk, viszont B\u00f6zsi n\u00e9n\u00e9m, J\u00f3zsi b\u00e1 h\u0171s\u00e9ges neje r\u00e1nk lelt, minden el\u0151zetes kutat\u00f3munka n\u00e9lk\u00fcl. Be is vett\u00fck volna az exped\u00edci\u00f3 t\u00e1rsulat\u00e1ba ijedt\u00fcnkben, viszont n\u00e9n\u00e9m r\u00f6gt\u00f6n bemutatta, hogy jobban \u00e9rt az \u00e1sat\u00e1sokhoz, \u00edgy egy az egyben bemutatta nek\u00fcnk a lap\u00e1t haszn\u00e1lat\u00e1t. Hamar meg\u00e9rtettem az el\u0151ad\u00e1sa l\u00e9nyeg\u00e9t: egy szem porcik\u00e1m sem k\u00edv\u00e1nta a tov\u00e1bbi k\u00e9pz\u00e9st. Eln\u00e9zve az Attila szellem\u00e9hez foh\u00e1szkod\u00f3 J\u00f3zsi b\u00e1ty\u00e1m, meg Sanyi \u00f6sszekuporodott sziluettj\u00e9t, gyorsan felmondtam az archeol\u00f3gusi \u00e1ll\u00e1somat. Fut\u00e1s k\u00f6zben szomor\u00faan kellett konstat\u00e1lnom, hogy Attil\u00e1nak m\u00e9g v\u00e1rnia kell a felfedez\u00e9s\u00e9re. Ez az exped\u00edci\u00f3 bizony kudarcba fulladt!<\/p>\n\n\n\n<p><em>(A Pegazus alkot\u00f3p\u00e1ly\u00e1zat pr\u00f3za kateg\u00f3ri\u00e1j\u00e1nak 1. helyezettje)<\/em><\/p>\n","protected":false},"excerpt":{"rendered":"<p>Az exped\u00edci\u00f3 J\u00f3zsi b\u00e1ty\u00e1m \u00fagy d\u00f6nt\u00f6tt, megkeresi Attila s\u00edrj\u00e1t. T\u00f6rt\u00e9nt ez vas\u00e1rnap hajnal\u00e1n, amikor a&nbsp;pirkadat r\u00f3zsasz\u00edn sz\u00e1rnyait bontogatta az \u00e9g alj\u00e1n, maga el\u0151tt terelve az apr\u00f3 b\u00e1r\u00e1nyfelh\u0151ket a mennyei legel\u0151re. Szem\u00e9b\u0151l kit\u00f6r\u00f6lte csip\u00e1it, haj\u00e1b\u00f3l kiszedte a sz\u00e9n\u00e1t, \u00e9s \u00f3vatosan megnyitotta &hellip; <a href=\"https:\/\/opus-folyoirat.sk\/?page_id=3790\">Egy kattint\u00e1s ide a folytat\u00e1shoz&#8230;. <span class=\"meta-nav\">&rarr;<\/span><\/a><\/p>\n","protected":false},"author":4,"featured_media":0,"parent":0,"menu_order":0,"comment_status":"closed","ping_status":"closed","template":"","meta":{"footnotes":""},"class_list":["post-3790","page","type-page","status-publish","hentry"],"_links":{"self":[{"href":"https:\/\/opus-folyoirat.sk\/index.php?rest_route=\/wp\/v2\/pages\/3790","targetHints":{"allow":["GET"]}}],"collection":[{"href":"https:\/\/opus-folyoirat.sk\/index.php?rest_route=\/wp\/v2\/pages"}],"about":[{"href":"https:\/\/opus-folyoirat.sk\/index.php?rest_route=\/wp\/v2\/types\/page"}],"author":[{"embeddable":true,"href":"https:\/\/opus-folyoirat.sk\/index.php?rest_route=\/wp\/v2\/users\/4"}],"replies":[{"embeddable":true,"href":"https:\/\/opus-folyoirat.sk\/index.php?rest_route=%2Fwp%2Fv2%2Fcomments&post=3790"}],"version-history":[{"count":1,"href":"https:\/\/opus-folyoirat.sk\/index.php?rest_route=\/wp\/v2\/pages\/3790\/revisions"}],"predecessor-version":[{"id":3791,"href":"https:\/\/opus-folyoirat.sk\/index.php?rest_route=\/wp\/v2\/pages\/3790\/revisions\/3791"}],"wp:attachment":[{"href":"https:\/\/opus-folyoirat.sk\/index.php?rest_route=%2Fwp%2Fv2%2Fmedia&parent=3790"}],"curies":[{"name":"wp","href":"https:\/\/api.w.org\/{rel}","templated":true}]}}