{"id":3803,"date":"2025-06-07T15:03:00","date_gmt":"2025-06-07T13:03:00","guid":{"rendered":"https:\/\/opus-folyoirat.sk\/?page_id=3803"},"modified":"2026-01-14T15:08:15","modified_gmt":"2026-01-14T13:08:15","slug":"radvanyi-kristof","status":"publish","type":"page","link":"https:\/\/opus-folyoirat.sk\/?page_id=3803","title":{"rendered":"Radv\u00e1nyi Krist\u00f3f"},"content":{"rendered":"\n<p><strong>T\u00f6megtudat<\/strong><\/p>\n\n\n<div class=\"has-text-align-right wp-block-post-date\"><time datetime=\"2025-06-07T15:03:00+02:00\">2025-06-07<\/time><\/div>\n\n\n<p>\u00c1lmomban m\u00e1r l\u00e1ttalak<br>Te vagy az \u00e1rny a sarokban<br>El\u0151m\u00e1szol a s\u00f6t\u00e9tb\u0151l<br>Rettent\u0151 l\u00e1tv\u00e1nyod<br>Felem\u00e9szt bel\u00fclr\u0151l.<\/p>\n\n\n\n<p>Hatalmas sz\u00e1rnyaddal<br>Szeled \u00e1t az \u00e9jjeli eget<br>Nem hagyod nyugodni az \u00e9letet<br>Te vagy a hirtelen \u00e1rny a szemek sark\u00e1ban<br>Felzab\u00e1lsz rettent\u0151 pof\u00e1ddal.<\/p>\n\n\n\n<p>G\u00fany vagy te, \u00f6nmagad par\u00f3di\u00e1ja<br>Magunkhoz l\u00e1ncolt vihog\u00f3s \u00e1rnya<br>Csak a hal\u00e1lnak kiford\u00edtott kab\u00e1tja<br>Mit kivert kutyak\u00e9nt \u00fcld\u00f6z\u00fcnk<br>Azt\u00e1n magunkba m\u00e9gis el\u00fcltet\u00fcnk.<\/p>\n\n\n\n<p><br><br><strong>Csendzavar<\/strong><\/p>\n\n\n\n<p>Nem tal\u00e1lom a csendem,<br>Z\u00fag, folyik a vil\u00e1g k\u00f6r\u00fcl\u00f6ttem.<br>Kerestelek t\u00e9ged hangtalans\u00e1godban,<br>De nem tal\u00e1ltalak csak a hangzavarban.<br>A sz\u00e9l f\u00fav\u00e1s\u00e1ban, a bels\u0151 morajl\u00e1sban,<br>Zajt tal\u00e1ltam csak neh\u00e9z szavadban.<br>S\u00falyod \u00f6sszenyom, nem tal\u00e1lom<br>\u00c9n benned m\u00e1r a holnapom.<\/p>\n\n\n\n<p>Mai zaj vagy te is, ahogy minden<br>K\u00f6r\u00fcl\u00f6ttem a h\u00e1zban, az \u00e9letben.<br>M\u00e9lab\u00fas f\u00e1kban vagy vad foly\u00f3kban,<br>De a csend most t\u00e1n otthon van.<br><\/p>\n\n\n\n<p>S otthonom is csak te lenn\u00e9l,<br>Ha hangk\u00e9nt bennem \u00e9ln\u00e9l.<br>Fejemben a z\u00fag\u00e1s abbamaradna,<br>N\u00e9mas\u00e1g sz\u00e1llna r\u00e1m, kedves haragban.<\/p>\n\n\n\n<p><br><br><\/p>\n\n\n\n<p><em>(A Pegazus alkot\u00f3p\u00e1ly\u00e1zat l\u00edra kateg\u00f3ri\u00e1j\u00e1nak 3. helyezettje)<\/em><\/p>\n","protected":false},"excerpt":{"rendered":"<p>T\u00f6megtudat \u00c1lmomban m\u00e1r l\u00e1ttalakTe vagy az \u00e1rny a sarokbanEl\u0151m\u00e1szol a s\u00f6t\u00e9tb\u0151lRettent\u0151 l\u00e1tv\u00e1nyodFelem\u00e9szt bel\u00fclr\u0151l. Hatalmas sz\u00e1rnyaddalSzeled \u00e1t az \u00e9jjeli egetNem hagyod nyugodni az \u00e9letetTe vagy a hirtelen \u00e1rny a szemek sark\u00e1banFelzab\u00e1lsz rettent\u0151 pof\u00e1ddal. G\u00fany vagy te, \u00f6nmagad par\u00f3di\u00e1jaMagunkhoz l\u00e1ncolt vihog\u00f3s \u00e1rnyaCsak &hellip; <a href=\"https:\/\/opus-folyoirat.sk\/?page_id=3803\">Egy kattint\u00e1s ide a folytat\u00e1shoz&#8230;. <span class=\"meta-nav\">&rarr;<\/span><\/a><\/p>\n","protected":false},"author":4,"featured_media":0,"parent":0,"menu_order":0,"comment_status":"closed","ping_status":"closed","template":"","meta":{"footnotes":""},"class_list":["post-3803","page","type-page","status-publish","hentry"],"_links":{"self":[{"href":"https:\/\/opus-folyoirat.sk\/index.php?rest_route=\/wp\/v2\/pages\/3803","targetHints":{"allow":["GET"]}}],"collection":[{"href":"https:\/\/opus-folyoirat.sk\/index.php?rest_route=\/wp\/v2\/pages"}],"about":[{"href":"https:\/\/opus-folyoirat.sk\/index.php?rest_route=\/wp\/v2\/types\/page"}],"author":[{"embeddable":true,"href":"https:\/\/opus-folyoirat.sk\/index.php?rest_route=\/wp\/v2\/users\/4"}],"replies":[{"embeddable":true,"href":"https:\/\/opus-folyoirat.sk\/index.php?rest_route=%2Fwp%2Fv2%2Fcomments&post=3803"}],"version-history":[{"count":1,"href":"https:\/\/opus-folyoirat.sk\/index.php?rest_route=\/wp\/v2\/pages\/3803\/revisions"}],"predecessor-version":[{"id":3805,"href":"https:\/\/opus-folyoirat.sk\/index.php?rest_route=\/wp\/v2\/pages\/3803\/revisions\/3805"}],"wp:attachment":[{"href":"https:\/\/opus-folyoirat.sk\/index.php?rest_route=%2Fwp%2Fv2%2Fmedia&parent=3803"}],"curies":[{"name":"wp","href":"https:\/\/api.w.org\/{rel}","templated":true}]}}