{"id":3804,"date":"2025-06-14T12:00:00","date_gmt":"2025-06-14T10:00:00","guid":{"rendered":"https:\/\/opus-folyoirat.sk\/?page_id=3804"},"modified":"2026-01-14T15:10:04","modified_gmt":"2026-01-14T13:10:04","slug":"radvanyi-kristof-2","status":"publish","type":"page","link":"https:\/\/opus-folyoirat.sk\/?page_id=3804","title":{"rendered":"Radv\u00e1nyi Krist\u00f3f"},"content":{"rendered":"\n<p><strong>Nem akarok<\/strong><\/p>\n\n\n<div class=\"has-text-align-right wp-block-post-date\"><time datetime=\"2025-06-14T12:00:00+02:00\">2025-06-14<\/time><\/div>\n\n\n<p>Jaj, nem akarok \u00e9n m\u00e1r szeretni,<br>\u00c9bred\u00e9s ut\u00e1n senkit sem tal\u00e1lni.<br>Ki\u00fcr\u00fclt sz\u00edvek b\u00e1ny\u00e1iban kutatni,<br>\u00dajra e f\u00e1jdalmat meg\u00e9lni.<\/p>\n\n\n\n<p>Jaj, nem akarok \u00e9n m\u00e1r \u00e9rezni,<br>Valaki miatt bel\u00fclr\u0151l meghalni.<br>Szememmel rezd\u00fcl\u00e9seit figyelni,<br>Minden pillanatban \u0151t szolg\u00e1lni.<\/p>\n\n\n\n<p>Jaj, nem akarok \u00e9n m\u00e1r \u00e9lni,<br>Csak csendben meghalni.<br>Vagy karjaidba visszat\u00e9rni,<br>S ott v\u00e9gleg megpihenni.<\/p>\n\n\n\n<p>Jaj, nem akarok \u00e9n m\u00e1r l\u00e9tezni,<br>Csak benned elmer\u00fclni.<br>M\u00e9g egyszer szemedbe n\u00e9zni,<br>S szeretetedben megsz\u0171nni.<\/p>\n\n\n\n<p>Jaj, nem akarok \u00e9n m\u00e1r szeretni,<br>\u00c9bred\u00e9s el\u0151tt senkit sem tal\u00e1lni.<br>Teli b\u00e1ny\u00e1kat fel\u00fclr\u0151l vigy\u00e1zni,<br>S a szerelmed soha meg nem \u00e9lni.<\/p>\n\n\n\n<p><br><br><strong>Kil\u00e9p\u0151<\/strong><\/p>\n\n\n\n<p>Ma este lel\u00e9pek,<br>itthagyom az \u00e9letem.<br>Minden f\u00e1jdalmam,<br>minden szerelmem,<br>mindent mit valaha megn\u00e9ztem.<br>Mindent, mi b\u00e1ntott,<br>minden v\u00e1gott vir\u00e1got,<br>mit az \u00e9lett\u0151l kaptam,<br>s l\u00e1m m\u00e9gis elhervadnak<br>kezemben az \u0151szinte szavak.<br>Nem tudok, s nem is akarok<br>rabl\u00e1nc lenni m\u00e1s sz\u00edv\u00e9n,<br>hozz\u00e1k\u00f6tni magam<br>ahhoz, ki \u00edgy n\u00e9z.<br>Vagy talpasa m\u00e1s had\u00farnak,<br>egy \u00e1rokban egyed\u00fcl v\u00e9rbe fagyva.<br>Megel\u0151z\u00f6m \u00e9n ink\u00e1bb a furfangos hal\u00e1lt,<br>S ezzel elk\u00f6sz\u00f6n\u00f6k t\u0151led, viszl\u00e1t!<\/p>\n","protected":false},"excerpt":{"rendered":"<p>Nem akarok Jaj, nem akarok \u00e9n m\u00e1r szeretni,\u00c9bred\u00e9s ut\u00e1n senkit sem tal\u00e1lni.Ki\u00fcr\u00fclt sz\u00edvek b\u00e1ny\u00e1iban kutatni,\u00dajra e f\u00e1jdalmat meg\u00e9lni. Jaj, nem akarok \u00e9n m\u00e1r \u00e9rezni,Valaki miatt bel\u00fclr\u0151l meghalni.Szememmel rezd\u00fcl\u00e9seit figyelni,Minden pillanatban \u0151t szolg\u00e1lni. Jaj, nem akarok \u00e9n m\u00e1r \u00e9lni,Csak csendben meghalni.Vagy &hellip; <a href=\"https:\/\/opus-folyoirat.sk\/?page_id=3804\">Egy kattint\u00e1s ide a folytat\u00e1shoz&#8230;. <span class=\"meta-nav\">&rarr;<\/span><\/a><\/p>\n","protected":false},"author":4,"featured_media":0,"parent":0,"menu_order":0,"comment_status":"closed","ping_status":"closed","template":"","meta":{"footnotes":""},"class_list":["post-3804","page","type-page","status-publish","hentry"],"_links":{"self":[{"href":"https:\/\/opus-folyoirat.sk\/index.php?rest_route=\/wp\/v2\/pages\/3804","targetHints":{"allow":["GET"]}}],"collection":[{"href":"https:\/\/opus-folyoirat.sk\/index.php?rest_route=\/wp\/v2\/pages"}],"about":[{"href":"https:\/\/opus-folyoirat.sk\/index.php?rest_route=\/wp\/v2\/types\/page"}],"author":[{"embeddable":true,"href":"https:\/\/opus-folyoirat.sk\/index.php?rest_route=\/wp\/v2\/users\/4"}],"replies":[{"embeddable":true,"href":"https:\/\/opus-folyoirat.sk\/index.php?rest_route=%2Fwp%2Fv2%2Fcomments&post=3804"}],"version-history":[{"count":1,"href":"https:\/\/opus-folyoirat.sk\/index.php?rest_route=\/wp\/v2\/pages\/3804\/revisions"}],"predecessor-version":[{"id":3808,"href":"https:\/\/opus-folyoirat.sk\/index.php?rest_route=\/wp\/v2\/pages\/3804\/revisions\/3808"}],"wp:attachment":[{"href":"https:\/\/opus-folyoirat.sk\/index.php?rest_route=%2Fwp%2Fv2%2Fmedia&parent=3804"}],"curies":[{"name":"wp","href":"https:\/\/api.w.org\/{rel}","templated":true}]}}