{"id":3810,"date":"2025-06-09T15:11:00","date_gmt":"2025-06-09T13:11:00","guid":{"rendered":"https:\/\/opus-folyoirat.sk\/?page_id=3810"},"modified":"2026-01-14T15:12:22","modified_gmt":"2026-01-14T13:12:22","slug":"darazs-balogh-katalin","status":"publish","type":"page","link":"https:\/\/opus-folyoirat.sk\/?page_id=3810","title":{"rendered":"Dar\u00e1zs Balogh Katalin\u00a0"},"content":{"rendered":"\n<p><strong>A&nbsp;k\u00e1lyha melege<\/strong><\/p>\n\n\n<div class=\"has-text-align-right wp-block-post-date\"><time datetime=\"2025-06-09T15:11:00+02:00\">2025-06-09<\/time><\/div>\n\n\n<p>Ha hallgattam volna nagyany\u00e1mra, nem kellett volna ott dideregn\u00fcnk. Ha id\u0151ben elmegy\u00fcnk aludni, tal\u00e1n \u00e9szre sem vett\u00fck volna, hogy elfelejtett begy\u00fajtani a k\u00e1lyh\u00e1ba. M\u00edg a&nbsp;filmet n\u00e9zt\u00fck, addig beb\u00fajtunk a pokr\u00f3cba, kellemes meleg volt. De most rendesen vacogtunk a hidegt\u0151l. Katival \u00f6sszes\u00fagtunk, most mi legyen, ki megy a nagyinak sz\u00f3lni? Kisz\u00e1mol\u00f3val d\u0151lt el, hogy \u00e9n leszek az a b\u00e1tor, aki megk\u00e9ri: var\u00e1zsoljon nek\u00fcnk v\u00e9gre meleget a szob\u00e1ba.<\/p>\n\n\n\n<p>&nbsp; Nagyi ilyenkor a&nbsp;kiskonyh\u00e1ban rakodott, k\u00e9sz\u00edtette a&nbsp;dolgokat m\u00e1snapra, vagy az \u00e1llatokat l\u00e1tta el. Ez a&nbsp;kis \u00e9p\u00fclet k\u00fcl\u00f6n \u00e1llt a h\u00e1zt\u00f3l, az ablakb\u00f3l villanyf\u00e9ny sz\u0171r\u0151d\u00f6tt ki. Egy sz\u00e1l pizsam\u00e1ban futottam \u00e1t, \u00f3vatosan nyitottam ajt\u00f3t. Amikor lenyomtam a kilincset, az megnyikordult. Belestem, bent van-e nagyi, esetleg menjek tov\u00e1bb m\u00e1shov\u00e1 keresni. Amint megpillantott, m\u00e9rgesen vonta \u00f6ssze a szem\u00f6ld\u00f6k\u00e9t, kez\u00e9t cs\u00edp\u0151re tette, \u00fagy kezdte el a mond\u00f3k\u00e1j\u00e1t:<\/p>\n\n\n\n<p>\u2013 Neked m\u00e1r r\u00e9gen az \u00e1gyban a helyed. Megbesz\u00e9lt\u00fck, hogy m\u00e1r nem j\u00f6tt\u00f6k ki, mert nagyon hideg van.<\/p>\n\n\n\n<p>\u2013 Igen, \u00edgy volt \u2013 b\u00f3logattam szapor\u00e1n \u2013, viszont nagyon f\u00e1zunk. Be kellene gy\u00fajtani a k\u00e1lyh\u00e1ba, \u00e9s mi nem merj\u00fck megcsin\u00e1lni. A&nbsp;m\u00faltkor is megszidtak, amikor bef\u0171t\u00f6ttem \u2013 folytattam volna a mondand\u00f3m, amit gondosan el\u0151k\u00e9sz\u00edtettem a fejemben, viszont nagyi f\u00e9lbeszak\u00edtott.<\/p>\n\n\n\n<p>\u2013 Nincs begy\u00fajtva? \u2013 csapta \u00f6ssze a kez\u00e9t csod\u00e1lkozva. \u2013 De hiszen az este voltam ott&#8230; \u2013 itt elhallgatott, felkapta a kedvenc horgolt szvetter\u00e9t a sz\u00e9kr\u0151l, a v\u00e1llamra ter\u00edtette, \u00e9s visszair\u00e1ny\u00edtott a kisszob\u00e1ba, ahova elsz\u00e1ll\u00e1solt. Amikor bel\u00e9pt\u00fcnk, Kati az \u00e1gyon \u00fccs\u00f6rg\u00f6tt fagyosan. Hatalmas k\u00f6sz\u00f6n\u00e9ssel \u00fcdv\u00f6z\u00f6lte nagyit, mintha aznap m\u00e9g nem is tal\u00e1lkoztak volna.<\/p>\n\n\n\n<p>\u2013 B\u00fajjatok be a&nbsp;dunna al\u00e1, de gyorsan, miel\u0151tt megf\u00e1ztok! \u2013 utas\u00edtott a&nbsp;nagyi hat\u00e1rozottan. Ler\u00fagtam a papucsomat, \u00e9s bem\u00e1sztam Kati mell\u00e9. Igyekezt\u00fcnk \u00fagy elhelyezkedni, hogy l\u00e1ssuk, mit m\u0171vel a nagyi. Mi le voltunk tiltva a&nbsp;t\u00fczel\u00e9sr\u0151l. Ami\u00f3ta j\u00f3l bef\u0171t\u00f6ttem otthon, szigor\u00faan csak feln\u0151ttek fel\u00fcgyelete mellett lehet rakni a t\u0171zre. Pedig amikor ez megt\u00f6rt\u00e9nt, \u00e9n nagyon f\u00e1ztam, a&nbsp;t\u00f6bbiek aludtak. Mire fel\u00e9bredtek, a k\u00e1lyhacs\u0151 szinte izzott. Anyu megijedt, apu leszidott, az\u00f3ta nem k\u00eds\u00e9rleteztem. Viszont mindig szerettem n\u00e9zni a l\u00e1ngok t\u00e1nc\u00e1t. Katival egy dunna alatt \u00f6sszekuporodva, hason fekve v\u00e1rtuk a&nbsp;csod\u00e1t.<\/p>\n\n\n\n<p>&nbsp; Nagyi kinyitotta a k\u00e1lyh\u00e1n l\u00e9v\u0151 als\u00f3, nagyobb ajt\u00f3t. Ott volt egy kisebb is, azt is haszn\u00e1lta. Ahogy l\u00e1ttam, minden el\u0151 volt m\u00e1r k\u00e9sz\u00edtve. Valahonnan gyufa ker\u00fclt el\u0151, sercen\u00e9s hallatszott. Enyhe vil\u00e1goss\u00e1g t\u00e1madt, ahogy \u00e9letre keltette a l\u00e1ng a pap\u00edrt. A t\u0171z halk pattog\u00e1ssal terjedt \u00e1t az apr\u00f3bb, majd a&nbsp;nagyobb fadarabokra.<\/p>\n\n\n\n<p>&nbsp; Leny\u0171g\u00f6z\u0151 l\u00e1tv\u00e1ny volt, sz\u00e1jt\u00e1tva b\u00e1multuk nagyi minden mozdulat\u00e1t. Amikor a&nbsp;k\u00e1lyha als\u00f3 ajtajai bez\u00e1rultak, a&nbsp;fels\u0151t nyitotta ki. Meg akart bizonyosodni r\u00f3la, hogy most m\u00e1r t\u00e9nyleg meleg lesz a szob\u00e1ban. M\u00e9g egy kicsit v\u00e1rt, majd szenet is dobott a t\u0171zre, majd fel\u00e9nk fordult.<\/p>\n\n\n\n<p>\u2013 Na, kismad\u00e1rk\u00e1im, most m\u00e1r ideje aludni, t\u00e9nyleg k\u00e9s\u0151re j\u00e1r, alig pislogtok. Menjen mindenki a&nbsp;saj\u00e1t hely\u00e9re. Gyertek, betakarlak benneteket! \u2013 azzal ny\u00falt is a&nbsp;dunna ut\u00e1n. Mind a&nbsp;ketten kaptunk egy puszit a homlokunkra, izegve-mozogva, de elhelyezkedt\u00fcnk. Miel\u0151tt nagyi kil\u00e9pett volna az ajt\u00f3n, m\u00e9g hallotta, ahogy Kati \u00e1lmos hangon suttogja nekem:<\/p>\n\n\n\n<p>\u2013 Hallgatnunk kellett volna nagyira, akkor most nem f\u00e1ztunk volna&#8230; \u2013 azzal velem egy\u00fctt \u00e1lomba szender\u00fclt.<\/p>\n\n\n\n<p>&nbsp;<em>(A Pegazus alkot\u00f3p\u00e1ly\u00e1zat pr\u00f3za kateg\u00f3ri\u00e1j\u00e1nak 3. helyezettje)<\/em><\/p>\n","protected":false},"excerpt":{"rendered":"<p>A&nbsp;k\u00e1lyha melege Ha hallgattam volna nagyany\u00e1mra, nem kellett volna ott dideregn\u00fcnk. Ha id\u0151ben elmegy\u00fcnk aludni, tal\u00e1n \u00e9szre sem vett\u00fck volna, hogy elfelejtett begy\u00fajtani a k\u00e1lyh\u00e1ba. M\u00edg a&nbsp;filmet n\u00e9zt\u00fck, addig beb\u00fajtunk a pokr\u00f3cba, kellemes meleg volt. De most rendesen vacogtunk a &hellip; <a href=\"https:\/\/opus-folyoirat.sk\/?page_id=3810\">Egy kattint\u00e1s ide a folytat\u00e1shoz&#8230;. <span class=\"meta-nav\">&rarr;<\/span><\/a><\/p>\n","protected":false},"author":4,"featured_media":0,"parent":0,"menu_order":0,"comment_status":"closed","ping_status":"closed","template":"","meta":{"footnotes":""},"class_list":["post-3810","page","type-page","status-publish","hentry"],"_links":{"self":[{"href":"https:\/\/opus-folyoirat.sk\/index.php?rest_route=\/wp\/v2\/pages\/3810","targetHints":{"allow":["GET"]}}],"collection":[{"href":"https:\/\/opus-folyoirat.sk\/index.php?rest_route=\/wp\/v2\/pages"}],"about":[{"href":"https:\/\/opus-folyoirat.sk\/index.php?rest_route=\/wp\/v2\/types\/page"}],"author":[{"embeddable":true,"href":"https:\/\/opus-folyoirat.sk\/index.php?rest_route=\/wp\/v2\/users\/4"}],"replies":[{"embeddable":true,"href":"https:\/\/opus-folyoirat.sk\/index.php?rest_route=%2Fwp%2Fv2%2Fcomments&post=3810"}],"version-history":[{"count":1,"href":"https:\/\/opus-folyoirat.sk\/index.php?rest_route=\/wp\/v2\/pages\/3810\/revisions"}],"predecessor-version":[{"id":3812,"href":"https:\/\/opus-folyoirat.sk\/index.php?rest_route=\/wp\/v2\/pages\/3810\/revisions\/3812"}],"wp:attachment":[{"href":"https:\/\/opus-folyoirat.sk\/index.php?rest_route=%2Fwp%2Fv2%2Fmedia&parent=3810"}],"curies":[{"name":"wp","href":"https:\/\/api.w.org\/{rel}","templated":true}]}}