{"id":3814,"date":"2025-06-10T15:16:00","date_gmt":"2025-06-10T13:16:00","guid":{"rendered":"https:\/\/opus-folyoirat.sk\/?page_id=3814"},"modified":"2026-01-14T15:16:32","modified_gmt":"2026-01-14T13:16:32","slug":"szocs-laszlo","status":"publish","type":"page","link":"https:\/\/opus-folyoirat.sk\/?page_id=3814","title":{"rendered":"Sz\u0151cs L\u00e1szl\u00f3"},"content":{"rendered":"\n<p><strong>Ac\u00e9lkolibrik<\/strong><\/p>\n\n\n<div class=\"has-text-align-right wp-block-post-date\"><time datetime=\"2025-06-10T15:16:00+02:00\">2025-06-10<\/time><\/div>\n\n\n<p>\u00dajra hallani a l\u00e1nctalpak d\u00fcb\u00f6rg\u0151 zaj\u00e1t,<br>\u00e9rzed a vihar fesz\u00fclts\u00e9gt\u0151l \u00e9desk\u00e9s illat\u00e1t.<br>Bimb\u00f3dz\u00f3 vir\u00e1gok s\u00edrnak hajb\u00f3kolva,<br>k\u00f6nnyek nekt\u00e1rj\u00e1n ac\u00e9l kolibrik h\u00f3dolnak.<\/p>\n\n\n\n<p>Kapaszkodnak ind\u00e1in \u00e1rva csemet\u00e9k,<br>\u00e9nekesmadarak figyelik a n\u00e9ma zen\u00e9t.<br>N\u00e9ha elhalkulnak, ilyenkor s\u00edr a csend,<br>k\u00f6nnyek mezej\u00e9n sz\u00ednpadd\u00e1 lett.<\/p>\n\n\n\n<p>V\u00e9res b\u00e1bj\u00e1t\u00e9kot vez\u00e9nyel a kasz\u00e1s,<br>orm\u00f3tlan szaggatja az \u00e9let fonal\u00e1t.<br>Kit testv\u00e9rnek gondolt\u00e1l sz\u00e1z \u00e9ven \u00e1t,<br>most haz\u00e1dra z\u00fad\u00edtja minden baj\u00e1t.<\/p>\n\n\n\n<p><br><br><strong>A K\u00e1na\u00e1n \u00fcgy\u00e9ben<\/strong><\/p>\n\n\n\n<p>\u00dajra megny\u00edrt\u00e1k sz\u00e1rnyainkat, mint mag\u00e1t mad\u00e1rnak k\u00e9pzel\u0151 baromfit.<br>Ne sz\u00e1lljon oly magasra, ha a ketrecb\u0151l kiengedik.<br>Emberrobot lett programod e t\u00fal\u00e9rett f\u00f6ldi paradicsomban.<br>Szalagon termeled kenyered, f\u00e1radts\u00e1gt\u00f3l lebutultan.<\/p>\n\n\n\n<p>Cinikuss\u00e1 v\u00e1lt \u00e9n\u00fcnk a rekl\u00e1mok t\u00fal\u00f6lt\u00f6z\u00f6tt apostola:<br>Hirdeti hit\u00e9t, felh\u0151karcol\u00f3kra \u00e1gaskodva.<br>El\u00f6nt\u00f6tt b\u00fazamez\u0151n moss\u00e1k el s\u00edr\u00f3 \u00e1rv\u00e1k k\u00f6nnyeit.<br>L\u00e1nctalpak taposs\u00e1k a\u00a0K\u00e1na\u00e1n meg\u00edg\u00e9rt f\u00f6ldjeit.<\/p>\n\n\n\n<p>M\u00e1r-m\u00e1r elhitett\u00e9k vel\u00fcnk a nagy \u00e1lmot, neonf\u00e9nybe burkolva.<br>Gurult a szek\u00e9r a bilbordokkal \u00f6vezett \u00faton.<br>Nem l\u00e1ttuk, hogy megvakultunk, politikus fogta feh\u00e9r botom.<br>Szememr\u0151l mikor vedlem f\u00e1tyolos sz\u00fcrke h\u00e1lyogom?<\/p>\n\n\n\n<p>Bank\u00e1rok lopj\u00e1k el al\u00f3lunk a talajt, t\u00f6r\u00e9keny \u00fcvegcukor fedel\u00fcnk.<br>\u00c9des, ha belek\u00f3stolsz, de az els\u0151 viharban sz\u00e9tesik.<br>Virtu\u00e1lis p\u00e9nzzel fizetsz \u00e9rte, uzsorakamatra.<br>Null\u00e1k \u00e9s egyesek k\u00edgy\u00f3znak sorsokat mutatva.<\/p>\n\n\n\n<p>Sz\u00fcrke eminensek hal\u00e1sznak a zavarosban.<br>\u00dcgyesked\u0151k hajl\u00edtj\u00e1k a paragrafust m\u00e9g jobban.<br>&#8230;Ap\u00e1m szav\u00e1ra gondolok, ki mindig becs\u00fcletre nevelt:<br>&#8222;Nem divat m\u00e1r kimondani az igazs\u00e1got, mert nem besz\u00e9l\u00fcnk arr\u00f3l, ki elment.\u201d<\/p>\n\n\n\n<p><\/p>\n\n\n\n<p><em>(A Pegazus alkot\u00f3p\u00e1ly\u00e1zat l\u00edra kateg\u00f3ri\u00e1j\u00e1nak 3. helyezettje)<\/em><\/p>\n","protected":false},"excerpt":{"rendered":"<p>Ac\u00e9lkolibrik \u00dajra hallani a l\u00e1nctalpak d\u00fcb\u00f6rg\u0151 zaj\u00e1t,\u00e9rzed a vihar fesz\u00fclts\u00e9gt\u0151l \u00e9desk\u00e9s illat\u00e1t.Bimb\u00f3dz\u00f3 vir\u00e1gok s\u00edrnak hajb\u00f3kolva,k\u00f6nnyek nekt\u00e1rj\u00e1n ac\u00e9l kolibrik h\u00f3dolnak. Kapaszkodnak ind\u00e1in \u00e1rva csemet\u00e9k,\u00e9nekesmadarak figyelik a n\u00e9ma zen\u00e9t.N\u00e9ha elhalkulnak, ilyenkor s\u00edr a csend,k\u00f6nnyek mezej\u00e9n sz\u00ednpadd\u00e1 lett. V\u00e9res b\u00e1bj\u00e1t\u00e9kot vez\u00e9nyel a kasz\u00e1s,orm\u00f3tlan &hellip; <a href=\"https:\/\/opus-folyoirat.sk\/?page_id=3814\">Egy kattint\u00e1s ide a folytat\u00e1shoz&#8230;. <span class=\"meta-nav\">&rarr;<\/span><\/a><\/p>\n","protected":false},"author":4,"featured_media":0,"parent":0,"menu_order":0,"comment_status":"closed","ping_status":"closed","template":"","meta":{"footnotes":""},"class_list":["post-3814","page","type-page","status-publish","hentry"],"_links":{"self":[{"href":"https:\/\/opus-folyoirat.sk\/index.php?rest_route=\/wp\/v2\/pages\/3814","targetHints":{"allow":["GET"]}}],"collection":[{"href":"https:\/\/opus-folyoirat.sk\/index.php?rest_route=\/wp\/v2\/pages"}],"about":[{"href":"https:\/\/opus-folyoirat.sk\/index.php?rest_route=\/wp\/v2\/types\/page"}],"author":[{"embeddable":true,"href":"https:\/\/opus-folyoirat.sk\/index.php?rest_route=\/wp\/v2\/users\/4"}],"replies":[{"embeddable":true,"href":"https:\/\/opus-folyoirat.sk\/index.php?rest_route=%2Fwp%2Fv2%2Fcomments&post=3814"}],"version-history":[{"count":2,"href":"https:\/\/opus-folyoirat.sk\/index.php?rest_route=\/wp\/v2\/pages\/3814\/revisions"}],"predecessor-version":[{"id":3817,"href":"https:\/\/opus-folyoirat.sk\/index.php?rest_route=\/wp\/v2\/pages\/3814\/revisions\/3817"}],"wp:attachment":[{"href":"https:\/\/opus-folyoirat.sk\/index.php?rest_route=%2Fwp%2Fv2%2Fmedia&parent=3814"}],"curies":[{"name":"wp","href":"https:\/\/api.w.org\/{rel}","templated":true}]}}