{"id":3818,"date":"2025-06-11T15:17:00","date_gmt":"2025-06-11T13:17:00","guid":{"rendered":"https:\/\/opus-folyoirat.sk\/?page_id=3818"},"modified":"2026-01-14T15:18:02","modified_gmt":"2026-01-14T13:18:02","slug":"balogh-ildiko","status":"publish","type":"page","link":"https:\/\/opus-folyoirat.sk\/?page_id=3818","title":{"rendered":"Balogh Ildik\u00f3"},"content":{"rendered":"\n<p><strong>Hana<\/strong><\/p>\n\n\n<div class=\"has-text-align-right wp-block-post-date\"><time datetime=\"2025-06-11T15:17:00+02:00\">2025-06-11<\/time><\/div>\n\n\n<p>Egy k\u00e9s\u0151 tavaszi napon ismertem meg Han\u00e1t. Az ablakb\u00f3l l\u00e1ttam k\u00f6zeledni, egy t\u0151le sokkal fiatalabb p\u00e1r k\u00eds\u00e9ret\u00e9ben. Kellemesen csevegtek. Hana kor\u00e1hoz k\u00e9pest nagyon magas, mad\u00e1rcsont\u00fa, filigr\u00e1n n\u0151 volt. Ebben a&nbsp;korban az emberek m\u00e1r \u00f6sszet\u00f6p\u00f6r\u00f6dnek, megg\u00f6rb\u00fcl a&nbsp;h\u00e1tuk, vagy banyap\u00fapjuk lesz. Hana egyenes testtel, nyugodtan l\u00e9pkedett. Minden l\u00e9p\u00e9se tudatos, magabiztos volt. A k\u00e9nyelmes, drapp, p\u00e1ntos f\u00e9lcip\u0151be b\u00fajtatott, hossz\u00fa, v\u00e9kony l\u00e1bfeje nem t\u0171nt orm\u00f3tlannak kecses l\u00e9p\u00e9sei miatt. Cip\u0151je orr\u00e1val n\u00e9ha \u00f3vatosan arr\u00e9bb r\u00fagott egy aszmagot. Karj\u00e1n a hatvanas \u00e9vekben v\u00e1s\u00e1rolt min\u0151s\u00e9gi, megk\u00edm\u00e9lt, de kopottas, szint\u00e9n drapp sz\u00edn\u0171 retik\u00fcl. Annak pattint\u00f3s z\u00e1rj\u00e1t matatta horgolt feh\u00e9r keszty\u0171s kez\u00e9vel. A&nbsp;hatalmas, lombos f\u00e1k alatt k\u00f6zeledtek a&nbsp;plat\u00e1nokkal teli, enyh\u00e9n kanyarg\u00f3s beton\u00faton, \u00edgy t\u00f6bb szemsz\u00f6gb\u0151l megfigyelhettem mozg\u00e1s\u00e1t, alkat\u00e1t. Itt-ott a&nbsp;s\u0171r\u0171 lombozat k\u00f6zt besz\u0171r\u0151d\u00f6tt a&nbsp;gyenge napsug\u00e1r, de Hana tekintet\u00e9t \u00edgy sem l\u00e1ttam tiszt\u00e1n, kis kalapja \u00e1rnyat vetett az arc\u00e1ra. Mozg\u00e1sa kifinomult, nyugodt, gesztikul\u00e1ci\u00f3i finoman visszafogottak. Szeretem megfigyelni az embereket azel\u0151tt, miel\u0151tt bel\u00e9pnek hozz\u00e1nk az idegen ismeretlenbe, s amikor t\u00f6bbnyire m\u00e9g nem is tudj\u00e1k, mi v\u00e1r r\u00e1juk.<\/p>\n\n\n\n<p>&nbsp; Az el\u0151re megbesz\u00e9lt tal\u00e1lkoz\u00f3t hetek \u00f3ta szervezt\u00fck, pontos\u00edtottuk a&nbsp;fiatal p\u00e1rral. Annak ellen\u00e9re, hogy a&nbsp;helyet t\u00f6bb mint egy h\u00f3napja lefoglalt\u00e1k, \u00e9s mindent tiszt\u00e1ztunk, mindig akadt valami, ami k\u00f6zbej\u00f6tt a&nbsp;r\u00e9sz\u00fckr\u0151l, \u00edgy m\u00e1r kiss\u00e9 k\u00ednosan tol\u00f3dott a&nbsp;nagy nap. M\u00e1r ez egy jel lehetett. De ha fel is k\u00e9sz\u00fcl\u00fcnk r\u00e1, min v\u00e1ltoztatott volna? Semmin.<\/p>\n\n\n\n<p>&nbsp; A&nbsp;bej\u00e1rati ajt\u00f3 kiny\u00edlt, s Hana mosolyogva ny\u00fajtotta fel\u00e9m a&nbsp;kez\u00e9t. K\u00e9zfog\u00e1sa meglep\u0151en hat\u00e1rozott, nem egy id\u0151s n\u0151\u00e9re vallott. M\u00f6g\u00f6tte a&nbsp;fiatalok kiss\u00e9 fesz\u00fclten figyelt\u00e9k minden mozdulat\u00e1t. A&nbsp;t\u00e1gas, r\u00e9gi b\u00fatorokkal berendezett irod\u00e1ba tess\u00e9keltem \u0151ket. Hana csak akkor foglalt helyet, amikor k\u00edn\u00e1ltam. R\u00f6vid szeml\u00e9l\u0151d\u00e9s ut\u00e1n a kedvenc fotelomba \u00fclt le. Hossz\u00fa csontos l\u00e1bait keresztbe tette, s&nbsp;az egyik oldalra d\u00f6nt\u00f6tte mindkett\u0151t. A&nbsp;k\u00e9k \u00e1rnyalat\u00e1ban pomp\u00e1z\u00f3, vir\u00e1gmint\u00e1s, el\u00f6l plissz\u00e9s szokny\u00e1j\u00e1t gondosan eligaz\u00edtotta, \u00e9s&nbsp;kez\u00e9t k\u00f6nnyed\u00e9n az \u00f6l\u00e9be helyezte. Festm\u00e9nyeken l\u00e1t ilyen jelenetet az ember. A&nbsp;feje f\u00f6l\u00f6tt a&nbsp;vastag aranykeretes t\u00fck\u00f6rben, amely magasabban van elhelyezve, de \u00fagy, hogy a&nbsp;fels\u0151 pereme el\u00e1ll a&nbsp;falt\u00f3l, k\u00e9nyelmes r\u00e1l\u00e1t\u00e1st ad az eg\u00e9sz irod\u00e1ra \u00e9s az alatta l\u00e9v\u0151kre. A kalap m\u00e9g mindig Hana&nbsp;fej\u00e9n volt, s&nbsp;a&nbsp;t\u00fck\u00f6rben l\u00e1ttam, hogy h\u00e1tul egy kis nefelejcs csokor volt rajta. K\u00f6rben\u00e9zett. Arckifejez\u00e9s\u00e9b\u0151l l\u00e1ttam, hogy megnyugodva konstat\u00e1lta, j\u00f3 hely ez, tetszik neki. A&nbsp;fiatalok is&nbsp; helyet foglaltak. Nem \u00e9rtettem a feszeng\u00e9s\u00fcket. A&nbsp;koffert, a k\u00e9t b\u0151rsz\u00edjjal \u00e1tkeretezettet \u2013<\/p>\n\n\n\n<p>Hana-korabelit \u2013, amit eddig a&nbsp;fiatalember cipelt, az ajt\u00f3 mell\u00e9 tett\u00e9k, mintha nem is hozz\u00e1juk tartozna.<\/p>\n\n\n\n<p>&nbsp; N\u00e9ztem Han\u00e1t: csontos hossz\u00fa ujjai b\u00e1r aszottak \u00e9s r\u00e1ncosak, m\u00e9gis csod\u00e1latosak, k\u00f6rmei gondosan \u00e1poltak, t\u00f6k\u00e9letesek azok&nbsp;f\u00e9lholdjai is. Lehet zongor\u00e1zott valaha, vagy h\u00e1rf\u00e1zott.<\/p>\n\n\n\n<p>Mennyi f\u00e9rfit szerethetett&#8230;! Hirtelen esz\u00e9be jutott, hogy megigaz\u00edtsa feh\u00e9r selyembl\u00faz\u00e1n a&nbsp;zsab\u00f3t. Azok a&nbsp;finom mozdulatok, amiket nem megtanul az ember, hanem belesz\u00fcletik s&nbsp;a&nbsp;zsigereiben van, ezek a&nbsp;l\u00e1tsz\u00f3lag n\u00fcansznyi mozdulatelemek, amik azt\u00e1n eg\u00e9ssz\u00e9, szinte arisztokrat\u00e1v\u00e1 teszik az embert. Az \u0151 eset\u00e9ben ak\u00e1r lehets\u00e9ges is, hiszen a h\u00e1romnyelv\u0171 Pozsonyb\u00f3l sz\u00e1rmazik. N\u00e9ztem az arc\u00e1t, ahogy \u00f6nfeledten, de mindenf\u00e9le felesleges k\u00f6r\u00f6k n\u00e9lk\u00fcl mes\u00e9lt mag\u00e1r\u00f3l. Mindig Pozsonyban dolgozott. Fiatal l\u00e1nyk\u00e9nt ker\u00fclt az k\u00fcl\u00fcgyminiszt\u00e9riumba, s&nbsp;r\u00f6vid id\u0151n bel\u00fcl, m\u00e1r huszon\u00e9vesen feltorn\u00e1szta mag\u00e1t a&nbsp;miniszteri titk\u00e1rs\u00e1gra, vezet\u0151i beoszt\u00e1sba. Jobb keze lett a&nbsp;nagy embereknek, s&nbsp;mivel igen megb\u00edzhat\u00f3nak bizonyult, bizalmi emberr\u00e9 v\u00e1lt nemcsak ezen a&nbsp;munkahelyen bel\u00fcl. K\u00e9pben volt az adott kor politikai helyzet\u00e9vel. Sokszor utazott, rep\u00fclt a&nbsp;deleg\u00e1ci\u00f3kkal abban az id\u0151ben, amikor m\u00e9g az egyszer\u0171 ember, ha utazni akart, bonyolult enged\u00e9lyeztet\u00e9sre volt sz\u00fcks\u00e9ge, \u00e9s m\u00e9g \u00edgy sem volt biztos, hogy megkapja azt.<\/p>\n\n\n\n<p>&nbsp; Hana nyelveket besz\u00e9lt, b\u00e1r a&nbsp;magyart m\u00e1r t\u00f6rte. Mes\u00e9lt a sz\u00fcleir\u0151l, a&nbsp;pozsonyi h\u00e1romszintes h\u00e1zukr\u00f3l, amibe belesz\u00fcletett s&nbsp;amely a&nbsp;k\u00e9ttorny\u00fa zsinag\u00f3g\u00e1ra n\u00e9zett, amelyeknek s\u00e1rga m\u00e1zas ker\u00e1miabor\u00edt\u00e1s\u00fa, v\u00f6r\u00f6st\u00e9gl\u00e1s s\u00e1vokkal d\u00edsz\u00edtett falait a&nbsp;szob\u00e1ja ablak\u00e1b\u00f3l l\u00e1tta. Testv\u00e9rei nem sz\u00fclettek. Legal\u00e1bbis err\u0151l nem akart besz\u00e9lni. Ahogy n\u00e9ztem nagyon r\u00e1ncos, v\u00e9kony arc\u00e1t \u2013 amely akt\u00edv \u00e9let\u00e9ben sok min\u0151s\u00e9gi kenc\u00e9vel volt k\u00e9nyeztetve \u2013, hom\u00e1lyos tekintete a&nbsp;t\u00e1volba veszett. Pontosan eml\u00e9kezett a&nbsp;m\u00falt r\u00e9szleteire. Fiatalkor\u00e1t tal\u00e1ny fedte. Soha nem ment f\u00e9rjhez, gyerekei nem sz\u00fclettek. \u00c9let\u00e9vel mindig el\u00e9gedett volt. A&nbsp;hatalmas csal\u00e1di h\u00e1zat eladta m\u00e9g harmincvalah\u00e1ny \u00e9vesen. M\u00e1r akkor eld\u00f6nt\u00f6tte, hogy \u00e9lni akar, s&nbsp;a&nbsp;hatalmas h\u00e1z a&nbsp;telekkel sz\u00e1m\u00e1ra csak ny\u0171g. A&nbsp;belv\u00e1rosban vett egy n\u00e9gyszob\u00e1s, magas belter\u0171 lak\u00e1st, azt berendezte az \u00f6r\u00f6k\u00f6lt r\u00e9gis\u00e9gekkel, gy\u00f6ngy\u00f6s r\u00e9zcsill\u00e1rokkal \u00e9s minden \u00e9rt\u00e9kkel, amely a&nbsp;csal\u00e1di h\u00e1z eml\u00e9k\u00e9t hordozta. Csak a&nbsp;hatalmas tornyos \u00e1gy matrac\u00e1t s&nbsp;annak f\u00fcgg\u00f6nyeit cser\u00e9lte le.<\/p>\n\n\n\n<p>&nbsp; Hana meglep\u0151dve n\u00e9zett k\u00f6r\u00fcl szob\u00e1ja kicsit p\u0151re berendez\u00e9s\u00e9n. Nem ehhez volt szokva.<\/p>\n\n\n\n<p>Nem \u00e9rtette, hogy ker\u00fclt ide, s&nbsp;mi\u00e9rt. A&nbsp;b\u0151r\u00f6ndb\u0151l ki sem akart rakodni, \u00fagyis hamarosan megy haza. Csak ideiglenesen van itt, hiszen a&nbsp;fiatal, nagyon t\u00e1voli rokonok kir\u00e1ndulni mentek, csup\u00e1n&nbsp;biztons\u00e1gban akart\u00e1k tudni \u0151t addig, m\u00edg vissza nem t\u00e9rnek.<\/p>\n\n\n\n<p>&nbsp; M\u00faltak a&nbsp;napok s&nbsp;hetek. Elm\u00falt a&nbsp;ny\u00e1r, az \u0151sz, nagy havaz\u00e1ssal bek\u00f6sz\u00f6nt\u00f6tt a t\u00e9l is. Hana sok\u00e1ig \u00e1llt az ablakban s&nbsp;v\u00e1rta, mikor viszik haza. Napk\u00f6zben be\u00fclt az igazgat\u00f3 irod\u00e1j\u00e1ba, ott j\u00f3l, otthonosan \u00e9rezte mag\u00e1t. Megigazgatta a&nbsp;pap\u00edrokat az asztalon, leszedte a&nbsp;sz\u00e1raz leveleket az ablakban l\u00e9v\u0151 vir\u00e1gokr\u00f3l. Hagyt\u00e1k, csak akkor volt gond, ha \u00faj \u00fcgyf\u00e9l j\u00f6tt, tr\u00fckkel lehetett csak kicsalni az irod\u00e1b\u00f3l. Ilyenkor valami m\u00e1s, fontos \u201emunk\u00e1t\u201c tal\u00e1ltak ki sz\u00e1m\u00e1ra, amit csak \u0151 tudott elv\u00e9gezni \u00e9s senki m\u00e1sra nem lehet r\u00e1b\u00edzni. A&nbsp;szob\u00e1j\u00e1t nem szerette, m\u00e1r maga sem tudta, mi\u00e9rt. Megette a&nbsp;spen\u00f3tot is, krumpli felt\u00e9ttel, pedig el\u0151tte ki nem \u00e1llhatta. Hana fizikai \u00e1llapota nem romlott, tov\u00e1bbra is lend\u00fclettel szelte a&nbsp;hossz\u00fa folyos\u00f3t, l\u00e9pcs\u0151z\u00f6tt \u00e9s liftezett is, vagy egyszer\u0171en kis\u00e9t\u00e1lt a&nbsp;parkba. Szemmel kellett tartani, de mindig visszat\u00e9rt. Egy id\u0151 ut\u00e1n a&nbsp;ked\u00e9ly\u00e1llapota romlani kezdett, s&nbsp;a&nbsp;sz\u00e9p form\u00e1j\u00fa k\u00f6rmeit fekete keret szeg\u00e9lyezte. B\u00e1r ugyanolyan kecsesen tartotta a&nbsp;kez\u00e9t, nem csin\u00e1lt gondot ebb\u0151l, ha sz\u00f3v\u00e1 is tett\u00e9k neki, csak \u00e9rtetlen\u00fcl n\u00e9zte kezeit. Majd fogta az igazgat\u00f3 mosd\u00f3j\u00e1n l\u00e9v\u0151 s\u00e1rga kiskacs\u00e1s&nbsp;k\u00f6r\u00f6mkef\u00e9t \u00e9s megtiszt\u00edtotta a k\u00f6rmeit. A&nbsp;tal\u00e1ny egy h\u00e9t m\u00falva old\u00f3dott meg.<\/p>\n\n\n\n<p>&nbsp; Az \u00e9jjeli szolg\u00e1lat szem\u00e9lyzete mozg\u00e1st fedezett fel a&nbsp;folyos\u00f3n, \u00edgy&nbsp;kidugt\u00e1k a&nbsp;fej\u00fcket a&nbsp;pihen\u0151b\u0151l. Akkor l\u00e1tt\u00e1k, hogy egy alak, hossz\u00fa h\u00e1l\u00f3ingben, kiny\u00fajtott karral \u2013 vagy k\u00e9t m\u00e9ter magass\u00e1gban \u2013, ujj\u00e1val barn\u00e1s cs\u00edkot h\u00faz a&nbsp;h\u00f3feh\u00e9r falon. M\u00e1r az eg\u00e9sz folyos\u00f3 k\u00f6rbe volt keretezve s&nbsp;indult volna a&nbsp;l\u00e9pcs\u0151h\u00e1z fel\u00e9&#8230;<\/p>\n\n\n\n<p>&nbsp; Hana m\u00e9g h\u00e1rom \u00e9s f\u00e9l h\u00f3napot \u00e9lt. Egy langyos tavaszi est\u00e9n \u00f6r\u00f6kre elaludt. Arc\u00e1n mosoly \u00fclt, kezei pedig mell\u00e9n, \u00f6sszefonva pihentek. Felt\u0171n\u0151 hossz\u00fa ujjait sz\u00e9pen keretezt\u00e9k \u00e1polt k\u00f6rmei. B\u0151rp\u00e1ntos b\u0151r\u00f6ndj\u00e9be&nbsp;m\u00e1r r\u00e9gen gondosan bepakolt, a kalapja mellett volt a s\u00e1rga kiskacs\u00e1s k\u00f6r\u00f6mkefe is. Azon a tavaszi est\u00e9n a plat\u00e1nok&nbsp; k\u00fcl\u00f6n\u00f6sen sok tavalyi term\u00e9st, aszmagot hullattak. Hana t\u00e1voli rokonait nem&nbsp;lehetett el\u00e9rni, \u00edgy utols\u00f3 \u00fatj\u00e1ra, a helyi temet\u0151be k\u00e9t ember k\u00eds\u00e9rte, az egyik a pap volt.<\/p>\n\n\n\n<p><em>(A Pegazus alkot\u00f3p\u00e1ly\u00e1zat pr\u00f3za kateg\u00f3ri\u00e1j\u00e1nak 3. helyezettje)<\/em><\/p>\n","protected":false},"excerpt":{"rendered":"<p>Hana Egy k\u00e9s\u0151 tavaszi napon ismertem meg Han\u00e1t. Az ablakb\u00f3l l\u00e1ttam k\u00f6zeledni, egy t\u0151le sokkal fiatalabb p\u00e1r k\u00eds\u00e9ret\u00e9ben. Kellemesen csevegtek. Hana kor\u00e1hoz k\u00e9pest nagyon magas, mad\u00e1rcsont\u00fa, filigr\u00e1n n\u0151 volt. Ebben a&nbsp;korban az emberek m\u00e1r \u00f6sszet\u00f6p\u00f6r\u00f6dnek, megg\u00f6rb\u00fcl a&nbsp;h\u00e1tuk, vagy banyap\u00fapjuk lesz. &hellip; <a href=\"https:\/\/opus-folyoirat.sk\/?page_id=3818\">Egy kattint\u00e1s ide a folytat\u00e1shoz&#8230;. <span class=\"meta-nav\">&rarr;<\/span><\/a><\/p>\n","protected":false},"author":4,"featured_media":0,"parent":0,"menu_order":0,"comment_status":"closed","ping_status":"closed","template":"","meta":{"footnotes":""},"class_list":["post-3818","page","type-page","status-publish","hentry"],"_links":{"self":[{"href":"https:\/\/opus-folyoirat.sk\/index.php?rest_route=\/wp\/v2\/pages\/3818","targetHints":{"allow":["GET"]}}],"collection":[{"href":"https:\/\/opus-folyoirat.sk\/index.php?rest_route=\/wp\/v2\/pages"}],"about":[{"href":"https:\/\/opus-folyoirat.sk\/index.php?rest_route=\/wp\/v2\/types\/page"}],"author":[{"embeddable":true,"href":"https:\/\/opus-folyoirat.sk\/index.php?rest_route=\/wp\/v2\/users\/4"}],"replies":[{"embeddable":true,"href":"https:\/\/opus-folyoirat.sk\/index.php?rest_route=%2Fwp%2Fv2%2Fcomments&post=3818"}],"version-history":[{"count":1,"href":"https:\/\/opus-folyoirat.sk\/index.php?rest_route=\/wp\/v2\/pages\/3818\/revisions"}],"predecessor-version":[{"id":3819,"href":"https:\/\/opus-folyoirat.sk\/index.php?rest_route=\/wp\/v2\/pages\/3818\/revisions\/3819"}],"wp:attachment":[{"href":"https:\/\/opus-folyoirat.sk\/index.php?rest_route=%2Fwp%2Fv2%2Fmedia&parent=3818"}],"curies":[{"name":"wp","href":"https:\/\/api.w.org\/{rel}","templated":true}]}}