{"id":3838,"date":"2025-06-21T15:45:00","date_gmt":"2025-06-21T13:45:00","guid":{"rendered":"https:\/\/opus-folyoirat.sk\/?page_id=3838"},"modified":"2026-01-14T15:48:20","modified_gmt":"2026-01-14T13:48:20","slug":"fulop-antal","status":"publish","type":"page","link":"https:\/\/opus-folyoirat.sk\/?page_id=3838","title":{"rendered":"F\u00fcl\u00f6p Antal"},"content":{"rendered":"\n<div class=\"wp-block-group is-vertical is-layout-flex wp-container-core-group-is-layout-8cf370e7 wp-block-group-is-layout-flex\">\n<p><strong>A hazatal\u00e1lt k\u00f6lt\u0151<\/strong><\/p>\n\n\n\n<p><em>K\u00f6vesdi K\u00e1roly versk\u00f6tet\u00e9r\u0151l<\/em><\/p>\n<\/div>\n\n\n<div class=\"has-text-align-right wp-block-post-date\"><time datetime=\"2025-06-21T15:45:00+02:00\">2025-06-21<\/time><\/div>\n\n\n<p>K\u00f6vesdi K\u00e1roly <em>Visszakapott szavak<\/em> c\u00edm\u0171 versesk\u00f6tet\u00e9t lapozgatva a recenzens elm\u00e9letek helyett tartalmi szempontb\u00f3l k\u00eds\u00e9rli meg a k\u00f6tet verseit \u00e9lethelyzetekre \u2013 emeltebb szinten \u2013, szakr\u00e1lis \u00e9rt\u00e9kekre vonatkoztatni. A k\u00f6tet pr\u00f3zaversei (szerencs\u00e9re) a Shakespeare-i szonettek m\u00e9rs\u00e9kelt formaszabads\u00e1g\u00e1t k\u00f6vetik (nota bene!) a gondolatok torz\u00edt\u00e1sa n\u00e9lk\u00fcl, a Marinetti-k\u00f6vet\u0151k tart\u00f3san d\u00edv\u00f3 olvashatatlan\/\u00e9rtelmezhetetlen \u201e\u00f6mlesztett\u201d sz\u00f6vegeivel szemben. (\u00d6nkasztr\u00e1ci\u00f3, mint mor\u00e1lis l\u00e1zad\u00e1s \u2013 csak fel kell \u00fctni egy-egy \u201emodern\u201d versesk\u00f6tetet!)<\/p>\n\n\n<div class=\"wp-block-image\">\n<figure class=\"alignright size-full is-resized\"><img loading=\"lazy\" decoding=\"async\" width=\"522\" height=\"821\" src=\"http:\/\/opus-folyoirat.sk\/wp-content\/uploads\/2026\/01\/Kepernyofoto-2026-01-14-14.46.33.png\" alt=\"\" class=\"wp-image-3839\" style=\"width:285px;height:auto\" srcset=\"https:\/\/opus-folyoirat.sk\/wp-content\/uploads\/2026\/01\/Kepernyofoto-2026-01-14-14.46.33.png 522w, https:\/\/opus-folyoirat.sk\/wp-content\/uploads\/2026\/01\/Kepernyofoto-2026-01-14-14.46.33-191x300.png 191w\" sizes=\"auto, (max-width: 522px) 100vw, 522px\" \/><\/figure><\/div>\n\n\n<p>K\u00f6vesdi, hiteles korszeml\u00e9let\u00e9t megtartva (lectori salutem!) soha nem s\u00fcllyed a nyelv \u00e9s l\u00e9lekrombol\u00e1s infern\u00e1lis szintj\u00e9re. B\u00e1r a meg\u00e9lt \u00e9s a mag\u00e1ban hordott k\u00f6z\u00e9p-eur\u00f3pai (magyar) t\u00f6rt\u00e9nelem szellemi-lelki poggy\u00e1szk\u00e9nt k\u00f6lt\u0151nk sz\u00e1m\u00e1ra ism\u00e9telten pokoli helyzeteket teremt. Verseiben a m\u00falttal t\u00f6rt\u00e9n\u0151 tal\u00e1lkoz\u00e1saib\u00f3l ma m\u00e1r ritka \u00e9rt\u00e9k: katarzis terem.<\/p>\n\n\n\n<p>A k\u00f6tet alc\u00edmeit zenei k\u00e9pzett\u00e1rs\u00edt\u00e1ssal a recenzens ak\u00e1r t\u00e9telekk\u00e9nt is eml\u00edthetn\u00e9, b\u00e1r \u00e9ppen ilyen joggal \u00edrhattam volna azt is<em>, hiteles<\/em> k\u00f6z\u00e9p-eur\u00f3pai sorsok, 8 st\u00e1ci\u00f3ban. A st\u00e1ci\u00f3k ez\u00fattal, blaszf\u00e9mia n\u00e9lk\u00fcl, a kereszt\u00fatra (via crucis, Via Dolorosa) is vonatkoztathat\u00f3k. Egyszer\u0171en az\u00e9rt, mert K\u00f6vesdi K\u00e1roly val\u00f3ban k\u00f6lt\u0151. 1) <em>A szobor l\u00e1togat\u00e1sa<\/em>, 2) <em>Isten tarsolya<\/em>, 3) <em>Napiparancs<\/em>, 4) <em>Mire lehullanak a levelek<\/em>, 5) <em>\u00c1tv\u00e1ltoz\u00e1s<\/em>, 6) <em>A h\u00e1zunk<\/em>, 7) <em>Testamentum, \u00fajra t\u00f6ltve a kilencvenes \u00e9vekb\u0151l, <\/em>8)<em> Mer\u00fcl\u00e9s<\/em>.&nbsp;<\/p>\n\n\n\n<p>54 vers \u2013 eg\u00e9sz k\u00f6lt\u0151i galaxis! (Itt a recenzens helysz\u0171ke miatt v\u00e1laszt\u00e1sra k\u00e9nyszer\u00fcl, hogy a k\u00f6tet eg\u00e9sz\u00e9t \u00e1tfog\u00f3, ez\u00e9rt \u00f3hatatlanul felsz\u00ednesebb sz\u00f6vegben tud\u00f3s\u00edtson a Visszakapott szavak verseir\u0151l, vagy (pars pro toto) m\u00e9r\u0151\u00f3nj\u00e1t azokba a m\u00e9lys\u00e9gekbe is leeressze, ahol m\u00e1r, k\u00fcl\u00f6nb\u00f6z\u0151 okokn\u00e1l fogva (ma is) \u201ehallgat a m\u00e9ly\u201d.<\/p>\n\n\n\n<p>A <em>Sz\u00fcl\u0151f\u00f6ld<\/em> c\u00edm\u0171 vers k\u00f6z\u00e9p-eur\u00f3pai magyar sorsvers, a h\u00e1tt\u00e9rben Trianon mefiszt\u00f3i grimasza \u00e9s H\u00e9rakleitosz \u00f6r\u00f6k igazs\u00e1ga vil\u00e1g\u00edtja be a lek\u00e9pezett helyzetet. Tal\u00e1lkoz\u00e1s a sz\u00fcl\u0151f\u00f6lddel. \u201e<em>Mintha k\u00f6vet dobn\u00e1l a t\u00f3 viz\u00e9be \/, \u00e1m a v\u00edz arca meg se rezd\u00fcl. \/ M\u00e1sodszor l\u00e9pn\u00e9l a foly\u00f3ba, \/ de<\/em> <em>f\u00e9l\u00faton meg\u00e1ll a l\u00e9p\u00e9s, \/ \u00c1rva mad\u00e1r landol az \u00e1gon, \/ n\u00e9zi a f\u00e9szek rep\u00fcl\u00e9s\u00e9t.<\/em>\u201d \u00cdme, a hamis\u00edtatlan, Trianon ut\u00e1ni magyar val\u00f3s\u00e1g, amely egyben a legridegebb abszurd.<\/p>\n\n\n\n<p>A <em>Visszakapott szavak<\/em>\u00e9s a<em>Parabola<\/em> c\u00edm\u0171 verseket a \u201e<em>minden sz\u00e9p, ami van<\/em>\u201d gondolat k\u00f6ti \u00f6ssze. K\u00e9t, egym\u00e1ssal ellent\u00e9tes l\u00e9lektani pillanat: a szeretve tisztelt anya alakja m\u00e1r t\u00e1voz\u00f3ban az \u00e9letb\u0151l, a memento mori mindent megbocs\u00e1t\u00f3 prizm\u00e1j\u00e1n \u00e1t l\u00e1tja \u00e9s mondja sz\u00e9pnek a versben rozzantnak, r\u00fatnak, elhaszn\u00e1ltnak \u00e1br\u00e1zolt vil\u00e1got: \u201e<em>minden sz\u00e9p, ami van<\/em>.\u201d Ellenpontja a t\u00e9kozl\u00f3 (vagy annak be\u00e1ll\u00edtott) fi\u00fa, mondhatn\u00e1nk Peer Gynt-i b\u0171ntudattal korrig\u00e1lja a val\u00f3s\u00e1got. Hiszen az anya megbocs\u00e1t\u00f3-sz\u00e9p\u00edt\u0151 pillanataiban m\u00e1r <em>\u201e&#8230;nem sejthette, mily jeges fuvallat t\u00e9p\u00e1zza \/ a<\/em> <em>k\u00f6lt\u00e9szet z\u00f6ld pagony\u00e1t, mily vastag \/ j\u00e9gt\u00f6mb tartja szor\u00edt\u00e1sban a sz\u00edveket.<\/em>\u201d S a felszakad\u00f3 gy\u00f3n\u00e1sszer\u0171 vallom\u00e1sb\u00f3l (a verset olvasva) m\u00e9g megtudhatjuk azt is, amit a szeretve tisztelt anya tal\u00e1n egy \u00e9leten \u00e1t szeretett volna fi\u00e1t\u00f3l hallani, de sohasem hallhatott \u00e9s m\u00e1r sosem fogja hallani: <em>\u201eSzerettem volna felkapni, a tenyerembe z\u00e1rni, \/ mint egy kis madarat, \u00e9n a t\u00e9kozl\u00f3 fi\u00fa, \/ aki csak k\u00e9seket sz\u00fartam bel\u00e9, \u00e9s m\u00e1zs\u00e1s \/ s\u00falyokat raktam arra a cinege-v\u00e1llra, \/ amely egyre g\u00f6rnyedtebben hajlott a f\u00f6ld fel\u00e9. \/ Csak nyeltem a k\u00f6nnyeimet, \u00e9s dadogtam, \/ mint egy csecsem\u0151, most sem tal\u00e1ltam \/ a szavakat, az \u00e9n f\u00e1j\u00f3, \u00e9des szavaim, \/ amelyek r\u00e9ges-r\u00e9g elgurultak valahov\u00e1. \/ \u00c9s any\u00e1m egyre t\u00e1voz\u00f3ban, eln\u00e9z\u0151 mosollyal \/ egyszer csak visszaadta \u0151ket.\u201d<\/em>&nbsp;<\/p>\n\n\n\n<p>\u00cdme, a hat\u00e1rtalan szeretet, a megv\u00e1lt\u00e1s miszt\u00e9riuma\u201enagyban \u00e9s kicsiben\u201d. A <em>Parabol\u00e1ban<\/em> \u00fajra felbukkanva (\u201e<em>minden sz\u00e9p, ami van<\/em>\u201d) mindj\u00e1rt meg is kapja a c\u00e1folat\u00e1t, mert hiszen \u201e&#8230;<em>L\u00e9ted csak egy kaland<\/em> (\u2026) <em>B\u00e1nyam\u00e9ly alag\u00fat \/ t\u00e1rja el\u00e9d az \u00f6l\u00e9t, \/ ontja a L\u00e9the viz\u00e9t.\u201d<\/em>. Majd J\u00f3zsef Attila-i gondolattal oldja fel K\u00f6vesdi a l\u00e9t\u00fcnk m\u00e9ly\u00e9ig has\u00edt\u00f3 fesz\u00fclts\u00e9get:<em> \u201eMeg sem sz\u00fclt az any\u00e1d, \/ sz\u00f6vik hal\u00f3 ruh\u00e1d\u201d. <\/em>De: \u201e<em>M\u00e9gis sz\u00e9p, ami van, \/ egy helyben is halad, \/ Csak az lesz, ami van, \/ ami lesz, h\u00e1travan&#8230;\u201d <\/em>S miut\u00e1n f\u00e1jdalmasan m\u00e9ly, k\u00f6ny\u00f6rtelenl\u00e9tigazs\u00e1gokr\u00f3l olvastunk, az <em>Ap\u00e1mmal a kertben<\/em>c\u00edm\u0171 pr\u00f3zaversre lapozva \u00fajabb megrend\u00edt\u0151 l\u00e9thelyzettel tal\u00e1lkozunk: a gener\u00e1ci\u00f3k \u00e1tmeneti egy\u00fcttl\u00e9t\u00e9r\u0151l, majd t\u00f6rv\u00e9nyszer\u0171 elv\u00e1l\u00e1s\u00e1r\u00f3l (elt\u00e1volod\u00e1s\u00e1r\u00f3l!) k\u00f6z\u00f6l m\u00e9ly \u00e9s kiker\u00fclhetetlen igazs\u00e1gokat a pr\u00f3zavers, s minden dr\u00e1mai elv\u00e1l\u00e1s val\u00f3di f\u00e1jdalomr\u00f3l mond igaz reg\u00e9t: <em>\u201e&#8230;ap\u00e1m a fa\u00fcltet\u00e9ssel, h\u00e1z\u00e9p\u00edt\u00e9ssel meg hasonl\u00f3 mell\u00e9ksz\u00e1lakkal csak marasztalni pr\u00f3b\u00e1lt \u2013 <\/em>mondja a vers<em> \u2013 a szeretet ott sz\u0171k\u00f6lt a tekintet\u00e9ben, hiszen tudta, el\u0151bb-ut\u00f3bb el fog vesz\u00edteni, mert ez a vil\u00e1g sorsa, a fi\u00fak megtagadj\u00e1k, elhagyj\u00e1k anyjukat, apjukat, ahogy \u0151ket is elhagyj\u00e1k a fiaik, l\u00e1nyaik\u2026\u201d<\/em><\/p>\n\n\n\n<p>Miel\u0151tt<em> a Hazatal\u00e1l<\/em>c\u00edm\u0171 verset \u00e9rinteni mern\u00e9m, foh\u00e1sznak beill\u0151, nagy leveg\u0151t veszek. T\u00e9rben \u00e9s id\u0151ben t\u00e1volr\u00f3l indul a verset \u00e9rtelmez\u0151 recenzensi gondolat. A t\u00e1rgy most sz\u00e1zadokon \u00e1t tart\u00f3 magyar menetel\u00e9s, k\u00fcls\u0151 \u00e9s bels\u0151, valamint szakr\u00e1lis t\u00e1jakon, amelyhez k\u00e9pest Xenoph\u00f3n Anabaszisza, ha nem vagy elfogult, olvas\u00f3, ma m\u00e1r tudjuk, legfeljebb izgalmas t\u00f6rt\u00e9nelmi s\u00e9tagalopp volt. S a korokon \u00e1t elhallgatott pozsonyi csata. Eml\u00e9kszel, olvas\u00f3: \u201eIrts\u00e1tok ki a magyarokat!\u201d. Akkor\u00e9s mostis (s ezzel a <em>most<\/em>tal m\u00e1r a Hazatal\u00e1l c\u00edm\u0171 K\u00f6vesdi-vers tereire \u00e9rkezt\u00fcnk): \u201e&#8230;<em>Pedig a<\/em> <em>haza mindenkit hazav\u00e1r, \/ a megroggyant \u00e9g lyukas kupol\u00e1ja \/ alatt a sok tekerg\u0151 egyszer \u00fatnak indul. \/ V\u00e9g\u00fcl maga a haza is, amelyet annyiszor, \/ elloptak, meggyal\u00e1ztak, dobra vertek, \/ vel\u00fcnk egyszer hazatal\u00e1<\/em>l.\u201d<\/p>\n\n\n\n<p>S t\u00f6bb\u00e9 nem b\u00e1muljuk elvar\u00e1zsolt \u00e1h\u00edtattal a \u201e<em>Liberty Island-i f\u00e1kly\u00e1s ribancot<\/em>\u201d!<strong>&nbsp;<\/strong><\/p>\n\n\n\n<p><strong><em>(<\/em><\/strong><em>K\u00f6vesdi K\u00e1roly: Visszakapott szavak, V\u00e1mb\u00e9ry Polg\u00e1ri T\u00e1rsul\u00e1s, 2023.)<\/em><\/p>\n","protected":false},"excerpt":{"rendered":"<p>A hazatal\u00e1lt k\u00f6lt\u0151 K\u00f6vesdi K\u00e1roly versk\u00f6tet\u00e9r\u0151l K\u00f6vesdi K\u00e1roly Visszakapott szavak c\u00edm\u0171 versesk\u00f6tet\u00e9t lapozgatva a recenzens elm\u00e9letek helyett tartalmi szempontb\u00f3l k\u00eds\u00e9rli meg a k\u00f6tet verseit \u00e9lethelyzetekre \u2013 emeltebb szinten \u2013, szakr\u00e1lis \u00e9rt\u00e9kekre vonatkoztatni. A k\u00f6tet pr\u00f3zaversei (szerencs\u00e9re) a Shakespeare-i szonettek m\u00e9rs\u00e9kelt &hellip; <a href=\"https:\/\/opus-folyoirat.sk\/?page_id=3838\">Egy kattint\u00e1s ide a folytat\u00e1shoz&#8230;. <span class=\"meta-nav\">&rarr;<\/span><\/a><\/p>\n","protected":false},"author":4,"featured_media":0,"parent":0,"menu_order":0,"comment_status":"closed","ping_status":"closed","template":"","meta":{"footnotes":""},"class_list":["post-3838","page","type-page","status-publish","hentry"],"_links":{"self":[{"href":"https:\/\/opus-folyoirat.sk\/index.php?rest_route=\/wp\/v2\/pages\/3838","targetHints":{"allow":["GET"]}}],"collection":[{"href":"https:\/\/opus-folyoirat.sk\/index.php?rest_route=\/wp\/v2\/pages"}],"about":[{"href":"https:\/\/opus-folyoirat.sk\/index.php?rest_route=\/wp\/v2\/types\/page"}],"author":[{"embeddable":true,"href":"https:\/\/opus-folyoirat.sk\/index.php?rest_route=\/wp\/v2\/users\/4"}],"replies":[{"embeddable":true,"href":"https:\/\/opus-folyoirat.sk\/index.php?rest_route=%2Fwp%2Fv2%2Fcomments&post=3838"}],"version-history":[{"count":1,"href":"https:\/\/opus-folyoirat.sk\/index.php?rest_route=\/wp\/v2\/pages\/3838\/revisions"}],"predecessor-version":[{"id":3840,"href":"https:\/\/opus-folyoirat.sk\/index.php?rest_route=\/wp\/v2\/pages\/3838\/revisions\/3840"}],"wp:attachment":[{"href":"https:\/\/opus-folyoirat.sk\/index.php?rest_route=%2Fwp%2Fv2%2Fmedia&parent=3838"}],"curies":[{"name":"wp","href":"https:\/\/api.w.org\/{rel}","templated":true}]}}