{"id":3851,"date":"2025-06-25T10:41:00","date_gmt":"2025-06-25T08:41:00","guid":{"rendered":"https:\/\/opus-folyoirat.sk\/?page_id=3851"},"modified":"2026-01-14T18:46:50","modified_gmt":"2026-01-14T16:46:50","slug":"erdely-daniel-2","status":"publish","type":"page","link":"https:\/\/opus-folyoirat.sk\/?page_id=3851","title":{"rendered":"Erd\u00e9ly D\u00e1niel"},"content":{"rendered":"\n<p><strong>Tudod, Kedves?&nbsp;<\/strong><\/p>\n\n\n<div class=\"has-text-align-right wp-block-post-date\"><time datetime=\"2025-06-25T10:41:00+02:00\">2025-06-25<\/time><\/div>\n\n\n<p>Az ember \u00e9jjel felkel, pisil, mert valahogy &#8211; meg illik is egy bizonyos kor f\u00f6l\u00f6tt valamilyen gy\u00f3gyszert szedni, betegs\u00e9get, kopotts\u00e1got, f\u00e1radts\u00e1got imit\u00e1lni &#8211; ki kell juttatni a bejuttatott k\u00eds\u00e9r\u0151italt. S\u00f6rt, grapefruitlevet vagy \u00e1sv\u00e1nyvizet. \u00c9s akkor, ott \u00e9s akkor meg kell k\u00fczdeni az elemekkel, a gravit\u00e1ci\u00f3val \u00e9s a hideg k\u00f6vezettel, a nem teljesen megtiszt\u00edtott padl\u00f3 nehezen azonos\u00edthat\u00f3, haj- \u00e9s sz\u0151rsz\u00e1lainak talpamra ragadt egy\u00fcttes\u00e9vel, amelyet a k\u00fcsz\u00f6bbe r\u00fag\u00e1ssal vesz\u00e9lyeztetett csoszog\u00e1ssal az ember igyekszik lekoptatni, hogy ne vigye vissza dolga v\u00e9gezt\u00e9vel a viszonylag tiszt\u00e1nak elk\u00f6nyvelt takar\u00f3ja \u00e9s leped\u0151je k\u00f6z\u00e9, abba a r\u00e9tegbe, ahol a test is megpihen, enyhet lel \u00e1tmenetileg. A program ilyenkor az alkalmass\u00e1g kiv\u00edv\u00e1sa \u00f6nmagunk \u00e9s a vil\u00e1g el\u0151tt. Szellemi \u00e9s fizikai k\u00e9pess\u00e9gem birtok\u00e1ban, annyi embert\u00e1rsamhoz hasonl\u00f3an majd reggel nekiindulok, hogy megh\u00f3d\u00edtsam a Vil\u00e1got, amelyet hasonl\u00f3, talp\u00e1raragacsolt massz\u00e1t\u00f3l az id\u0151 m\u00fal\u00e1s\u00e1val szabadulni v\u00e1gy\u00f3 haland\u00f3 lakik be, k\u00fcl\u00f6nb\u00f6z\u0151 org\u00e1nummal, lelki \u00e9s testi alkattal meg\u00e1ldva, k\u00fcl\u00f6nb\u00f6z\u0151 szerepekbe k\u00e9nyszer\u00fclve. Mindezek a l\u00e9nyek \u00e9s csoportok egym\u00e1s elismer\u00e9s\u00e9re, szeretet\u00e9re \u00e9s rajong\u00e1s\u00e1ra v\u00e1gyva pr\u00f3b\u00e1lnak szerencs\u00e9t minden nap.<\/p>\n\n\n\n<div class=\"wp-block-group is-vertical is-layout-flex wp-container-core-group-is-layout-8cf370e7 wp-block-group-is-layout-flex\">\n<p><strong>Gonoszs\u00e1g<\/strong><\/p>\n\n\n\n<div class=\"wp-block-group is-vertical is-layout-flex wp-container-core-group-is-layout-8cf370e7 wp-block-group-is-layout-flex\">\n<p>Akkor volt gonosz, mikor m\u00e9g meg\u00e9rte gonosznak lenni<\/p>\n\n\n\n<p>A j\u00f3s\u00e1g\u00e1val volt gonosz, mert meg\u0151r\u00fcltek a k\u00f6r\u00fcl\u00f6tte \u00e9l\u0151k<\/p>\n\n\n\n<p>Meg\u0151r\u00fcltek, mert miatta nem mertek gonoszok lenni<\/p>\n\n\n\n<p>J\u00f3 gonoszok lettek azzal, hogy j\u00f3k lettek<\/p>\n\n\n\n<p>Gonoszs\u00e1g\u00e1val volt j\u00f3, mert senkinek nem kellett k\u00f6r\u00fcl\u00f6tte h\u00e1l\u00e1snak lennie<\/p>\n\n\n\n<p>Gonoszs\u00e1gb\u00f3l gonoszok lettek, hogy senki ne lehessen se h\u00e1l\u00e1s, se j\u00f3<\/p>\n\n\n\n<p>A sok gonoszs\u00e1gb\u00f3l \u00e9s h\u00e1l\u00e1tlans\u00e1gb\u00f3l n\u0151tt ki a j\u00f3s\u00e1g<\/p>\n\n\n\n<p>Mag\u00e1t\u00f3l<\/p>\n<\/div>\n<\/div>\n","protected":false},"excerpt":{"rendered":"<p>Tudod, Kedves?&nbsp; Az ember \u00e9jjel felkel, pisil, mert valahogy &#8211; meg illik is egy bizonyos kor f\u00f6l\u00f6tt valamilyen gy\u00f3gyszert szedni, betegs\u00e9get, kopotts\u00e1got, f\u00e1radts\u00e1got imit\u00e1lni &#8211; ki kell juttatni a bejuttatott k\u00eds\u00e9r\u0151italt. S\u00f6rt, grapefruitlevet vagy \u00e1sv\u00e1nyvizet. \u00c9s akkor, ott \u00e9s akkor &hellip; <a href=\"https:\/\/opus-folyoirat.sk\/?page_id=3851\">Egy kattint\u00e1s ide a folytat\u00e1shoz&#8230;. <span class=\"meta-nav\">&rarr;<\/span><\/a><\/p>\n","protected":false},"author":4,"featured_media":0,"parent":0,"menu_order":0,"comment_status":"closed","ping_status":"closed","template":"","meta":{"footnotes":""},"class_list":["post-3851","page","type-page","status-publish","hentry"],"_links":{"self":[{"href":"https:\/\/opus-folyoirat.sk\/index.php?rest_route=\/wp\/v2\/pages\/3851","targetHints":{"allow":["GET"]}}],"collection":[{"href":"https:\/\/opus-folyoirat.sk\/index.php?rest_route=\/wp\/v2\/pages"}],"about":[{"href":"https:\/\/opus-folyoirat.sk\/index.php?rest_route=\/wp\/v2\/types\/page"}],"author":[{"embeddable":true,"href":"https:\/\/opus-folyoirat.sk\/index.php?rest_route=\/wp\/v2\/users\/4"}],"replies":[{"embeddable":true,"href":"https:\/\/opus-folyoirat.sk\/index.php?rest_route=%2Fwp%2Fv2%2Fcomments&post=3851"}],"version-history":[{"count":2,"href":"https:\/\/opus-folyoirat.sk\/index.php?rest_route=\/wp\/v2\/pages\/3851\/revisions"}],"predecessor-version":[{"id":3857,"href":"https:\/\/opus-folyoirat.sk\/index.php?rest_route=\/wp\/v2\/pages\/3851\/revisions\/3857"}],"wp:attachment":[{"href":"https:\/\/opus-folyoirat.sk\/index.php?rest_route=%2Fwp%2Fv2%2Fmedia&parent=3851"}],"curies":[{"name":"wp","href":"https:\/\/api.w.org\/{rel}","templated":true}]}}