{"id":3858,"date":"2025-06-26T18:46:00","date_gmt":"2025-06-26T16:46:00","guid":{"rendered":"https:\/\/opus-folyoirat.sk\/?page_id=3858"},"modified":"2026-01-14T18:47:26","modified_gmt":"2026-01-14T16:47:26","slug":"nagy-erika-5","status":"publish","type":"page","link":"https:\/\/opus-folyoirat.sk\/?page_id=3858","title":{"rendered":"Nagy Erika"},"content":{"rendered":"\n<p><strong>Kulcs<\/strong><\/p>\n\n\n<div class=\"has-text-align-right wp-block-post-date\"><time datetime=\"2025-06-26T18:46:00+02:00\">2025-06-26<\/time><\/div>\n\n\n<p>Egy fura n\u0151 j\u00f6tt le a l\u00e9pcs\u0151n, olyan \u00f6tven k\u00f6r\u00fcli. Zavart volt, mag\u00e1ban besz\u00e9lt, k\u00f6zben cs\u00f3v\u00e1lta a fej\u00e9t, \u00e9s a tenyer\u00e9vel nagyokat \u00fct\u00f6tt a homlok\u00e1ra. Sok az elmebeteg, gondoltam. A l\u00e9pcs\u0151n leszaladva hallottam, hogy ut\u00e1nam ki\u00e1lt. Megfordultam. Indulatosak voltak a mondatai, s mik\u00f6zben hozz\u00e1m besz\u00e9lt, hol a plafont, hol pedig a l\u00e9pcs\u0151t figyelte. Van ilyen. Eltelt egy kis id\u0151, mire meg\u00e9rtettem, hogy mit is akart t\u0151lem. Vagy legal\u00e1bbis azt gondoltam, hogy \u00e9rtem. Kiz\u00e1rta mag\u00e1t, a kulcsot a lak\u00e1s kit\u00e1rt ajtaj\u00e1ban hagyta. Bel\u00fclr\u0151l. A telefont pedig az asztalon. Csak a szemetet vitte le az udvarra, k\u00f6zben tal\u00e1lkozott a g\u00e1zszerel\u0151vel, aki tegnap jelentkezett be. De ez mell\u00e9kes, a baj megt\u00f6rt\u00e9nt. Az ajt\u00f3, amely a folyos\u00f3t a ganggal \u00f6sszek\u00f6t\u00f6tte, becsuk\u00f3dott. Nem tudom, hogy mit csin\u00e1ljak, legjobb lesz, ha kit\u00f6r\u00f6m, mondogatta halkan t\u00f6bbsz\u00f6r is, de szinte csak \u00f6nmag\u00e1nak. Azt\u00e1n megfizetem, nincs m\u00e1s v\u00e1laszt\u00e1som. Van, mondtam neki, mindig van egy jobb megold\u00e1s, csak gondolkodni kell. Nincs telefonom, nem tudok h\u00edvni senkit sem, jaj istenem, mit csin\u00e1ljak?&nbsp; Nekem van, ha tudja a sz\u00e1mot, sz\u00edvesen seg\u00edtek, aj\u00e1nlottam fel. A szeme komikus m\u00f3don kikerekedett a felcsillant lehet\u0151s\u00e9g hallat\u00e1n. K\u00f6zben az\u00e9rt azt sem rejtette v\u00e9ka al\u00e1, hogy b\u00e1r \u00e1rtatlan voltam mindenben, d\u00fch\u00edtette, hogy engem semmi sem korl\u00e1toz. Nyitom, csukom az ajt\u00f3t, szabadon j\u00e1rk\u00e1lok. Ez felett\u00e9bb bosszantotta. Valakire haragudnia kellett, s most ez \u00e9n voltam. \u00c9n, aki seg\u00edteni akartam. Nem baj. Telefon a kezemben, mondja a sz\u00e1mot, t\u00e1rcs\u00e1zom. T\u00e9ves. Gondolkodik, \u00fajra elhadarja, h\u00edvom a f\u00e9rj\u00e9t, kicseng. Nem veszi fel. Dolgozik, sz\u00f3l elgondolkodva. Ajaj, akkor most mit csin\u00e1ljak? Kit\u00f6r\u00f6m, hebegi d\u00fch\u00f6sen. Megsz\u00e1llottan t\u00f6rni akar. Ez lett a r\u00f6geszm\u00e9je. Ezt az \u00fcveget? Lehetetlen. Vastag, edzett, r\u00e1ad\u00e1sul dupl\u00e1n van az ajt\u00f3ban. Hirtelen mozdulattal lekapja a falr\u00f3l a porolt\u00f3t, felemeli, hogy odacsapja. Az ajt\u00f3hoz. M\u00e9regb\u0151l. Ord\u00edtok. Ne, ezt ne! A keze a magasban maradt a porolt\u00f3val. Akkor mit csin\u00e1ljak? Tan\u00e1csolom, hogy tegye le, nyugodjon meg, majd menjen el a gondnokhoz. Minek? Mit tud az csin\u00e1lni? P\u00e9ld\u00e1ul van p\u00f3tkulcsa, amivel nyitni tudja az ajt\u00f3t. Kab\u00e1t n\u00e9lk\u00fcl? Biztos nem, megfagyok, mondja haragosan. Bocs\u00e1nat, jobb \u00f6tlet? K\u00f6zel van az iroda, plusz hat fokban m\u00e9g senki nem fagyott meg. Kit\u00f6r\u00f6m, h\u00f6r\u00f6gte \u00fajra, \u00fagy, hogy az arc\u00e1ra ki\u00fclt a p\u00e1nik minden jele. M\u00e1r kezdtem s\u00e9rtve \u00e9rezni magam, de heves kit\u00f6r\u00e9s\u00e9re a legnagyobb lelki nyugalommal csak annyit feleltem, hogy asszonyom, k\u00e9rem, hogy gondolkodjon! Sz\u00e9pen k\u00e9rem. Nem \u00e9rek r\u00e1, sz\u00edvesen seg\u00edtek, de ehhez sz\u00fcks\u00e9gem van arra, hogy higgadt maradjon. \u00dajra h\u00edvom a f\u00e9rj\u00e9t, m\u00e1r nem adom \u00e1t a telefont, felesleges. Ha csoda t\u00f6rt\u00e9nik, \u00e9s felveszi, csak annyit mondok, j\u00f6jj\u00f6n. Gyorsan. De esze \u00e1g\u00e1ban sem volt felvenni. Feladom. Kinyomozom a gondnok sz\u00e1m\u00e1t, \u00e9s megcs\u00f6rgetem. Kedves hang, a meglep\u0151d\u00e9s jele n\u00e9lk\u00fcl. K\u00fcldi a takar\u00edt\u00f3n\u0151t, mondja, s h\u00edv, ha indul. Sz\u00f3lok az asszonys\u00e1gnak. \u0150 nem \u00e9rt semmit. Neki nincs sz\u00fcks\u00e9ge takar\u00edt\u00f3n\u0151re, neki a nyitott ajt\u00f3 kell. Mondom, hogy nyugi, neki van kulcsa, kinyitja az ajt\u00f3t, \u00e9s minden rendben. \u00c9n is megyek, s \u00edg\u00e9rtem, ha h\u00edvnak, sz\u00f3lok.&nbsp;<\/p>\n\n\n\n<p>Cseng a telefon, hat\u00e1rozott n\u0151i hang k\u00f6z\u00f6lte, hamarosan \u00e9rkezik. Megk\u00f6sz\u00f6ntem, majd indulok, hogy sz\u00f3ljak az asszonynak, abban b\u00edzva, hogy \u00f6r\u00fclni fog. Kinyitom az \u00f6sszek\u00f6t\u0151 ajt\u00f3t, s a l\u00e9pcs\u0151 korl\u00e1tj\u00e1t g\u00f6rcs\u00f6sen szorongat\u00f3, saj\u00e1t mag\u00e1t kiz\u00e1rt asszonys\u00e1g rikkant egyet, de j\u00f3, v\u00e9gre, siker\u00fclt! Nem \u00e9rtettem, mi\u00e9rt szedi kettes\u00e9vel a l\u00e9pcs\u0151t, ahogy azt sem, hogy mi\u00e9rt akar \u00f6r\u00f6m\u00e9ben a nyakamba ugrani. Azt\u00e1n m\u00e9gis. Asszonyom, ez nem a m\u00e1sodik emelet, hanem az els\u0151, s nem itt z\u00e1r\u00f3dott be, hanem eggyel feljebb. Nem? Ez nem az? T\u00e9nyleg? Jaj, pedig m\u00e1r \u00fagy meg\u00f6r\u00fcltem! A szerel\u0151 mellette \u00e1llt, telefonj\u00e1t nyomogatta, k\u00f6zben megsz\u00f3lalt, hogy nem az\u00e9rt, neki mindegy, nem akar \u0151 belesz\u00f3lni, csak sz\u00f3rakoz\u00e1sb\u00f3l figyel, a takar\u00edt\u00f3n\u0151t m\u00e9g megv\u00e1rja, meg r\u00e1\u00e9r, \u00f3rab\u00e9rre fizetik. A n\u0151nek sz\u00fcks\u00e9ge volt p\u00e1r perce, hogy meg\u00e9rtse, nincs m\u00e1s dolga, mint m\u00e9ly leveg\u0151t venni, \u00e9s okulni az esetb\u0151l, hogy kulcs \u00e9s telefon n\u00e9lk\u00fcl soha. M\u00e9g akkor sem, ha csak a szemetet. Az\u00e9rt nem hagyom mag\u00e1ra, v\u00e1rom a t\u00f6rt\u00e9net v\u00e9g\u00e9t. Meg\u00e9rkezik a seg\u00edts\u00e9g, majd hallom, amint kattan a z\u00e1rban a kulcs. Az asszonys\u00e1g boldog, t\u00fals\u00e1gosan is. Megmenek\u00fclt. H\u00e1l\u00e1lkodik, megk\u00f6sz\u00f6ni, \u00e9pp, hogy csak kezet nem cs\u00f3kol. Mondja a mag\u00e1\u00e9t, a takar\u00edt\u00f3n\u0151 m\u00e1r a l\u00e9pcs\u0151fordul\u00f3ban, siet, de az\u00e9rt m\u00e9g t\u0151mondatokban v\u00e1laszol. Illend\u0151s\u00e9gb\u0151l. Majd elt\u0171nik. Az asszonys\u00e1g pedig sz\u00f6kdelt a boldogs\u00e1gt\u00f3l, k\u00f6sz\u00f6netet mondott az \u00e9gieknek, eg\u00e9szen addig, am\u00edg a folyos\u00f3 v\u00e9g\u00e9n l\u00e9v\u0151 lak\u00e1s\u00e1hoz nem \u00e9rt. S akkor d\u00f6bbenten mered az ajt\u00f3ra. A bej\u00e1ratira. Massz\u00edv szerkezet, prec\u00edz kivitelez\u00e9s biztons\u00e1gi z\u00e1rbet\u00e9ttel, a v\u00e9delem teh\u00e1t&nbsp; t\u00f6k\u00e9letes. Annyira, hogy minden bet\u00f6r\u0151t alaposan megizzasztana. Az ajt\u00f3 viszont megint becsuk\u00f3dva, a kulcs pedig az ajt\u00f3ban. Bel\u00fclr\u0151l. A mobil is. Az asztalon. A f\u00e9rjnek pedig esze \u00e1g\u00e1ban sincs felvenni a telefont.<\/p>\n","protected":false},"excerpt":{"rendered":"<p>Kulcs Egy fura n\u0151 j\u00f6tt le a l\u00e9pcs\u0151n, olyan \u00f6tven k\u00f6r\u00fcli. Zavart volt, mag\u00e1ban besz\u00e9lt, k\u00f6zben cs\u00f3v\u00e1lta a fej\u00e9t, \u00e9s a tenyer\u00e9vel nagyokat \u00fct\u00f6tt a homlok\u00e1ra. Sok az elmebeteg, gondoltam. A l\u00e9pcs\u0151n leszaladva hallottam, hogy ut\u00e1nam ki\u00e1lt. Megfordultam. Indulatosak voltak &hellip; <a href=\"https:\/\/opus-folyoirat.sk\/?page_id=3858\">Egy kattint\u00e1s ide a folytat\u00e1shoz&#8230;. <span class=\"meta-nav\">&rarr;<\/span><\/a><\/p>\n","protected":false},"author":4,"featured_media":0,"parent":0,"menu_order":0,"comment_status":"closed","ping_status":"closed","template":"","meta":{"footnotes":""},"class_list":["post-3858","page","type-page","status-publish","hentry"],"_links":{"self":[{"href":"https:\/\/opus-folyoirat.sk\/index.php?rest_route=\/wp\/v2\/pages\/3858","targetHints":{"allow":["GET"]}}],"collection":[{"href":"https:\/\/opus-folyoirat.sk\/index.php?rest_route=\/wp\/v2\/pages"}],"about":[{"href":"https:\/\/opus-folyoirat.sk\/index.php?rest_route=\/wp\/v2\/types\/page"}],"author":[{"embeddable":true,"href":"https:\/\/opus-folyoirat.sk\/index.php?rest_route=\/wp\/v2\/users\/4"}],"replies":[{"embeddable":true,"href":"https:\/\/opus-folyoirat.sk\/index.php?rest_route=%2Fwp%2Fv2%2Fcomments&post=3858"}],"version-history":[{"count":1,"href":"https:\/\/opus-folyoirat.sk\/index.php?rest_route=\/wp\/v2\/pages\/3858\/revisions"}],"predecessor-version":[{"id":3859,"href":"https:\/\/opus-folyoirat.sk\/index.php?rest_route=\/wp\/v2\/pages\/3858\/revisions\/3859"}],"wp:attachment":[{"href":"https:\/\/opus-folyoirat.sk\/index.php?rest_route=%2Fwp%2Fv2%2Fmedia&parent=3858"}],"curies":[{"name":"wp","href":"https:\/\/api.w.org\/{rel}","templated":true}]}}