{"id":3871,"date":"2025-07-20T10:07:00","date_gmt":"2025-07-20T08:07:00","guid":{"rendered":"https:\/\/opus-folyoirat.sk\/?page_id=3871"},"modified":"2026-01-14T19:09:14","modified_gmt":"2026-01-14T17:09:14","slug":"lucia-bizarretova-2","status":"publish","type":"page","link":"https:\/\/opus-folyoirat.sk\/?page_id=3871","title":{"rendered":"Lucia Bizarretov\u00e1"},"content":{"rendered":"\n<p><strong>N\u00e9h\u00e1ny sz\u00e1mozott vers<\/strong><\/p>\n\n\n<div class=\"has-text-align-right wp-block-post-date\"><time datetime=\"2025-07-20T10:07:00+02:00\">2025-07-20<\/time><\/div>\n\n\n<p><br><strong>II<\/strong><br>isten h\u00e1za el\u0151tt<br>egy n\u0151vel tal\u00e1lkoztam<br>nyak\u00e1ban kereszt kez\u00e9ben r\u00f3zsaf\u00fcz\u00e9r<br>k\u00e9rdeztem t\u0151le seg\u00edtene-e<br>mondta hogy persze hogyne<br>pedig nem tudta mit akarok<br>de term\u00e9szetesen<br>beadn\u00e1 a heroinomat?<br><\/p>\n\n\n\n<p><strong>IV<\/strong><br>sehol egy \u00e9tterem a k\u00f6zelben<br>aminek lenn\u00e9nek falai<br>v\u00f6r\u00f6sre doh\u00e1nyozva<br>mindenhol csak fekete sz\u00fcrke k\u00e9k<br>z\u00f6ld hideg sz\u00ednek<br>\u00fcres gyomor<br>felesleges sz\u00f3lni neki<br>a munka miatt \u00fagyis deform\u00e1l\u00f3dott<br>elveit lenyelte az \u00e9hs\u00e9g&nbsp;<\/p>\n\n\n\n<p><strong>VIII<\/strong><br>keresztbe rajzolod<br>homlokod r\u00e1ncaid<br>mint felh\u0151rajzot<br>a rep\u00fcl\u0151g\u00e9pek<br>boldogok vagyunk<br>hogy odakint mosolyok hullanak<\/p>\n\n\n\n<p><strong>X<\/strong><br>a nyilv\u00e1nos mosd\u00f3kat ker\u00fcl\u00f6m<br>nem a szifilisz<br>vagy a kukkol\u00e1s miatt<br>ink\u00e1bb az ajt\u00f3k aggasztanak<br>a furcsa z\u00e1raikkal<br>hogy beragadnak&nbsp;<\/p>\n\n\n\n<p><strong>XI<\/strong><br>zsuzsa szereti marost<br>maros szereti zsuzs\u00e1t<br>zsuzsa szeretn\u00e9 marost<br>mindenf\u00e9lek\u00e9ppen<br>\u00e9s maros is zsuzs\u00e1t<br>ha tudna a m\u0171t\u00e9tr\u0151l<br>\u00e9s arr\u00f3l a t\u00e9nyr\u0151l<br>hogy zsuzsa fi\u00fanak sz\u00fcletett?&nbsp;<\/p>\n\n\n\n<p><strong>XII<\/strong><br>klokocsin\u00e1ra a lidlbe<br>sajtos m\u00e1kos \u00e9s<br>sima kiflit venni<br>majd n\u00e9h\u00e1ny meg\u00e1ll\u00f3t buszozni<br>kegyes hazugs\u00e1gok k\u00f6zt<br>klokocsin\u00e1ra &amp; a lidlbe<br>nyomaidat keresve<br><strong><br>XIII<\/strong><br>23 voltam amikor a nap<br>emelni kezdte a l\u00e1bait<br>hogy ne l\u00e9pjen a k\u00f6vekre<br>az egyiket<br>olyan magasra emelte<br>hogy eltakarta a nyomaidat<br>heges mosolyodat<br>akkor 23 voltam<br>n\u00e9h\u00e1ny \u00e9v hozz\u00e1j\u00f6tt<br>n\u00e9h\u00e1ny m\u00e9g hozz\u00e1j\u00f6n<br>eml\u00e9k maradsz<br>k\u00f6ly\u00f6k a s\u00e1rga tengerben<br><br><strong>XIV<\/strong><br>szarvasagancsok<br>mint villanyvezet\u00e9kek<br>szabdalj\u00e1k a k\u00f6d\u00f6t darabokra<br>az \u0151zek ord\u00edt\u00e1sa az erd\u0151b\u0151l<br>visszat\u00e9r a f\u00e1k k\u00f6z\u00e9<\/p>\n\n\n\n<p><strong>XVI<\/strong><br>a tet\u0151t feket\u00e9re festett\u00e9k<br>h\u00e1rom nap m\u00falva<br>meghalt egy ember<br>mi t\u00f6rt\u00e9nt volna<br>ha m\u00e1s szint haszn\u00e1lnak<br>ha olyan orsz\u00e1gban \u00e9ln\u00e9nk<br>ahol a fekete nem<br>a hal\u00e1l \u00e9s a szomor\u00fas\u00e1g sz\u00edne<br>mi lenne ha\u2026?&nbsp;<\/p>\n\n\n\n<p><br><em>(K\u00e1lnoky G\u00e9za ford\u00edt\u00e1sai)<\/em><\/p>\n","protected":false},"excerpt":{"rendered":"<p>N\u00e9h\u00e1ny sz\u00e1mozott vers IIisten h\u00e1za el\u0151ttegy n\u0151vel tal\u00e1lkoztamnyak\u00e1ban kereszt kez\u00e9ben r\u00f3zsaf\u00fcz\u00e9rk\u00e9rdeztem t\u0151le seg\u00edtene-emondta hogy persze hogynepedig nem tudta mit akarokde term\u00e9szetesenbeadn\u00e1 a heroinomat? IVsehol egy \u00e9tterem a k\u00f6zelbenaminek lenn\u00e9nek falaiv\u00f6r\u00f6sre doh\u00e1nyozvamindenhol csak fekete sz\u00fcrke k\u00e9kz\u00f6ld hideg sz\u00ednek\u00fcres gyomorfelesleges sz\u00f3lni nekia &hellip; <a href=\"https:\/\/opus-folyoirat.sk\/?page_id=3871\">Egy kattint\u00e1s ide a folytat\u00e1shoz&#8230;. <span class=\"meta-nav\">&rarr;<\/span><\/a><\/p>\n","protected":false},"author":4,"featured_media":0,"parent":0,"menu_order":0,"comment_status":"closed","ping_status":"closed","template":"","meta":{"footnotes":""},"class_list":["post-3871","page","type-page","status-publish","hentry"],"_links":{"self":[{"href":"https:\/\/opus-folyoirat.sk\/index.php?rest_route=\/wp\/v2\/pages\/3871","targetHints":{"allow":["GET"]}}],"collection":[{"href":"https:\/\/opus-folyoirat.sk\/index.php?rest_route=\/wp\/v2\/pages"}],"about":[{"href":"https:\/\/opus-folyoirat.sk\/index.php?rest_route=\/wp\/v2\/types\/page"}],"author":[{"embeddable":true,"href":"https:\/\/opus-folyoirat.sk\/index.php?rest_route=\/wp\/v2\/users\/4"}],"replies":[{"embeddable":true,"href":"https:\/\/opus-folyoirat.sk\/index.php?rest_route=%2Fwp%2Fv2%2Fcomments&post=3871"}],"version-history":[{"count":1,"href":"https:\/\/opus-folyoirat.sk\/index.php?rest_route=\/wp\/v2\/pages\/3871\/revisions"}],"predecessor-version":[{"id":3872,"href":"https:\/\/opus-folyoirat.sk\/index.php?rest_route=\/wp\/v2\/pages\/3871\/revisions\/3872"}],"wp:attachment":[{"href":"https:\/\/opus-folyoirat.sk\/index.php?rest_route=%2Fwp%2Fv2%2Fmedia&parent=3871"}],"curies":[{"name":"wp","href":"https:\/\/api.w.org\/{rel}","templated":true}]}}