{"id":3877,"date":"2025-08-06T10:16:00","date_gmt":"2025-08-06T08:16:00","guid":{"rendered":"https:\/\/opus-folyoirat.sk\/?page_id=3877"},"modified":"2026-01-14T20:17:25","modified_gmt":"2026-01-14T18:17:25","slug":"nagy-erika-7","status":"publish","type":"page","link":"https:\/\/opus-folyoirat.sk\/?page_id=3877","title":{"rendered":"Nagy Erika"},"content":{"rendered":"\n<p><strong>Kebelk\u00edgy\u00f3<\/strong><\/p>\n\n\n<div class=\"has-text-align-right wp-block-post-date\"><time datetime=\"2025-08-06T10:16:00+02:00\">2025-08-06<\/time><\/div>\n\n\n<p>Minden ember m\u00e1s, egy\u00e9nenk\u00e9nt elt\u00e9r\u0151.&nbsp;M\u00e1s az \u00e1lmunk, c\u00e9lunk, szem\u00e9lyis\u00e9g\u00fcnk.&nbsp; Remek\u00fcl ki van ez tal\u00e1lva! Emberi term\u00e9szet\u00fcnkn\u00e9l fogva nem rejtj\u00fck el v\u00e9lem\u00e9ny\u00fcnket embert\u00e1rsainkr\u00f3l, besz\u00e9l\u00fcnk arr\u00f3l, hogy a m\u00e1siknak hogyan kellene viselkednie, milyen ruha \u00e1llna j\u00f3l neki, kivel nem k\u00e9ne bar\u00e1tkoznia\u2026&nbsp;<\/p>\n\n\n\n<p>Hopp\u00e1, bar\u00e1t! Igen, a bar\u00e1ts\u00e1g fogalm\u00e1t is mindenki m\u00e1sk\u00e9ppen \u00e9rt\u00e9keli.&nbsp; \u00c9n \u00fagy gondolom, hogy a bar\u00e1t az, aki ha s\u00edrok, megpr\u00f3b\u00e1l megnevettetni, de ha nem siker\u00fcl, velem egy\u00fctt s\u00edr, ha el akarok futni, meg akar \u00e1ll\u00edtani, de ha ez sem j\u00f6n \u00f6ssze, velem fut tov\u00e1bb. Ha viszont \u0151 h\u00edv, rohanok, mert tudom, hogy r\u00e1m van sz\u00fcks\u00e9ge. Tudja ezt m\u00e1r az a tizen\u00e9ves is, aki nemr\u00e9giben arr\u00f3l panaszkodott, hogy a legjobbnak hitt bar\u00e1tja sz\u00farta \u0151t h\u00e1tba, m\u00e9ly testi \u00e9s lelki sebet ejtve rajta. Azt \u00e9rezte, mintha egy&nbsp; k\u00edgy\u00f3 m\u00e9regfoga hatolt volna a test\u00e9be, \u00e9s iszonyatos temp\u00f3val pump\u00e1lja a sebbe a lassan \u00f6l\u0151 m\u00e9rget. Az a kett\u0151s seb egy id\u0151 ut\u00e1n a k\u00fcls\u0151 hat\u00e1soknak k\u00f6sz\u00f6nhet\u0151en elkezdett regener\u00e1l\u00f3dni, majd r\u00e1j\u00f6tt, minden t\u00f6rt\u00e9nik valami\u00e9rt. Fel kellett ismernie, hogy b\u00e1r a bar\u00e1ts\u00e1g fogalma nem v\u00e1ltozott ma sem, csak az \u00e9rt\u00e9ke nagyot esett. A vicc szerint k\u00f6r\u00fclbel\u00fcl akkor\u00e1t, mint amikor&nbsp;a forint megl\u00e1tta az eur\u00f3t a szob\u00e1ban \u00e9s ijedt\u00e9ben kiugrott az ablakon. A bar\u00e1ts\u00e1g egy bonyolult folyamat, melyet maga Arisztotel\u00e9sz&nbsp;fogalmazott meg a legjobban: \u201eA bar\u00e1ts\u00e1g egy l\u00e9lek, mely k\u00e9t testben lakozik\u201d. Azt m\u00e1r \u00e9n mondom, hogy a j\u00f3 bar\u00e1ts\u00e1ghoz id\u0151 kell, \u00fagy, mint a j\u00f3 borhoz, \u00e9s ha egy a bar\u00e1t a szemembe n\u00e9z, hallja a lelkem b\u00e1nat\u00e1t. S ha be\u00e9rik, az\u00e9rt a pillanat\u00e9rt \u00e9rdemes \u00e9lni, \u00e9s \u0151rizni a m\u00e9lys\u00e9g\u00e9t. Vajon k\u00e9pesek vagyunk erre?<\/p>\n","protected":false},"excerpt":{"rendered":"<p>Kebelk\u00edgy\u00f3 Minden ember m\u00e1s, egy\u00e9nenk\u00e9nt elt\u00e9r\u0151.&nbsp;M\u00e1s az \u00e1lmunk, c\u00e9lunk, szem\u00e9lyis\u00e9g\u00fcnk.&nbsp; Remek\u00fcl ki van ez tal\u00e1lva! Emberi term\u00e9szet\u00fcnkn\u00e9l fogva nem rejtj\u00fck el v\u00e9lem\u00e9ny\u00fcnket embert\u00e1rsainkr\u00f3l, besz\u00e9l\u00fcnk arr\u00f3l, hogy a m\u00e1siknak hogyan kellene viselkednie, milyen ruha \u00e1llna j\u00f3l neki, kivel nem k\u00e9ne bar\u00e1tkoznia\u2026&nbsp; &hellip; <a href=\"https:\/\/opus-folyoirat.sk\/?page_id=3877\">Egy kattint\u00e1s ide a folytat\u00e1shoz&#8230;. <span class=\"meta-nav\">&rarr;<\/span><\/a><\/p>\n","protected":false},"author":4,"featured_media":0,"parent":0,"menu_order":0,"comment_status":"closed","ping_status":"closed","template":"","meta":{"footnotes":""},"class_list":["post-3877","page","type-page","status-publish","hentry"],"_links":{"self":[{"href":"https:\/\/opus-folyoirat.sk\/index.php?rest_route=\/wp\/v2\/pages\/3877","targetHints":{"allow":["GET"]}}],"collection":[{"href":"https:\/\/opus-folyoirat.sk\/index.php?rest_route=\/wp\/v2\/pages"}],"about":[{"href":"https:\/\/opus-folyoirat.sk\/index.php?rest_route=\/wp\/v2\/types\/page"}],"author":[{"embeddable":true,"href":"https:\/\/opus-folyoirat.sk\/index.php?rest_route=\/wp\/v2\/users\/4"}],"replies":[{"embeddable":true,"href":"https:\/\/opus-folyoirat.sk\/index.php?rest_route=%2Fwp%2Fv2%2Fcomments&post=3877"}],"version-history":[{"count":1,"href":"https:\/\/opus-folyoirat.sk\/index.php?rest_route=\/wp\/v2\/pages\/3877\/revisions"}],"predecessor-version":[{"id":3878,"href":"https:\/\/opus-folyoirat.sk\/index.php?rest_route=\/wp\/v2\/pages\/3877\/revisions\/3878"}],"wp:attachment":[{"href":"https:\/\/opus-folyoirat.sk\/index.php?rest_route=%2Fwp%2Fv2%2Fmedia&parent=3877"}],"curies":[{"name":"wp","href":"https:\/\/api.w.org\/{rel}","templated":true}]}}