{"id":3893,"date":"2025-12-06T20:29:00","date_gmt":"2025-12-06T18:29:00","guid":{"rendered":"https:\/\/opus-folyoirat.sk\/?page_id=3893"},"modified":"2026-01-14T20:30:43","modified_gmt":"2026-01-14T18:30:43","slug":"nagy-erika-12","status":"publish","type":"page","link":"https:\/\/opus-folyoirat.sk\/?page_id=3893","title":{"rendered":"Nagy Erika"},"content":{"rendered":"\n<p><strong>Nem k\u00e9rt, csak adott<\/strong><\/p>\n\n\n<div class=\"has-text-align-right wp-block-post-date\"><time datetime=\"2025-12-06T20:29:00+02:00\">2025-12-06<\/time><\/div>\n\n\n<p>Kora reggel volt, a falu sz\u00e9p lassan \u00e9bredezett.&nbsp; Hossz\u00fa \u00e9s rendk\u00edv\u00fcl kimer\u00edt\u0151 \u00fatja v\u00e9g\u00e9n D\u00e9nes meg\u00e1llt kocsij\u00e1val a sz\u00fcl\u0151i h\u00e1z el\u0151tt, majd kisz\u00e1llt \u00e9s sz\u00e9tn\u00e9zett az ismer\u0151s t\u00e1jon. T\u00e9tov\u00e1n \u00e1llt az \u00e9p\u00fclet el\u0151tt. R\u00e9g j\u00e1rt itt.&nbsp;<\/p>\n\n\n\n<p>Hideg sz\u00e9l s\u00f6p\u00f6rt v\u00e9gig, fekete b\u0151rkab\u00e1tj\u00e1t f\u00e1z\u00f3san vonta \u00f6ssze mag\u00e1n. Nem mindennapi jelens\u00e9g volt, magas, sportos alkat\u00e1val, d\u00fas holl\u00f3fekete haj\u00e1val, meleg barna szemeivel sok n\u0151nek megdobogtatta a sz\u00edv\u00e9t.<\/p>\n\n\n\n<p>Izgatottan kinyitotta a kaput, majd elindult befel\u00e9. L\u00e1ba, mint k\u00e9t f\u00e9l \u00f3lomcsizma. Sz\u00edve zakatolt, ideges remeg\u00e9s borzongatta test\u00e9t, mikor \u00e1tl\u00e9pte a h\u00e1z megkopott k\u00fcsz\u00f6b\u00e9t. Csend volt, csak a zih\u00e1l\u00f3 l\u00e9legzete hallatszott. K\u00f6rbej\u00e1rta a szob\u00e1kat, kiszell\u0151ztetett, majd le\u00fclt egy sz\u00e9kre, kimer\u00fclten, elcsig\u00e1zva. A m\u00falt illat\u00e1t \u00e9rezte az orr\u00e1ban. A h\u00e1z h\u00f3feh\u00e9r falai melegen n\u00e9ztek vissza r\u00e1, m\u00e9gis fesz\u00fclt izgalom vibr\u00e1lt a&nbsp;m\u00e1skor oly bar\u00e1ts\u00e1gos kis szob\u00e1ban. Hi\u00e1nyzott az \u00e9desanyja. Ha sz\u00edv\u00e9t f\u00e1jdalom j\u00e1rta \u00e1t, vagy ha szomor\u00fa volt, a tudat\u00e1nak n\u00e9ha el\u00e9g volt az is, hogy a vil\u00e1g m\u00e1sik v\u00e9g\u00e9n \u00e9l valaki, aki szereti, s akinek \u0151 a legfontosabb. Valaki, aki csak adni tudott, k\u00e9rni soha. K\u00e9rte, k\u00f6ny\u00f6rg\u00f6tt neki, k\u00f6lt\u00f6zz\u00f6n hozz\u00e1, de hasztalan, megszokott vil\u00e1g\u00e1t nem adta fel, \u00e9rvel\u00e9se k\u0151falba \u00fctk\u00f6z\u00f6tt.<\/p>\n\n\n\n<p>Test\u00e9n furcsa b\u00e9nas\u00e1got \u00e9rzett, minden tagja \u00f3lomm\u00e1 nehezedett. Ruh\u00e1st\u00f3l lefek\u00fcdt az \u00e1gyra, \u00e9s a hossz\u00fa, kimer\u00edt\u0151 \u00fatt\u00f3l elf\u00e1radva m\u00e9ly \u00e1lomba zuhant. Vakuk\u00e9nt villantak agy\u00e1ba az utols\u00f3 tal\u00e1lkoz\u00e1s csod\u00e1s eml\u00e9kk\u00e9pei. \u00dajra \u00e1t\u00e9lte a r\u00e9gi sz\u00e9p napokat. Arca nyugodt, kisimult volt.&nbsp;<\/p>\n\n\n\n<p>Hatalmas csattan\u00e1sra \u00e9bredt, s p\u00e1r m\u00e1sodperc m\u00falva vak\u00edt\u00f3 f\u00e9nyess\u00e9g szelte \u00e1t az eget.&nbsp; \u00d3r\u00e1j\u00e1ra pillantott, \u00e9s l\u00e1tta, mennyire elszaladt az id\u0151. Lemosakodott, \u00e1t\u00f6lt\u00f6z\u00f6tt, \u00e9s be\u00fclt az aut\u00f3j\u00e1ba, hogy megl\u00e1togassa \u00e9desanyj\u00e1t a k\u00f3rh\u00e1zban.<\/p>\n\n\n\n<p>Csak \u00e1llt \u00e9s n\u00e9zett, nem hitt a szem\u00e9nek, mikor bel\u00e9pett abba a szob\u00e1ba, ahol \u00e9desanyja fek\u00fcdt. Milyen sov\u00e1ny lett a hajdan er\u0151s asszony! Le tudta volna harapni a tulajdon fej\u00e9t m\u00e9rg\u00e9ben, ami\u00e9rt az anyj\u00e1t mag\u00e1ra hagyta. Nyolc h\u00f3napja nem l\u00e1tt\u00e1k egym\u00e1st. Meg\u00f6regedett. Homloka csupa r\u00e1nc volt, arca g\u00f6rcs\u00f6sen eltorzult. Szeme l\u00e1zasan f\u00e9nylett, arca ijeszt\u0151en s\u00e1padt volt. Ajka kicserepesedett, kapkodva, szaggatottan l\u00e9legzett. D\u00fas, fekete haja sz\u00e9tter\u00fclt a p\u00e1rn\u00e1n, az \u0151sz tincsek ez\u00fcstje megcsillant benne. Sz\u00f6rny\u0171 \u00e9rz\u00e9s fogta el, m\u00edg az \u00e1gyhoz vezet\u0151 n\u00e9h\u00e1ny l\u00e9p\u00e9st megtette. Csak n\u00e9zt\u00e9k egym\u00e1st.&nbsp; Az \u00e1gyon fekv\u0151 beteg megt\u00f6rt szem\u00e9ben a felismer\u00e9s \u00f6r\u00f6me villant.&nbsp; Fia fel\u00e9 lend\u00fclt karjaival, mint r\u00e9gen, de er\u0151tlen\u00fcl esett vissza gyenge teste a p\u00e1rn\u00e1ra. D\u00e9nes a beteg fel\u00e9 hajolt, cs\u00f3kolta szem\u00e9t, sz\u00e1j\u00e1t, haj\u00e1t, ahol \u00e9rte.&nbsp; L\u00e1bai megremegtek. Nem \u00edgy k\u00e9pzelte a tal\u00e1lkoz\u00e1st.&nbsp; Le\u00fclt az \u00e1gy mell\u00e9, fogta anyja kez\u00e9t, gyeng\u00e9den megszor\u00edtotta. \u00c1t\u00f6lelte fia r\u00e1borul\u00f3 test\u00e9t \u00e9s szor\u00edtotta, mintha soha t\u00f6bb\u00e9 nem akarn\u00e1 elengedni.&nbsp;<\/p>\n\n\n\n<p>&#8211; Minden nap gondoltam r\u00e1d, \u00e9s az\u00e9rt im\u00e1dkoztam, hogy egyszer m\u00e9g l\u00e1thassalak, miel\u0151tt v\u00e9gleg elmegyek. &#8211; suttogta k\u00f6nnybe l\u00e1badt szemmel az asszony.<\/p>\n\n\n\n<p>&#8211; Mi\u00e9rt nem tudattad velem, hogy beteg vagy? \u2013 k\u00e9rdezte D\u00e9nes.&nbsp;<\/p>\n\n\n\n<p>&#8211; Nem akartalak felizgatni, hiszen \u00fagysem tehetsz semmit. Itt vagy, \u00e9s most csak ez sz\u00e1m\u00edt.<\/p>\n\n\n\n<p>Besz\u00e9lget\u00e9s k\u00f6zben igyekezett \u00f6r\u00f6kre eml\u00e9kezet\u00e9be v\u00e9sni tekintet\u00e9t, arcvon\u00e1sait, mik\u00f6zben f\u00e1j\u00f3 sz\u00edvvel b\u00facs\u00fazott minden k\u00f6z\u00f6s sz\u00e9p eml\u00e9kt\u0151l. D\u00e9nes bal kez\u00e9vel felemelte a beteg fej\u00e9t, megigaz\u00edtotta a p\u00e1rn\u00e1j\u00e1t, majd \u00f3vatosan visszaengedte, mint aki att\u00f3l tart, hogy ezzel a mozdulattal k\u00e1rt tesz a t\u00f6r\u00e9keny asszonyban. B\u00e1gyadt pislog\u00e1ssal n\u00e9zte szeretett fi\u00e1t, majd egyszer csak elaludt. H\u00f6r\u00f6gve l\u00e9legzett, tork\u00e1ban mintha bugybor\u00e9kolt volna valami.&nbsp; Lehajtott fejjel \u00fclt anyja mellett az \u00e1gyon, t\u00e9rd\u00e9re k\u00f6ny\u00f6k\u00f6lt, \u00e9s kez\u00e9be temette az arc\u00e1t. A tork\u00e1ban hatalmas gomb\u00f3c n\u0151tt, a szeme keser\u0171en csillogott, de k\u00f6nny nem csordult ki bel\u0151le. Harcolt ellene. Minden erej\u00e9t megfesz\u00edtette, hogy er\u0151snek t\u0171nj\u00f6n. Nagy leveg\u0151t vett, majd a f\u00e9lig nyitott ablakhoz ment, s merengve n\u00e9zett a&nbsp;t\u00e1volba. Az es\u0151 el\u00e1llt, a viharos sz\u00e9l, pedig l\u00e1gy szell\u0151v\u00e9 csendes\u00fclt, kellemesen simogatta b\u0151r\u00e9t. Gondolatai a&nbsp;m\u00faltat kutatt\u00e1k. Mindig k\u00f6zel \u00e1llt anyj\u00e1hoz, minden titkot megosztottak egym\u00e1ssal. H\u00fasz \u00e9vvel ezel\u0151tt minden megv\u00e1ltozott, k\u00fclf\u00f6ldre k\u00f6lt\u00f6z\u00f6tt. Maga el\u00e9 id\u00e9zte a k\u00e9pet, ahogy a b\u00facs\u00faz\u00e1skor fogt\u00e1k egym\u00e1s remeg\u0151 kez\u00e9t, s anyja szomor\u00fa tekintet\u00e9t. Ritk\u00e1n tal\u00e1lkoztak, t\u00fal nagy volt a t\u00e1vols\u00e1g. De ilyenkor anyja leste minden \u00f3haj\u00e1t. Hihetetlen\u00fcl j\u00f3kedv\u0171 tudott lenni, csupa er\u0151, csupa \u00e9let, csupa energia. J\u00f3kedvet teremtett maga k\u00f6r\u00fcl, beragyogta az eg\u00e9sz lak\u00e1st. S most itt fekszik tehetetlen\u00fcl, az \u00e1gyba s\u00fcppedve. Megborzongott, amikor egy hajtincs az arc\u00e1ba hullott, s&nbsp;ez visszahozta a&nbsp;jelenbe. Odament az asszony \u00e1gy\u00e1hoz, le\u00fcl, lassan r\u00e1emelte tekintet\u00e9t, a keze t\u00e9tov\u00e1n mozdult, majd gyeng\u00e9den megsimogatta a homlok\u00e1t.&nbsp;<\/p>\n\n\n\n<p>Esteledett, a sz\u00fcrkes\u00e9g lassan \u00e1tvette a f\u00e9nyt\u0151l a hatalmat. F\u00e9lelemmel telve l\u00e9pett ki a k\u00f3rh\u00e1z \u00e9p\u00fclet\u00e9b\u0151l. Nem volt kedve hazamenni. Meg\u00e1llt az erd\u0151 sz\u00e9l\u00e9n, elcsig\u00e1zottan nekid\u0151lt egy \u00f6reg t\u00f6lgynek. Mintha a f\u00e1k is \u00e9rezt\u00e9k volna a f\u00e1jdalm\u00e1t, n\u00e9m\u00e1m \u00e1lltak, nem b\u00f3logattak. Sz\u00edvesen volt ezen a helyen, f\u0151leg akkor, ha f\u00e1jdalom \u00e9rte. J\u00f3t tett neki a&nbsp;friss leveg\u0151. Fizikailag teljesen rendben volt, de lelkileg sajnos, ugyanezt nem mondhatta el mag\u00e1r\u00f3l. Napokig j\u00e1rt be a k\u00f3rh\u00e1zba, s&nbsp;naponta v\u00e1rta a&nbsp;csod\u00e1t, b\u00e1r az orvosok kitartottak rem\u00e9nytelen \u00e1ll\u00e1spontjuk mellett, \u00e9s sajnos igazuk lett. Napr\u00f3l napra m\u00e9lyebbre s\u00fcllyedt a beteg l\u00e1zas \u00f6ntudatlans\u00e1gba. M\u00e1r nem besz\u00e9lt, csak n\u00e9zett, s gyakran \u00fagy t\u0171nt, mintha mondani akarna valamit szemeivel, de csak er\u0151lk\u00f6d\u00f6tt, hang azonban nem hagyta el az ajk\u00e1t.&nbsp;Majd egyszer egy nagyot s\u00f3hajtott, m\u00e9lyen, nagyon m\u00e9lyen, \u00e9s \u00f6r\u00f6kre elaludt.<\/p>\n\n\n\n<p>D\u00e9nes \u00fagy \u00e9rezte, mindent elvesz\u00edtett.&nbsp; Nevet\u00e9st, a gyerekkor \u00f6r\u00f6mteli pillanatait, a j\u00f6v\u0151 \u00f6nfeledt boldog perceit.&nbsp;Lelke \u00fcres lett. R\u00e1borult a holttestre, \u00e1t\u00f6lelte, \u00e9s fej\u00e9t a szeretett asszony mell\u00e9re hajtotta.&nbsp; Sz\u00edvver\u00e9se f\u00e1jdalomt\u00f3l felgyorsult ritmusa a f\u00fcl\u00e9ben dobolt. S csak dobolt, dobolt, egyre hangosabban.&nbsp;<\/p>\n","protected":false},"excerpt":{"rendered":"<p>Nem k\u00e9rt, csak adott Kora reggel volt, a falu sz\u00e9p lassan \u00e9bredezett.&nbsp; Hossz\u00fa \u00e9s rendk\u00edv\u00fcl kimer\u00edt\u0151 \u00fatja v\u00e9g\u00e9n D\u00e9nes meg\u00e1llt kocsij\u00e1val a sz\u00fcl\u0151i h\u00e1z el\u0151tt, majd kisz\u00e1llt \u00e9s sz\u00e9tn\u00e9zett az ismer\u0151s t\u00e1jon. T\u00e9tov\u00e1n \u00e1llt az \u00e9p\u00fclet el\u0151tt. R\u00e9g j\u00e1rt itt.&nbsp; &hellip; <a href=\"https:\/\/opus-folyoirat.sk\/?page_id=3893\">Egy kattint\u00e1s ide a folytat\u00e1shoz&#8230;. <span class=\"meta-nav\">&rarr;<\/span><\/a><\/p>\n","protected":false},"author":4,"featured_media":0,"parent":0,"menu_order":0,"comment_status":"closed","ping_status":"closed","template":"","meta":{"footnotes":""},"class_list":["post-3893","page","type-page","status-publish","hentry"],"_links":{"self":[{"href":"https:\/\/opus-folyoirat.sk\/index.php?rest_route=\/wp\/v2\/pages\/3893","targetHints":{"allow":["GET"]}}],"collection":[{"href":"https:\/\/opus-folyoirat.sk\/index.php?rest_route=\/wp\/v2\/pages"}],"about":[{"href":"https:\/\/opus-folyoirat.sk\/index.php?rest_route=\/wp\/v2\/types\/page"}],"author":[{"embeddable":true,"href":"https:\/\/opus-folyoirat.sk\/index.php?rest_route=\/wp\/v2\/users\/4"}],"replies":[{"embeddable":true,"href":"https:\/\/opus-folyoirat.sk\/index.php?rest_route=%2Fwp%2Fv2%2Fcomments&post=3893"}],"version-history":[{"count":1,"href":"https:\/\/opus-folyoirat.sk\/index.php?rest_route=\/wp\/v2\/pages\/3893\/revisions"}],"predecessor-version":[{"id":3894,"href":"https:\/\/opus-folyoirat.sk\/index.php?rest_route=\/wp\/v2\/pages\/3893\/revisions\/3894"}],"wp:attachment":[{"href":"https:\/\/opus-folyoirat.sk\/index.php?rest_route=%2Fwp%2Fv2%2Fmedia&parent=3893"}],"curies":[{"name":"wp","href":"https:\/\/api.w.org\/{rel}","templated":true}]}}