{"id":3897,"date":"2025-12-28T20:32:00","date_gmt":"2025-12-28T18:32:00","guid":{"rendered":"https:\/\/opus-folyoirat.sk\/?page_id=3897"},"modified":"2026-01-14T20:32:54","modified_gmt":"2026-01-14T18:32:54","slug":"nagy-erika-13","status":"publish","type":"page","link":"https:\/\/opus-folyoirat.sk\/?page_id=3897","title":{"rendered":"Nagy Erika"},"content":{"rendered":"\n<p><strong>Id\u0151s primipara<\/strong><\/p>\n\n\n<div class=\"has-text-align-right wp-block-post-date\"><time datetime=\"2025-12-28T20:32:00+02:00\">2025-12-28<\/time><\/div>\n\n\n<p>Az Ipolyszak\u00e1llosi Medd\u0151s\u00e9gi Bet\u00e9ti T\u00e1rsas\u00e1g 2012. \u00e9vi rendhagy\u00f3 tiszt\u00faj\u00edt\u00f3 k\u00f6zgy\u0171l\u00e9s\u00e9n nem mindennapi esem\u00e9ny borzolta fel az am\u00fagy teljesen h\u00e9tk\u00f6znapi \u00e9letet \u00e9l\u0151 helybeliek mindennapi \u00e9let\u00e9t. Minden azzal kezd\u0151d\u00f6tt, hogy a harminc \u00e9ve eln\u00f6kl\u0151 Permangan\u00e1t Jol\u00e1n bejelentette, hogy azonnali hat\u00e1llyal lemond tiszts\u00e9g\u00e9r\u0151l, mivel t\u00f6bb mint h\u00e1rom \u00e9vtizede tart\u00f3 h\u00e1zass\u00e1g ut\u00e1n sz\u00edve alatt hordja els\u0151sz\u00fcl\u00f6tt magzat\u00e1t. Miut\u00e1n bizonyoss\u00e1 v\u00e1lt az \u00f6r\u00f6mteljes gyermek\u00e1ld\u00e1s, els\u0151 gondolata az volt, hogy nyilv\u00e1n a osszan tart\u00f3 \u00f6r\u00f6k\u00f6s h\u0151m\u00e9r\u0151z\u00e9s okozta higanym\u00e9rgez\u00e9s \u0171z vele tr\u00e9f\u00e1t, de hamar r\u00e1j\u00f6tt, hogy nem, hanem egy csodaszer, a Humuskus Baradla tette sz\u00e1m\u00e1ra lehet\u0151v\u00e9 azt, hogy \u00e1t\u00e9lje az \u00e1t\u00e9lhetetlennek v\u00e9lt boldogs\u00e1got. Meg egy neves, k\u00fclf\u00f6ldre emigr\u00e1lt magyar k\u00f6lt\u0151, Ts\u00fasz\u00f3 S\u00e1ndor. Arra, hogy mi k\u00f6ze van az irodalomnak Permangan\u00e1t Jol\u00e1n \u00e1ldott \u00e1llapot\u00e1hoz, egyszer\u0171 a v\u00e1lasz. Az \u00e9gvil\u00e1gon semmi. A Lumbrikus Terrestrisnek viszont ann\u00e1l ink\u00e1bb. Nem kell semmi rosszra gondolni, Jol\u00e1n asszony nem csalta meg j\u00f3ban, rosszban mellette kitart\u00f3 f\u00e9rj\u00e9t, csup\u00e1n hitt annak az embernek a pirul\u00e1j\u00e1ban, aki hossz\u00fa \u00e9veket t\u00f6lt\u00f6tt el Peruban, hogy felfedezze a var\u00e1zslatos \u00e9s misztikus Machu Picchut. Az ottani asszonyok k\u00f6r\u00e9ben akkora n\u00e9pszer\u0171s\u00e9gre tett szert szerelmes verseivel, hogy azok a l\u00e1ba el\u00e9 borulva halmozt\u00e1k el mindenf\u00e9le aj\u00e1nd\u00e9kkal. Az egyik t\u00e9rdre borul\u00e1s alkalm\u00e1val k\u00fcl\u00f6nleges l\u00e1dik\u00e1val lept\u00e9k meg, amelyet az egyik \u00e1sat\u00e1s alkalm\u00e1val r\u00e9g\u00e9szekt\u0151l lovas\u00edtottak meg. Mivel nem tudt\u00e1k felfesz\u00edteni a lakatot, azt sem tudt\u00e1k meg soha, hogy mekkora kincs ker\u00fclt a birtokukba. Erre Ts\u00fasz\u00f3 is csak akkor j\u00f6tt r\u00e1, amikor sz\u00e1llodai szob\u00e1j\u00e1ban \u00fclve h\u00e1rom\u00f3r\u00e1s megfesz\u00edtett k\u00fczdelem ut\u00e1n legy\u0151zte a rozsd\u00e1s lakatot, \u00e9s a tem\u00e9rdek mauve, azaz magyarul m\u00e1lyvasz\u00edn\u0171 pirula alatt tal\u00e1lt levelet el nem olvasta. Mivel a nyelvet t\u00f6k\u00e9letesen besz\u00e9lte, nem okozott gondot sz\u00e1m\u00e1ra, hogy magyarra ford\u00edtsa, \u00e9s a nyak\u00e1ban hordott nyolch\u00f3napos bivalyl\u00e1ny-szarub\u00f3l \u00e9s annak h\u00fagyh\u00f3\u013ayagj\u00e1b\u00f3l k\u00e9sz\u00edtett talizm\u00e1nj\u00e1ba rejtve becsemp\u00e9ssze sz\u00fcl\u0151haz\u00e1j\u00e1ba. Att\u00f3l kezdve m\u00e1r a hazai asszonyok is im\u00e1ba foglalt\u00e1k nev\u00e9t, leborultak nagys\u00e1ga el\u0151tt. Pedig nem tett egyebet, mint ak\u00e1r egy cukros b\u00e1csi, pirul\u00e1t osztogatott azoknak az asszonyoknak, akik medd\u0151s\u00e9gben szenvedtek, \u00e9s elmes\u00e9lte hozz\u00e1 azt, hogy ha azt fogyasztj\u00e1k, garant\u00e1ltan m\u00e1s\u00e1llapotba ker\u00fclnek, de persze az\u00e9rt a f\u00e9rjekre is sz\u00fcks\u00e9g van, nem lehet \u0151ket kihagyni a dologb\u00f3l. Azok az asszonyok, akik r\u00f6vid id\u0151 eltelt\u00e9vel \u00e1ldott \u00e1llapotba ker\u00fcltek, levett\u00e9k az \u00e1gyuk felett megfakult szentk\u00e9pet, \u00e9s Ts\u00fasz\u00f3 S\u00e1ndor fot\u00f3j\u00e1t illesztett\u00e9k be helyette.<\/p>\n\n\n\n<p>S hogy mi volt a lev\u00e9l tartalma? V\u00e9letlen\u00fcl der\u00fclt f\u00e9ny r\u00e1, ugyanis Lakatos M\u00e1ri\u00f3, a B\u00f6rzs\u00f6ny hegys\u00e9gben \u00e9l\u0151 hajl\u00e9ktalan egy alkalommal az egyik tiszt\u00e1son elb\u00f3biskol\u00f3 Ts\u00fasz\u00f3 nyak\u00e1b\u00f3l let\u00e9pte a talizm\u00e1nt, \u00e9s miut\u00e1n megbizonyosodott fel\u0151le, hogy az id\u0151s ember \u00e1taludta a b\u0171ncselekm\u00e9nyt, elballagott a legk\u00f6zelebbi \u00f3cskapiacra, \u00e9s h\u00e1rom eur\u00f3\u00e9rt t\u00faladott rajta. P\u00e1szt\u00f3i Alad\u00e1r esperes p\u00e1r napra r\u00e1 \u00e9rdekes dologr\u00f3l kezdett besz\u00e9lni a gy\u00fclekezetben, arr\u00f3l, hogy egy k\u00fcl\u00f6nleges recept ker\u00fclt a birtok\u00e1ba, amelynek neve Humuskus Baradla, de szerinte ez semmire sem j\u00f3, nyilv\u00e1n tr\u00e9f\u00e1t \u0171z\u00f6tt az asszonyokkal az, aki le\u00edrta. Zseb\u00e9b\u0151l el\u0151vett egy apr\u00f3ra hajtogatott pap\u00edrcetlit, kisim\u00edtotta k\u00e9zfej\u00e9vel, \u00e9s felolvasta a levelet, melynek hallat\u00e1n Jol\u00e1n asszony kirohant a templomb\u00f3l, hogy akaratlanul is ki\u00fcr\u00edtse gyomr\u00e1nak tartalm\u00e1t. S hogy mit hallott el\u00e1ll\u00f3 f\u00fcleivel? Ezt: V\u00e9gy hat mar\u00e9k k\u00f6z\u00f6ns\u00e9ges f\u00f6ldigiliszt\u00e1t, keverd harmatos, hajnalban lekasz\u00e1lt, p\u00e1ratartalomt\u00f3l nem mentes, pr\u00e9riken tal\u00e1lhat\u00f3 k\u00fcl\u00f6nleges f\u0171fajt\u00e1val, melynek neve risje. Tedd a kever\u00e9ket egy agyaged\u00e9nybe, locsold meg a kecskeh\u00fason \u00e9l\u0151 nagy denev\u00e9r, Chupacabra frissen fejt tej\u00e9vel. Vigy\u00e1zz arra, hogy \u00e1lland\u00f3an \u00e9rje a nap, k\u00fcl\u00f6nben a megterm\u00e9keny\u00fcl\u00e9s helyett varangyoss\u00e1 v\u00e1lik tested b\u0151re. T\u00edz nap eltelt\u00e9vel r\u00e1gasd p\u00e9pesre a l\u00e1m\u00e1val, de vigy\u00e1zz, hogy ne nyelje le, k\u00fcl\u00f6nben akkora lesz a szaporulat, hogy kiissz\u00e1k az ink\u00e1k f\u00f6ldj\u00e9n tal\u00e1lhat\u00f3 foly\u00f3k viz\u00e9t, pusztul\u00e1st hozva ezzel a nemzets\u00e9gre. \u00dcss a fenek\u00e9re egy j\u00f3kora bunk\u00f3sbottal, \u00edgy a megr\u00e1gott anyagot kiejti a sz\u00e1j\u00e1b\u00f3l. K\u00e9sz\u00edts apr\u00f3 goly\u00f3csk\u00e1kat bel\u0151le, ha a nap kisz\u00e1r\u00edtotta, tedd h\u0171v\u00f6s helyre. Ha egy h\u00e9ten kereszt\u00fcl napi h\u00e1romszor elfogyasztod, kilenc h\u00f3nap eltelt\u00e9vel garant\u00e1ltan meghallod gyermeked s\u00fcv\u00edt\u0151 ord\u00edt\u00e1s\u00e1t, miut\u00e1n elhagyta az anyam\u00e9hedet.&nbsp;<\/p>\n\n\n\n<p>A titokra \u00fagy der\u00fclt f\u00e9ny, m\u00e1rmint arra, hogy ebb\u0151l a pirul\u00e1b\u00f3l fogyasztott Jol\u00e1n asszony, hogy meggy\u00f3nta az esperesnek, aki egy vend\u00e9gs\u00e9gben, miut\u00e1n elfogyasztott n\u00e9gy poh\u00e1r sz\u00e1raz, k\u00e9t\u00e9ves juhfarkot, nem tudta a gy\u00f3n\u00e1si titkot mag\u00e1ban tartani. Az\u00f3ta napi h\u00e1rom \u00f3r\u00e1n kereszt\u00fcl t\u00e9rdel a hideg k\u00f6v\u00f6n vezekl\u00e9sk\u00e9ppen, \u00e9s megfogadta, hogy a miseboron k\u00edv\u00fcl ezut\u00e1n egy kortyot sem iszik \u00e9let\u00e9ben.&nbsp;<\/p>\n","protected":false},"excerpt":{"rendered":"<p>Id\u0151s primipara Az Ipolyszak\u00e1llosi Medd\u0151s\u00e9gi Bet\u00e9ti T\u00e1rsas\u00e1g 2012. \u00e9vi rendhagy\u00f3 tiszt\u00faj\u00edt\u00f3 k\u00f6zgy\u0171l\u00e9s\u00e9n nem mindennapi esem\u00e9ny borzolta fel az am\u00fagy teljesen h\u00e9tk\u00f6znapi \u00e9letet \u00e9l\u0151 helybeliek mindennapi \u00e9let\u00e9t. Minden azzal kezd\u0151d\u00f6tt, hogy a harminc \u00e9ve eln\u00f6kl\u0151 Permangan\u00e1t Jol\u00e1n bejelentette, hogy azonnali hat\u00e1llyal &hellip; <a href=\"https:\/\/opus-folyoirat.sk\/?page_id=3897\">Egy kattint\u00e1s ide a folytat\u00e1shoz&#8230;. <span class=\"meta-nav\">&rarr;<\/span><\/a><\/p>\n","protected":false},"author":4,"featured_media":0,"parent":0,"menu_order":0,"comment_status":"closed","ping_status":"closed","template":"","meta":{"footnotes":""},"class_list":["post-3897","page","type-page","status-publish","hentry"],"_links":{"self":[{"href":"https:\/\/opus-folyoirat.sk\/index.php?rest_route=\/wp\/v2\/pages\/3897","targetHints":{"allow":["GET"]}}],"collection":[{"href":"https:\/\/opus-folyoirat.sk\/index.php?rest_route=\/wp\/v2\/pages"}],"about":[{"href":"https:\/\/opus-folyoirat.sk\/index.php?rest_route=\/wp\/v2\/types\/page"}],"author":[{"embeddable":true,"href":"https:\/\/opus-folyoirat.sk\/index.php?rest_route=\/wp\/v2\/users\/4"}],"replies":[{"embeddable":true,"href":"https:\/\/opus-folyoirat.sk\/index.php?rest_route=%2Fwp%2Fv2%2Fcomments&post=3897"}],"version-history":[{"count":1,"href":"https:\/\/opus-folyoirat.sk\/index.php?rest_route=\/wp\/v2\/pages\/3897\/revisions"}],"predecessor-version":[{"id":3898,"href":"https:\/\/opus-folyoirat.sk\/index.php?rest_route=\/wp\/v2\/pages\/3897\/revisions\/3898"}],"wp:attachment":[{"href":"https:\/\/opus-folyoirat.sk\/index.php?rest_route=%2Fwp%2Fv2%2Fmedia&parent=3897"}],"curies":[{"name":"wp","href":"https:\/\/api.w.org\/{rel}","templated":true}]}}