{"id":3899,"date":"2025-07-31T20:35:00","date_gmt":"2025-07-31T18:35:00","guid":{"rendered":"https:\/\/opus-folyoirat.sk\/?page_id=3899"},"modified":"2026-01-14T20:35:43","modified_gmt":"2026-01-14T18:35:43","slug":"nagy-erika-14","status":"publish","type":"page","link":"https:\/\/opus-folyoirat.sk\/?page_id=3899","title":{"rendered":"Nagy Erika"},"content":{"rendered":"\n<p><strong>Az \u00f6zvegy<\/strong><\/p>\n\n\n<div class=\"has-text-align-right wp-block-post-date\"><time datetime=\"2025-07-31T20:35:00+02:00\">2025-07-31<\/time><\/div>\n\n\n<p>Meleg volt, csend \u00e9s b\u00e9kess\u00e9g. Az \u00f3ri\u00e1si gesztenyefa olyan volt sud\u00e1r \u00e1gaival, mintha az alatta \u00fcl\u0151 \u00f6reg\u00far nyugalm\u00e1t \u0151rizn\u00e9 szel\u00edd \u00e1h\u00edtattal.&nbsp;<\/p>\n\n\n\n<p>M\u00e1rton unottan, k\u00f6z\u00f6mb\u00f6s arccal \u00fclt a padon, arca visszafojtott indulatot t\u00fckr\u00f6z\u00f6tt, olyan volt, mint egy fesz\u00fclts\u00e9ggel teli izz\u00f3 k\u0151zet. \u00c9tv\u00e1gytalanul turk\u00e1lt az \u00e9telben, majd t\u00e1ny\u00e9rja mell\u00e9 tette a kanalat. R\u00e1zta a hideg, \u00e9melygett a gyomra. Valami megmagyar\u00e1zhatatlan inger k\u00f6vetkezt\u00e9ben becsukta a szemeit, \u00f6k\u00f6lbe szor\u00edtotta kezeit, majd, mint a vulk\u00e1n, kit\u00f6rt bel\u0151le hangosan &#8211; Magdus! Az els\u0151 sz\u00f3, amit napok \u00f3ta el\u0151sz\u00f6r ejtett ki a sz\u00e1j\u00e1n. Megk\u00f6nnyebb\u00fclt.<\/p>\n\n\n\n<p>&nbsp;Hatalmas roppan\u00e1ssal kiegyenes\u00edtette hajlott h\u00e1t\u00e1t, megt\u00f6r\u00f6lte verejt\u00e9kez\u0151 homlok\u00e1t. Reszket\u0151, hideg kez\u00e9vel gyuf\u00e1t vett el\u0151 a zseb\u00e9b\u0151l, s lassan szip\u00e1kolva r\u00e1gy\u00fajtott \u00f6reg pip\u00e1j\u00e1ra. Meleg, kellemes doh\u00e1nyillat \u00faszott a leveg\u0151ben. T\u00e1vol j\u00e1rtak a gondolatai, t\u00fals\u00e1gosan is t\u00e1vol.&nbsp;<\/p>\n\n\n\n<p>A d\u00e9lut\u00e1ni szenderg\u00e9s idej\u00e9t a k\u00f6zelben dolgoz\u00f3 \u00e1csok szersz\u00e1mainak csattog\u00e1sa kiss\u00e9 megzavarta, de az \u00fctemes kop\u00e1csol\u00e1s \u00e9s a tikkaszt\u00f3 h\u0151s\u00e9g hamar elaltatta. M\u00e9lyen, egyenletesen l\u00e9legzett. A f\u00e1radt, megviselt arc von\u00e1sai kisimultak.&nbsp;<\/p>\n\n\n\n<p>\u00c1lmodott, s az \u00e1lomk\u00e9pek hossz\u00fa sorban vonultak el szemei el\u0151tt. \u00d6sszekavarodott benne a jelen \u00e9s a m\u00falt- arcok, hangok, szavak. Maga el\u0151tt l\u00e1tta feles\u00e9ge telt, feh\u00e9r arc\u00e1t, h\u0171s\u00e9ges barna szem\u00e9t, a kopors\u00f3t, melyben fek\u00fcdt, a koszor\u00fakat, melyek elbor\u00edtott\u00e1k az im\u00e1dott asszony s\u00edrhely\u00e9t. Hallotta er\u0151tlen, szomor\u00faan cseng\u0151 hangj\u00e1t, az orvos kegyetlen szavait. L\u00e1tta az \u00e9let tusakod\u00e1s\u00e1t a hal\u00e1llal, s a hossz\u00fa, egyenes utat, amelyen az asszony lebegett az \u00f6r\u00f6kk\u00e9val\u00f3s\u00e1g kapuja fel\u00e9. Minden k\u00e9p csak egy szemhuny\u00e1snyi ideig tartott, majd egyszer csak szertefoszlott. Fel\u00e9bredt. Nem tudta mennyit aludt, csak \u00e9rezte, hogy f\u00e1zik. Szemeiben a szomor\u00fas\u00e1g nedves f\u00e9nye vibr\u00e1lt. A k\u00f6zeli erd\u0151 f\u00e1it\u00f3l illatos leveg\u0151 csapta meg az orr\u00e1t. Elt\u0171nt a nap, cs\u00f6rtet\u0151 sz\u00e9l t\u00e1madt. V\u00e1rt p\u00e1r percig, er\u0151t gy\u0171jt\u00f6tt, hogy elg\u00e9mberedett l\u00e1bai \u00faj er\u0151re kapjanak, s ha neh\u00e9zkesen is, de engedelmeskedjenek.&nbsp;<\/p>\n\n\n\n<p>Hamusz\u00edn arccal, ernyedten lecs\u00fcng\u0151 karral bek\u00f3v\u00e1lygott a h\u00e1zba, a csapb\u00f3l vizet engedett, hogy le\u00f6bl\u00edtse a tork\u00e1ra sz\u00e1radt egyed\u00fcll\u00e9t \u00e9rz\u00e9s\u00e9t, b\u00edzva abban, hogy ez seg\u00edt. Seg\u00edt abban, hogy elt\u0171nj\u00f6n a f\u00e1sults\u00e1g uralta k\u00f6z\u00f6nye, \u00e9s a f\u00e1jdalom, ami \u00fagy volt jelen \u00e9let\u00e9ben, mint az egym\u00e1sra zuhan\u00f3 fat\u00f6rzsek. Le\u00fclt, tekintet\u00e9t k\u00f6rbej\u00e1ratva megpr\u00f3b\u00e1lt nyugalmat er\u0151ltetni mag\u00e1ra, de hasztalan. T\u00fals\u00e1gosan az asszony hat\u00e1sa alatt \u00e1llt, az \u0151 szemeivel n\u00e9zett, az \u0151 idegeivel \u00e9rzett, \u00e9s most, hogy halott, az \u00fcress\u00e9g s\u00falya telepedett r\u00e1.&nbsp;<\/p>\n\n\n\n<p>Vacsora n\u00e9lk\u00fcl, elk\u00ednzottan fek\u00fcdt le, de \u00e1lom nem j\u00f6tt a szem\u00e9re. Hanyatt fek\u00fcdt, feje alatt \u00f6sszekulcsolt k\u00e9zzel. Hallgatta, amint sz\u00edve a mellkas\u00e1ban szivatty\u00fazza a v\u00e9rt, \u00e9s a hal\u00e1nt\u00e9k\u00e1ba nyomja. Az id\u0151 lassan telt, nem \u00e9rz\u00e9kelte. Maga el\u0151tt l\u00e1tta a hal\u00e1l szellemeit, v\u00e1gyott asszonya ut\u00e1n a titokzatos, id\u0151tlen \u00f6r\u00f6kl\u00e9tbe. Maga el\u0151tt l\u00e1tta feles\u00e9ge f\u00e9l\u00e9nk, meghat\u00f3an sz\u00e9p szemeit, melyek csalogatj\u00e1k \u0151t, hogy \u00e1tl\u00e9pje az \u00e1h\u00edtott \u00f6r\u00f6kk\u00e9val\u00f3s\u00e1g k\u00fcsz\u00f6b\u00e9t.<\/p>\n\n\n\n<p>Hajnalban felkelt, kiv\u00e1nszorgott a szob\u00e1b\u00f3l. L\u00e1ba elgyeng\u00fclt, agy\u00e1ra k\u00f6d ereszkedett. Hirtelen, \u00f6szt\u00f6n\u00f6s mozdulattal sz\u00edv\u00e9hez kapta kez\u00e9t, egyet s\u00f3hajtott, legal\u00e1bbis \u00fagy t\u0171nt, mintha s\u00f3hajszer\u0171 lehelet r\u00f6ppenne el az ajk\u00e1r\u00f3l. Mint a kett\u00e9v\u00e1gott fa, \u00fagy zuhant \u00e9lettelen teste a sz\u0151nyeggel bor\u00edtott padl\u00f3ra. Csend vette k\u00f6r\u00fcl, v\u00e9gtelen csend.&nbsp;<\/p>\n","protected":false},"excerpt":{"rendered":"<p>Az \u00f6zvegy Meleg volt, csend \u00e9s b\u00e9kess\u00e9g. Az \u00f3ri\u00e1si gesztenyefa olyan volt sud\u00e1r \u00e1gaival, mintha az alatta \u00fcl\u0151 \u00f6reg\u00far nyugalm\u00e1t \u0151rizn\u00e9 szel\u00edd \u00e1h\u00edtattal.&nbsp; M\u00e1rton unottan, k\u00f6z\u00f6mb\u00f6s arccal \u00fclt a padon, arca visszafojtott indulatot t\u00fckr\u00f6z\u00f6tt, olyan volt, mint egy fesz\u00fclts\u00e9ggel teli &hellip; <a href=\"https:\/\/opus-folyoirat.sk\/?page_id=3899\">Egy kattint\u00e1s ide a folytat\u00e1shoz&#8230;. <span class=\"meta-nav\">&rarr;<\/span><\/a><\/p>\n","protected":false},"author":4,"featured_media":0,"parent":0,"menu_order":0,"comment_status":"closed","ping_status":"closed","template":"","meta":{"footnotes":""},"class_list":["post-3899","page","type-page","status-publish","hentry"],"_links":{"self":[{"href":"https:\/\/opus-folyoirat.sk\/index.php?rest_route=\/wp\/v2\/pages\/3899","targetHints":{"allow":["GET"]}}],"collection":[{"href":"https:\/\/opus-folyoirat.sk\/index.php?rest_route=\/wp\/v2\/pages"}],"about":[{"href":"https:\/\/opus-folyoirat.sk\/index.php?rest_route=\/wp\/v2\/types\/page"}],"author":[{"embeddable":true,"href":"https:\/\/opus-folyoirat.sk\/index.php?rest_route=\/wp\/v2\/users\/4"}],"replies":[{"embeddable":true,"href":"https:\/\/opus-folyoirat.sk\/index.php?rest_route=%2Fwp%2Fv2%2Fcomments&post=3899"}],"version-history":[{"count":1,"href":"https:\/\/opus-folyoirat.sk\/index.php?rest_route=\/wp\/v2\/pages\/3899\/revisions"}],"predecessor-version":[{"id":3900,"href":"https:\/\/opus-folyoirat.sk\/index.php?rest_route=\/wp\/v2\/pages\/3899\/revisions\/3900"}],"wp:attachment":[{"href":"https:\/\/opus-folyoirat.sk\/index.php?rest_route=%2Fwp%2Fv2%2Fmedia&parent=3899"}],"curies":[{"name":"wp","href":"https:\/\/api.w.org\/{rel}","templated":true}]}}