{"id":3902,"date":"2025-08-31T10:37:00","date_gmt":"2025-08-31T08:37:00","guid":{"rendered":"https:\/\/opus-folyoirat.sk\/?page_id=3902"},"modified":"2026-01-14T20:38:35","modified_gmt":"2026-01-14T18:38:35","slug":"nagy-erika-15","status":"publish","type":"page","link":"https:\/\/opus-folyoirat.sk\/?page_id=3902","title":{"rendered":"Nagy Erika"},"content":{"rendered":"\n<p><strong>\u00c9l\u0151 dinamit<\/strong><\/p>\n\n\n<div class=\"has-text-align-right wp-block-post-date\"><time datetime=\"2025-08-31T10:37:00+02:00\">2025-08-31<\/time><\/div>\n\n\n<p>Gyarl\u00f3 ember vagyok, sohasem tagadom. \u00c9vente t\u00f6bbsz\u00f6r megfogadom, hogy leszokom a k\u00e1ros szenved\u00e9lyemr\u0151l. Most is ezt teszem, b\u00e1r sz\u00e1nalommal n\u00e9zek saj\u00e1t magamra, mert a&nbsp;lelkiismeretem megsz\u00f3lal: hogy akarsz leszokni, mikor most is kezedben az a b\u00fcd\u00f6s bag\u00f3?&nbsp;<\/p>\n\n\n\n<p>De most t\u00e9nyleg, ez az utols\u00f3. Soha t\u00f6bbet nikotin, kr\u00e1kog\u00e1s. Majd \u00e9n megmutatom! Tudom, hogy idegbeteg leszek, meg szenvedni fogok, de v\u00e9ghez fogom vinni! Majd cukrot szopogatok, vagy r\u00e1g\u00f3zom, mert ugye mindenki tudja, sz\u00fcks\u00e9ges a&nbsp;p\u00f3tcselekv\u00e9s, \u00e9s \u00edgy nem lesznek traumatikus \u00e9lm\u00e9nyeim. Legal\u00e1bb is rem\u00e9lem. B\u00e1r eddig is ezt tettem, mikor semleges\u00edteni akartam a&nbsp;nikotin \u00edz\u00e9t a&nbsp;sz\u00e1mban. Sebaj, akkor, most t\u00f6bbet r\u00e1gcs\u00e1lok. Legfeljebb felszedek p\u00e1r kil\u00f3t. Meg\u00e9ri, nem? J\u00f6jj\u00f6n, aminek j\u00f6nnie kell. Holnap azzal kezdem a&nbsp;napot, hogy nem gy\u00fajtok r\u00e1. Esk\u00fcsz\u00f6m.&nbsp;<\/p>\n\n\n\n<p>Hajnali f\u00e9l \u00f6tkor, mikor fel\u00e9bredtem, m\u00e9g nem volt semmi baj, ilyen kor\u00e1n egy\u00e9bk\u00e9nt sem szoktam p\u00f6f\u00e9kelni. Na, de h\u00e9t \u00f3rakor m\u00e1r kezdett \u00farr\u00e1 lenni rajtam a&nbsp;hiszti. Ebben az id\u0151pontban minden reggel rutin szer\u0171en kimentem a&nbsp;teraszra, \u00e9s \u00e1tadtam magam az \u00e9lvezeteknek. De most nem teszem. Ki fogom b\u00edrni!&nbsp;<\/p>\n\n\n\n<p>K\u00e9t \u00f3ra eltelt\u00e9vel nem tudok mint kezdeni a kezemmel. Valami hi\u00e1nyzik bel\u0151le. Hi\u00e1ba, nagy \u00far a pszich\u00e9s beidegz\u0151d\u00e9s. Ideges\u00edt\u0151en dobolni kezdek az ujjaimmal. Az agyamban \u00e9rzem a ritmust, egyre er\u0151sebben. Mint egy zombi \u00fcl\u00f6k a g\u00e9p el\u0151tt, \u00e9s k\u00e9ptelen vagyok norm\u00e1lisan dolgozni, bor\u00fasan l\u00e1tok mindent. Olyan vagyok, mint egy \u00e9l\u0151 dinamit, amely b\u00e1rmelyik percben robbanhat. Maga a&nbsp;pokol. \u00c9hes vagyok. Nikotin \u00e9hes. De nem adom fel. Nem engedem, hogy az a&nbsp;sz\u00fcrke gyilkos f\u00fcst tov\u00e1bb m\u00e9rgezzen. R\u00e1g\u00f3t veszek a&nbsp;sz\u00e1mba, \u00e9s olyan h\u00e9vvel r\u00e1gom, mint egy k\u00e9r\u0151dz\u0151 teh\u00e9n. Majd azt veszem \u00e9szre, hogy izoml\u00e1z kezd elhatalmasodni az \u00e1llkapcsomban, \u00e9s kattog, mint akinek ki van kopva a fogaskereke. Szem\u00e9tbe vele. El\u0151veszek a&nbsp;t\u00e1sk\u00e1mb\u00f3l egy t\u00e1bla csokit, \u00e9s majszolni kezdem. Nem j\u00f3, t\u00fal \u00e9des. Sebaj, van m\u00e1s! S\u00f3s mogyor\u00f3, azt szeretem. Harminc m\u00e1sodpercig, mert egy darab a fogaim k\u00f6z\u00e9 \u00e1gyazta be mag\u00e1t. Piszk\u00e1lni kezdem a nyelvemmel. Meg\u0151r\u00fcl\u00f6k! Meddig lehet ezt \u00e9pp \u00e9sszel kib\u00edrni?&nbsp;<\/p>\n\n\n\n<p>Eb\u00e9d ut\u00e1n m\u00e1r csorogni kezdett a ny\u00e1lam egy sz\u00e1l cigi\u00e9rt. Mit egy sz\u00e1l\u00e9rt? Egy slukkal is be\u00e9rtem volna, hogy cs\u00f6kkenjen a bels\u0151 fesz\u00fclts\u00e9gem. Undok voltam \u00e9s kib\u00edrhatatlan, mindenkinek besz\u00f3ltam, pedig ez nem jellemz\u0151 r\u00e1m.&nbsp; Ez nem \u00e9n vagyok! Fel\u00f6lt\u00f6ztem, \u00e9s \u00fatnak indultam. Mindegy, hogy hov\u00e1, csak el hazulr\u00f3l. J\u00f3 messzire. Sz\u00edvtam magamba a friss leveg\u0151t, mintha az \u00e9letem f\u00fcggene t\u0151le, s csak mentem c\u00e9ltalanul. Bele a nagyvil\u00e1gba.&nbsp;<\/p>\n\n\n\n<p>Dideregve \u00e9rkeztem haza, \u00fagy \u00e9reztem, hogy \u00f3r\u00e1k teltek el. Pedig csak egy \u00f3r\u00e1t bolyongtam. Mi van, m\u00e1r az id\u0151 is ellenem dolgozik? Senki \u00e9s semmi nem sz\u00e1n meg engem? Mit v\u00e9tettem? Nem, az nem lehet, hogy a f\u00fcgg\u0151s\u00e9gem er\u0151sebb legyen n\u00e1lam. Kitart\u00e1s! M\u00e1r csak p\u00e1r \u00f3ra, \u00e9s az \u00e1gyba ker\u00fcl\u00f6k, s magam m\u00f6g\u00f6tt tudhatok egy \u00e1tkozottan \u00e1tszenvedett napot.&nbsp;<\/p>\n\n\n\n<p>Tik-tak, tik-tak, az \u00f3ra olyan lassan nyelte a m\u00e1skor gyorsan szalad\u00f3 perceket, hogy volt id\u0151m gondolkodni. Szidtam azt a napot, mikor el\u0151sz\u00f6r a sz\u00e1mba vettem a cigarett\u00e1t, \u00e9s azt is, aki megk\u00f3stoltatta velem. \u00c1lom, \u00e1lom, \u00e9des \u00e1lom. Elj\u00f6tt az alv\u00e1s ideje. Kimer\u00fclten hamar \u00e1lomba zuhantam. \u00c9jf\u00e9lig, majd fel\u00e9bredtem, s moh\u00f3n megittam egy poh\u00e1r \u00e1sv\u00e1nyvizet. Majd ettem egy alm\u00e1t, mandarint, \u00e9s mindent, ami a&nbsp;kezembe ker\u00fclt. S&nbsp;csak r\u00e1gtam, r\u00e1gtam, kifullad\u00e1sig. Meg szuszogtam, hiszen akkora lett a&nbsp;gyomrom, mint annak a&nbsp;n\u0151nek, aki a&nbsp;terhess\u00e9ge negyedik h\u00f3napj\u00e1ban j\u00e1r.&nbsp;<\/p>\n\n\n\n<p>Reggel h\u00e9t \u00f3ra. K\u00e1v\u00e9t t\u00f6lt\u00f6k a&nbsp;cs\u00e9sz\u00e9be, j\u00f3 er\u0151set, majd kezembe veszem az ismer\u0151s illatot \u00e1raszt\u00f3 v\u00e9kony cigarett\u00e1t \u00e9s az \u00f6ngy\u00fajt\u00f3t, \u00e9s egy kecses mozdulattal r\u00e1gy\u00fajtok. Lassan sz\u00edvom magamba a&nbsp;f\u00fcst\u00f6t, v\u00e1rok p\u00e1r m\u00e1sodpercet, \u00e9s ugyan olyan eleganci\u00e1val engedem ki magamb\u00f3l. Megsz\u00e9d\u00fcl\u00f6k. Huszonn\u00e9gy \u00f3ra ut\u00e1n el\u0151sz\u00f6r.&nbsp;<\/p>\n\n\n\n<p>Tudtam, hogy gyenge vagy, nem b\u00edrod ki! \u2013 sz\u00f3lalt meg bennem egy hang.&nbsp;<\/p>\n\n\n\n<p>Sajnos igaza van, de nem \u00e9rdekel.<\/p>\n","protected":false},"excerpt":{"rendered":"<p>\u00c9l\u0151 dinamit Gyarl\u00f3 ember vagyok, sohasem tagadom. \u00c9vente t\u00f6bbsz\u00f6r megfogadom, hogy leszokom a k\u00e1ros szenved\u00e9lyemr\u0151l. Most is ezt teszem, b\u00e1r sz\u00e1nalommal n\u00e9zek saj\u00e1t magamra, mert a&nbsp;lelkiismeretem megsz\u00f3lal: hogy akarsz leszokni, mikor most is kezedben az a b\u00fcd\u00f6s bag\u00f3?&nbsp; De most &hellip; <a href=\"https:\/\/opus-folyoirat.sk\/?page_id=3902\">Egy kattint\u00e1s ide a folytat\u00e1shoz&#8230;. <span class=\"meta-nav\">&rarr;<\/span><\/a><\/p>\n","protected":false},"author":4,"featured_media":0,"parent":0,"menu_order":0,"comment_status":"closed","ping_status":"closed","template":"","meta":{"footnotes":""},"class_list":["post-3902","page","type-page","status-publish","hentry"],"_links":{"self":[{"href":"https:\/\/opus-folyoirat.sk\/index.php?rest_route=\/wp\/v2\/pages\/3902","targetHints":{"allow":["GET"]}}],"collection":[{"href":"https:\/\/opus-folyoirat.sk\/index.php?rest_route=\/wp\/v2\/pages"}],"about":[{"href":"https:\/\/opus-folyoirat.sk\/index.php?rest_route=\/wp\/v2\/types\/page"}],"author":[{"embeddable":true,"href":"https:\/\/opus-folyoirat.sk\/index.php?rest_route=\/wp\/v2\/users\/4"}],"replies":[{"embeddable":true,"href":"https:\/\/opus-folyoirat.sk\/index.php?rest_route=%2Fwp%2Fv2%2Fcomments&post=3902"}],"version-history":[{"count":1,"href":"https:\/\/opus-folyoirat.sk\/index.php?rest_route=\/wp\/v2\/pages\/3902\/revisions"}],"predecessor-version":[{"id":3904,"href":"https:\/\/opus-folyoirat.sk\/index.php?rest_route=\/wp\/v2\/pages\/3902\/revisions\/3904"}],"wp:attachment":[{"href":"https:\/\/opus-folyoirat.sk\/index.php?rest_route=%2Fwp%2Fv2%2Fmedia&parent=3902"}],"curies":[{"name":"wp","href":"https:\/\/api.w.org\/{rel}","templated":true}]}}