{"id":3906,"date":"2025-07-01T20:43:00","date_gmt":"2025-07-01T18:43:00","guid":{"rendered":"https:\/\/opus-folyoirat.sk\/?page_id=3906"},"modified":"2026-01-14T20:44:40","modified_gmt":"2026-01-14T18:44:40","slug":"zsille-gabor","status":"publish","type":"page","link":"https:\/\/opus-folyoirat.sk\/?page_id=3906","title":{"rendered":"Zsille G\u00e1bor"},"content":{"rendered":"\n<p><strong>Romantikus vers<\/strong><\/p>\n\n\n<div class=\"has-text-align-right wp-block-post-date\"><time datetime=\"2025-07-01T20:43:00+02:00\">2025-07-01<\/time><\/div>\n\n\n<p>\u00d3, ha egyszer ott \u00fclhetn\u00e9k<br>egy bizotts\u00e1gi \u00fcl\u00e9sen veled,<br>\u00e9s csak prezent\u00e1ln\u00e1l, pedig<br>a notebookodat sehol sem leled.<\/p>\n\n\n\n<p>\u00d3, ha egy\u00fctt workshopoln\u00e1nk,<br>igen, egy k\u00f6z\u00f6s workshopra v\u00e1gyom,<br>\u00e9s pozit\u00edv brainstormingra<br>a szuper trendi c\u00e9ges tany\u00e1mon.<\/p>\n\n\n\n<p>\u00c1rfolyamok szerint \u00e9ln\u00e9nk,<br>azt\u00e1n majd eltemet, ki eltemet,<br>\u00e9s szombaton, t\u00fal\u00f3r\u00e1ban,<br>megmenedzseln\u00e9d a projektemet.<\/p>\n\n\n\n<p>S nem lenne negat\u00edv semmi.<br>Csak pozit\u00edv \u00e9rz\u00e9sek, \u00e9lm\u00e9nyek<br>\u00e9s pozit\u00edv gondolkod\u00e1s \u2013<br>est\u00e9nk\u00e9nt legy\u00e1rtan\u00e1nk h\u00e9t m\u00e9met.<\/p>\n\n\n\n<p>Speci\u00e1lis sztori lenn\u00e9nk,<br>a tested ak\u00e1r egy portf\u00f3li\u00f3,<br>\u00e9s ha m\u0171k\u00f6dik k\u00f6zt\u00fcnk a<br>kommunik\u00e1ci\u00f3, az csudij\u00f3,<\/p>\n\n\n\n<p>igen, mi kommunik\u00e1ln\u00e1nk<br>kerti partikon \u00e9s egy meetingen,<br>sikerorient\u00e1lt m\u00f3don,<br>\u00e9s k\u00e9mia is lenne, meg minden.<\/p>\n\n\n\n<p>\u00d3, mik\u00e9nt a digit\u00e1lis<br>up-to-date sztr\u00e1d\u00e1n, \u00fagy \u00e1ramolna<br>k\u00f6zt\u00fcnk az inform\u00e1ci\u00f3 \u2013<br>s persze az is speci\u00e1lis volna.<\/p>\n","protected":false},"excerpt":{"rendered":"<p>Romantikus vers \u00d3, ha egyszer ott \u00fclhetn\u00e9kegy bizotts\u00e1gi \u00fcl\u00e9sen veled,\u00e9s csak prezent\u00e1ln\u00e1l, pediga notebookodat sehol sem leled. \u00d3, ha egy\u00fctt workshopoln\u00e1nk,igen, egy k\u00f6z\u00f6s workshopra v\u00e1gyom,\u00e9s pozit\u00edv brainstormingraa szuper trendi c\u00e9ges tany\u00e1mon. \u00c1rfolyamok szerint \u00e9ln\u00e9nk,azt\u00e1n majd eltemet, ki eltemet,\u00e9s szombaton, t\u00fal\u00f3r\u00e1ban,megmenedzseln\u00e9d &hellip; <a href=\"https:\/\/opus-folyoirat.sk\/?page_id=3906\">Egy kattint\u00e1s ide a folytat\u00e1shoz&#8230;. <span class=\"meta-nav\">&rarr;<\/span><\/a><\/p>\n","protected":false},"author":4,"featured_media":0,"parent":0,"menu_order":0,"comment_status":"closed","ping_status":"closed","template":"","meta":{"footnotes":""},"class_list":["post-3906","page","type-page","status-publish","hentry"],"_links":{"self":[{"href":"https:\/\/opus-folyoirat.sk\/index.php?rest_route=\/wp\/v2\/pages\/3906","targetHints":{"allow":["GET"]}}],"collection":[{"href":"https:\/\/opus-folyoirat.sk\/index.php?rest_route=\/wp\/v2\/pages"}],"about":[{"href":"https:\/\/opus-folyoirat.sk\/index.php?rest_route=\/wp\/v2\/types\/page"}],"author":[{"embeddable":true,"href":"https:\/\/opus-folyoirat.sk\/index.php?rest_route=\/wp\/v2\/users\/4"}],"replies":[{"embeddable":true,"href":"https:\/\/opus-folyoirat.sk\/index.php?rest_route=%2Fwp%2Fv2%2Fcomments&post=3906"}],"version-history":[{"count":1,"href":"https:\/\/opus-folyoirat.sk\/index.php?rest_route=\/wp\/v2\/pages\/3906\/revisions"}],"predecessor-version":[{"id":3908,"href":"https:\/\/opus-folyoirat.sk\/index.php?rest_route=\/wp\/v2\/pages\/3906\/revisions\/3908"}],"wp:attachment":[{"href":"https:\/\/opus-folyoirat.sk\/index.php?rest_route=%2Fwp%2Fv2%2Fmedia&parent=3906"}],"curies":[{"name":"wp","href":"https:\/\/api.w.org\/{rel}","templated":true}]}}