{"id":3915,"date":"2025-07-10T20:51:00","date_gmt":"2025-07-10T18:51:00","guid":{"rendered":"https:\/\/opus-folyoirat.sk\/?page_id=3915"},"modified":"2026-01-14T20:53:21","modified_gmt":"2026-01-14T18:53:21","slug":"z-nemeth-istvan-5","status":"publish","type":"page","link":"https:\/\/opus-folyoirat.sk\/?page_id=3915","title":{"rendered":"Z. N\u00e9meth Istv\u00e1n"},"content":{"rendered":"\n<p><strong>Terasz<\/strong><\/p>\n\n\n<div class=\"has-text-align-right wp-block-post-date\"><time datetime=\"2025-07-10T20:51:00+02:00\">2025-07-10<\/time><\/div>\n\n\n<p>A k\u00f6dben is mindent r\u00f6gz\u00edtenek<br>a t\u00e9rfigyel\u0151 varjak. De csak a k\u00e9pet.<br>A zsolt\u00e1rt nem hallj\u00e1k, a h\u00e1tt\u00e9rben<br>b\u00fag\u00f3 orgona sz\u00e1mukra n\u00e9ma. Pattog<br>a fest\u00e9k a szemh\u00e9jakr\u00f3l, m\u00e1llik a vakolat.<\/p>\n\n\n\n<p>A h\u00edvek megosztj\u00e1k egym\u00e1s k\u00f6zt, ami van:<br>serpeny\u0151ben a vacsor\u00e1t, p\u00e1r fiatalkori<br>k\u00e9pet. Az angyalok f\u00fcrd\u0151k\u00f6penyben,<br>leforr\u00e1zva \u00fclnek az \u00e9g terasz\u00e1n, m\u00edg az \u00e9ghez<br>t\u00e1masztott l\u00e9tr\u00e1k f\u00fcstje messzire \u00e9rzik.<\/p>\n\n\n\n<p><\/p>\n\n\n\n<p><\/p>\n\n\n\n<p><strong>Angyalkamera<\/strong><\/p>\n\n\n\n<p>A vil\u00e1g \u00f6sszes rezd\u00fcl\u00e9se egyetlen lemezen<br>megvehet\u0151. Keresd ki rajta tegnapi \u00e1lmaim.<br>Kit l\u00e1tsz a gy\u0171r\u00f6tt felv\u00e9teleken?<\/p>\n\n\n\n<p>Gy\u0171jtsd \u00f6ssze csokorba a rokonlelkeket.<br>Mondanak-e valamit a finom \u00e1tk\u00f6t\u00e9sek,<br>borzasztanak-e vajon az \u00fajrahangol\u00e1sok?<\/p>\n\n\n\n<p>\u00c9n nem merek belen\u00e9zni sem. Nem akarom<br>l\u00e1tni a riadt kisfi\u00fat, a sors nadr\u00e1gsz\u00e1r\u00e1ba<br>kapaszkod\u00f3t, a hint\u00e1b\u00f3l kisz\u00e9d\u00fcl\u0151 lelket,<\/p>\n\n\n\n<p>aki \u2013 mint er\u0151m\u0171v\u00e9sz a s\u00falyt \u2013 verszs\u00e1kot<br>emelget, rozoga zongor\u00e1n billenti a r\u00edmet,<br>m\u00edg k\u00f6zvetlen m\u00f6g\u00f6tte az \u00e9vek elkoszol\u00f3dnak.<\/p>\n\n\n\n<p>\u00dajra\u00edrn\u00e1m \u0151t, mint egy f\u00e9lresiker\u00fclt verset.<br>Tollhegyemen tonn\u00e1nyi s\u00falyok. Felh\u00edvn\u00e1m, hogy<br>megvigasztaljam, \u00e1m a vonal \u00f6r\u00f6kk\u00e9 foglalt.<\/p>\n","protected":false},"excerpt":{"rendered":"<p>Terasz A k\u00f6dben is mindent r\u00f6gz\u00edteneka t\u00e9rfigyel\u0151 varjak. De csak a k\u00e9pet.A zsolt\u00e1rt nem hallj\u00e1k, a h\u00e1tt\u00e9rbenb\u00fag\u00f3 orgona sz\u00e1mukra n\u00e9ma. Pattoga fest\u00e9k a szemh\u00e9jakr\u00f3l, m\u00e1llik a vakolat. A h\u00edvek megosztj\u00e1k egym\u00e1s k\u00f6zt, ami van:serpeny\u0151ben a vacsor\u00e1t, p\u00e1r fiatalkorik\u00e9pet. Az angyalok &hellip; <a href=\"https:\/\/opus-folyoirat.sk\/?page_id=3915\">Egy kattint\u00e1s ide a folytat\u00e1shoz&#8230;. <span class=\"meta-nav\">&rarr;<\/span><\/a><\/p>\n","protected":false},"author":4,"featured_media":0,"parent":0,"menu_order":0,"comment_status":"closed","ping_status":"closed","template":"","meta":{"footnotes":""},"class_list":["post-3915","page","type-page","status-publish","hentry"],"_links":{"self":[{"href":"https:\/\/opus-folyoirat.sk\/index.php?rest_route=\/wp\/v2\/pages\/3915","targetHints":{"allow":["GET"]}}],"collection":[{"href":"https:\/\/opus-folyoirat.sk\/index.php?rest_route=\/wp\/v2\/pages"}],"about":[{"href":"https:\/\/opus-folyoirat.sk\/index.php?rest_route=\/wp\/v2\/types\/page"}],"author":[{"embeddable":true,"href":"https:\/\/opus-folyoirat.sk\/index.php?rest_route=\/wp\/v2\/users\/4"}],"replies":[{"embeddable":true,"href":"https:\/\/opus-folyoirat.sk\/index.php?rest_route=%2Fwp%2Fv2%2Fcomments&post=3915"}],"version-history":[{"count":1,"href":"https:\/\/opus-folyoirat.sk\/index.php?rest_route=\/wp\/v2\/pages\/3915\/revisions"}],"predecessor-version":[{"id":3916,"href":"https:\/\/opus-folyoirat.sk\/index.php?rest_route=\/wp\/v2\/pages\/3915\/revisions\/3916"}],"wp:attachment":[{"href":"https:\/\/opus-folyoirat.sk\/index.php?rest_route=%2Fwp%2Fv2%2Fmedia&parent=3915"}],"curies":[{"name":"wp","href":"https:\/\/api.w.org\/{rel}","templated":true}]}}