{"id":3947,"date":"2025-10-01T11:27:00","date_gmt":"2025-10-01T09:27:00","guid":{"rendered":"https:\/\/opus-folyoirat.sk\/?page_id=3947"},"modified":"2026-01-14T21:28:58","modified_gmt":"2026-01-14T19:28:58","slug":"halali-nyugalom","status":"publish","type":"page","link":"https:\/\/opus-folyoirat.sk\/?page_id=3947","title":{"rendered":"Hal\u00e1li nyugalom"},"content":{"rendered":"<div class=\"has-text-align-right wp-block-post-date\"><time datetime=\"2025-10-01T11:27:00+02:00\">2025-10-01<\/time><\/div>\n\n\n<p>Szomory hal\u00e1la \u2014 V\u00e9letlen\u00fcl \u00fajra kezembe ker\u00fcl az \u201e\u00cdr\u00f3 a toronyban\u201d. Csak \u00e1tpergetem a lapokat az ujjaim k\u00f6z\u00f6tt.&nbsp; A v\u00e9g\u00e9n az a hal\u00e1li nyugalommal felsorolt esem\u00e9nysorozat teszi r\u00e1m a legnagyobb hat\u00e1st, amelynek megkompon\u00e1l\u00e1s\u00e1ra csak igazi, profi trag\u00e9dia szerz\u0151 k\u00e9pes: \u201e\u2026a v\u00e9grendeletet \u00e9rv\u00e9nytelennek min\u0151s\u00edtett\u00e9k, de k\u00fcl\u00f6nben is az els\u0151 helyen hagyom\u00e1nyozott testv\u00e9r\u00e9t g\u00e1zkarm\u00e1ban \u00e9gett\u00e9k el&#8230; a m\u00e1sodik \u00f6r\u00f6k\u00f6st, Horv\u00e1th \u00c1rp\u00e1dot a kop\u00f3k elfogt\u00e1k&#8230; a Margit k\u00f6r\u00faton egy Cserg\u0151 nev\u0171 sz\u00e1zados a rendez\u0151t, mert nem akart vallani, f\u00e9lholtra verte. V\u00e9rt\u0151l csepegett, f\u00e9lig eszm\u00e9letlen volt, amikor a Dun\u00e1hoz k\u00eds\u00e9rt\u00e9k, \u00e9s belel\u0151tt\u00e9k a szennyes v\u00edzbe&#8230;&nbsp; (Szomory Dezs\u0151) hal\u00e1la napj\u00e1n nyilas suhancok \u00e9s ribancok tivorny\u00e1ztak a Szent Istv\u00e1n k\u00f6r\u00fati lak\u00e1sban. Marok\u00e9n k\u00f6t\u00e9s\u0171 k\u00f6nyveket t\u00e9ptek sz\u00e9t, b\u00fatorokba v\u00e1gt\u00e1k k\u00e9seiket\u2026\u201d&nbsp;<\/p>\n\n\n\n<p>Kell\u00e9r Andor, ha csak ennyit \u00edrt volna err\u0151l a korszakr\u00f3l, elmondta volna a l\u00e9nyeget\u2026<\/p>\n\n\n\n<p>Ezt a \u201ehal\u00e1li nyugalmat\u201d most is itt \u00e9rzem a leveg\u0151ben\u2026<\/p>\n\n\n\n<p><\/p>\n\n\n\n<p class=\"has-text-align-right\"><em>Hogya Gy\u00f6rgy<\/em><\/p>\n","protected":false},"excerpt":{"rendered":"<p>Szomory hal\u00e1la \u2014 V\u00e9letlen\u00fcl \u00fajra kezembe ker\u00fcl az \u201e\u00cdr\u00f3 a toronyban\u201d. Csak \u00e1tpergetem a lapokat az ujjaim k\u00f6z\u00f6tt.&nbsp; A v\u00e9g\u00e9n az a hal\u00e1li nyugalommal felsorolt esem\u00e9nysorozat teszi r\u00e1m a legnagyobb hat\u00e1st, amelynek megkompon\u00e1l\u00e1s\u00e1ra csak igazi, profi trag\u00e9dia szerz\u0151 k\u00e9pes: \u201e\u2026a &hellip; <a href=\"https:\/\/opus-folyoirat.sk\/?page_id=3947\">Egy kattint\u00e1s ide a folytat\u00e1shoz&#8230;. <span class=\"meta-nav\">&rarr;<\/span><\/a><\/p>\n","protected":false},"author":4,"featured_media":0,"parent":0,"menu_order":0,"comment_status":"closed","ping_status":"closed","template":"","meta":{"footnotes":""},"class_list":["post-3947","page","type-page","status-publish","hentry"],"_links":{"self":[{"href":"https:\/\/opus-folyoirat.sk\/index.php?rest_route=\/wp\/v2\/pages\/3947","targetHints":{"allow":["GET"]}}],"collection":[{"href":"https:\/\/opus-folyoirat.sk\/index.php?rest_route=\/wp\/v2\/pages"}],"about":[{"href":"https:\/\/opus-folyoirat.sk\/index.php?rest_route=\/wp\/v2\/types\/page"}],"author":[{"embeddable":true,"href":"https:\/\/opus-folyoirat.sk\/index.php?rest_route=\/wp\/v2\/users\/4"}],"replies":[{"embeddable":true,"href":"https:\/\/opus-folyoirat.sk\/index.php?rest_route=%2Fwp%2Fv2%2Fcomments&post=3947"}],"version-history":[{"count":1,"href":"https:\/\/opus-folyoirat.sk\/index.php?rest_route=\/wp\/v2\/pages\/3947\/revisions"}],"predecessor-version":[{"id":3949,"href":"https:\/\/opus-folyoirat.sk\/index.php?rest_route=\/wp\/v2\/pages\/3947\/revisions\/3949"}],"wp:attachment":[{"href":"https:\/\/opus-folyoirat.sk\/index.php?rest_route=%2Fwp%2Fv2%2Fmedia&parent=3947"}],"curies":[{"name":"wp","href":"https:\/\/api.w.org\/{rel}","templated":true}]}}