{"id":3965,"date":"2025-07-07T21:42:00","date_gmt":"2025-07-07T19:42:00","guid":{"rendered":"https:\/\/opus-folyoirat.sk\/?page_id=3965"},"modified":"2026-01-14T21:44:21","modified_gmt":"2026-01-14T19:44:21","slug":"kurti-laszlo","status":"publish","type":"page","link":"https:\/\/opus-folyoirat.sk\/?page_id=3965","title":{"rendered":"K\u00fcrti L\u00e1szl\u00f3"},"content":{"rendered":"\n<p><strong>h\u00e1roml\u00e1b\u00fa sz\u00e9k<\/strong><\/p>\n\n\n<div class=\"has-text-align-right wp-block-post-date\"><time datetime=\"2025-07-07T21:42:00+02:00\">2025-07-07<\/time><\/div>\n\n\n<div class=\"wp-block-group is-vertical is-layout-flex wp-container-core-group-is-layout-8cf370e7 wp-block-group-is-layout-flex\">\n<p>mit mondhatn\u00e9k \u00fajat, vagy \u0151szint\u00e9bbet,<\/p>\n\n\n\n<p>tudd, hogy akarat hajt rozzant kart \u00e9s t\u00e9rdet.<\/p>\n\n\n\n<p>dermeszt a f\u00e9lelem, s\u00fajt a sz\u00e1nakoz\u00e1s,<\/p>\n\n\n\n<p>h\u00edzelg\u00e9seidt\u0151l \u00f6mleng a kis lak\u00e1s.<\/p>\n\n\n\n<p>nem a h\u0151siess\u00e9g, <em>fontosabb a kontroll,<\/em><\/p>\n\n\n\n<p><em>ne a kab\u00e1tr\u00f3l \u00edrj, ink\u00e1bb csak a gombr\u00f3l.<\/em><\/p>\n\n\n\n<p>ne kezdd, hogy n\u00e9lk\u00fclem hasztalan az \u00e9let,<\/p>\n\n\n\n<p>buk\u00e1said romj\u00e1n lehetsz friss \u00edg\u00e9ret.<\/p>\n\n\n\n<p>minden t\u00fark\u00e1l\u00f3ban kincsre lehet lelni,<\/p>\n\n\n\n<p>elny\u0171tt holmik k\u00f6z\u00f6tt tanulj \u00fajnak lenni!<\/p>\n\n\n\n<p>mit kaptam \u00e9n t\u0151led? hi\u00e1nyodban b\u00e9k\u00e9t,<\/p>\n\n\n\n<p>arany j\u00e1nos <em>b\u00e1<\/em>nak h\u00e1rom l\u00e1b\u00fa sz\u00e9k\u00e9t:<\/p>\n\n\n\n<p>k\u00e9nyszer, \u00e9rdek mell\u00e9, harmadik a csend lesz,<\/p>\n\n\n\n<p>ami hozz\u00e1 nevel egy m\u00e9g nagyobb csendhez.<\/p>\n<\/div>\n","protected":false},"excerpt":{"rendered":"<p>h\u00e1roml\u00e1b\u00fa sz\u00e9k mit mondhatn\u00e9k \u00fajat, vagy \u0151szint\u00e9bbet, tudd, hogy akarat hajt rozzant kart \u00e9s t\u00e9rdet. dermeszt a f\u00e9lelem, s\u00fajt a sz\u00e1nakoz\u00e1s, h\u00edzelg\u00e9seidt\u0151l \u00f6mleng a kis lak\u00e1s. nem a h\u0151siess\u00e9g, fontosabb a kontroll, ne a kab\u00e1tr\u00f3l \u00edrj, ink\u00e1bb csak a gombr\u00f3l. &hellip; <a href=\"https:\/\/opus-folyoirat.sk\/?page_id=3965\">Egy kattint\u00e1s ide a folytat\u00e1shoz&#8230;. <span class=\"meta-nav\">&rarr;<\/span><\/a><\/p>\n","protected":false},"author":4,"featured_media":0,"parent":0,"menu_order":0,"comment_status":"closed","ping_status":"closed","template":"","meta":{"footnotes":""},"class_list":["post-3965","page","type-page","status-publish","hentry"],"_links":{"self":[{"href":"https:\/\/opus-folyoirat.sk\/index.php?rest_route=\/wp\/v2\/pages\/3965","targetHints":{"allow":["GET"]}}],"collection":[{"href":"https:\/\/opus-folyoirat.sk\/index.php?rest_route=\/wp\/v2\/pages"}],"about":[{"href":"https:\/\/opus-folyoirat.sk\/index.php?rest_route=\/wp\/v2\/types\/page"}],"author":[{"embeddable":true,"href":"https:\/\/opus-folyoirat.sk\/index.php?rest_route=\/wp\/v2\/users\/4"}],"replies":[{"embeddable":true,"href":"https:\/\/opus-folyoirat.sk\/index.php?rest_route=%2Fwp%2Fv2%2Fcomments&post=3965"}],"version-history":[{"count":1,"href":"https:\/\/opus-folyoirat.sk\/index.php?rest_route=\/wp\/v2\/pages\/3965\/revisions"}],"predecessor-version":[{"id":3967,"href":"https:\/\/opus-folyoirat.sk\/index.php?rest_route=\/wp\/v2\/pages\/3965\/revisions\/3967"}],"wp:attachment":[{"href":"https:\/\/opus-folyoirat.sk\/index.php?rest_route=%2Fwp%2Fv2%2Fmedia&parent=3965"}],"curies":[{"name":"wp","href":"https:\/\/api.w.org\/{rel}","templated":true}]}}