{"id":3973,"date":"2025-07-12T21:50:00","date_gmt":"2025-07-12T19:50:00","guid":{"rendered":"https:\/\/opus-folyoirat.sk\/?page_id=3973"},"modified":"2026-01-14T21:51:54","modified_gmt":"2026-01-14T19:51:54","slug":"feltamadunk","status":"publish","type":"page","link":"https:\/\/opus-folyoirat.sk\/?page_id=3973","title":{"rendered":"Felt\u00e1madunk?"},"content":{"rendered":"<div class=\"has-text-align-right wp-block-post-date\"><time datetime=\"2025-07-12T21:50:00+02:00\">2025-07-12<\/time><\/div>\n\n\n<div class=\"wp-block-group is-vertical is-layout-flex wp-container-core-group-is-layout-8cf370e7 wp-block-group-is-layout-flex\">\n<p>Ifj\u00fas\u00e1gom v\u00e1rosa Budapest<\/p>\n\n\n\n<p>r\u00e9gi-\u00faj terek \u00e9s mindig m\u00e1s<\/p>\n\n\n\n<p>a leveg\u0151 simul r\u00e1 a r\u00e9gi test<\/p>\n\n\n\n<p>ugyanazok az utc\u00e1k, a hat\u00e1s<\/p>\n\n\n\n<p>mely ujj\u00e1val megb\u00f6kve n\u00e9z:<\/p>\n\n\n\n<p>de ismer\u0151s vagy valahonnan &#8212;<\/p>\n\n\n\n<p>mondja a mederben foly\u00f3 <em>v\u00edz<\/em><\/p>\n\n\n\n<p>azt\u00e1n \u00e1rny\u00e9kk\u00e9nt \u00fajra elillan<\/p>\n\n\n\n<p>szalad tov\u00e1bb, s\u00e9t\u00e1ny sz\u00e9l\u00e9n<\/p>\n\n\n\n<p>j\u00e1r\u00f3kel\u0151k kez\u00e9re cs\u00f3kot ad<\/p>\n\n\n\n<p>az \u00f6r\u00f6kmozg\u00f3 \u00e9s sosem v\u00e9n<\/p>\n\n\n\n<p>napsug\u00e1r szerelmesen tagad<\/p>\n\n\n\n<p>\u00e1rny\u00e9kot festve \u00e9rtelmetlen\u00fcl<\/p>\n\n\n\n<p>ak\u00e1rcsak te szerelem hajnal\u00e1n<\/p>\n\n\n\n<p>tetted oly kitart\u00f3n makacsul<\/p>\n\n\n\n<p>\u00d6r\u00f6kk\u00e9val\u00f3b\u00f3l lett \u00edgy mag\u00e1ny<\/p>\n\n\n\n<p>remegve f\u00e1ztunk &#8211; kopogva<\/p>\n\n\n\n<p>kopors\u00f3nk fal\u00e1n<\/p>\n\n\n\n<p>karcoljuk azt hogy<\/p>\n\n\n\n<p>felt\u00e1madunk<\/p>\n\n\n\n<p>tal\u00e1n<\/p>\n\n\n\n<p class=\"has-text-align-right\"><em>Lazarev Oleg<\/em><\/p>\n<\/div>\n\n\n\n<p><\/p>\n","protected":false},"excerpt":{"rendered":"<p>Ifj\u00fas\u00e1gom v\u00e1rosa Budapest r\u00e9gi-\u00faj terek \u00e9s mindig m\u00e1s a leveg\u0151 simul r\u00e1 a r\u00e9gi test ugyanazok az utc\u00e1k, a hat\u00e1s mely ujj\u00e1val megb\u00f6kve n\u00e9z: de ismer\u0151s vagy valahonnan &#8212; mondja a mederben foly\u00f3 v\u00edz azt\u00e1n \u00e1rny\u00e9kk\u00e9nt \u00fajra elillan szalad tov\u00e1bb, &hellip; <a href=\"https:\/\/opus-folyoirat.sk\/?page_id=3973\">Egy kattint\u00e1s ide a folytat\u00e1shoz&#8230;. <span class=\"meta-nav\">&rarr;<\/span><\/a><\/p>\n","protected":false},"author":4,"featured_media":0,"parent":0,"menu_order":0,"comment_status":"closed","ping_status":"closed","template":"","meta":{"footnotes":""},"class_list":["post-3973","page","type-page","status-publish","hentry"],"_links":{"self":[{"href":"https:\/\/opus-folyoirat.sk\/index.php?rest_route=\/wp\/v2\/pages\/3973","targetHints":{"allow":["GET"]}}],"collection":[{"href":"https:\/\/opus-folyoirat.sk\/index.php?rest_route=\/wp\/v2\/pages"}],"about":[{"href":"https:\/\/opus-folyoirat.sk\/index.php?rest_route=\/wp\/v2\/types\/page"}],"author":[{"embeddable":true,"href":"https:\/\/opus-folyoirat.sk\/index.php?rest_route=\/wp\/v2\/users\/4"}],"replies":[{"embeddable":true,"href":"https:\/\/opus-folyoirat.sk\/index.php?rest_route=%2Fwp%2Fv2%2Fcomments&post=3973"}],"version-history":[{"count":1,"href":"https:\/\/opus-folyoirat.sk\/index.php?rest_route=\/wp\/v2\/pages\/3973\/revisions"}],"predecessor-version":[{"id":3974,"href":"https:\/\/opus-folyoirat.sk\/index.php?rest_route=\/wp\/v2\/pages\/3973\/revisions\/3974"}],"wp:attachment":[{"href":"https:\/\/opus-folyoirat.sk\/index.php?rest_route=%2Fwp%2Fv2%2Fmedia&parent=3973"}],"curies":[{"name":"wp","href":"https:\/\/api.w.org\/{rel}","templated":true}]}}