{"id":3984,"date":"2025-07-14T10:55:00","date_gmt":"2025-07-14T08:55:00","guid":{"rendered":"https:\/\/opus-folyoirat.sk\/?page_id=3984"},"modified":"2026-01-15T01:00:12","modified_gmt":"2026-01-14T23:00:12","slug":"szollath-mihaly-2","status":"publish","type":"page","link":"https:\/\/opus-folyoirat.sk\/?page_id=3984","title":{"rendered":"Szoll\u00e1th Mih\u00e1ly"},"content":{"rendered":"\n<p><strong>v\u00e9gleg otthagy<\/strong><\/p>\n\n\n<div class=\"has-text-align-right wp-block-post-date\"><time datetime=\"2025-07-14T10:55:00+02:00\">2025-07-14<\/time><\/div>\n\n\n<div class=\"wp-block-group is-vertical is-layout-flex wp-container-core-group-is-layout-8cf370e7 wp-block-group-is-layout-flex\">\n<p><em>\u201eA kaktusz \u00e9s homok kora elk\u00f6zeleg \u2013<\/em><\/p>\n\n\n\n<p><em>a bar\u00e1ts\u00e1gnak: v\u00e9ge.&#8221;<\/em><em>\u00a0<\/em><\/p>\n\n\n\n<p><em>(Petri Gy\u00f6rgy: Felirat)<\/em><\/p>\n<\/div>\n\n\n\n<p>csak el tudn\u00e1m mondani<br>csak v\u00e9gig tudn\u00e1m<\/p>\n\n\n\n<p>csak ne v\u00e1gna olyan \u00e9rdektelen<br>csak ne peregne le r\u00f3la mindez<\/p>\n\n\n\n<p>csak hagyn\u00e1\u00a0<br>de nem<\/p>\n\n\n\n<p>belev\u00e1g \u00e9s \u00e1tveszi\u00a0<br>a sz\u00f3t \u00e9s len\u00e9z<\/p>\n\n\n\n<p>\u00e9n ezt ne mondjam<br>mert nem \u00edgy van<\/p>\n\n\n\n<p>ez \u00edgy megy sok \u00e9ve<br>\u00e9vtizede igen<\/p>\n\n\n\n<p>\u00e9n nem tudom<br>\u00e9n h\u00fclye vagyok<\/p>\n\n\n\n<p>majd \u0151 lesz az aki<br>v\u00e9gleg megb\u00e1nt\u00f3dik<\/p>\n\n\n\n<p>\u00e9s v\u00e9gleg ott hagy<br>majd fel\u00e9m se n\u00e9z<\/p>\n\n\n\n<p>*<\/p>\n\n\n\n<p><strong>Karrier<\/strong><\/p>\n\n\n\n<p>Odateszem a h\u00edres m\u0171v\u00e9sz\u00a0<br>fot\u00f3ja mell\u00e9 az eny\u00e9met.\u00a0<br>Sz\u00e9pen megsim\u00edtom\u00a0<br>a mesters\u00e9ges intelligencia\u00a0<br>seg\u00edts\u00e9g\u00e9vel.\u00a0<\/p>\n\n\n\n<p>Semmi az eg\u00e9sz, f\u00e9l \u00f3ra\u00a0<br>\u00e9s m\u00e1r k\u00e9sz is vagyok.\u00a0<br>Azt\u00e1n hagyom egy kicsit,\u00a0<br>majd megn\u00e9zem,\u00a0<br>az apr\u00f3 hib\u00e1kat korrig\u00e1lom.\u00a0<\/p>\n\n\n\n<p>Teljesen k\u00e9sz.\u00a0<br>Majd kirakom a f\u00e9szre\u00a0<br>meg az inst\u00e1ra\u2026,\u00a0<br>meg az ablakba is\u2026,<br>hogy mindenki l\u00e1ssa.\u00a0<\/p>\n\n\n\n<p>Ez \u00e9n vagyok\u00a0<br>\u00e9s a nagy ember \u2013\u00a0<br>megl\u00e1togattam \u0151t a beteg\u00e1gy\u00e1n\u00e1l.\u00a0<br>Vittem neki te\u00e1t \u00e9s k\u00f6nyvet.\u00a0<br>Meg vir\u00e1got is.<br><\/p>\n\n\n\n<p>Sz\u00e9pen n\u00e9z\u00fcnk.\u00a0<br>Nagyon sz\u00e9pen. Egym\u00e1sra.<br>Ez hiteles\u00edt engem \u2013\u00a0<br>gondolom \u00e9n.\u00a0<br>\u0150 meg m\u00e1r r\u00e9g halott.<\/p>\n","protected":false},"excerpt":{"rendered":"<p>v\u00e9gleg otthagy \u201eA kaktusz \u00e9s homok kora elk\u00f6zeleg \u2013 a bar\u00e1ts\u00e1gnak: v\u00e9ge.&#8221;\u00a0 (Petri Gy\u00f6rgy: Felirat) csak el tudn\u00e1m mondanicsak v\u00e9gig tudn\u00e1m csak ne v\u00e1gna olyan \u00e9rdektelencsak ne peregne le r\u00f3la mindez csak hagyn\u00e1\u00a0de nem belev\u00e1g \u00e9s \u00e1tveszi\u00a0a sz\u00f3t \u00e9s len\u00e9z &hellip; <a href=\"https:\/\/opus-folyoirat.sk\/?page_id=3984\">Egy kattint\u00e1s ide a folytat\u00e1shoz&#8230;. <span class=\"meta-nav\">&rarr;<\/span><\/a><\/p>\n","protected":false},"author":4,"featured_media":0,"parent":0,"menu_order":0,"comment_status":"closed","ping_status":"closed","template":"","meta":{"footnotes":""},"class_list":["post-3984","page","type-page","status-publish","hentry"],"_links":{"self":[{"href":"https:\/\/opus-folyoirat.sk\/index.php?rest_route=\/wp\/v2\/pages\/3984","targetHints":{"allow":["GET"]}}],"collection":[{"href":"https:\/\/opus-folyoirat.sk\/index.php?rest_route=\/wp\/v2\/pages"}],"about":[{"href":"https:\/\/opus-folyoirat.sk\/index.php?rest_route=\/wp\/v2\/types\/page"}],"author":[{"embeddable":true,"href":"https:\/\/opus-folyoirat.sk\/index.php?rest_route=\/wp\/v2\/users\/4"}],"replies":[{"embeddable":true,"href":"https:\/\/opus-folyoirat.sk\/index.php?rest_route=%2Fwp%2Fv2%2Fcomments&post=3984"}],"version-history":[{"count":1,"href":"https:\/\/opus-folyoirat.sk\/index.php?rest_route=\/wp\/v2\/pages\/3984\/revisions"}],"predecessor-version":[{"id":3986,"href":"https:\/\/opus-folyoirat.sk\/index.php?rest_route=\/wp\/v2\/pages\/3984\/revisions\/3986"}],"wp:attachment":[{"href":"https:\/\/opus-folyoirat.sk\/index.php?rest_route=%2Fwp%2Fv2%2Fmedia&parent=3984"}],"curies":[{"name":"wp","href":"https:\/\/api.w.org\/{rel}","templated":true}]}}