{"id":3993,"date":"2025-08-10T01:06:00","date_gmt":"2025-08-09T23:06:00","guid":{"rendered":"https:\/\/opus-folyoirat.sk\/?page_id=3993"},"modified":"2026-01-15T01:07:31","modified_gmt":"2026-01-14T23:07:31","slug":"szegedi-kovacs-gyorgy","status":"publish","type":"page","link":"https:\/\/opus-folyoirat.sk\/?page_id=3993","title":{"rendered":"Szegedi Kov\u00e1cs Gy\u00f6rgy"},"content":{"rendered":"\n<p><strong>Kavicsok<\/strong><\/p>\n\n\n<div class=\"has-text-align-right wp-block-post-date\"><time datetime=\"2025-08-10T01:06:00+02:00\">2025-08-10<\/time><\/div>\n\n\n<p>Vers\u00edr\u00e1s el\u0151tt\u00a0<br>sohase moss kezet.<\/p>\n\n\n\n<p>&nbsp; &nbsp; &nbsp; &nbsp; &nbsp; &nbsp; &nbsp; &nbsp; &nbsp; *<\/p>\n\n\n\n<p>A trad\u00edci\u00f3k falainak reped\u00e9seib\u0151l<br>\u00e9des szirupk\u00e9nt csurognak a dogm\u00e1k.<\/p>\n\n\n\n<p>&nbsp; &nbsp; &nbsp; &nbsp; &nbsp; &nbsp; &nbsp; &nbsp; &nbsp; *<\/p>\n\n\n\n<p>Jajgatnak az \u00e1lmaikba rekedtek,<br>jajgatok vel\u00fck \u00e9n is.<\/p>\n\n\n\n<p>&nbsp; &nbsp; &nbsp; &nbsp; &nbsp; &nbsp; &nbsp; &nbsp; &nbsp; *<\/p>\n\n\n\n<p>Fogd a karom er\u0151sen,<br>s rajzolj m\u00e9g tenyerembe.<\/p>\n\n\n\n<p>&nbsp; &nbsp; &nbsp; &nbsp; &nbsp; &nbsp; &nbsp; &nbsp; &nbsp; *<\/p>\n\n\n\n<p>F\u00f6ltekertem k\u00e1b\u00e9 k\u00e9t k\u00f6ny\u00f6knyi<br>eg\u00e9szs\u00e9g\u00fcgyi pap\u00edrt,<br>magamhoz vettem v\u00e9gre<br>azokat az eml\u00e9kk\u00e9peket,<br>\u00e9s elindultam a dolgomra.<\/p>\n\n\n\n<p>&nbsp; &nbsp; &nbsp; &nbsp; &nbsp; &nbsp; &nbsp; &nbsp; &nbsp; *<\/p>\n\n\n\n<p>B\u00e1rcsak \u00fagy dalolna tollam,<br>mint kisgyermek \u00e9lete els\u0151<br>k\u00e9rd\u00e9se.<\/p>\n","protected":false},"excerpt":{"rendered":"<p>Kavicsok Vers\u00edr\u00e1s el\u0151tt\u00a0sohase moss kezet. &nbsp; &nbsp; &nbsp; &nbsp; &nbsp; &nbsp; &nbsp; &nbsp; &nbsp; * A trad\u00edci\u00f3k falainak reped\u00e9seib\u0151l\u00e9des szirupk\u00e9nt csurognak a dogm\u00e1k. &nbsp; &nbsp; &nbsp; &nbsp; &nbsp; &nbsp; &nbsp; &nbsp; &nbsp; * Jajgatnak az \u00e1lmaikba rekedtek,jajgatok vel\u00fck \u00e9n is. &hellip; <a href=\"https:\/\/opus-folyoirat.sk\/?page_id=3993\">Egy kattint\u00e1s ide a folytat\u00e1shoz&#8230;. <span class=\"meta-nav\">&rarr;<\/span><\/a><\/p>\n","protected":false},"author":4,"featured_media":0,"parent":0,"menu_order":0,"comment_status":"closed","ping_status":"closed","template":"","meta":{"footnotes":""},"class_list":["post-3993","page","type-page","status-publish","hentry"],"_links":{"self":[{"href":"https:\/\/opus-folyoirat.sk\/index.php?rest_route=\/wp\/v2\/pages\/3993","targetHints":{"allow":["GET"]}}],"collection":[{"href":"https:\/\/opus-folyoirat.sk\/index.php?rest_route=\/wp\/v2\/pages"}],"about":[{"href":"https:\/\/opus-folyoirat.sk\/index.php?rest_route=\/wp\/v2\/types\/page"}],"author":[{"embeddable":true,"href":"https:\/\/opus-folyoirat.sk\/index.php?rest_route=\/wp\/v2\/users\/4"}],"replies":[{"embeddable":true,"href":"https:\/\/opus-folyoirat.sk\/index.php?rest_route=%2Fwp%2Fv2%2Fcomments&post=3993"}],"version-history":[{"count":1,"href":"https:\/\/opus-folyoirat.sk\/index.php?rest_route=\/wp\/v2\/pages\/3993\/revisions"}],"predecessor-version":[{"id":3995,"href":"https:\/\/opus-folyoirat.sk\/index.php?rest_route=\/wp\/v2\/pages\/3993\/revisions\/3995"}],"wp:attachment":[{"href":"https:\/\/opus-folyoirat.sk\/index.php?rest_route=%2Fwp%2Fv2%2Fmedia&parent=3993"}],"curies":[{"name":"wp","href":"https:\/\/api.w.org\/{rel}","templated":true}]}}