{"id":4020,"date":"2025-07-15T09:26:00","date_gmt":"2025-07-15T07:26:00","guid":{"rendered":"https:\/\/opus-folyoirat.sk\/?page_id=4020"},"modified":"2026-01-15T01:30:06","modified_gmt":"2026-01-14T23:30:06","slug":"tamasi-orosz-janos-5","status":"publish","type":"page","link":"https:\/\/opus-folyoirat.sk\/?page_id=4020","title":{"rendered":"Tam\u00e1si Orosz J\u00e1nos"},"content":{"rendered":"\n<p><strong>L\u00e1m, a textusok kontextusa, avagy<\/strong><\/p>\n\n\n<div class=\"has-text-align-right wp-block-post-date\"><time datetime=\"2025-07-15T09:26:00+02:00\">2025-07-15<\/time><\/div>\n\n\n<p>Minden teremtett vil\u00e1gok legvar\u00e1zslatosabb remeke a k\u00f6nyv. Tudom, karcosan hangzik ez; egyens\u00falyozik a k\u00f6zhely \u00e9s a t\u00falst\u00edl k\u00f6z\u00f6tt; de h\u00e1t mit \u00edrjak, ha egyszer \u00edgy gondolom? K\u00f6nyv n\u00e9lk\u00fcl semmik vagyunk, s ez kor\u00e1ntsem jelenti azt, hogy minden k\u00f6nyv j\u00f3 k\u00f6nyv. Ami azt illeti, el\u00e9g sokat \u00edrt m\u00e1r \u00f6ssze az emberis\u00e9g, \u00e9s nagyon kev\u00e9s azok k\u00f6z\u00f6tt a j\u00f3; \u00e1m a mennyis\u00e9g is jelent valamit. Az az embertelen bet\u0171rengeteg, amely k\u00f6r\u00e9nk keletkezett, k\u0151t\u00e1bl\u00e1kra, papirusztekercsekre, s m\u00e9g mennyif\u00e9le alapanyagra jegyezve; s pl\u00e1ne mennyif\u00e9le \u00edr\u00e1sjellel. S m\u00e9g azok el\u0151tt; mikor az ember m\u00e9g nem \u00e9rezte meg a bet\u0171 m\u0171v\u00e9szet\u00e9t, de m\u00e1r \u00edrt: est\u00e9nk\u00e9nt a t\u00f6rzs fiataljainak elmes\u00e9lte valaki mindazt, ami kollekt\u00edv eml\u00e9kezet\u00fcket jelentette; elmes\u00e9lte az arra hivatott a vad\u00e1szat tudom\u00e1ny\u00e1t, az istenek jelenl\u00e9t\u00e9t \u00e9s beavatkoz\u00e1s\u00e1t (mert van, ami m\u00e1sk\u00e9pp nem csup\u00e1n megmagyar\u00e1zhatatlan, de az \u00e9rthetetlens\u00e9ge ok\u00e1n f\u00e9lelmet kelt, bizonytalan helyzeteket sz\u00fcl \u2013 de az istenek, vagy Isten elrendez minden \u00e9rthetetlent \u00e9s er\u0151sebb\u00e9 tesz); est\u00e9nk\u00e9nt teh\u00e1t valaki a mes\u00e9vel \u201ebele\u00edrta\u201d a m\u00falt esem\u00e9nyeit a t\u00f6rzs j\u00f6v\u0151j\u00e9t jelent\u0151 fiatalok eml\u00e9kezet\u00e9be, k\u00f6nyvet \u00e9getett a mem\u00f3ri\u00e1ba, sok t\u00edzezer esztend\u0151vel a bet\u0171 sz\u00fclet\u00e9se el\u0151tt. Minden teremtett vil\u00e1gok legvar\u00e1zslatosabb remek\u00e9t.<\/p>\n\n\n\n<p>Messzir\u0151l kezdtem, de valamik\u00e9pp ide, e nagyon t\u00e1voli pontra szeretn\u00e9m visszavinni az olvas\u00f3t, miel\u0151tt elkezdik, tal\u00e1n szavaim nyom\u00e1n, b\u00f6ng\u00e9szni T\u00f3th L\u00e1szl\u00f3 k\u00f6nyvremek\u00e9t (A sz\u00f6vegember, V\u00e1mb\u00e9ry Polg\u00e1ri T\u00e1rsul\u00e1s, Dunaszerdahely, 2014), a l\u00e9tez\u00e9s \u2013 m\u00e1r-m\u00e1r k\u00e1pr\u00e1zatos technik\u00e1val \u2013 interj\u00far\u00e9szletekb\u0151l szerkesztett essz\u00e9reg\u00e9ny\u00e9t.<\/p>\n\n\n\n<p>Nagy \u00f6tlet, s nem tudom, sz\u00fcletett-e m\u00e1r hasonl\u00f3? Illetve, hasonl\u00f3 tal\u00e1n igen, hiszen kez\u00fcnkbe akad olykor-olykor olyas tematik\u00e1k k\u00f6r\u00e9 sz\u0151tt munka, mely az alkot\u00f3 ember err\u0151l-arr\u00f3l sz\u0151tt gondolatait csoportos\u00edtja, \u00e1m azok, mondom, legfeljebb t\u00e1volr\u00f3l hasonl\u00edtanak ehhez az \u00f6tlethez. Itt a szerz\u0151 a szem\u00e9lyis\u00e9g kialakul\u00e1s\u00e1nak reg\u00e9ny\u00e9t \u00edrja meg, s m\u00e9g enn\u00e9l is er\u0151sebben el\u00e9nk t\u00e1rja az elm\u00falt hatvan-hatvan\u00f6t esztend\u0151 t\u00f6k\u00e9letes korrajz\u00e1t, meg\u00edrja k\u00f6z\u00f6s t\u00f6rt\u00e9nelm\u00fcnket, azt t\u00e1rgyalva, persze, amit \u0151 \u00e9lt \u00e1t abb\u00f3l, az esem\u00e9nyeket m\u00e9g a sok mindent meg sem \u00e9rt\u0151, fel sem fog\u00f3 gyerek kor\u00e1t\u00f3l kezdve napjainkig \u2013 amikor m\u00e1r t\u00fal annyi mindenen, t\u00fal minden \u00e9rthet\u0151 \u00e9s \u00e9rthetetlen esem\u00e9nyen a minden dolgok logikus magyar\u00e1zata s ak\u00e1r az emberi logik\u00e1n t\u00fali dolgok logik\u00e1ja a k\u00f6nyvek k\u00f6nyv\u00e9ben tal\u00e1lhat\u00f3. Amikor, a k\u00f6tet v\u00e9ge fel\u00e9, a summa-r\u00e9szben T\u00f3th L\u00e1szl\u00f3 \u00edgy vall a sz\u00e1m\u00e1ra legfontosabb k\u00f6nyvr\u0151l: a Biblia \u201ea k\u00f6nyvek k\u00f6nyve\u201d. Hiszen \u201eaz \u00f6sszes k\u00e9s\u0151bbit tartalmazza\u201d. Tal\u00e1n m\u00e1r ennyib\u0151l is \u00e9rthet\u0151 a k\u00f6tet elrendez\u00e9s\u00e9nek bels\u0151 \u00edve, de fejts\u00fck ki r\u00e9szletesebben.<\/p>\n\n\n\n<p>A szerz\u0151r\u0151l Kocur L\u00e1szl\u00f3 \u00edgy fogalmazott: \u201e\u00cdr\u00f3? K\u00f6lt\u0151? M\u0171vel\u0151d\u00e9st\u00f6rt\u00e9n\u00e9sz? Irodalomt\u00f6rt\u00e9n\u00e9sz? Sz\u00ednh\u00e1zt\u00f6rt\u00e9n\u00e9sz? Szerkeszt\u0151? M\u0171ford\u00edt\u00f3? Mindegyik\u201d. S ez val\u00f3ban l\u00e1ttat\u00f3 defin\u00edci\u00f3, \u00e9n magam, aki vagy negyven \u00e9ve ismerhetem \u0151t, sem tudn\u00e1m szem\u00e9ly\u00e9t meggy\u0151z\u0151bben interpret\u00e1lni. B\u00e1r tal\u00e1n igen, hiszen minden k\u00f6z\u00f6tt els\u0151k\u00e9nt a k\u00f6lt\u0151vel tal\u00e1lkoztam, s tal\u00e1n itt \u00e9s most megbocs\u00e1tja nekem ezt a r\u00e9gi eml\u00e9ket, hogy de akkor egy-k\u00e9t hatalmas, sodr\u00f3 vers kiv\u00e9tel\u00e9vel nem is a K\u00f6lt\u0151re, hanem a K\u00f6lt\u00e9szetre figyeltem fel. A k\u00f6lt\u00e9szet l\u00e9nyeg\u00e9re, bels\u0151 t\u00f6rv\u00e9nyeire, a szavak nagyon pontos m\u00e9rlegel\u00e9s\u00e9re, az \u00e9rzelmek legtiszt\u00e1bb \u00e1tad\u00e1s\u00e1nak lehet\u0151s\u00e9geire, s persze, j\u00f6n majd a v\u00e1gta, az \u00e1tkel\u00e9s lend\u00fclete, de addig is \u2013 hogy mennyire mindenek el\u0151ttien fontos a vers l\u00e9legzete, sz\u00edvritmusa, fortissim\u00f3iban is finom fegyelmezetts\u00e9ge. Mondom, az \u00e9n sorrendemben tal\u00e1n a k\u00f6lt\u00e9szetre tan\u00edt\u00f3 k\u00f6lt\u0151 szerepel els\u0151 helyen, de h\u00e1t, szem\u00e9lyesen m\u00e1r a szerkeszt\u0151t, a m\u0171vel\u0151d\u00e9st\u00f6rt\u00e9n\u00e9szt, az emberi l\u00e9tez\u00e9st mikroessz\u00e9k szintj\u00e9n analiz\u00e1l\u00f3 \u00edr\u00f3t ismertem meg, ezt az \u00e1tfog\u00f3an gondolkod\u00f3 \u00edr\u00f3embert faggattam egy r\u00e9gi besz\u00e9lget\u00e9sben; s most itt van annak is a sz\u00f6vege a k\u00f6tetben sok-sok dial\u00f3gus t\u00e1rsas\u00e1g\u00e1ban; de sz\u00e9pen, prec\u00edzen a gondolatok spektrum\u00e1ba \u00e1ll\u00edtv\u00e1n sorj\u00e1znak el\u0151tt\u00fcnk azok r\u00e9szletei. Itt a l\u00e9nyeg: T\u00f3th sz\u00e9pen fel\u00e9p\u00edtett egy l\u00e9tstrukt\u00far\u00e1t, hatvan-hatvan\u00f6t esztend\u0151 fokozatos kiteljesed\u00e9s\u00e9t, emeleteket \u00e9p\u00edtett egym\u00e1sra a fokozatosan meg\u00e9rthet\u0151 vil\u00e1gb\u00f3l, majd logikus k\u00e9rd\u00e9seket illesztett az emeletekhez: kik laknak itt, milyen lak\u00f3t\u00e1rsak, van-e \u00e1tj\u00e1r\u00e1s az als\u00f3bb s magasabb szintek k\u00f6z\u00f6tt, l\u00e9teznek-e tudati visszacsatol\u00e1sok, az egyre m\u00e9ly\u00fcl\u0151 tud\u00e1s val\u00f3ban egyre magasabbra emel benn\u00fcnket, vagy \u201esz\u00e1zadunk m\u00e1sodik fel\u00e9ben, \u00e9vezred\u00fcnk v\u00e9g\u00e9n az \u00e9rt\u00e9k- \u00e9s identit\u00e1sveszt\u00e9s m\u00e1r olyan m\u00e9reteket \u00f6lt\u00f6tt, a vil\u00e1g mozg\u00e1sa annyira felgyorsult, hogy az ember csak sz\u00e9l\u00fct\u00f6tten pillogat jobbra-balra, s minduntalan lemarad saj\u00e1t lehet\u0151s\u00e9gei m\u00f6g\u00f6tt\u201d?<\/p>\n\n\n\n<p>Ism\u00e9tlem, els\u0151bben is reg\u00e9ny ez a sz\u0151ttes, noha dial\u00f3gusok amolyan \u201eszerkesztett v\u00e1ltozata\u201d. Reg\u00e9nny\u00e9 els\u0151sorban az teszi, hogy a nyilatkoz\u00f3 szem\u00e9ly szem\u00e9lyis\u00e9ge jott\u00e1nyit sem v\u00e1ltozik, legfeljebb id\u0151nk\u00e9nt kev\u00e9sb\u00e9 k\u00e9ri sz\u00e1mon a sorson a sorsot; vagy tal\u00e1n a maga meg\u00e9rlelt, meg\u00e9rtett m\u00f3dj\u00e1n s idej\u00e9ben mondja ki minden dolgok \u00e1ll\u00e1s\u00e1r\u00f3l a mindig egyre t\u00f6bbet. S mik\u00e9pp alak\u00edtja \u00e9lete bonyolult folyamatait ez a sz\u00fcntelen, b\u00e1r szinte sohasem eleve keresett l\u00e9tfaggat\u00e1s? Ez nagyon egyszer\u0171, s kor\u00e1ntsem keresett itt sem a megfogalmaz\u00e1s m\u00f3dja: hogy mindenekel\u0151tt szeretettel k\u00f6zel\u00edtett viaskod\u00e1saihoz is. Meg\u00e9rt\u00e9ssel, az \u00f6nmaga \u00e1ltal dikt\u00e1lt \u00f6szt\u00f6nnel keresve a j\u00f3t, az \u00e9rt\u00e9kest, a l\u00e9lek\u00e9p\u00edt\u0151t; azt a szem\u00e9lyis\u00e9get \u201egy\u00farv\u00e1n ki\u201d \u00f6nmag\u00e1b\u00f3l, akiv\u00e9 v\u00e1lhat. Azt kerestem, \u201eakinek tudni szerettem volna magam\u201d, mondja err\u0151l, egy, a sodr\u00e1sb\u00f3l szinte alig kil\u00e9p\u0151 f\u00e9lmondatban, s ahogyan e pontb\u00f3l eljut szem\u00e9lyis\u00e9ge a m\u00e1r eml\u00edtett \u00d3meg\u00e1ig, no az, \u00e9ppen hogy az avatja e k\u00f6nyvet, mint mondtam, a m\u00f6g\u00f6tt\u00fcnk \u00e1ll\u00f3 \u00e9vtizedek reg\u00e9ny\u00e9v\u00e9.<\/p>\n\n\n\n<p>Amely majd \u00f6sszen\u0151, \u00f6ssze\u00e9r a k\u00f6nyvek k\u00f6nyv\u00e9vel. Mert ahogyan ez, \u00fagy az sem a rossz k\u00f6nyvek k\u00f6z\u00fcl val\u00f3. Kimondhatjuk h\u00e1t err\u0151l is a v\u00e9gs\u0151 summ\u00e1t: igen, minden teremtett vil\u00e1gok legvar\u00e1zslatosabb remeke a k\u00f6nyv. Ami, l\u00e1m, \u00fagy is meg\u00edr\u00f3dhat, hogy olykor-olykor elmes\u00e9lj\u00fck, tollba mondjuk valaki k\u00edv\u00e1ncsinak a t\u00f6rzsb\u0151l azt: mi is t\u00f6rt\u00e9nt vel\u00fcnk eddig, s mi fog t\u00f6rt\u00e9nni? B\u00e1r ha T\u00f3th L\u00e1szl\u00f3 olykor azt \u00e1ll\u00edtja: \u201eaz ember nem tudhatja el\u0151re, mit kap v\u00e9g\u00fcl sorsul\u201d, \u00e1m \u00e9pp az \u0151 k\u00f6nyve alapj\u00e1n azt gondoljuk \u2013 a sors, b\u00e1r ha n\u00e9ha csup\u00e1n csak visszavenni siker\u00fcl abb\u00f3l valamennyit, v\u00e9g\u00fcl is megsejthet\u0151. S egy-egy ilyen k\u00f6nyvb\u0151l m\u00e9g azt a konkl\u00fazi\u00f3t is megkock\u00e1ztathatjuk: m\u00e1r mindenk\u00e9pp j\u00f3 lesz a v\u00e9ge, akkor is, ha nem \u00e9rj\u00fck meg.<\/p>\n","protected":false},"excerpt":{"rendered":"<p>L\u00e1m, a textusok kontextusa, avagy Minden teremtett vil\u00e1gok legvar\u00e1zslatosabb remeke a k\u00f6nyv. Tudom, karcosan hangzik ez; egyens\u00falyozik a k\u00f6zhely \u00e9s a t\u00falst\u00edl k\u00f6z\u00f6tt; de h\u00e1t mit \u00edrjak, ha egyszer \u00edgy gondolom? K\u00f6nyv n\u00e9lk\u00fcl semmik vagyunk, s ez kor\u00e1ntsem jelenti azt, &hellip; <a href=\"https:\/\/opus-folyoirat.sk\/?page_id=4020\">Egy kattint\u00e1s ide a folytat\u00e1shoz&#8230;. <span class=\"meta-nav\">&rarr;<\/span><\/a><\/p>\n","protected":false},"author":4,"featured_media":0,"parent":0,"menu_order":0,"comment_status":"closed","ping_status":"closed","template":"","meta":{"footnotes":""},"class_list":["post-4020","page","type-page","status-publish","hentry"],"_links":{"self":[{"href":"https:\/\/opus-folyoirat.sk\/index.php?rest_route=\/wp\/v2\/pages\/4020","targetHints":{"allow":["GET"]}}],"collection":[{"href":"https:\/\/opus-folyoirat.sk\/index.php?rest_route=\/wp\/v2\/pages"}],"about":[{"href":"https:\/\/opus-folyoirat.sk\/index.php?rest_route=\/wp\/v2\/types\/page"}],"author":[{"embeddable":true,"href":"https:\/\/opus-folyoirat.sk\/index.php?rest_route=\/wp\/v2\/users\/4"}],"replies":[{"embeddable":true,"href":"https:\/\/opus-folyoirat.sk\/index.php?rest_route=%2Fwp%2Fv2%2Fcomments&post=4020"}],"version-history":[{"count":1,"href":"https:\/\/opus-folyoirat.sk\/index.php?rest_route=\/wp\/v2\/pages\/4020\/revisions"}],"predecessor-version":[{"id":4022,"href":"https:\/\/opus-folyoirat.sk\/index.php?rest_route=\/wp\/v2\/pages\/4020\/revisions\/4022"}],"wp:attachment":[{"href":"https:\/\/opus-folyoirat.sk\/index.php?rest_route=%2Fwp%2Fv2%2Fmedia&parent=4020"}],"curies":[{"name":"wp","href":"https:\/\/api.w.org\/{rel}","templated":true}]}}