{"id":4045,"date":"2025-07-23T12:01:00","date_gmt":"2025-07-23T10:01:00","guid":{"rendered":"https:\/\/opus-folyoirat.sk\/?page_id=4045"},"modified":"2026-01-15T02:02:50","modified_gmt":"2026-01-15T00:02:50","slug":"raso-attila-2","status":"publish","type":"page","link":"https:\/\/opus-folyoirat.sk\/?page_id=4045","title":{"rendered":"R\u00e1s\u00f3 Attila"},"content":{"rendered":"\n<div class=\"wp-block-group is-vertical is-layout-flex wp-container-core-group-is-layout-8cf370e7 wp-block-group-is-layout-flex\">\n<p><strong>Nini, t\u00fck\u00f6r!&nbsp;<\/strong><\/p>\n\n\n\n<p><em>&nbsp;(Bartalos T\u00f3th Iveta Hel\u00e9 c\u00edm\u0171 k\u00f6tet\u00e9r\u0151l)<\/em><\/p>\n<\/div>\n\n\n<div class=\"has-text-align-right wp-block-post-date\"><time datetime=\"2025-07-23T12:01:00+02:00\">2025-07-23<\/time><\/div>\n\n\n<p>December elej\u00e9n jelent meg&nbsp;a pozsonyi Womanpress Kiad\u00f3 gondoz\u00e1s\u00e1ban a dunaszerdahelyi sz\u00e1rmaz\u00e1s\u00fa Bartalos T\u00f3th Iveta \u00faj k\u00f6tete <em>Hel\u00e9<\/em> c\u00edmmel, mely negyven novell\u00e1t tartalmaz. Sokan v\u00e1rtuk a megjelen\u00e9st. M\u00e1r csak az\u00e9rt is, mert a megannyi n\u00edv\u00f3s lapban publik\u00e1lt (Szlov\u00e1ki\u00e1ban \u00e9s Magyarorsz\u00e1gon egyar\u00e1nt) irom\u00e1nyok remek sorokat tartalmaztak, melyek k\u00f6z\u00fcl a legt\u00f6bb be is ker\u00fclt a sz\u00f3ban forg\u00f3 k\u00f6tetbe.<\/p>\n\n\n\n<p>Kevesen vannak, akik nem ismerik a (szlov\u00e1kiai) Felvid\u00e9ken a kifejez\u00e9st: hel\u00e9. Kevesen vannak, akik nem egy vid\u00e1m kis vakond integet\u00e9s\u00e9re asszoci\u00e1lnak \u00e1ltala. Viszont sokan lesznek, akik meg\u00e9rtik, hogy a vakond alatti \u00fcreg, \u00e9s Iveta leg\u00fajabb k\u00f6tete, miben hasonl\u00edt. Mindkett\u0151 s\u00f6t\u00e9t, de sz\u00f3rakoztat\u00f3 tartalmat rejt, \u00e1m m\u00e1s-m\u00e1s aspektusban. Ugyanis, m\u00edg a klasszikus vakond fikt\u00edv, vid\u00e1m vil\u00e1gba kalauzol minket, addig a <em>Hel\u00e9<\/em> c\u00edm\u0171 k\u00f6nyv realisztikus, szinte zavarba ejt\u0151en \u0151szinte t\u00fckr\u00f6t tart el\u00e9nk, amir\u0151l ink\u00e1bb a hom\u00e1lyos, k\u00e9nyelmetlen h\u00e9tk\u00f6znapi szorong\u00e1sok jutnak esz\u00fcnkbe, mint az el\u0151bbi mili\u0151je; sz\u00f3val majdhogynem t\u00f6k\u00e9letes a kontraszt a k\u00e9t \u00e9lm\u00e9ny k\u00f6z\u00f6tt.<\/p>\n\n\n\n<p>Az olvas\u00f3nak azonban nem kell megrettennie a s\u00f6t\u00e9t hangulat hallat\u00e1n, mert legt\u00f6bbsz\u00f6r nagyon is kellemes k\u00f6rnyezetbe cs\u00f6ppen\u00fcnk. Igen, cs\u00f6ppen\u00fcnk, hiszen nek\u00fcnk kell a k\u00f6rnyezet, a p\u00e1rbesz\u00e9dek, a t\u00f6rt\u00e9n\u00e9sek, de olykor csup\u00e1n egy testr\u00e9sz \u00e1ltal r\u00e1j\u00f6nn\u00fcnk, hogy mir\u0151l, kir\u0151l van sz\u00f3, \u00e9s mit akar k\u00f6z\u00f6lni pontosan a novella \u2013 term\u00e9szetesen nem meglep\u0151, hiszen a r\u00f6vid pr\u00f3z\u00e1knak ez az egyik eszenci\u00e1ja. Azonban amint \u00f6sszeillesztj\u00fck a szegmenseket, meg\u00e9rkez\u00fcnk, \u00e9s meg\u00e9rkezik a konzekvencia, ami leggyakrabban \u00fagy \u201eoda van t\u00e9ve\u201d, hogy b\u00e1r nem t\u00fal hossz\u00faak ezek a t\u00f6rt\u00e9netek, m\u00e9gis id\u0151t kell adnunk a feldolgoz\u00e1sukhoz, befogad\u00e1sukhoz, mert meg kell r\u00e1gni rendesen a falatokat, hogy \u00fagy tudjuk lenyelni azokat, hogy minden \u00edzt ki\u00e9lvezt\u00fcnk, \u00e1t\u00e9rezt\u00fcnk benne. Ebb\u0151l kifoly\u00f3lag h\u00e1rom-n\u00e9gy novell\u00e1n\u00e1l t\u00f6bbet nem olvastam egy nap. Volt, melyet az\u00e9rt, hogy teljesen meg\u00e9rtsem, a legt\u00f6bbet pedig az\u00e9rt, mert elm\u00e9ly\u00fcltem a gondolataiban, \u00fczenet\u00e9ben.<\/p>\n\n\n\n<p>Voltak\u00e9ppen nem teljesen <em>dark<\/em> (s\u00f6t\u00e9t) a hangulat, hiszen remek humora is van a k\u00f6nyvnek, pontosabban intelligens humora, ett\u0151l pedig keser\u00e9des az \u00f6sszhat\u00e1s, ami kell\u0151k\u00e9ppen t\u00e1masztja meg a kem\u00e9ny cselekm\u00e9nyeket; melyek k\u00f6z\u00f6tt szerepel a b\u00e1ntalmaz\u00e1s, a megfelel\u00e9si k\u00e9nyszer, az ab\u00fazus vagy az elmag\u00e1nyosod\u00e1s, hogy csak p\u00e1rat megeml\u00edtsek az izgalmas \u00e9s egyben fontos t\u00e9m\u00e1k k\u00f6z\u00fcl.<\/p>\n\n\n\n<p>Fentebb m\u00e1r olvashat\u00f3 volt, hogy a k\u00f6tet r\u00f6vid novell\u00e1kat tartalmaz, \u00f6sszesen 40 darabot. A kurta terjedelm\u00fck r\u00e9v\u00e9n g\u00f6rd\u00fcl\u00e9kenys\u00e9g \u00e9rezhet\u0151, ami arra k\u00e9szteti az olvas\u00f3t, hogy min\u00e9l t\u00f6bbet elolvasson, azonban m\u00e9gis \u00e9rdemes meg\u00e1llni napi n\u00e9h\u00e1ny ut\u00e1n. A sok mini\u2013novella, aff\u00e9le pr\u00f3zai haiku hat\u00e1s\u00e1t id\u00e9zi, legal\u00e1bbis a hossz\u00fas\u00e1ga, s\u0171r\u0171s\u00e9ge \u00e9s az ut\u00f3hat\u00e1s rezg\u00e9sei \u00e1ltal sz\u00e1momra abszol\u00fat ez a t\u00edpus\u00fa p\u00e1rhuzam volt tapasztalhat\u00f3 t\u00f6bb darabja ut\u00e1n is.<\/p>\n\n\n\n<p>H\u00e1rom r\u00e9szre tagol\u00f3dik a k\u00f6nyv: Pillang\u00f3s, Te se, P\u00e1ros b\u00e9rlet.&nbsp;<\/p>\n\n\n\n<p>Az els\u0151 a gyerekkorra f\u00f3kusz\u00e1l, b\u00e1r a gyermeki n\u00e9z\u0151pont a t\u00f6bbi ciklusban is visszak\u00f6sz\u00f6n. Az \u00edr\u00f3 elmond\u00e1sa szerint az\u00e9rt, mert elemi tisztas\u00e1g van abban, ahogy a gyerekek l\u00e1tj\u00e1k \u00e9s \u00e9rz\u00e9kelik a vil\u00e1got, ebb\u0151l kifoly\u00f3lag nem helyezkednek, taktik\u00e1znak, csup\u00e1n rem\u00e9lik, v\u00e1gyj\u00e1k a b\u00e9k\u00e9t, a nyugalmat \u00e9s a szeretetet.<\/p>\n\n\n\n<p>A m\u00e1sodik r\u00e9sz a feln\u0151ttkor dilemm\u00e1it veszi g\u00f3rcs\u0151 al\u00e1. A legt\u00f6bb novell\u00e1t ez a blokk tartalmazza, mintha ezzel is jelezn\u00e9 a szerz\u0151, hogy ebben az \u00e9letszakaszban tapasztalunk \u00e1ltal\u00e1ban a legt\u00f6bbet.<\/p>\n\n\n\n<p>Az utols\u00f3 blokk pedig \u00e9rtelemszer\u0171en az id\u0151skori kih\u00edv\u00e1sokat t\u00e1rgyalja, pontosabban az elmag\u00e1nyosod\u00e1st \u2013 mind m\u00e1sokt\u00f3l, mind \u00f6nmagunkt\u00f3l \u2013, mert el\u0151fordul az is, hogy nemcsak az a k\u00e9rd\u00e9s az ember sz\u00e1m\u00e1ra, ki volt, hanem az is, ki lett bel\u0151le.<\/p>\n\n\n\n<p>R\u00e9g szippantott be egy pr\u00f3za ennyire, mint Bartalos T\u00f3th Iveta m\u0171ve. Vitt, hol a szavak, hol a mondanival\u00f3 h\u00e1t\u00e1n, de nem akart letenni, \u00e9s \u00e9n sem \u0151t. Szeretem ezt a fajta vil\u00e1got, amit k\u00e9pvisel, \u00e9s itt egyben a nyelvi st\u00edlusra is gondolok, ugyanis remek ritmusban adagolja a k\u00f6nnyebb \u00e9s bonyolultabb mondatokat, hasonlatokat, valamint t\u00e9m\u00e1kat.<\/p>\n\n\n\n<p>Aj\u00e1nlom sok olvas\u00f3nak a k\u00f6tetet, viszont nem mindenkinek, csup\u00e1n azoknak, akik nem a k\u00f6nnyen befogadhat\u00f3, \u00e9s kikapcsol\u00f3d\u00e1sra sz\u00e1nt k\u00f6nyveket kedvelik, mert ezekkel a novell\u00e1kkal nek\u00fcnk is van dolgunk, de pont ez\u00e9rt \u00e9rt\u00e9kesek, \u00e9s adnak sz\u00e1munkra m\u00e9lyensz\u00e1nt\u00f3 gondolatokat, ak\u00e1rcsak a komb\u00e1jnok a f\u00f6ldnek a remek minimalista bor\u00edt\u00f3n.<\/p>\n\n\n\n<p><em>(Bartalos T\u00f3th Iveta: Hel\u00e9, Pozsony, Womanpress, 2024)<\/em><\/p>\n","protected":false},"excerpt":{"rendered":"<p>Nini, t\u00fck\u00f6r!&nbsp; &nbsp;(Bartalos T\u00f3th Iveta Hel\u00e9 c\u00edm\u0171 k\u00f6tet\u00e9r\u0151l) December elej\u00e9n jelent meg&nbsp;a pozsonyi Womanpress Kiad\u00f3 gondoz\u00e1s\u00e1ban a dunaszerdahelyi sz\u00e1rmaz\u00e1s\u00fa Bartalos T\u00f3th Iveta \u00faj k\u00f6tete Hel\u00e9 c\u00edmmel, mely negyven novell\u00e1t tartalmaz. Sokan v\u00e1rtuk a megjelen\u00e9st. M\u00e1r csak az\u00e9rt is, mert a &hellip; <a href=\"https:\/\/opus-folyoirat.sk\/?page_id=4045\">Egy kattint\u00e1s ide a folytat\u00e1shoz&#8230;. <span class=\"meta-nav\">&rarr;<\/span><\/a><\/p>\n","protected":false},"author":4,"featured_media":0,"parent":0,"menu_order":0,"comment_status":"closed","ping_status":"closed","template":"","meta":{"footnotes":""},"class_list":["post-4045","page","type-page","status-publish","hentry"],"_links":{"self":[{"href":"https:\/\/opus-folyoirat.sk\/index.php?rest_route=\/wp\/v2\/pages\/4045","targetHints":{"allow":["GET"]}}],"collection":[{"href":"https:\/\/opus-folyoirat.sk\/index.php?rest_route=\/wp\/v2\/pages"}],"about":[{"href":"https:\/\/opus-folyoirat.sk\/index.php?rest_route=\/wp\/v2\/types\/page"}],"author":[{"embeddable":true,"href":"https:\/\/opus-folyoirat.sk\/index.php?rest_route=\/wp\/v2\/users\/4"}],"replies":[{"embeddable":true,"href":"https:\/\/opus-folyoirat.sk\/index.php?rest_route=%2Fwp%2Fv2%2Fcomments&post=4045"}],"version-history":[{"count":1,"href":"https:\/\/opus-folyoirat.sk\/index.php?rest_route=\/wp\/v2\/pages\/4045\/revisions"}],"predecessor-version":[{"id":4046,"href":"https:\/\/opus-folyoirat.sk\/index.php?rest_route=\/wp\/v2\/pages\/4045\/revisions\/4046"}],"wp:attachment":[{"href":"https:\/\/opus-folyoirat.sk\/index.php?rest_route=%2Fwp%2Fv2%2Fmedia&parent=4045"}],"curies":[{"name":"wp","href":"https:\/\/api.w.org\/{rel}","templated":true}]}}