{"id":4064,"date":"2025-07-29T02:16:00","date_gmt":"2025-07-29T00:16:00","guid":{"rendered":"https:\/\/opus-folyoirat.sk\/?page_id=4064"},"modified":"2026-01-15T02:17:57","modified_gmt":"2026-01-15T00:17:57","slug":"zsebe-tele-van-csillagokkal","status":"publish","type":"page","link":"https:\/\/opus-folyoirat.sk\/?page_id=4064","title":{"rendered":"\u201e\u2026zsebe tele van csillagokkal\u2026\u201d"},"content":{"rendered":"\n<p><em>Fellinger K\u00e1roly \u00e9vfordul\u00f3s k\u00f6tet\u00e9r\u0151l<\/em><\/p>\n\n\n<div class=\"has-text-align-right wp-block-post-date\"><time datetime=\"2025-07-29T02:16:00+02:00\">2025-07-29<\/time><\/div>\n\n\n<p><em>Fellinger K\u00e1roly<\/em> \u201eegyike a legt\u00f6bb foly\u00f3iratban megjelen\u0151 k\u00f6lt\u0151knek\u201d, olvashatjuk ama impoz\u00e1ns kivitelez\u00e9s\u0171 k\u00f6tetben, mely a szerz\u0151 hatvanadik sz\u00fclet\u00e9snapj\u00e1t k\u00f6sz\u00f6nti egyik kiad\u00f3ja r\u00e9sz\u00e9r\u0151l. Mondom ezt \u00edgy amiatt, mert hogy Fellinger nem csup\u00e1n a foly\u00f3iratok sokas\u00e1g\u00e1ban otthonos, hanem t\u00f6bb k\u00f6nyvkiad\u00f3 is m\u0171hely\u00e9ben tudhatja \u0151t. \u00c9rdemes m\u00e1r itt kis id\u0151re meg\u00e1llnunk, s elt\u0171n\u0151dn\u00fcnk, hov\u00e1 is jutott a magyar k\u00f6nyv- \u00e9s lapkiad\u00e1s a folytonoss\u00e1 v\u00e1lt szek\u00e9rt\u00e1bor-harcos villong\u00e1s ut\u00e1n? Od\u00e1ig, hogy \u00fcd\u00edt\u0151 kiv\u00e9telnek, feh\u00e9r foltnak l\u00e1tszik, ha akad, akit mindk\u00e9t oldal saj\u00e1tjak\u00e9nt fogad be, s akad, aki mindk\u00e9t oldallal \u00f6r\u00f6mest osztja meg m\u0171veit &#8211; s e d\u00f6nt\u00e9se \u00e1ltal \u201e<em>gazdagabb lett a<\/em> <strong><em>mi<\/em><\/strong> <em>k\u00f6nyvt\u00e1runk.\u201d<\/em> (Eszm\u00e9l\u00e9s). Az id\u00e9zetben szerepl\u0151 vastag\u00edtott sz\u00f3t \u00e9n emeltem \u00edgy ki, arra utalva: benn\u00fcnket kell, hogy gazdag\u00edtson minden le\u00edrt bet\u0171, ak\u00e1r elfogadjuk, ak\u00e1r nem annak jelent\u00e9s\u00e9t. D\u00f6nteni csak a teljess\u00e9g ismeret\u00e9ben tudunk, s ehhez \u00e9rten\u00fcnk kell a t\u00f6bbes sz\u00e1m jelent\u00e9s\u00e9t, tudni, hogy az <em>\u00e9n<\/em> sohasem \u00e9p\u00edt haz\u00e1t, sem nemzetet, csak \u00e9s kiz\u00e1r\u00f3lag a <em>mi<\/em> t\u00f6bbes\u00fcnk \u2013 az <em>egyetlen<\/em> oldal.<\/p>\n\n\n\n<figure class=\"wp-block-image size-full\"><img loading=\"lazy\" decoding=\"async\" width=\"520\" height=\"500\" src=\"https:\/\/opus-folyoirat.sk\/wp-content\/uploads\/2026\/01\/Fellinger-Karoly-Bumerang.jpeg\" alt=\"\" class=\"wp-image-4066\" srcset=\"https:\/\/opus-folyoirat.sk\/wp-content\/uploads\/2026\/01\/Fellinger-Karoly-Bumerang.jpeg 520w, https:\/\/opus-folyoirat.sk\/wp-content\/uploads\/2026\/01\/Fellinger-Karoly-Bumerang-300x288.jpeg 300w, https:\/\/opus-folyoirat.sk\/wp-content\/uploads\/2026\/01\/Fellinger-Karoly-Bumerang-312x300.jpeg 312w\" sizes=\"auto, (max-width: 520px) 100vw, 520px\" \/><\/figure>\n\n\n\n<p>Ezt l\u00e9nyeges Fellinger po\u00e9zise kapcs\u00e1n is f\u00f6lismern\u00fcnk, s ebben ez a k\u00f6tet hatalmas seg\u00edts\u00e9g\u00fcnkre v\u00e1lhat. \u00c9rdekes, hatv\u00e1nyozottan t\u00f6bbes dimenzi\u00f3kat fest f\u00f6l, vet\u00edt le, mint egy filmet \u2013 a k\u00e9psorok kezdetben afel\u00e9 csalj\u00e1k az olvas\u00f3t, hogy egy \u00f6n\u00e9letrajzi k\u00f6nyvet lapoznak, sz\u00fclet\u00e9s, eszm\u00e9let, sors, elrendeltet\u00e9s, elvegy\u00fcl\u00e9s \u00e9s kiv\u00e1l\u00e1s, majd lassul a fut\u00e1s, kezd m\u00e1r minden elv\u00e9gz\u0151dni, bev\u00e9gz\u0151dni, m\u00falik minden, s szinte hi\u00e1baval\u00f3 hinni abban, hogy ennek tanuls\u00e1gait \u201e<em>v\u00e9giglapozni mindig id\u0151szer\u0171. \u00c9n m\u00e9gse merem<\/em>.\u201d (K\u00f6nyvek). Valahol itt \u201et\u00f6rt\u00e9nik\u201d az els\u0151 csavar a k\u00f6tetben, az els\u0151 nyilv\u00e1nval\u00f3 csavar, hogy ez a sz\u00e9pen, kom\u00f3tosan v\u00e9gig k\u00f6vethet\u0151 \u00e9letk\u00e9pesk\u00f6nyv val\u00f3j\u00e1ban \u2013 f\u0151k\u00f6nyv. K\u00f6vetel \u00e9s tartozik, vagy \u2013 helyesebben \u2013 k\u00e9r \u00e9s megfizet. Mert meg kell fizetnie minden \u00e9l\u0151nek a legkevesebb\u00e9rt is, az \u00e9let jog\u00e1\u00e9rt is \u00f6nn\u00f6n hal\u00e1l\u00e1val, hiszen \u201e<em>az ember hal\u00e1la az \u00e9lete.<\/em>\u201d [(Mad\u00e1-) <strong><em>sic!<\/em><\/strong>]. \u00c9rdekes-furcsa sz\u00f3j\u00e1t\u00e9kkal \u00e9l itt a k\u00f6lt\u0151, <em>az utols\u00f3 sz\u00f3tag m\u00e1r a vers els\u0151 sora<\/em>, az eml\u00edtett megkett\u0151z\u00e9se a t\u00e9rnek: Mad\u00e1c-hot (<strong><em>sic!<\/em><\/strong>) elengedi, \u201e<em>visszaadja, kil\u00f6ki, ki\u0171zi a vil\u00e1g megism\u00e9telhetetlens\u00e9ge<\/em>\u201d, de ez a versbe emelve mement\u00f3v\u00e1 v\u00e1lik \u2013 eml\u00e9keztet az eml\u00e9kezet folytonos lomtalan\u00edt\u00e1s\u00e1ra, puszt\u00edt\u00e1s\u00e1ra. A k\u00f6lt\u0151 azt teszi, ami a k\u00f6lt\u00e9szet dolga, a szellem eszm\u00e9l\u00e9se \u0151sid\u0151k \u00f3ta \u2013 hiszen m\u00e1r a barlangrajzok is egyfajta metafor\u00e1k, j\u00f3val a nyelvi strukt\u00far\u00e1k sz\u00fclet\u00e9se el\u0151tti id\u0151kb\u0151l. A k\u00f6tet f\u00f3kusza, mint mondtam, egyir\u00e1ny\u00fa \u2013 elmes\u00e9li egy emberi l\u00e9ny vil\u00e1gra eszm\u00e9l\u00e9s\u00e9nek s a vil\u00e1gb\u00f3l-m\u00fal\u00e1s\u00e1nak st\u00e1ci\u00f3it, s ez az ember lehetne ak\u00e1r a k\u00f6lt\u0151, de lehetne a mindig v\u00e1ltoz\u00f3 s mindig v\u00e1ltozatlan sorsra k\u00e9nyszer\u00fcl\u0151 egyetemes ember. Aki mindegy, hogy mennyit has\u00edt ki l\u00e9tez\u00e9snyi ideje alatt a vil\u00e1gb\u00f3l, mindegy, hogy egykori jelenl\u00e9t\u00e9t szobrok, vagy el\u00fcltetett f\u00e1k \u0151rzik; \u00e9lete arra a j\u00f6v\u0151re van b\u00edzva, amelyben az \u00e9l\u0151k sz\u00e1m\u00e1ra a m\u00falt, az eml\u00e9kezet kiz\u00e1r\u00f3lag a pillanatnyi \u00fajrahasznos\u00edt\u00e1st szolg\u00e1lja, \u201e<em>\u00dajra \u00e9s \u00fajra csak lomtalan\u00edtunk<\/em>\u201d, mondj\u00e1k az ut\u00f3dok, s el\u0151znek, sz\u00e1guldanak \u2013 visszapillant\u00e1s n\u00e9lk\u00fcl.<\/p>\n\n\n\n<p>Mindezt persze csak ki- \u00e9s \u00e1t\u00e9rezz\u00fck Fellinger verseit olvasva &#8211; s ne feledkezz\u00fcnk meg a gy\u00f6ny\u00f6r\u0171 illusztr\u00e1ci\u00f3kr\u00f3l sem. <em>Dol\u00e1n Gy\u00f6rgy<\/em> id\u0151sz\u00ednkompoz\u00edci\u00f3i intenz\u00edv er\u0151vel emelik m\u00e1r-m\u00e1r szakr\u00e1lis magass\u00e1gokba a po\u00e9zis s\u00edkjait s tereit; egyik \u2013 k\u00fcl\u00f6n\u00f6sk\u00e9pp \u2013 kedvencem a k\u00f6tetben utols\u00f3k\u00e9nt l\u00e1that\u00f3 festm\u00e9nyreprodukci\u00f3, ahol Dol\u00e1n utol\u00e9rhetetlen egyedis\u00e9ggel id\u00e9zi meg <em>Chagall<\/em> mot\u00edvumaib\u00f3l (S\u00e9ta a v\u00e1rosban, \u00e9s\/vagy a f\u00f6l\u00f6tt\u00fck \u00e1tsuhan\u00f3 angyali l\u00e9nyek k\u00e1pr\u00e1zat\u00e1ban) a r\u00e1d\u00f6bben\u00e9st: f\u00f6ldi l\u00e9t\u00fcnkben az \u00f6r\u00f6kk\u00e9val\u00f3s\u00e1g is muland\u00f3; \u201e<em>a mai hal\u00e1l leamortiz\u00e1l\u00f3dott, k\u00e9sei lesz\u00e1rmazottja az \u00f6r\u00f6k \u00e9letnek<\/em>\u201d (Rad\u00edr &#8211; \/<em>Kabai<\/em> <em>L\u00f3r\u00e1nt<\/em> hal\u00e1l\u00e1ra\/).<\/p>\n\n\n\n<p>Csak ki- \u00e9s \u00e1t\u00e9rezz\u00fck, mondtam, mert hiszen a hatvan esztend\u0151s Fellinger K\u00e1roly sok \u00e9vtizede erre predesztin\u00e1l benn\u00fcnket, olvas\u00f3kat. K\u00f6lt\u00e9szete \u00fagy \u00e9s annyiban intertextu\u00e1lis, hogy a l\u00e9tez\u00e9s \u2013 a <em>Teremt\u00e9s<\/em> &#8211; mot\u00edvumainak teljess\u00e9g\u00e9t fogja \u00e1t, helyezi a vers\u00e9szlelet egyetemes foglalat\u00e1ba; k\u00eds\u00e9rleteit ez induk\u00e1lja, ak\u00e1r line\u00e1ris kompoz\u00edci\u00f3kba (mint ez a k\u00f6tet) f\u0171zi egym\u00e1s-ut\u00e1nis\u00e1gba munk\u00e1it, ak\u00e1r egym\u00e1ssal nem is f\u00f6lt\u00e9tlen\u00fcl koherens viszonyban \u00e1ll\u00f3 ciklusokba z\u00e1rja textusait. Minden csak \u00e1tsuhan benn\u00fcnk, mint Chagall l\u00e9nyei, meg\u00e9rint, \u00edgy maradv\u00e1n meg benn\u00fcnk \u2013 hisz minden a k\u00f6lt\u00e9szet l\u00e9lek\u00e9letrajza abban \u2013 s \u00edgy vezet tov\u00e1bb, a megmarad\u00e1s fel\u00e9. Mert b\u00e1r igaz, hogy \u201e<em>Minden v\u00e1ltoz\u00e1sra van \u00edt\u00e9lve<\/em>\u201d (Halloween), de akkor is meg\u0151riztet\u00fcnk a m\u00e1r nem m\u00fal\u00f3 \u00f6r\u00f6kk\u00e9val\u00f3s\u00e1gban, vagyunk s lesz\u00fcnk, ha ki tudjuk mondani, hogy \u201e<em>K\u00f6rm\u00f6m alatt helye van az anyaf\u00f6ldnek<\/em>\u201d (Bulv\u00e1r).<\/p>\n\n\n\n<p>Fellinger K\u00e1roly: Bumer\u00e1ng. Versek. Dol\u00e1n Gy\u00f6rgy festm\u00e9nyeivel. 226. o. AB ART Kiad\u00f3, 2023.<\/p>\n\n\n\n<p><em>Tam\u00e1si Orosz J\u00e1nos&nbsp;<\/em><\/p>\n","protected":false},"excerpt":{"rendered":"<p>Fellinger K\u00e1roly \u00e9vfordul\u00f3s k\u00f6tet\u00e9r\u0151l Fellinger K\u00e1roly \u201eegyike a legt\u00f6bb foly\u00f3iratban megjelen\u0151 k\u00f6lt\u0151knek\u201d, olvashatjuk ama impoz\u00e1ns kivitelez\u00e9s\u0171 k\u00f6tetben, mely a szerz\u0151 hatvanadik sz\u00fclet\u00e9snapj\u00e1t k\u00f6sz\u00f6nti egyik kiad\u00f3ja r\u00e9sz\u00e9r\u0151l. Mondom ezt \u00edgy amiatt, mert hogy Fellinger nem csup\u00e1n a foly\u00f3iratok sokas\u00e1g\u00e1ban otthonos, hanem &hellip; <a href=\"https:\/\/opus-folyoirat.sk\/?page_id=4064\">Egy kattint\u00e1s ide a folytat\u00e1shoz&#8230;. <span class=\"meta-nav\">&rarr;<\/span><\/a><\/p>\n","protected":false},"author":4,"featured_media":0,"parent":0,"menu_order":0,"comment_status":"closed","ping_status":"closed","template":"","meta":{"footnotes":""},"class_list":["post-4064","page","type-page","status-publish","hentry"],"_links":{"self":[{"href":"https:\/\/opus-folyoirat.sk\/index.php?rest_route=\/wp\/v2\/pages\/4064","targetHints":{"allow":["GET"]}}],"collection":[{"href":"https:\/\/opus-folyoirat.sk\/index.php?rest_route=\/wp\/v2\/pages"}],"about":[{"href":"https:\/\/opus-folyoirat.sk\/index.php?rest_route=\/wp\/v2\/types\/page"}],"author":[{"embeddable":true,"href":"https:\/\/opus-folyoirat.sk\/index.php?rest_route=\/wp\/v2\/users\/4"}],"replies":[{"embeddable":true,"href":"https:\/\/opus-folyoirat.sk\/index.php?rest_route=%2Fwp%2Fv2%2Fcomments&post=4064"}],"version-history":[{"count":1,"href":"https:\/\/opus-folyoirat.sk\/index.php?rest_route=\/wp\/v2\/pages\/4064\/revisions"}],"predecessor-version":[{"id":4067,"href":"https:\/\/opus-folyoirat.sk\/index.php?rest_route=\/wp\/v2\/pages\/4064\/revisions\/4067"}],"wp:attachment":[{"href":"https:\/\/opus-folyoirat.sk\/index.php?rest_route=%2Fwp%2Fv2%2Fmedia&parent=4064"}],"curies":[{"name":"wp","href":"https:\/\/api.w.org\/{rel}","templated":true}]}}