{"id":4086,"date":"2025-09-27T02:50:00","date_gmt":"2025-09-27T00:50:00","guid":{"rendered":"https:\/\/opus-folyoirat.sk\/?page_id=4086"},"modified":"2026-01-15T02:52:31","modified_gmt":"2026-01-15T00:52:31","slug":"szulofalum-bolcsodalat-dudolom","status":"publish","type":"page","link":"https:\/\/opus-folyoirat.sk\/?page_id=4086","title":{"rendered":"\u201e\u2026sz\u00fcl\u0151falum b\u00f6lcs\u0151dal\u00e1t d\u00fadolom\u2026\u201d"},"content":{"rendered":"\n<p><em>Ravasz J\u00f3zsef, a csall\u00f3k\u00f6zi cs\u00f6nd po\u00e9t\u00e1ja<\/em><\/p>\n\n\n<div class=\"has-text-align-right wp-block-post-date\"><time datetime=\"2025-09-27T02:50:00+02:00\">2025-09-27<\/time><\/div>\n\n\n<p>Vannak megv\u00e1laszolhatatlan k\u00e9rd\u00e9sek. H\u00e1ny angyal f\u00e9r el egy t\u0171 hegy\u00e9n? Mennyi v\u00edzcsepp kapaszkodik \u00f6ssze a Duna hull\u00e1maiban? H\u00e1ny homokszem kac\u00e9rkodik a sz\u00e9llel? \u00c9s persze \u2013 h\u00e1ny csillag van az \u00e9gen? \u00c9s van megv\u00e1laszolhat\u00f3 k\u00e9rd\u00e9s. Elf\u00e9r-e a Csall\u00f3k\u00f6z, s abban minden \u2013 a t\u0171k hegy\u00e9nek f\u00e1jdalma, az angyalok mosolya, az \u00f3ce\u00e1nokat ideid\u00e9z\u0151 v\u00edzcs\u00f6ppek, s az \u00e1lmok f\u00f6lkavarod\u00f3 porszemei, s persze minden csillag, ami a Csall\u00f3k\u00f6z f\u00f6l\u00f6tt l\u00e1that\u00f3, s k\u00fcl\u00f6n\u00f6sen azok, amelyek Ap\u00e1caszak\u00e1llas fel\u00e9 ford\u00edtj\u00e1k a Holdat, \u00edgy, mindez egy\u00fctt elf\u00e9r-e <em>Ravasz J\u00f3zsef<\/em> sz\u00edv\u00e9ben, s mindent \u00f6lel\u0151n befog\u00f3 s befogad\u00f3 tekintet\u00e9ben? A k\u00e9rd\u00e9s, mint mondtam, megv\u00e1laszolhat\u00f3 \u2013 e versek sorai adnak r\u00e1 feleletet.&nbsp;<\/p>\n\n\n\n<p>T\u00fal emelkedett vagyok? T\u00fal meghitten k\u00f6zel\u00edtem meg e versvil\u00e1got? Tal\u00e1n \u00edgy van, de ne v\u00e9lelmezz\u00e9k ezt megbocs\u00e1thatatlannak. \u00c9pp ellenkez\u0151leg: arra gondoljon az olvas\u00f3, hogy egy k\u00f6lt\u00e9szet mindig az identit\u00e1s teljess\u00e9g\u00e9b\u0151l t\u00e1pl\u00e1lkozik s az identit\u00e1s, amib\u0151l ezt teszi, mindannak \u00f6sszegz\u00e9se, amit a l\u00e9lek \u00e9rt\u00e9kk\u00e9nt, erk\u00f6lcsi gyarapod\u00e1sk\u00e9nt, \u00f6r\u00f6mforr\u00e1sk\u00e9nt \u00e9s meg\u00f3vand\u00f3-meg\u0151rzend\u0151 min\u0151s\u00e9gk\u00e9nt szublim\u00e1l. \u00cdgy kell olvasnunk ezt a versesk\u00f6tetet, \u00edgy kell befogadnunk azt a szeretet-f\u00fcz\u00e9rt, azt az <em>olvas\u00f3<\/em>t, ami \u2013 hitem szerint \u2013 m\u00e9lyen meg\u00e9rinti a k\u00f6nyv valamennyi olvas\u00f3j\u00e1t.&nbsp;<\/p>\n\n\n\n<p>Az im\u00e9nti d\u0151lt bet\u0171s sz\u00f3 alatt persze a rosariumra gondolok; a r\u00f3zsaf\u00fcz\u00e9rre, amely tal\u00e1n az egyik legels\u0151 kiseg\u00edt\u0151 eszk\u00f6ze (b\u00e1r enn\u00e9l sokkalta t\u00f6bb) volt a kereszt\u00e9ny hit mindennapi gyakorlat\u00e1nak. (A kereszt\u00e9ny hagyom\u00e1ny szerint az els\u0151 \u2013 egy jelen\u00e9st k\u00f6vet\u0151en &#8211; a Sz\u0171zanya sz\u00e1m\u00e1ra k\u00e9sz\u00fclt, \u00f6sszepr\u00e9selt r\u00f3zsaszirmokb\u00f3l \u2013 ez adta a nev\u00e9t.) Elt\u00e1volodva a r\u00f3zsaf\u00fcz\u00e9r \u2013 ami am\u00fagy az ezot\u00e9ria megjelen\u00edt\u00e9s\u00e9nek roppant izgalmas t\u00f6rt\u00e9net-szelete is \u2013 teologikus magyar\u00e1zat\u00e1t\u00f3l, a szerep\u00e9t n\u00e9mileg profaniz\u00e1lva \u00fagy is mondhatjuk, hogy az ism\u00e9tl\u0151d\u0151 im\u00e1k, a szents\u00e9g-k\u00f6zel\u00edt\u00e9s, az elm\u00e9lked\u0151 Krisztus-im\u00e1ds\u00e1g mag\u00e1nyos \u00f3r\u00e1inak abakusza ez a l\u00e9lekereklye; s nem j\u00e1t\u00e9k a szavakkal, nem \u00fcres sz\u00f3j\u00e1t\u00e9k, ha azt mondom: Ravasz J\u00f3zsef Csall\u00f3k\u00f6z-f\u00fcz\u00e9re mintha spont\u00e1n m\u00f3don k\u00f6zel\u00edtene ama eszk\u00f6zh\u00f6z, amely a l\u00e9lek erej\u00e9nek \u0151si kapaszkod\u00f3ja, t\u00e1masza; ha \u00fagy ad\u00f3dik, v\u00e1ndorbotja, de ha kell, p\u00e1sztorbotja.<\/p>\n\n\n\n<p>A k\u00f6tet \u00edve, szerkeszt\u00e9se, mindenk\u00e9pp spont\u00e1n eszk\u00f6zk\u00e9nt, n\u00e9mik\u00e9pp hajaz ezen k\u00e9szs\u00e9g l\u00e9nyeg\u00e9ben adekv\u00e1t m\u00f3don ad\u00f3d\u00f3 lehet\u0151s\u00e9g\u00e9hez. Hiszen (s h\u00e1t kezelj\u00fck tov\u00e1bbra is f\u00e9lig-meddig mosolygv\u00e1n a nyelvet) ami l\u00e9lekk\u00f6zeli, azt a k\u00e9zk\u00f6zeli k\u00e9szs\u00e9gek m\u00e9g er\u0151sebb\u00e9 teszik. Mint eme k\u00f6tet eset\u00e9ben, mert hiszen a versek valamik\u00e9nt \u00fagy k\u00edv\u00e1nkoztak \u00f6ssze, kerest\u00e9k meg egym\u00e1st, ahogyan a rosarium t\u00f6rt\u00e9net\u00e9b\u0151l sejlenek ki a hit gyakorl\u00e1s\u00e1nak hogyan-j\u00e1ban elm\u00e9lyed\u0151 elme praktikus megk\u00f6zel\u00edt\u00e9sei. S a k\u00f6nyv fel\u00e9p\u00edt\u00e9se is k\u00f6veti kicsit a k\u00f6lt\u0151 szem\u00e9lyes sors\u00e1nak, identit\u00e1s\u00e1nak \u00e9s ragaszkod\u00e1s\u00e1nak \u00fatj\u00e1t, a k\u00f6t\u00e9sek kapcsol\u00f3d\u00e1si pontjait ahhoz a t\u00e1jhoz, t\u00e1jegys\u00e9ghez, egy, a t\u00e1g vil\u00e1gon bel\u00fcli ann\u00e1l is t\u00e1gabb, sz\u00e1m\u00e1ra hat\u00e1rtalan vil\u00e1ghoz: a Csall\u00f3k\u00f6zh\u00f6z.&nbsp;<\/p>\n\n\n\n<p>Radn\u00f3tival vallja, hogy \u201enekem sz\u00fcl\u0151haz\u00e1m itt e l\u00e1ngokt\u00f3l \u00f6lelt kis orsz\u00e1g\u201d, Pet\u0151fivel egy\u00fctt s\u00f3hajt \u00e9rte (\u201eN\u0151 b\u00fam, ha s\u00f6t\u00e9tedni kezd, Haz\u00e1m, f\u00f6l\u00f6tted\u201d), s Arannyal egyet\u00e9rt\u0151en ism\u00e9tli vele: \u201e\u2026a k\u00f6lt\u0151nek egy &#8211; csak egy haz\u00e1ja van.\u201d Ravasz versf\u00fcz\u00e9re ezt a k\u00f6t\u0151d\u00e9st t\u00e9rk\u00e9pezi f\u00f6l \u00f6nmag\u00e1ban is, mik\u00f6zben el\u00e9nk t\u00e1rja Csall\u00f3k\u00f6z lelki, l\u00e1thatatlan \u00e9s annak fizikai, l\u00e1that\u00f3 arc\u00e1t, t\u00e9rk\u00e9p\u00e9t \u2013 e \u201eDunak\u00f6zti kishaza\u201d megtart\u00f3 erej\u00e9t, sz\u00e9ps\u00e9g\u00e9t. Ahol, mint egy foh\u00e1sz, fogalmaz\u00f3dik meg benne emberi \u00e9s k\u00f6lt\u0151i identit\u00e1sa egyetlen lakonikus kijelent\u00e9sben: <em>az \u00e9n lelkem Csall\u00f3k\u00f6z<\/em>. S abban a l\u00e9lek, a k\u00f6lt\u0151 lelk\u00e9nek otthona,&nbsp; lak\u00f3helye \u2013 Ap\u00e1caszak\u00e1llas. Mert, id\u00e9zz\u00fck a k\u00f6lt\u0151t, \u201eGyermekk\u00e9nt itt tal\u00e1lkoztam Angyalk\u00e1val, \/ s tanultam kar\u00e1csonyul besz\u00e9lni, \/ \u2026 \/ cig\u00e1ny-s\u00f3hajb\u00f3l kar\u00e1csonyf\u00e1t d\u00edsz\u00edteni\u201d. Igen, cig\u00e1ny-s\u00f3hajb\u00f3l, hiszen \u2013 ha nem mondtuk volna \u2013 Ravasz J\u00f3zsef cig\u00e1ny k\u00f6lt\u0151, s \u00edgy, t\u00f6bbsz\u00f6r\u00f6s kisebbs\u00e9gi sorssal \u00e1ldva \u00e9s verve, h\u00e1romnegyed \u00e9vsz\u00e1zados l\u00e9tk\u00fczdelem, majd p\u00e9ldamutat\u00f3 k\u00f6z\u00f6ss\u00e9g-\u00e9p\u00edt\u0151 munka ut\u00e1n lett sz\u00fcl\u0151faluja d\u00edszpolg\u00e1ra, s a felvid\u00e9ki magyar k\u00f6lt\u00e9szet neves kort\u00e1rs po\u00e9t\u00e1ja. Ezt a sorsot, s annak szoros k\u00f6t\u00e9s\u00e9t Csall\u00f3k\u00f6zh\u00f6z mutatja be ez a versf\u00fcz\u00e9r, bens\u0151s\u00e9ges, \u0151szinte s mindenekel\u0151tt b\u00fcszke al\u00e1zattal. Mert b\u00fcszke al\u00e1zattal fogalmazza s mondja ki vallom\u00e1sait sz\u00fcl\u0151f\u00f6ldj\u00e9r\u0151l, hiszen b\u00fcszke arra, hogy csall\u00f3k\u00f6zinek mondhatja mag\u00e1t \u00e9s b\u00fcszke arra, hogy e \u201eDunak\u00f6zti kishaza\u201d hasonl\u00f3 m\u00f3d b\u00fcszk\u00e9n tekint r\u00e1.<\/p>\n\n\n\n<p>Nem volt k\u00f6nny\u0171 \u00fat\u2026 K\u00f6nyve ennek foglalata, s ha \u00fagy tetszik, igen \u2013 r\u00f3zsaf\u00fcz\u00e9re. Persze, nem annak szoros \u2013 \u00e9vsz\u00e1zadok alatt kialakult \u2013 f\u00f6l\u00e9p\u00edt\u00e9s\u00e9t k\u00f6veti. De ciklusai m\u00e9gis mintha \u00edgy \u00e9rezn\u00e9k j\u00f3l magukat, a versek ekk\u00e9nt \u00f3hajtan\u00e1nak \u00f6sszerendez\u0151dni. \u00cdgy keresik logikusan egym\u00e1s t\u00e1rsas\u00e1g\u00e1t. Az els\u0151 ciklus \u2013 <em>Mikor nyelv\u00fcnk\u00f6n besz\u00e9lte el <\/em>\u2013 ak\u00e1rha a rosariumba \u00e9p\u00edtett titkok eredet\u00e9t foglaln\u00e1 \u00f6ssze: a versek h\u00e1tter\u00e9ben megjelenik Ap\u00e1caszak\u00e1llas t\u00f6rt\u00e9nelme, a falu h\u00e1bor\u00fakban elesett h\u0151sei, a korfordul\u00f3k, az \u00e1td\u00fcb\u00f6rg\u0151 szovjet tankok, a b\u00e1rsonyos forradalom, s mindek\u00f6zben a gyermekkort\u00f3l a feln\u0151tt\u00e9 v\u00e1l\u00e1sig megtett \u00fat \u00e9lm\u00e9nyzuhataga olvastatja mag\u00e1t. S igen, a rejtett k\u00e9pek \u00e1thall\u00e1sai mintha jelezn\u00e9k a himnikus t\u00f6bbletet \u2013 az imak\u00f6nyvb\u0151l \u00e9nekl\u0151 ap\u00e1c\u00e1k, az itt maradt angyalok, s a k\u00f6lt\u0151ben n\u00e9ha m\u00e9g ma is \u201el\u00e1rm\u00e1z\u00f3\u201d cig\u00e1nyp\u00e9r\u00f3, \u201e\u2026ahol \/ \u00f6r\u00f6meim l\u00e9tr\u00e1j\u00e1n Istenke \/ keres\u00e9s\u00e9re m\u00e1sztam sz\u00fcntelen\u201d.<\/p>\n\n\n\n<p>A m\u00e1sodik, &#8211; <em>Harangoznak Csall\u00f3k\u00f6zben<\/em> &#8211; b\u0151vebb ciklus Csall\u00f3k\u00f6z \u00f6nmag\u00e1ban is egyetemes vil\u00e1ga. Hiszen minden \u00e9rzelem megfogalmaz\u00f3dik itt, a szoros k\u00f6t\u00e9s a t\u00e1jhoz, a nyelvhez, a k\u00f6z\u00f6ss\u00e9ghez; minden, ami\u00e9rt \u201eHaza l\u00f6kd\u00f6s az idegen.\u201d, mert haza \u0171zi a honv\u00e1gy, a nyugalom \u00f3haja \u201eSz\u00fcl\u0151f\u00f6ldem isteni kertj\u00e9ben.\u201d, oda, az \u00e9let\u00fat-b\u00f6lcs\u0151 \u00f6lel\u00e9s\u00e9be, \u201eIsten vil\u00e1gnagys\u00e1g\u00fa tenyer\u00e9be\u201d. Igen, e ciklus minden verse mintha a rosarium egy-egy gy\u00f6ngyszeme lenne, s minden szava, hangs\u00falya egy-egy Hiszekegy, Miaty\u00e1nk, avagy \u00dcdv\u00f6zl\u00e9gy. \u0150szinte, spont\u00e1n l\u00e9lekkit\u00e1rulkoz\u00e1ssal \u2013 hiszen els\u0151sorban az eml\u00e9kezet kavicsaib\u00f3l \u00e9p\u00edtkezik; lehajol \u00e9rt\u00fck, hogy felemelje a csillagot\u2026<\/p>\n\n\n\n<p>A k\u00f6vetkez\u0151 ciklus &#8211; <em>Vivaldi a cig\u00e1nyp\u00e9r\u00f3n<\/em> \u2013 a csillag (s a gy\u00f6ngyszemek) lel\u0151helye. Ap\u00e1caszak\u00e1llas \u00e9s a Csall\u00f3k\u00f6z foglalata, a n\u00e9gy \u00e9vszak t\u00fckr\u00e9ben. \u201eKihalt t\u00e1jban f\u00e9nnyel \u00edrok\u201d, jelenti be a k\u00f6lt\u0151 a ciklus els\u0151 mondat\u00e1ban, s ezzel hangs\u00falyosan mutatja fel ism\u00e9t csak a rosariumot, a f\u00e9ny hordoz\u00f3j\u00e1t, s a titkos \u00e9rtelm\u0171 r\u00f3zs\u00e1t \u2013 ahol \u201eSz\u00edvem hangos dobog\u00e1s\u00e1ban \/ t\u00e1jle\u00edr\u00e1sk\u00e9nt \u00edr\u00f3dik bennem \/ sz\u00e9p sz\u00fcl\u0151f\u00f6ldem verse.\u201d A versek \u00edve itt kicsit folytatja Csall\u00f3k\u00f6z sz\u00e9ps\u00e9geinek f\u00f6lvonultat\u00e1s\u00e1t, ugyanakkor a foh\u00e1szok megtelnek aggodalmas rem\u00e9nnyel, s a megmarad\u00e1s \u0151rz\u00e9s\u00e9nek akar\u00e1s\u00e1val, m\u00faltra s jelenre kiterjesztett k\u00f6teless\u00e9g\u00e9rzettel. Mert \u201eIsten erdeje Csall\u00f3k\u00f6z.\u201d Mert ma s legyen \u00edgy mind\u00f6r\u00f6kk\u00e9 \u201eCsall\u00f3k\u00f6z, mint egy sz\u00ednes k\u00e9peslap. \/ Sz\u00e9ps\u00e9ge \u00fcdv\u00f6zlet a m\u00e1b\u00f3l.\u201d&nbsp;<\/p>\n\n\n\n<p>De, \u00e9rezni s \u00e9reztetni, kimondani kell s pergetni a gy\u00f6ngy\u00f6ket, ha egyed\u00fcl, akkor egyed\u00fcl, de kell, mert \u2013&nbsp; tamlyovel. S\u00f6t\u00e9tedik. \u00c9s \u201eN\u0151 b\u00fam, ha s\u00f6t\u00e9tedni kezd, Haz\u00e1m, f\u00f6l\u00f6tted\u201d, id\u00e9zt\u00fck m\u00e1r Pet\u0151fit, s a k\u00f6tet negyedik \u2013 k\u00f6tetz\u00e1r\u00f3 \u2013 ciklusa, ha \u00fagy tetszik, a t\u00e1jra s a szem\u00e9lyre szabott foh\u00e1szok, im\u00e1k hiszekegy-foglalata. N\u00e9h\u00e1ny, de ann\u00e1l s\u00falyosabb vers sorj\u00e1zza itt a lelket \u2013 a k\u00f6lt\u0151 \u00e9rzi \u00e9vei sz\u00e1m\u00e1nak terh\u00e9t, de l\u00e1tja a sz\u00fcl\u0151f\u00f6ldje f\u00f6l\u00e9 \u00fajra ereszked\u0151 fellegeket, s kimondja, imm\u00e1r n\u00e9pe nyelv\u00e9n, els\u00f3hajtja: <em>tamlyovel<\/em>. S\u00f6t\u00e9tedik. S mi lehetne m\u00e1s az utols\u00f3 foh\u00e1szok egyike, mint az, amit e sors \u00e9s e k\u00f6tet mindv\u00e9gig szolg\u00e1lt, b\u00fcszke al\u00e1zattal: \u201e\u00c9letem v\u00e1gya \/ cig\u00e1nytudattal szel\u00edden, \/ magyar haz\u00e1t k\u00f6vetelni. \/\/\u2026\/\/ \u00c9letem v\u00e1gya \/ Csall\u00f3k\u00f6z T\u00fcnd\u00e9rkertj\u00e9nek \/ el nem m\u00fal\u00f3, t\u00e9boly\u00edt\u00f3 illata.\u201d<\/p>\n\n\n\n<p>A szerelem \u00e9s a szabads\u00e1g k\u00f6lt\u00e9szete ez. Egyszer\u0171, \u00e9rzelmekkel \u00e9s \u00e9rz\u00e9sekkel \u00e1thatott l\u00edra. Olyan k\u00f6lt\u00e9szet, melynek m\u0171vel\u0151je tal\u00e1n val\u00f3ban nem sorolhat\u00f3 be a modern k\u00f6lt\u00e9szet ilyen vagy olyan ir\u00e1nyzataiba, nem skatuly\u00e1zhat\u00f3 \u00e9s magyar\u00e1zhat\u00f3 izmusok \u00e9s \u201eillizmusok\u201d \u00e1larcos-hamis egyenleteivel \u2013 Ravasz J\u00f3zsef intertextualit\u00e1sa valamik\u00e9pp ott keresend\u0151, oda k\u00f6thet\u0151, ama pillanathoz, amikor Guzman Domonkos \u2013 tal\u00e1n, hogy maga is meg\u00e9rtse a sugallatot \u2013 koszor\u00fat k\u00e9sz\u00edtett az \u00f6sszepr\u00e9selt r\u00f3zsaszirmokb\u00f3l. K\u00f6lt\u0151nk a hit \u00e9rezhet\u0151 \u00e9s \u00e9rz\u00e9kelhet\u0151 jegyeib\u0151l fonja meg a rem\u00e9ny koszor\u00faj\u00e1t; nem \u0151 pr\u00e9dik\u00e1l, hanem hossz\u00fa \u00fatj\u00e1n mindv\u00e9gig \u0151 hallgatta a foly\u00f3k \u00e9s dombh\u00e1tak, a poros utak, a f\u00e1k, a vir\u00e1gok, s a mindig visszat\u00e9r\u0151 v\u00e1ndormadarak \u00e1ltal az id\u0151k kezdeteib\u0151l hozott \u00fczenetek, hom\u00edli\u00e1k szeretet-szavait. Ravasz a sz\u00e1rmaz\u00e1ssal, t\u00e1jjal, nyelvvel szorosan egybefon\u00f3d\u00f3 szem\u00e9lyis\u00e9g-k\u00f6lt\u00e9szet k\u00f6vet\u0151je, s mint ilyen, a legh\u0171s\u00e9gesebb megjelen\u00edt\u0151je ama patri\u00f3ta identit\u00e1snak, amely n\u00e9pben, nemzetben, hagyom\u00e1ny\u0151rz\u00e9sben, \u00e9rt\u00e9kk\u00f6zvet\u00edt\u00e9sben \u00e9s annak gyarap\u00edt\u00e1s\u00e1ban jeleskedik, de mindenekel\u0151tt aki minderre angyali \u00fcdv\u00f6zletk\u00e9nt tekint. S ha v\u00e9gk\u00e9pp nem marad semmi megfoghat\u00f3, semmi kapaszkod\u00f3, akkor ezt az angyalsereget egy t\u0171 hegy\u00e9re menek\u00edtve \u0151rzi tov\u00e1bb.<\/p>\n\n\n\n<p><em>Tam\u00e1si Orosz J\u00e1nos<\/em><\/p>\n","protected":false},"excerpt":{"rendered":"<p>Ravasz J\u00f3zsef, a csall\u00f3k\u00f6zi cs\u00f6nd po\u00e9t\u00e1ja Vannak megv\u00e1laszolhatatlan k\u00e9rd\u00e9sek. H\u00e1ny angyal f\u00e9r el egy t\u0171 hegy\u00e9n? Mennyi v\u00edzcsepp kapaszkodik \u00f6ssze a Duna hull\u00e1maiban? H\u00e1ny homokszem kac\u00e9rkodik a sz\u00e9llel? \u00c9s persze \u2013 h\u00e1ny csillag van az \u00e9gen? \u00c9s van megv\u00e1laszolhat\u00f3 k\u00e9rd\u00e9s. &hellip; <a href=\"https:\/\/opus-folyoirat.sk\/?page_id=4086\">Egy kattint\u00e1s ide a folytat\u00e1shoz&#8230;. <span class=\"meta-nav\">&rarr;<\/span><\/a><\/p>\n","protected":false},"author":4,"featured_media":0,"parent":0,"menu_order":0,"comment_status":"closed","ping_status":"closed","template":"","meta":{"footnotes":""},"class_list":["post-4086","page","type-page","status-publish","hentry"],"_links":{"self":[{"href":"https:\/\/opus-folyoirat.sk\/index.php?rest_route=\/wp\/v2\/pages\/4086","targetHints":{"allow":["GET"]}}],"collection":[{"href":"https:\/\/opus-folyoirat.sk\/index.php?rest_route=\/wp\/v2\/pages"}],"about":[{"href":"https:\/\/opus-folyoirat.sk\/index.php?rest_route=\/wp\/v2\/types\/page"}],"author":[{"embeddable":true,"href":"https:\/\/opus-folyoirat.sk\/index.php?rest_route=\/wp\/v2\/users\/4"}],"replies":[{"embeddable":true,"href":"https:\/\/opus-folyoirat.sk\/index.php?rest_route=%2Fwp%2Fv2%2Fcomments&post=4086"}],"version-history":[{"count":1,"href":"https:\/\/opus-folyoirat.sk\/index.php?rest_route=\/wp\/v2\/pages\/4086\/revisions"}],"predecessor-version":[{"id":4087,"href":"https:\/\/opus-folyoirat.sk\/index.php?rest_route=\/wp\/v2\/pages\/4086\/revisions\/4087"}],"wp:attachment":[{"href":"https:\/\/opus-folyoirat.sk\/index.php?rest_route=%2Fwp%2Fv2%2Fmedia&parent=4086"}],"curies":[{"name":"wp","href":"https:\/\/api.w.org\/{rel}","templated":true}]}}