{"id":4107,"date":"2025-10-02T03:18:00","date_gmt":"2025-10-02T01:18:00","guid":{"rendered":"https:\/\/opus-folyoirat.sk\/?page_id=4107"},"modified":"2026-01-15T03:19:13","modified_gmt":"2026-01-15T01:19:13","slug":"iancu-laura","status":"publish","type":"page","link":"https:\/\/opus-folyoirat.sk\/?page_id=4107","title":{"rendered":"Iancu Laura"},"content":{"rendered":"\n<div class=\"wp-block-group is-vertical is-layout-flex wp-container-core-group-is-layout-8cf370e7 wp-block-group-is-layout-flex\"><div class=\"has-text-align-right wp-block-post-date\"><time datetime=\"2025-10-02T03:18:00+02:00\">2025-10-02<\/time><\/div>\n\n\n<p><strong>\u00c9s kegyetlen<\/strong><br><\/p>\n\n\n\n<p>megtanultam hogy a hajnal: visszat\u00e9r\u00e9s<\/p>\n\n\n\n<p>megtanultam hogy aki l\u00e1t: megvakulhat<\/p>\n\n\n\n<p>megbotlik aki fut s az uralkod\u00f3: gazdag halott&nbsp;<\/p>\n\n\n\n<p>megtanultam hogy nem vesz\u00edteni: nyertesnek lenni nehezebb<\/p>\n\n\n\n<p>hogy a meleg \u00e9s a hideg egym\u00e1s hi\u00e1ny\u00e1b\u00f3l l\u00e9tezhet<\/p>\n\n\n\n<p>megtanultam hogy t\u00e1vols\u00e1god neml\u00e9ted: szerelem<\/p>\n\n\n\n<p>korasz\u00fcl\u00f6tt \u00e9l\u0151sk\u00f6d\u0151 ismeretlen<\/p>\n\n\n\n<p>megtanultam hogy a szeretet nem sz\u00f3 nem \u00e9rz\u00e9s&nbsp;<\/p>\n\n\n\n<p>nincs keze ajka nem sz\u00far sz\u00edven&nbsp;<\/p>\n\n\n\n<p>a t\u00f6rv\u00e9nyek t\u00f6rv\u00e9nye igazs\u00e1gos \u00e9s kegyetlen&nbsp;<\/p>\n<\/div>\n\n\n\n<p><br><strong>Ablakb\u00f3l<\/strong><\/p>\n\n\n\n<div class=\"wp-block-group is-vertical is-layout-flex wp-container-core-group-is-layout-8cf370e7 wp-block-group-is-layout-flex\">\n<p>akit szeretek mindig l\u00e1tom<\/p>\n\n\n\n<p>k\u00fcls\u0151 vagy bels\u0151 szememmel<\/p>\n\n\n\n<p>pog\u00e1ny istenekkel<\/p>\n\n\n\n<p>teli az \u00e9g a hat\u00e1rban<\/p>\n\n\n\n<p>de kitisztul amikor \u00e9rkezel<\/p>\n<\/div>\n\n\n\n<p><\/p>\n\n\n\n<p><\/p>\n","protected":false},"excerpt":{"rendered":"<p>\u00c9s kegyetlen megtanultam hogy a hajnal: visszat\u00e9r\u00e9s megtanultam hogy aki l\u00e1t: megvakulhat megbotlik aki fut s az uralkod\u00f3: gazdag halott&nbsp; megtanultam hogy nem vesz\u00edteni: nyertesnek lenni nehezebb hogy a meleg \u00e9s a hideg egym\u00e1s hi\u00e1ny\u00e1b\u00f3l l\u00e9tezhet megtanultam hogy t\u00e1vols\u00e1god neml\u00e9ted: &hellip; <a href=\"https:\/\/opus-folyoirat.sk\/?page_id=4107\">Egy kattint\u00e1s ide a folytat\u00e1shoz&#8230;. <span class=\"meta-nav\">&rarr;<\/span><\/a><\/p>\n","protected":false},"author":4,"featured_media":0,"parent":0,"menu_order":0,"comment_status":"closed","ping_status":"closed","template":"","meta":{"footnotes":""},"class_list":["post-4107","page","type-page","status-publish","hentry"],"_links":{"self":[{"href":"https:\/\/opus-folyoirat.sk\/index.php?rest_route=\/wp\/v2\/pages\/4107","targetHints":{"allow":["GET"]}}],"collection":[{"href":"https:\/\/opus-folyoirat.sk\/index.php?rest_route=\/wp\/v2\/pages"}],"about":[{"href":"https:\/\/opus-folyoirat.sk\/index.php?rest_route=\/wp\/v2\/types\/page"}],"author":[{"embeddable":true,"href":"https:\/\/opus-folyoirat.sk\/index.php?rest_route=\/wp\/v2\/users\/4"}],"replies":[{"embeddable":true,"href":"https:\/\/opus-folyoirat.sk\/index.php?rest_route=%2Fwp%2Fv2%2Fcomments&post=4107"}],"version-history":[{"count":1,"href":"https:\/\/opus-folyoirat.sk\/index.php?rest_route=\/wp\/v2\/pages\/4107\/revisions"}],"predecessor-version":[{"id":4109,"href":"https:\/\/opus-folyoirat.sk\/index.php?rest_route=\/wp\/v2\/pages\/4107\/revisions\/4109"}],"wp:attachment":[{"href":"https:\/\/opus-folyoirat.sk\/index.php?rest_route=%2Fwp%2Fv2%2Fmedia&parent=4107"}],"curies":[{"name":"wp","href":"https:\/\/api.w.org\/{rel}","templated":true}]}}