{"id":4113,"date":"2025-11-10T03:24:00","date_gmt":"2025-11-10T01:24:00","guid":{"rendered":"https:\/\/opus-folyoirat.sk\/?page_id=4113"},"modified":"2026-01-15T03:24:46","modified_gmt":"2026-01-15T01:24:46","slug":"aaa","status":"publish","type":"page","link":"https:\/\/opus-folyoirat.sk\/?page_id=4113","title":{"rendered":"AAA"},"content":{"rendered":"<div class=\"has-text-align-right wp-block-post-date\"><time datetime=\"2025-11-10T03:24:00+02:00\">2025-11-10<\/time><\/div>\n\n\n<p>volt nekem h\u00e1rom bet\u0171m<br>pontosabban csak egy<br>m\u00e9ghozz\u00e1 az els\u0151 az \u00e1b\u00e9c\u00e9b\u0151l<br>de az azt\u00e1n h\u00e1romszor egym\u00e1s ut\u00e1n<br>AAA<br>imhol keletkezett<br>de nem csak \u00fagy mag\u00e1t\u00f3l<br>hanem az ultrahangt\u00f3l<br>vagyis nem is att\u00f3l<br>hanem a doktorn\u0151t\u0151l<br>aki egy sz\u00e9p tavaszi napon<br>elk\u00fcld\u00f6tt hasi ultrahangra<br>\u00e9s annak sor\u00e1n der\u00fclt ki<br>hogy egy hasi aorta aneurizma<br>boldog vagy ink\u00e1bb r\u00e9m\u00fclt birtokosa vagyok<br>a cs\u00edp\u0151art\u00e9ria le\u00e1gaz\u00e1sa k\u00f6zel\u00e9ben<br>volt tal\u00e1lhat\u00f3 a bolt<br>vagyis a kiboltosod\u00e1s kit\u00fcremked\u00e9s<br>h\u00e1t volt is nagy ijedelem<br>hogy mennyi ideig b\u00edrja m\u00e9g<br>a ver\u0151\u00e9r elv\u00e9konyodott fala<br>a re\u00e1 hat\u00f3 hol kisebb hol nagyobb nyom\u00e1st<br>igaz hogy am\u00edg nem voltak ezek a modern<br>k\u00e9palkot\u00f3 elj\u00e1r\u00e1sok<br>addig nem volt ilyen aggodalom sem<br>mivel jobb\u00e1ra m\u00e1r csak a k\u00f3rboncnok<br>diagnosztiz\u00e1lta a betegs\u00e9get<br>amikor az art\u00e9ria fala \u00e1tszakadt<br>sz\u00f3val tavaszt\u00f3l \u0151szig retteg\u00e9s<br>hogy az art\u00e9ria vajon b\u00edrja-e<br>kib\u00edr-e engem<br>\u00e9s \u00e9n ezt az \u00e1llapotot<br>azt\u00e1n az \u0151sz elej\u00e9n beker\u00fcltem<br>az orsz\u00e1gos szakint\u00e9zm\u00e9nybe<br>ahol m\u00e1snap megm\u0171t\u00f6ttek<br>a beteg \u00e9rszakasz hely\u00e9re<br>kaptam egy tubing n\u00e9vre hallgat\u00f3 m\u0171eret<br>\u00e9s intenz\u00edven integettem<br>amikor fel\u00e9bredtem az intenz\u00edven<br>mert m\u0171t\u00e9t el\u0151tt mondt\u00e1k hogy integessek<br>\u00e9s akkor kivett\u00e9k a trachea-tubust<br>onnant\u00f3l magam l\u00e9legeztem<br>m\u00e1snap amikor visszavittek a k\u00f3rterembe<br>egy hossz\u00fa-hossz\u00fa varratot l\u00e1ttam<br>a mellkasomt\u00f3l eg\u00e9szen le a k\u00f6ld\u00f6k\u00f6mig<br>majd ott balra kanyarodott<br>\u00e9s lejjebb tov\u00e1bb folytat\u00f3dott<br>v\u00e9gig f\u00e1jt rettenetesen<br>(nem \u00edrom azt hogy kibaszottul<br>mert ilyet m\u00e9gse illik) amikor<br>az \u00e1gyban el\u0151sz\u00f6r fel\u00fcltem<br>azt\u00e1n ahogy teltek a napok<br>egyre lejjebb v\u00e1ndorolt a f\u00e1j\u00e1s<br>fel\u00fcl m\u00e1r nem f\u00e1jt egy\u00e1ltal\u00e1n<br>de lejjebb m\u00e9g igen<br>\u00e9s amikor l\u00e1bra tudtam \u00e1llni<br>felvettem sz\u00fcrke k\u00f6nt\u00f6s\u00f6met<br>\u00e9s a lifttel lementem az alagsorba<br>onnan pedig ki az utc\u00e1ra cigizni<br>azt\u00e1n rendes betegk\u00e9nt<br>vissza az \u00e1gyba olvasni k\u00f6nyvemet<br>akkor tanultam meg a bal oldalamon<br>fekve olvasni a k\u00f6nyvem<br>mert k\u00fcl\u00f6nben hason fekve szoktam<br>de h\u00e1t azt nem lehetett<br>s ahogy teltek-m\u00faltak a napok<br>\u00e1llapotom egyre <em>jobbodott<\/em><br>\u00edgy egy h\u00e9t ut\u00e1n mehettem haza<br>6 h\u00e9t l\u00e1badoz\u00e1s c\u00e9lj\u00e1b\u00f3l<br>\u00e9s csak otthon vettem \u00e9szre<br>k\u00e9k-lila-z\u00f6ld-s\u00e1rga bal alkaromat<br>amin \u00fagy l\u00e1tszik nem tal\u00e1ltak v\u00e9n\u00e1t<br>de az\u00e9rt pr\u00f3b\u00e1lkoztak becs\u00fclettel<br>ez\u00e9rt prepar\u00e1lhattak v\u00e9g\u00fcl<br>egy centr\u00e1lis v\u00e9n\u00e1t<br>el\u0151sz\u00f6r nem tudtam mi az a m\u0171anyag iz\u00e9<br>ami olyan sz\u00e9pen l\u00f3g a nyakamb\u00f3l<br>azt hittem tal\u00e1n valami \u00e9kszer<br>esz\u00fckbe juthatott volna el\u0151bb is<br>kellett \u00fagy k\u00e9t h\u00e9t mire felsz\u00edv\u00f3dtak<br>a soksz\u00edn\u0171 v\u00e9r\u00f6mlenyek<br>de h\u00e1t v\u00e9g\u00fcl is \u00f6r\u00fclhettem<br>hogy egy\u00e1ltal\u00e1n \u00e9letben maradtam<br>m\u00e1r elk\u00f6zlekedtem a lak\u00e1sban<br>azt\u00e1n amikor a gyerekeim kocsival<br>elvittek megn\u00e9zni az \u00f3ri\u00e1splak\u00e1t<br>ki\u00e1ll\u00edt\u00e1st \u00e9s a parkol\u00f3helyt\u0151l<br>\u00fagy 50-100 m\u00e9tert kellett megtennem gyalog<br>h\u00e1t az nagyon sok\u00e1ig tartott<br>mert f\u00e1jt m\u00e9g nagyon<br>a m\u0171t\u00e9ti heg de id\u0151vel<br>igaz hogy egyre lejjebb v\u00e1ndorolt<br>a f\u00e1j\u00e1s azt\u00e1n sz\u00e9p lassan megsz\u0171nt<br>de akkor m\u00e9g csak valahol f\u00e9l\u00faton j\u00e1rhatott<br>\u00edgy h\u00e1t igencsak belef\u00e1radtam a s\u00e9t\u00e1ba<br>az aut\u00f3t\u00f3l a plak\u00e1tokig \u00e9s vissza<br>de azt\u00e1n ahogy telt-m\u00falt az id\u0151<br>lassank\u00e9nt rendbe j\u00f6ttem<br>nem f\u00e1jtam m\u00e1r t\u00f6bb\u00e9<br>pontosabban nem a hasam f\u00e1jt<br>\u00e9s boldog voltam hogy \u00fajra<br>ereje telj\u00e9ben l\u00e9v\u0151<br>embernek \u00e9rezhettem magamat<br>akinek val\u00f3sz\u00edn\u0171leg&nbsp; m\u00e1r nem robban sz\u00e9t<br>a has\u00e1ban a f\u0151ver\u0151\u00e9r<br>\u00e9s boldog voltam hogy j\u00e1rhatok<br>\u00e9s dolgozhatok \u00fajra a k\u00f6nyvt\u00e1rban<br>\u00e9s imm\u00e1r hat \u00e9ve \u00edrom<br>\u00edrhatom tov\u00e1bb<br><em>ezeket a sz\u00f6rny\u0171 verseket<\/em><\/p>\n\n\n\n<p><\/p>\n\n\n\n<p class=\"has-text-align-right\"><br><em>Debreczeny Gy\u00f6rgy<\/em><\/p>\n","protected":false},"excerpt":{"rendered":"<p>volt nekem h\u00e1rom bet\u0171mpontosabban csak egym\u00e9ghozz\u00e1 az els\u0151 az \u00e1b\u00e9c\u00e9b\u0151lde az azt\u00e1n h\u00e1romszor egym\u00e1s ut\u00e1nAAAimhol keletkezettde nem csak \u00fagy mag\u00e1t\u00f3lhanem az ultrahangt\u00f3lvagyis nem is att\u00f3lhanem a doktorn\u0151t\u0151laki egy sz\u00e9p tavaszi naponelk\u00fcld\u00f6tt hasi ultrahangra\u00e9s annak sor\u00e1n der\u00fclt kihogy egy hasi aorta &hellip; <a href=\"https:\/\/opus-folyoirat.sk\/?page_id=4113\">Egy kattint\u00e1s ide a folytat\u00e1shoz&#8230;. <span class=\"meta-nav\">&rarr;<\/span><\/a><\/p>\n","protected":false},"author":4,"featured_media":0,"parent":0,"menu_order":0,"comment_status":"closed","ping_status":"closed","template":"","meta":{"footnotes":""},"class_list":["post-4113","page","type-page","status-publish","hentry"],"_links":{"self":[{"href":"https:\/\/opus-folyoirat.sk\/index.php?rest_route=\/wp\/v2\/pages\/4113","targetHints":{"allow":["GET"]}}],"collection":[{"href":"https:\/\/opus-folyoirat.sk\/index.php?rest_route=\/wp\/v2\/pages"}],"about":[{"href":"https:\/\/opus-folyoirat.sk\/index.php?rest_route=\/wp\/v2\/types\/page"}],"author":[{"embeddable":true,"href":"https:\/\/opus-folyoirat.sk\/index.php?rest_route=\/wp\/v2\/users\/4"}],"replies":[{"embeddable":true,"href":"https:\/\/opus-folyoirat.sk\/index.php?rest_route=%2Fwp%2Fv2%2Fcomments&post=4113"}],"version-history":[{"count":1,"href":"https:\/\/opus-folyoirat.sk\/index.php?rest_route=\/wp\/v2\/pages\/4113\/revisions"}],"predecessor-version":[{"id":4114,"href":"https:\/\/opus-folyoirat.sk\/index.php?rest_route=\/wp\/v2\/pages\/4113\/revisions\/4114"}],"wp:attachment":[{"href":"https:\/\/opus-folyoirat.sk\/index.php?rest_route=%2Fwp%2Fv2%2Fmedia&parent=4113"}],"curies":[{"name":"wp","href":"https:\/\/api.w.org\/{rel}","templated":true}]}}