{"id":4117,"date":"2025-11-14T03:26:00","date_gmt":"2025-11-14T01:26:00","guid":{"rendered":"https:\/\/opus-folyoirat.sk\/?page_id=4117"},"modified":"2026-01-15T03:27:44","modified_gmt":"2026-01-15T01:27:44","slug":"kitancoltatas","status":"publish","type":"page","link":"https:\/\/opus-folyoirat.sk\/?page_id=4117","title":{"rendered":"Kit\u00e1ncoltat\u00e1s"},"content":{"rendered":"<div class=\"has-text-align-right wp-block-post-date\"><time datetime=\"2025-11-14T03:26:00+02:00\">2025-11-14<\/time><\/div>\n\n\n<p>Most is, mint minden szombaton, izgatottan k\u00e9sz\u00fcl\u0151dtem a t\u00e1ncmulats\u00e1gra. F\u00fcrg\u00e9n megmosakodtam, tiszta ingbe b\u00fajtam, derekamra a legszebben p\u00f6rg\u0151s szokny\u00e1mat kanyar\u00edtottam. Hajamat \u00fajraf\u00e9s\u00fcltem, h\u00e1tul hossz\u00fa varkocsba fontam, s \u00edgy is a derekamig \u00e9rt.<\/p>\n\n\n\n<p>\u2013 K\u00e1t\u00f3, megj\u00f6tt\u00fcnk \u2013 z\u00f6rgettek be a l\u00e1nyok az ablakon. Bar\u00e1tn\u0151im, ak\u00e1rcsak \u00e9n, mint az illatoz\u00f3 vir\u00e1gsz\u00e1lak, frissek, \u00fcd\u00e9k voltak. Ap\u00e1m nem kis elfogults\u00e1ggal n\u00e9zte legkisebb l\u00e1ny\u00e1t \u2013 m\u00e1r tizenh\u00e9t \u00e9ves, k\u00e9sz feln\u0151tt n\u0151.<\/p>\n\n\n\n<p>Megk\u00e9rdeztem most is, mint minden alkalommal, mikorra kell itthon lennem, majd boldogan elk\u00f6sz\u00f6ntem, \u00e9s bar\u00e1tn\u0151im t\u00e1rsas\u00e1g\u00e1ban \u00fatnak indultam. Az utc\u00e1ban a f\u00fcgg\u00f6ny\u00f6k rejtek\u00e9b\u0151l t\u00f6bb k\u00edv\u00e1ncsi szemp\u00e1r figyelte vonul\u00e1sunkat. \u201eNa, vajon ki k\u00eds\u00e9ri \u0151ket haza?\u201d<\/p>\n\n\n\n<p>Mi \u00fcgyet sem vetett\u00fcnk r\u00e1juk, azt vitattuk \u00e9ppen, melyik kocsm\u00e1ba menj\u00fcnk ma este. Ismert\u00fck a leg\u00e9nyek szok\u00e1sait, tudtuk, melyikben ki tal\u00e1lhat\u00f3, a k\u00e9rd\u00e9s teh\u00e1t az volt, kivel szeretn\u00e9nk t\u00e1ncolni.<\/p>\n\n\n\n<p>\u2013 Menj\u00fcnk Baj\u00e1ra \u2013 mondta bar\u00e1tn\u0151m, \u2013 kell egy kis v\u00e1ltozatoss\u00e1g, n\u00e9zz\u00fck meg, ott kik vannak.<\/p>\n\n\n\n<p>Ismert\u00fck a bajai fi\u00fakat, volt k\u00f6zt\u00fck ilyen is, olyan is, mint ahogyan minden\u00fctt.<\/p>\n\n\n\n<p>\u2013 \u00c9n Baj\u00e1ra nem megyek. Szentisv\u00e1nyi l\u00e1nyok vagyunk, van itt el\u00e9g kocsma, mi\u00e9rt menn\u00e9k mi Baj\u00e1ra?&nbsp;<\/p>\n\n\n\n<p>M\u00e1ria elmondta, hogy egy bajai fi\u00fa megh\u00edvta \u0151t, ez\u00e9rt k\u00e9rt benn\u00fcnket, menj\u00fcnk ma este oda, nem fogjuk megb\u00e1nni. Tetszett neki a fi\u00fa, de egyed\u00fcl nem mehet. \u00cdgy azt\u00e1n v\u00e9g\u00fcl Baj\u00e1n k\u00f6t\u00f6tt\u00fcnk ki, az ottani leg\u00e9nyek legnagyobb \u00f6r\u00f6m\u00e9re, a szentistv\u00e1niak b\u00e1nat\u00e1ra.<\/p>\n\n\n\n<p>De olyan j\u00f3t t\u00e1ncoltam, mint t\u00e1n m\u00e9g soha! K\u00e9zr\u0151l k\u00e9zre adtak mindny\u00e1junkat, de a l\u00e1bunk b\u00edrta. Amikor \u00e9pp sz\u00fcnetet tartott a zenekar, sz\u00f3ltam a l\u00e1nyoknak, most pedig menj\u00fcnk, mert k\u00fcl\u00f6nben baj lesz. Ha ezek haza akarnak k\u00eds\u00e9rni, els\u00fcllyedek a sz\u00e9gyent\u0151l, bajai fi\u00fa engem ne k\u00eds\u00e9rgessen.<\/p>\n\n\n\n<p>De a leg\u00e9nyek szemmel tartottak \u00e1m minket, csak ilyen-olyan \u00fcr\u00fcggyel tudtunk elszabadulni. Azt mondtuk, hogy csak friss leveg\u0151t sz\u00edvunk, mindj\u00e1rt j\u00f6v\u00fcnk. De nem is l\u00e1ttak minket aznap este t\u00f6bbet! Szedt\u00fck a l\u00e1bunkat, meg sem \u00e1lltunk a szentistv\u00e1ni kocsm\u00e1ig!<\/p>\n\n\n\n<p>H\u00edr\u00fcnk azonban gyorsabb volt min\u00e1lunk, tudt\u00e1k m\u00e1r a fiaink, hogy hol j\u00e1rtunk, megcsalatva \u00e9rezt\u00e9k magukat. B\u00e1natukban bizony \u2013 vagy ink\u00e1bb m\u00e9rg\u00fckben \u2013 fel-felhajtottak egy-egy poh\u00e1rral, izzott a leveg\u0151 odabent. Vill\u00e1ml\u00f3 szemekkel n\u00e9zt\u00e9k a h\u0171tleneket, amint bel\u00e9pt\u00fcnk az ajt\u00f3n.<\/p>\n\n\n\n<p>Volt k\u00f6zt\u00fck egy hangad\u00f3, igen csinos leg\u00e9ny, aki igencsak szemet vetett r\u00e1m, nem is titkolta soha.<\/p>\n\n\n\n<p>Egy pillanatra meg\u00e1llt a leveg\u0151, amikor megl\u00e1ttak benn\u00fcnket. De csak egy l\u00e9legzetv\u00e9telnyi sz\u00fcnet volt, majd P\u00e9r\u00f3, mert \u00edgy h\u00edvt\u00e1k, elki\u00e1ltotta mag\u00e1t:<\/p>\n\n\n\n<p>\u2013 Kit\u00e1ncoltat\u00e1s! \u2013 lassan, minden sz\u00f3tagot kihangs\u00falyozva mondta ki a sz\u00f3t, k\u00f6zben intett a zenekarnak, mire az r\u00e1kezdte, el\u0151sz\u00f6r csak lassan, fokozatosan er\u0151s\u00f6dve \u00e9s gyorsulva. \u00d6sszen\u00e9zt\u00fcnk bar\u00e1tn\u0151immel, sebaj, ha \u0151k \u00edgy gondolj\u00e1k, akkor mi is. Egym\u00e1sba karolva a kij\u00e1rat fel\u00e9 indultunk, itt minket nem l\u00e1tnak ma este sz\u00edvesen, ak\u00e1r mehet\u00fcnk is. P\u00e9r\u00f3, l\u00e1tva, hogy mire k\u00e9sz\u00fcl\u00fcnk, az ajt\u00f3ban termett, el\u00e1llva utunkat.&nbsp;<\/p>\n\n\n\n<p>\u2013 Nem addig a! Egy l\u00e1da s\u00f6rbe fogadtam, hogy ma innen kit\u00e1ncoltatunk benneteket! De vesszen a l\u00e1da s\u00f6r, \u00e9n bizony innen ki nem engedlek! \u2013 azzal elkapta a karomat, \u00e9s m\u00e1r vitt is, ahogy a zenekar gyorsult, forogtunk k\u00f6rbe-k\u00f6rbe, egyre temp\u00f3sabban. Bar\u00e1tn\u0151imet sem hagyt\u00e1k petrezselymet \u00e1rulni, akadt leg\u00e9ny b\u0151ven, mindh\u00e1rman roptuk a t\u00e1ncot egyre fokoz\u00f3d\u00f3 sebess\u00e9ggel. B\u00e1r m\u00e1r Baj\u00e1n is \u00e9pp eleget ugr\u00e1ltunk, meg visszafel\u00e9 sokat szaladtunk is, a l\u00e1bunk \u2013 b\u00e1r f\u00e1radt volt m\u00e1r kicsit \u2013 a zene hallat\u00e1n, ha akartuk volna, sem tud egy helyben maradni. A leg\u00e9nyekr\u0151l m\u00e1r \u00f6ml\u00f6tt a v\u00edz, a vad forgatagban csak \u00fagy permetezt\u00e9k sz\u00e9t magukr\u00f3l az izzads\u00e1got. De nem adt\u00e1k fel, mint ahogyan mi sem. \u00c9rezhet\u0151 volt, hogy itt bizony a zenekar adja fel legel\u0151bb, mert egy id\u0151 ut\u00e1n a temp\u00f3 m\u00e1r nem fokozhat\u00f3 tov\u00e1bb.<\/p>\n\n\n\n<p>Amint csend lett, elkaptam a l\u00e1nyok karj\u00e1t:<\/p>\n\n\n\n<p>\u2013 Fussunk, miel\u0151tt ezek itt magukhoz t\u00e9rnek \u2013 mondtam, s kiosontunk a h\u00e1ts\u00f3 ajt\u00f3n.<\/p>\n\n\n\n<p>Mire felocs\u00fadtak odabent a leg\u00e9nyek, mi m\u00e1r a kertek alatt iparkodtunk hazafel\u00e9. Szapor\u00e1n szedt\u00fck a l\u00e1bunkat, meg m\u00e1r k\u00e9s\u0151 is volt, ap\u00e1m meg ne szidjon. Nem mehett\u00fcnk az utc\u00e1n, mert ott r\u00e1nk tal\u00e1ltak volna, \u00e9s bizony neh\u00e9z az italos leg\u00e9nyekt\u0151l szabadulni, ha \u0151k nem akarj\u00e1k!<\/p>\n\n\n\n<p>Az utcabeli asszonyok most is kutakod\u00f3 szemekkel lest\u00e9k, vajon kivel k\u00eds\u00e9rtetj\u00fck magunkat haza, de bizony csal\u00f3dniuk kellett, mert csak mi magunk voltunk. Bizony j\u00f3l mulattunk \u2013 gondoltam magamban, \u00e9s m\u00edg el nem aludtam, egyre csak p\u00f6r\u00f6gtem, forogtam, \u00e9s P\u00e9r\u00f3t l\u00e1ttam a szemem el\u0151tt, ahogy d\u00fch\u00f6dten addig akar t\u00e1ncoltatni, m\u00edg \u00f6ssze nem esek. De engem biz nem olyan f\u00e1b\u00f3l faragtak!<\/p>\n\n\n\n<p>Nem sokkal ezut\u00e1n P\u00e9r\u00f3 apja bejelentkezett hozz\u00e1nk, j\u00f6nn\u00e9nek l\u00e1nyk\u00e9r\u0151be. Csinosan fel\u00f6lt\u00f6zve jelentek meg sz\u00fcleimn\u00e9l. Tetszett nekem is a leg\u00e9ny, de ennek semmi jel\u00e9t nem adtam \u2013 nem lett volna illend\u0151.<\/p>\n\n\n\n<p>\u2013 Nem elad\u00f3 a mi K\u00e1t\u00f3nk, van nek\u00fcnk m\u00e9g egy id\u0151sebb, azt kell el\u00e9bb f\u00e9rjhez adni \u2013 mondta any\u00e1m, kit\u00e9r\u0151 udvariass\u00e1ggal a szegr\u0151l-v\u00e9gr\u0151l rokon Gabr\u00e1\u00e9knak. Megk\u00f6sz\u00f6nt\u00e9k sz\u00e9pen egym\u00e1snak a l\u00e1togat\u00e1st, b\u00e9k\u00e9sen elv\u00e1ltak. Nem mondom, hogy j\u00f3lesett any\u00e1m v\u00e1lasz\u00e1t hallanom, de soha, egyetlen egyszer sem k\u00e9rd\u0151jeleztem meg, helyesen d\u00f6nt\u00f6tt-e ap\u00e1m vagy any\u00e1m. Amit \u0151k mondtak, azt \u00e9n elfogadtam, olyan volt, mint a szent\u00edr\u00e1s.<\/p>\n\n\n\n<p>Nem sokkal k\u00e9s\u0151bb P\u00e9r\u00f3nak egy utc\u00e1nkb\u00e9li id\u0151sebb l\u00e1nyt kommend\u00e1ltak, megn\u0151s\u00fclt. M\u00e1r v\u0151leg\u00e9ny volt, ki voltak hirdetve, amikor a szomsz\u00e9dunk l\u00e1nya f\u00e9rjhez ment. Az ilyen esem\u00e9nyek mindig megmozgatt\u00e1k az eg\u00e9sz falut, boldog-boldogtalan ott legyeskedett a lakodalmas h\u00e1z k\u00f6r\u00fcl, mi is ment\u00fcnk sz\u00e1jat t\u00e1tatni a bar\u00e1tn\u0151immel. P\u00e9r\u00f3 elkapott az utc\u00e1n, ott leszek-e a lakodalmas h\u00e1zn\u00e1l.<\/p>\n\n\n\n<p>\u2013 Hogyne lenn\u00e9k \u2013 feleltem \u2013 m\u00e1s lakodalmakn\u00e1l is ott szoktunk lenni, gy\u00f6ny\u00f6rk\u00f6d\u00fcnk a menyasszonyban, ez meg r\u00e1ad\u00e1sul itt lesz a szomsz\u00e9dban. Persze hogy ott lesz\u00fcnk, n\u00e9zel\u0151d\u00fcnk mi is.<\/p>\n\n\n\n<p>Ilyenkor mi, a h\u00edvatlanok, nem vett\u00fcnk r\u00e9szt a mulats\u00e1gon, csak oldalr\u00f3l n\u00e9zel\u0151dt\u00fcnk, tervezgett\u00fck, vajon a mi\u00e9nk majd milyen lesz.<\/p>\n\n\n\n<p>Volt nagy zenebona, t\u00e1nc, egyszer csak P\u00e9r\u00f3 odal\u00e9pett \u00e9s elkapott:&nbsp;<\/p>\n\n\n\n<p>\u2013 Gyere velem t\u00e1ncolni, Kat\u00f3!<\/p>\n\n\n\n<p>\u2013 Nem megyek \u00e9n, van ten\u00e9ked menyasszonyod, azzal t\u00e1ncolj, meg k\u00fcl\u00f6nben is, nem vagyok \u00fagy \u00f6lt\u00f6zve, nem lenne az illend\u0151!<\/p>\n\n\n\n<p>De \u0151 nem engedett a huszonegyb\u0151l, elkapott \u00e9s vitt, \u00e9s a gyanakv\u00f3 tekintetek keresztt\u00fcz\u00e9ben bizony alaposan megt\u00e1ncoltatott. Alig tudtam kiszabadulni a szor\u00edt\u00e1s\u00e1b\u00f3l, mindj\u00e1rt hazaszaladtam. Nem is mertem visszamenni, de m\u00e9g arra n\u00e9zni sem!<\/p>\n\n\n\n<p>N\u00e9ha meglesett, amikor mentem a boltba. K\u00e9rdeztem is: \u2013 Mit keresel te errefel\u00e9, P\u00e9r\u00f3, ne j\u00e1rj ut\u00e1nam, van ten\u00e9ked sz\u00e9p feles\u00e9ged, azut\u00e1n futkoss\u00e1l!&nbsp;<\/p>\n\n\n\n<p>De \u0151 hajthatatlan maradt. \u2013 B\u00e1r menne el, \u00e9s t\u00e9ged venn\u00e9lek el!<\/p>\n\n\n\n<p>\u2013 Ne mondj ilyen bolonds\u00e1got, eriggy haza!<\/p>\n\n\n\n<p>\u2013 J\u00f3, j\u00f3, csak a mosolyg\u00f3s szemeidet akartam l\u00e1tni, m\u00e9g mindig olyan sz\u00e9pen ragyognak-e!<\/p>\n\n\n\n<p>\u00c9vekkel k\u00e9s\u0151bb, amikor m\u00e1r \u00e9n is f\u00e9rjn\u00e9l voltam, egyszer azt mondta az uramnak:<\/p>\n\n\n\n<p>\u2013 Tudod, J\u00f3ska, ha csak k\u00e9t \u00e9vet v\u00e1rtam volna, most az eny\u00e9m lenne K\u00e1t\u00f3, nem a ti\u00e9d, csak k\u00e9t \u00e9vet!<\/p>\n\n\n\n<p>K\u00e9t \u00e9vvel a l\u00e1nyk\u00e9r\u00e9s ut\u00e1n ugyanis f\u00e9rjhez ment a n\u0151v\u00e9rem, \u00edgy \u00e9n is elad\u00f3sorba ker\u00fcltem.<\/p>\n\n\n\n<p>P\u00e9r\u00f3 \u00e9s a feles\u00e9ge rosszul \u00e9ltek. P\u00e9r\u00f3 inni kezdett, t\u00f6nkrement a h\u00e1zass\u00e1guk is, \u0151 is.<\/p>\n\n\n\n<p>Ahogyan ma is, akkor is csak \u00edgy mentek a dolgok.<\/p>\n","protected":false},"excerpt":{"rendered":"<p>Most is, mint minden szombaton, izgatottan k\u00e9sz\u00fcl\u0151dtem a t\u00e1ncmulats\u00e1gra. F\u00fcrg\u00e9n megmosakodtam, tiszta ingbe b\u00fajtam, derekamra a legszebben p\u00f6rg\u0151s szokny\u00e1mat kanyar\u00edtottam. Hajamat \u00fajraf\u00e9s\u00fcltem, h\u00e1tul hossz\u00fa varkocsba fontam, s \u00edgy is a derekamig \u00e9rt. \u2013 K\u00e1t\u00f3, megj\u00f6tt\u00fcnk \u2013 z\u00f6rgettek be a l\u00e1nyok &hellip; <a href=\"https:\/\/opus-folyoirat.sk\/?page_id=4117\">Egy kattint\u00e1s ide a folytat\u00e1shoz&#8230;. <span class=\"meta-nav\">&rarr;<\/span><\/a><\/p>\n","protected":false},"author":4,"featured_media":0,"parent":0,"menu_order":0,"comment_status":"closed","ping_status":"closed","template":"","meta":{"footnotes":""},"class_list":["post-4117","page","type-page","status-publish","hentry"],"_links":{"self":[{"href":"https:\/\/opus-folyoirat.sk\/index.php?rest_route=\/wp\/v2\/pages\/4117","targetHints":{"allow":["GET"]}}],"collection":[{"href":"https:\/\/opus-folyoirat.sk\/index.php?rest_route=\/wp\/v2\/pages"}],"about":[{"href":"https:\/\/opus-folyoirat.sk\/index.php?rest_route=\/wp\/v2\/types\/page"}],"author":[{"embeddable":true,"href":"https:\/\/opus-folyoirat.sk\/index.php?rest_route=\/wp\/v2\/users\/4"}],"replies":[{"embeddable":true,"href":"https:\/\/opus-folyoirat.sk\/index.php?rest_route=%2Fwp%2Fv2%2Fcomments&post=4117"}],"version-history":[{"count":1,"href":"https:\/\/opus-folyoirat.sk\/index.php?rest_route=\/wp\/v2\/pages\/4117\/revisions"}],"predecessor-version":[{"id":4118,"href":"https:\/\/opus-folyoirat.sk\/index.php?rest_route=\/wp\/v2\/pages\/4117\/revisions\/4118"}],"wp:attachment":[{"href":"https:\/\/opus-folyoirat.sk\/index.php?rest_route=%2Fwp%2Fv2%2Fmedia&parent=4117"}],"curies":[{"name":"wp","href":"https:\/\/api.w.org\/{rel}","templated":true}]}}