{"id":4127,"date":"2025-12-02T03:33:00","date_gmt":"2025-12-02T01:33:00","guid":{"rendered":"https:\/\/opus-folyoirat.sk\/?page_id=4127"},"modified":"2026-01-15T03:35:27","modified_gmt":"2026-01-15T01:35:27","slug":"zsuzsanna-es-a-venek","status":"publish","type":"page","link":"https:\/\/opus-folyoirat.sk\/?page_id=4127","title":{"rendered":"Zsuzsanna \u00e9s a v\u00e9nek"},"content":{"rendered":"<div class=\"has-text-align-right wp-block-post-date\"><time datetime=\"2025-12-02T03:33:00+02:00\">2025-12-02<\/time><\/div>\n\n\n<p>\u201e\u00d6n\u00e9 az \u00e1ll\u00e1s. H\u00e9tf\u0151n kezdhet\u201d \u2013 t\u00f6bbsz\u00f6r is el kellett olvasnia a kurta e-mail-\u00fczenetet, mivel alig mert hinni a szem\u00e9nek. Csup\u00e1n p\u00e1r h\u00f3napja v\u00e9gzett az egyetemen, ahol m\u0171v\u00e9szett\u00f6rt\u00e9netet tanult, \u00e9s most a legh\u0151bb v\u00e1gya is teljes\u00fclt: egy szobr\u00e1sz maga mell\u00e9 vette, felfogadta asszisztens\u00e9nek.<\/p>\n\n\n\n<p>A negyvenes \u00e9vei elej\u00e9n j\u00e1r\u00f3, elismert m\u0171v\u00e9sz az\u00e9rt keresett maga mell\u00e9 asszisztenst, hogy legyen, aki megrendeli sz\u00e1m\u00e1ra az alapanyagokat, int\u00e9zi a ki\u00e1ll\u00edt\u00e1sai szervez\u00e9s\u00e9t, amellett a munkav\u00e1llal\u00f3 feladatk\u00f6r\u00e9be tartozott j\u00f3 takar\u00edt\u00f3n\u0151t, kiv\u00e1l\u00f3 \u00e9telsz\u00e1ll\u00edt\u00f3t tal\u00e1lni, figyelemmel k\u00eds\u00e9rni a k\u00f6nyvel\u00e9st, \u00e9s nem utols\u00f3sorban fejben tartani \u2013 helyette \u2013 csal\u00e1dtagjai sz\u00fclet\u00e9s- \u00e9s n\u00e9vnapj\u00e1t, sz\u00fclei h\u00e1zass\u00e1gi \u00e9vfordul\u00f3j\u00e1t stb. A saj\u00e1tj\u00e1t nem kellett, aggleg\u00e9ny volt.<\/p>\n\n\n\n<p>Sz\u00e9pen indult a dolog. A szobr\u00e1sz abszol\u00fat el\u00e9gedett volt a l\u00e1ny teljes\u00edtm\u00e9ny\u00e9vel.&nbsp;<\/p>\n\n\n\n<p>A m\u0171v\u00e9sz nem csak z\u00e1rk\u00f3zott ember volt, de meglehet\u0151sen k\u00fcl\u00f6nc is. Ez ut\u00f3bbi tulajdons\u00e1ga abban is megmutatkozott, hogy modell n\u00e9lk\u00fcl dolgozott.<\/p>\n\n\n\n<p>Pedig nem csak k\u0151b\u0151l, m\u00e1rv\u00e1nyb\u00f3l alkotott, a fest\u00e9kkel is fantasztikusan b\u00e1nt, ezen a ter\u00fcleten is remekm\u0171veket hozott l\u00e9tre. \u00c9s kiz\u00e1r\u00f3lag fant\u00e1zi\u00e1b\u00f3l, sohasem modell ig\u00e9nybev\u00e9tel\u00e9vel.<\/p>\n\n\n\n<p>Ez okb\u00f3l, egy\u00e9vnyi k\u00f6z\u00f6s munka ut\u00e1n, az asszisztens igencsak meglep\u0151d\u00f6tt, amikor a szobr\u00e1sz v\u00e1ratlanul k\u00f6z\u00f6lte vele: keressen neki modellt, a leg\u00fajabb szobr\u00e1hoz. Egy fiatal n\u0151re gondolt, akinek filigr\u00e1n termete, form\u00e1s alakja van, sz\u00e9p a b\u0151re \u2013 b\u00e1r a m\u00e1rv\u00e1ny ezen m\u00e9g \u201ecsiszolhat\u201d \u2013 \u00e9s ami az egyik legfontosabb elv\u00e1r\u00e1s: legyen r\u00f6vid a haja, hogy h\u00e1tulr\u00f3l is l\u00e1that\u00f3 legyen az \u00edvelt, karcs\u00fa nyaka, kecses v\u00e1llvonala.<\/p>\n\n\n\n<p>Asszisztensk\u00e9nt \u0151 mag\u00e1ban kicsit megmosolyogta, hogy a m\u0171v\u00e9sz \u00far tal\u00e1n egy \u201ehatty\u00fara\u201d gondolt, de azt\u00e1n komolyra vette a dolgot, \u00e9s lelkesen nyom\u00e1ba eredt a fellelhet\u0151 alanyoknak.<\/p>\n\n\n\n<p>Modelliskol\u00e1kkal vette fel a kapcsolatot, ahonnan a szobr\u00e1sznak t\u00f6bb fiatal n\u0151t is kik\u00f6zvet\u00edtettek, de a m\u0171v\u00e9sz \u00farnak, valami\u00e9rt, egyik se tetszett. Nem feleltek meg marad\u00e9ktalanul az elv\u00e1r\u00e1sainak.<\/p>\n\n\n\n<p>Az egyik ilyen sikertelen k\u00eds\u00e9rlet ut\u00e1n \u00fagy \u00e9rezte, m\u00e1r teljesen kivan. A rekken\u0151, ny\u00e1ri h\u0151s\u00e9gben t\u00e9rdig lej\u00e1rta a l\u00e1b\u00e1t, rengeteget telefon\u00e1lt, megszeml\u00e9zte a l\u00e1nyokat \u2013 eredm\u00e9nytelen\u00fcl. A m\u0171v\u00e9sz \u00far el\u00e9gedetlen volt.&nbsp;<\/p>\n\n\n\n<p>A megbesz\u00e9l\u00e9st k\u00f6vet\u0151en k\u00e9nytelen volt megk\u00e9rni munkaad\u00f3j\u00e1t, engedn\u00e9 meg, hogy hazamenetel el\u0151tt lezuhanyozhasson n\u00e1la. \u00cdg\u00e9ri, ut\u00e1na rendben hagy mindent a f\u00fcrd\u0151szob\u00e1ban, kitakar\u00edtja maga ut\u00e1n a zuhanykabint.&nbsp;<\/p>\n\n\n\n<p>Persze, enged\u00e9lyt kapott r\u00e1.<\/p>\n\n\n\n<p>A n\u0151 bement a f\u00fcrd\u0151be, a szobr\u00e1sz pedig \u2013 most \u00e9ppen fest\u0151i min\u0151s\u00e9gben \u2013 folytatta a megkezdett munk\u00e1j\u00e1t. Olyannyira belemer\u00fclt, hogy el is feledkezett r\u00f3la, nincs egyed\u00fcl a lak\u00e1sban.&nbsp;<\/p>\n\n\n\n<p>Nagy lend\u00fclettel nyitott be a f\u00fcrd\u0151szob\u00e1ba, ahol megd\u00f6bben\u00e9ssel vette tudom\u00e1sul, a zuhanykabinban zubog a v\u00edz, de \u00e9rdekes m\u00f3don, a kabin \u00fcvegfala teljesen \u00e1tl\u00e1tsz\u00f3, mintha nem is \u00e9rn\u00e9 a p\u00e1ra.&nbsp;<\/p>\n\n\n\n<p>\u00c9s ekkor, az \u00fcvegen t\u00fal, megl\u00e1tott egy n\u0151alakot. Pontosan olyant, amilyent m\u00e1rv\u00e1nyb\u00f3l szeretett volna kifaragni: filigr\u00e1n testalkat, form\u00e1s alak, karcs\u00fa hatty\u00fanyak \u2013 ami a hossz\u00fa haj\u00e1t kontyba t\u0171z\u0151 l\u00e1ny \u00edvelt h\u00e1t\u00e1t koron\u00e1zta.<\/p>\n\n\n\n<p>Csendben beh\u00fazta maga m\u00f6g\u00f6tt az ajt\u00f3t, rem\u00e9lve, tal\u00e1n \u00e9szre se veszik, hogy ott j\u00e1rt.&nbsp;<\/p>\n\n\n\n<p>\u00c9s akkor az jutott esz\u00e9be, olyat tett, mint a \u201eZsuzsanna \u00e9s a v\u00e9nek\u201d sokak \u00e1ltal megfestett jelenet\u00e9ben: meglesett egy f\u00fcrd\u0151z\u0151, fiatal n\u0151t. \u0150, a \u201ev\u00e9n\u201d negyvenes.<\/p>\n\n\n\n<p>Amikor a l\u00e1ny kij\u00f6tt a f\u00fcrd\u0151b\u0151l, azzal fogadta: megtal\u00e1ltam a legmegfelel\u0151bb modellt. M\u00e1r ha v\u00e1llalja, Susanne\u2026<\/p>\n\n\n\n<p><\/p>\n\n\n\n<p class=\"has-text-align-right\"><em>Mester Gy\u00f6rgyi<\/em><\/p>\n","protected":false},"excerpt":{"rendered":"<p>\u201e\u00d6n\u00e9 az \u00e1ll\u00e1s. H\u00e9tf\u0151n kezdhet\u201d \u2013 t\u00f6bbsz\u00f6r is el kellett olvasnia a kurta e-mail-\u00fczenetet, mivel alig mert hinni a szem\u00e9nek. Csup\u00e1n p\u00e1r h\u00f3napja v\u00e9gzett az egyetemen, ahol m\u0171v\u00e9szett\u00f6rt\u00e9netet tanult, \u00e9s most a legh\u0151bb v\u00e1gya is teljes\u00fclt: egy szobr\u00e1sz maga mell\u00e9 &hellip; <a href=\"https:\/\/opus-folyoirat.sk\/?page_id=4127\">Egy kattint\u00e1s ide a folytat\u00e1shoz&#8230;. <span class=\"meta-nav\">&rarr;<\/span><\/a><\/p>\n","protected":false},"author":4,"featured_media":0,"parent":0,"menu_order":0,"comment_status":"closed","ping_status":"closed","template":"","meta":{"footnotes":""},"class_list":["post-4127","page","type-page","status-publish","hentry"],"_links":{"self":[{"href":"https:\/\/opus-folyoirat.sk\/index.php?rest_route=\/wp\/v2\/pages\/4127","targetHints":{"allow":["GET"]}}],"collection":[{"href":"https:\/\/opus-folyoirat.sk\/index.php?rest_route=\/wp\/v2\/pages"}],"about":[{"href":"https:\/\/opus-folyoirat.sk\/index.php?rest_route=\/wp\/v2\/types\/page"}],"author":[{"embeddable":true,"href":"https:\/\/opus-folyoirat.sk\/index.php?rest_route=\/wp\/v2\/users\/4"}],"replies":[{"embeddable":true,"href":"https:\/\/opus-folyoirat.sk\/index.php?rest_route=%2Fwp%2Fv2%2Fcomments&post=4127"}],"version-history":[{"count":1,"href":"https:\/\/opus-folyoirat.sk\/index.php?rest_route=\/wp\/v2\/pages\/4127\/revisions"}],"predecessor-version":[{"id":4129,"href":"https:\/\/opus-folyoirat.sk\/index.php?rest_route=\/wp\/v2\/pages\/4127\/revisions\/4129"}],"wp:attachment":[{"href":"https:\/\/opus-folyoirat.sk\/index.php?rest_route=%2Fwp%2Fv2%2Fmedia&parent=4127"}],"curies":[{"name":"wp","href":"https:\/\/api.w.org\/{rel}","templated":true}]}}