{"id":4137,"date":"2025-12-14T03:39:00","date_gmt":"2025-12-14T01:39:00","guid":{"rendered":"https:\/\/opus-folyoirat.sk\/?page_id=4137"},"modified":"2026-01-15T03:40:14","modified_gmt":"2026-01-15T01:40:14","slug":"imolai-judit","status":"publish","type":"page","link":"https:\/\/opus-folyoirat.sk\/?page_id=4137","title":{"rendered":"Imolai Judit:"},"content":{"rendered":"\n<p><strong>K\u00e9ts\u00e9gek m\u00e9ly\u00e9n<\/strong><\/p>\n\n\n<div class=\"has-text-align-right wp-block-post-date\"><time datetime=\"2025-12-14T03:39:00+02:00\">2025-12-14<\/time><\/div>\n\n\n<p>A nappaliban a konyhaasztalon halv\u00e1ny cs\u00edkok, a red\u0151ny az alkonyat utols\u00f3 f\u00e9nys\u00e1vjait engedi be, furcs\u00e1n t\u00f6rnek meg a k\u00f6nyvkupacokon. Jegyzethalmok sorakoznak k\u00fcl\u00f6n-k\u00fcl\u00f6n csoportos\u00edtva, egy darab gy\u0171r\u00f6tt pap\u00edr zsebkend\u0151ben a faragott grafitceruz\u00e1k egym\u00e1sba tekerg\u0151z\u0151 maradv\u00e1nyai. Zita magasra tornyosul\u00f3 irodalomk\u00f6nyvei hossz\u00fa \u00e9jszak\u00e1t \u00edg\u00e9rnek.<\/p>\n\n\n\n<p>A l\u00e1ny berendezgeti a sorrendet, hogyan fogja falatonk\u00e9nt befogadni ezt a k\u00e1sahegyet. Azt\u00e1n ezzel meg is el\u00e9gedik, mint aki v\u00e9gzett, lassan fel\u00e1ll, \u00e1tn\u00e9z a szomsz\u00e9d szoba fel\u00e9. Keresztmama t\u00e1volinak t\u0171nik, a s\u00f6t\u00e9ted\u0151 f\u00e9nyeket m\u00e9g feket\u00e9bb\u00e9 teszi a sz\u00e1ja sark\u00e1ban l\u00f3g\u00f3 pipa f\u00fcstje. Ma nagyon belem\u00e9lyedt a sors vizsg\u00e1lat\u00e1ba, felv\u00e1ltva veszi kez\u00e9be a cig\u00e1nyk\u00e1rtya lapjait \u00e9s a krist\u00e1lyg\u00f6mb\u00f6t. Nem n\u00e9z kifel\u00e9, csak az el\u0151tte l\u00e9v\u0151 jelk\u00e9pekre \u00f6sszpontos\u00edt.<\/p>\n\n\n\n<p>Zita csendben a saj\u00e1t szob\u00e1j\u00e1ba megy, de a parkett\u00e1n lehetetlen teljes csendben v\u00e9giglopakodni, a lass\u00fa l\u00e9ptek ink\u00e1bb csak m\u00e9g visszhangosabb\u00e1 teszik a halad\u00e1st. A nagyszekr\u00e9ny fel\u00e9 l\u00e9p, igen lassan nyitja ki a s\u00f6t\u00e9t di\u00f3faszekr\u00e9ny ajtaj\u00e1t, az m\u00e9gis nyikordul. El\u0151vesz egy sz\u0171k fekete fels\u0151r\u00e9szt, a matt sz\u00e1rnyas toalett-t\u00fck\u00f6r el\u0151tt kih\u00fazza tanul\u00e1sban hajlott h\u00e1t\u00e1t, \u00e9s feket\u00e9re h\u00fazza ki a szem\u00e9t. Lack\u00f3 tal\u00e1n ma \u00e9szreveszi, a m\u0171v\u00e9szett\u00f6rt\u00e9net kurzuson szoktak egy p\u00e1rban gyakorolni. A fi\u00fa egy\u00e9bk\u00e9nt sz\u00f3tlan, \u00e9s m\u00e9g soha nem volt hajland\u00f3 m\u00e1sr\u00f3l besz\u00e9lni, csak a versekr\u0151l. Zita biztosan tudja egy ellesett telefon\u00fczenetb\u0151l, hogy a fi\u00fa ma este le fog menni a fr\u00f6ccspinc\u00e9be, ahol az \u00e9vfolyam nagyobb arcai men\u0151znek. Lack\u00f3 rendszerint csak a fi\u00fak t\u00e1rsas\u00e1g\u00e1t keresi.<\/p>\n\n\n\n<p>Zita k\u00e9rd\u0151n n\u00e9z a hom\u00e1lyos t\u00fck\u00f6rre, nem tudja, milyen hangja van egy \u00e9desany\u00e1nak, amikor \u00fatnak ind\u00edt. Nem eml\u00e9kszik arra, hogy valaha is igaz\u00e1n dics\u00e9rte vagy szidta volna valaki, ink\u00e1bb csak \u00fcress\u00e9g van k\u00f6r\u00fcl\u00f6tte \u2013 t\u00e1tong\u00f3 csend, m\u00e1soknak a sz\u00fcl\u0151i szavak visszhangzanak. Az apja nem t\u00f6bb egy f\u00e9nyk\u00e9pn\u00e9l, amit a keresztmama tartott meg a fi\u00f3k m\u00e9ly\u00e9n, \u00e9s id\u0151nk\u00e9nt el\u0151vette, ha a l\u00e1ny k\u00e9rdezett valamit r\u00f3la. Az anyj\u00e1r\u00f3l t\u00f6bb sz\u00f3 esett, de csak b\u00edr\u00e1lat: hogyan lehet egy kisl\u00e1nyt csak \u00fagy otthagyni, mert \u0151 valami k\u00fclf\u00f6ldi f\u00e9rfival l\u00e9pett le.&nbsp; &nbsp;<\/p>\n\n\n\n<p>Zita soha nem k\u00e9rdez, csak n\u00e9z a t\u00fck\u00f6rbe. \u00c9s a fi\u00fakra. Azokra, akik \u00fagy t\u0171nnek, tudj\u00e1k, mit akarnak. \u0150 meg nem tud semmit. Sem azt, hogyan kellene n\u0151nek lennie, sem azt, mi\u00e9rt nem \u00e9rzi mag\u00e1t annak. Keresztmama pr\u00f3b\u00e1lt valamilyen anyap\u00f3tl\u00e9k lenni \u2013 meleg te\u00e1kkal, borsos tan\u00e1csokkal, \u00e9s azzal a hom\u00e1lyos krist\u00e1lyg\u00f6mbbel, amellyel mindig t\u00f6bbet besz\u00e9lget, mint a l\u00e1nnyal. Zita annak hitt, aki egy\u00e1ltal\u00e1n sz\u00f3lt hozz\u00e1. Tal\u00e1n \u00edgy t\u00f6rt\u00e9nhetett, hogy Lack\u00f3t \u2013 aki csak annyit mondott: \u201eMilyen szorgalmas vagy\u201d \u2013 \u0151 m\u00e1r mag\u00e1\u00e9nak hitte, \u00e9s r\u00f6gt\u00f6n k\u00f6lcs\u00f6n is adta neki a ped\u00e1ns jegyzeteit.<\/p>\n\n\n\n<p>Az es\u0151 \u00fctemesen kopog a gangos folyos\u00f3 kov\u00e1csoltvas korl\u00e1tjain. A l\u00e9pcs\u0151h\u00e1z dohos \u00e9s hideg, most m\u00e9g er\u0151sebben terjeng a sal\u00e9tromszag, a pinc\u00e9b\u0151l felk\u00faszik a savany\u00fa leveg\u0151.&nbsp; Zita halkan csukja be maga ut\u00e1n a bej\u00e1rati ajt\u00f3t, csak az utc\u00e1ra kil\u00e9pve mer rendesen a sark\u00e1ra r\u00e1l\u00e9pni. N\u00e9zi a test\u00e9t a f\u00f6ldszinti lak\u00e1sok ablak\u00fcvegeiben, egy v\u00e9kony alakot l\u00e1t: se nem n\u0151, se nem fi\u00fa, sem gyerek, sem feln\u0151tt. Valami k\u00f6ztes l\u00e9tben lebeg, \u00e9s amikor egy \u00fajabb ablak el\u0151tt elhalad, mindig kih\u00fazza a h\u00e1t\u00e1t. Figyeli a saj\u00e1t viselked\u00e9s\u00e9t, ahogy m\u00e1sokat is szokott a b\u00fcf\u00e9ben \u00e9s a menz\u00e1n. Hogyan nevetnek, mit esznek, mit csin\u00e1lnak, hogyan \u00e9rnek egym\u00e1shoz, \u00e9s vajon honnan \u00e9s hogyan tudj\u00e1k, kik \u0151k.<\/p>\n\n\n\n<p>Egyed\u00fcl megy az underground buliba, az este t\u00edz el\u0151tt \u00e9rkez\u0151 l\u00e1nyoknak nincs bel\u00e9p\u0151d\u00edj. Ismeretlenekkel van m\u00e1r tele az alagsori hely, a s\u00f6t\u00e9t falak el\u0151tt \u00e1lldog\u00e1lnak p\u00e1ran, \u00e9s h\u00e1tul a boxokban felismerhetetlenek az arcok. Zita sehol nem l\u00e1tja Lack\u00f3t. M\u00e9lyen besz\u00edvja a leveg\u0151t, micsoda v\u00e1ltozatoss\u00e1g ez a keresztmama r\u00e9gi gyerty\u00e1i \u00e9s a sz\u00e1r\u00edtott levendula ut\u00e1n.&nbsp; Az es\u0151ben a szemh\u00e9j\u00e1n elken\u0151d\u00f6tt a smink, csak a b\u00e1rpult m\u00f6g\u00f6tti t\u00fck\u00f6rben l\u00e1tja meg az arc\u00e1n leh\u00faz\u00f3d\u00f3 s\u00f6t\u00e9t cs\u00edkot. A mosd\u00f3t keresi, nem hallj\u00e1k meg a k\u00e9rd\u00e9s\u00e9t, \u00fctemesen d\u00fcb\u00f6g a dallam n\u00e9lk\u00fcli zene, f\u00e9mhangok \u00e9s felvillan\u00f3 f\u00e9nyek.&nbsp;<\/p>\n\n\n\n<p>Kez\u00e9ben szorongatja a kapuban kapott ingyenes welcome drinket, egy vid\u00e1m hang r\u00e1k\u00e9rdez: \u201eEz m\u00e9g mindig a bel\u00e9p\u0151 italod?\u201d Nincs is ideje felelni, Zita k\u00e9t magas alak k\u00f6z\u00e9 ker\u00fcl. K\u00edn\u00e1lj\u00e1k, \u201ePr\u00f3b\u00e1ld ki ezt!\u201d, besz\u00e9lnek hozz\u00e1 folyamatosan, \u00e9s a l\u00e1ny k\u00e9rd\u00e9s n\u00e9lk\u00fcl k\u00f3stolja. \u201eEz megmutatja, ki vagy val\u00f3j\u00e1ban.\u201d Nem gondolkodik, lenyeli. Sz\u00e9d\u00fclni kezd. Furcsa l\u00e1tom\u00e1sai t\u00e1madnak \u2013 m\u00e1s testben l\u00e1tja mag\u00e1t, testkont\u00farja f\u00e9rfiv\u00e1 torzulnak a b\u00e1rpult m\u00f6g\u00f6tti t\u00fck\u00f6rfalban. Meglep\u0151 megtapasztal\u00e1s, bel\u00fcl valahogy otthonos \u00e9rz\u00e9s.<\/p>\n\n\n\n<p>Lebeg, izgalmas \u00e9s k\u00f6nny\u0171, \u00e9jszaka van, \u00e9s m\u00e9gis \u00e9ber. Lehet, hogy nem is az ital hatott, hanem el\u0151tte az \u00edg\u00e9ret. Hogy lehet valami m\u00e1s. Valaki m\u00e1s. Hogy lehet valahov\u00e1 tartozni, ha csak egy pillanatra is. Kor\u00e1bban m\u00e1r akart fi\u00fas lenni, hogy Lack\u00f3val t\u00f6bbet besz\u00e9lgessen. Lehet, hogy nem ez a szer v\u00e1ltoztatja \u0151t fi\u00fav\u00e1 \u2013 csak ler\u00e1ntja r\u00f3la a saj\u00e1t bizonytalans\u00e1g\u00e1nak lepl\u00e9t. Azt, amit eg\u00e9sz \u00e9let\u00e9ben hordott, mint egy t\u00falm\u00e9retezett kab\u00e1tot, amit senki nem v\u00e1lasztott neki, csak r\u00e1adt\u00e1k, mert \u201el\u00e1ny\u201d. Egy id\u0151ben f\u00e9rfikalapot is hordott, meg egy m\u00e1sodk\u00e9zb\u0151l v\u00e1s\u00e1rolt nyakkend\u0151t.<\/p>\n\n\n\n<p>A klub s\u00f6t\u00e9ts\u00e9g\u00e9ben vil\u00e1gosan l\u00e1t. Nem az\u00e9rt, mert fi\u00fa akarna lenni, hanem mert a vil\u00e1g tal\u00e1n akkor v\u00e9gre meg\u00e9rten\u00e9. Esetleg akkor ez lenne az igazi szerepe. Zita imbolyog, m\u00e1sok ugr\u00e1l\u00e1s\u00e1t akarja ut\u00e1nozni, a f\u00e9nyek egyre s\u0171r\u0171bben villognak a szeme el\u0151tt. Rettent\u0151 szomj\u00fas\u00e1got \u00e9rez, mintha azonnal meghalna egy korty n\u00e9lk\u00fcl. A b\u00e1rpult fel\u00e9 igyekszik, a t\u00e1vols\u00e1g t\u00f6bb kilom\u00e9ternek t\u0171nik, de v\u00e9g\u00fcl p\u00e1r l\u00e9p\u00e9st sem halad. A gyomr\u00e1ban figyelmeztet\u00e9s n\u00e9lk\u00fcl t\u00f6r fel a h\u00e1nyinger, \u00e9s feladja sz\u00e1nd\u00e9k\u00e1t: csak a sz\u00e1ja sz\u00e1raz, de \u00fagysem tudna inni egy cseppet sem. Minden els\u00f6t\u00e9t\u00fcl.<\/p>\n\n\n\n<p>A rend\u0151r\u00f6k hajnalban tal\u00e1lj\u00e1k meg az utc\u00e1n, a j\u00e1rda sz\u00e9l\u00e9n \u00fclve. \u201eM\u00e9g egy befordult l\u00e1ny\u201d, jegyzi meg az egyik. Az egyik, a fiatalabb hazak\u00eds\u00e9ri, \u201eVan, aki v\u00e1llalja, hogy vigy\u00e1z r\u00e1d?\u201d Bemutatkozik a keresztmam\u00e1nak, \u0151 Kov\u00e1cs M\u00e1rk. Szeme gyorsan v\u00e9gigfut Zit\u00e1n, a r\u00e9gi lak\u00e1sberendez\u00e9sen, sok\u00e1ig id\u0151zik a l\u00e1ny leh\u00e1nyt p\u00f3l\u00f3j\u00e1n a melle k\u00f6r\u00fcl, azt\u00e1n a keresztmama fel\u00e9 fordul. \u201eTud r\u00e1 vigy\u00e1zni, mama?\u201d, k\u00e9rdezi keresztmam\u00e1t, aki fagyosan felel: \u201eMag\u00e1nak Erzs\u00e9bet n\u00e9ni\u201d.<\/p>\n\n\n\n<p>A rend\u0151r jegyzetf\u00fczetet vesz el\u0151, szigor\u00faan \u00f6sszegzi: \u201eTudjuk, mit vett be. Az anyag \u00faj. Nemv\u00e1ltoztat\u00f3 hormonkokt\u00e9l, k\u00eds\u00e9rleti pszichotr\u00f3p anyag, szennyezett, nincs tapasztalat a hat\u00e1s\u00e1r\u00f3l.\u201d Zita hallgat, keresztmama meredten figyel. Megfagyott a leveg\u0151, a l\u00e1ny nagyon rosszul van. A rend\u0151r sorolja, szerinte mi ker\u00fcl a jelent\u00e9sbe. Egy\u00fctt kell m\u0171k\u00f6dni, lehet\u0151s\u00e9g van azonnali rendez\u00e9sre, fel kell sorolni, amire eml\u00e9kszik a l\u00e1ny. Most, vagy majd a rend\u0151r\u0151rs\u00f6n k\u00e9s\u0151bb, a szem\u00e9lyes adatok m\u00e1r megvannak.<\/p>\n\n\n\n<p>\u201eTess\u00e9k csak maradni, majd a l\u00e1ny kik\u00eds\u00e9r\u201d, mondja M\u00e1rk a keresztmam\u00e1nak, \u00e9s indul kifel\u00e9. A bej\u00e1rati ajt\u00f3n\u00e1l lass\u00edt, k\u00f6zelebb l\u00e9p a l\u00e1nyhoz. Megfesz\u00fcl az arca, a f\u00e9rfi suttogni kezd. \u201eSeg\u00edthetek elt\u00fcntetni az \u00fcgyet. Keress meg. J\u00f6v\u0151 h\u00e9ten ugyanakkor ugyanott leszek. Besz\u00e9lj\u00fck meg. Szem\u00e9lyesen.\u201d Cs\u00edp\u0151re teszi a kez\u00e9t, f\u00fcstszag\u00fa ruh\u00e1ja alatt l\u00e1tsz\u00f3dik a pisztolyt\u00e1ska tart\u00f3sz\u00edja. A leveg\u0151 megfagy. Zita visszakullog a nagyszob\u00e1ba. Lassan visszat\u00e9r a val\u00f3s\u00e1gba, nem tudja, mi t\u00f6rt\u00e9nt, rosszul van. \u00c9s a h\u00e9tf\u0151i kollokviumra m\u00e9g nem tanult.<\/p>\n\n\n\n<p>Erzs\u00e9bet a szob\u00e1j\u00e1ban \u00fcl, el\u0151tte a krist\u00e1lyg\u00f6mbje. Keze remeg, most cigarett\u00e1ra gy\u00fajt, bizonytalanul tartja a borosty\u00e1nkeretes cigarettat\u00e1rc\u00e1t. K\u00e9t gyerty\u00e1t is gy\u00fajtott, a remeg\u0151 l\u00e1ngok megvil\u00e1g\u00edtj\u00e1k a f\u00e9l arc\u00e1t, \u00e9s a kor\u00e1bbi viaszfoltokat a lila pl\u00fcss asztalter\u00edt\u0151n. A cigaretta az arca s\u00f6t\u00e9tebb oldal\u00e1n par\u00e1zslik fel, a f\u00fcst megmozdul a g\u00f6mbben \u2013 mintha valaki bel\u00fclr\u0151l pr\u00f3b\u00e1lna kit\u00f6rni. A g\u00f6mbben egy alak v\u00e1lik l\u00e1that\u00f3v\u00e1. Fi\u00fa. Zita arca, de m\u00e1sk\u00e9nt. Er\u0151sebben, kem\u00e9nyebb kont\u00farokkal. Idegenk\u00e9nt n\u00e9z ki bel\u00fclr\u0151l.<\/p>\n\n\n\n<p>Keresztmama egy k\u00f6vetkez\u0151 cigarett\u00e1t vesz el\u0151, gyuf\u00e1val gy\u00fajtja meg, szereti a k\u00e9n szag\u00e1t. Zita a szoba ajtaj\u00e1ban \u00e1ll, k\u00e9rd\u0151n n\u00e9z r\u00e1, de nem sz\u00f3l. Keresztmama feltekint, \u00e9s a l\u00e1nynak halk hangon sorolja. \u201eEgy fi\u00fat l\u00e1ttam, aki a te testedb\u0151l pr\u00f3b\u00e1l kiszabadulni. Azok, akik zsarolnak, nem k\u00e9rnek, csak elvesznek. Titkos k\u00eds\u00e9rlet folyik. A test nem c\u00e9l, csak eszk\u00f6z. A befoly\u00e1solhat\u00f3 fiatalokb\u00f3l adatot nyernek. Identit\u00e1st cser\u00e9lnek, mintha ruh\u00e1t v\u00e1ltan\u00e1nak. A g\u00f6mb igazat mond, de nem tud megmenteni.\u201d<\/p>\n\n\n\n<p>Zita nem v\u00e1laszol, csak visszamegy a k\u00f6nyvvel telepakolt asztalhoz. Le\u00fcl, \u00e9s b\u00e1mul maga el\u00e9. A vil\u00e1g megint t\u00fal sok, \u0151 meg megint t\u00fal kev\u00e9s, semmit nem \u00e9rt. El\u0151veszi a telefonj\u00e1t, majd leteszi. Nincs kinek \u00edrni. Lack\u00f3 a fi\u00fakkal van. Mindig a fi\u00fakkal. \u00c9s \u0151? \u0150 belement valamibe, amir\u0151l semmit sem tudott, csak hogy egy pillanatra \u00fagy \u00e9rezze, k\u00f6zelebb ker\u00fclhet hozz\u00e1. Megad\u00f3an veszi sorra a jegyzetkupacokat, r\u00e1gja, mint a f\u0171r\u00e9szport.<\/p>\n\n\n\n<p>M\u00e9g az este el\u0151tt Erzs\u00e9bet \u00fajra lehajol a g\u00f6mb f\u00f6l\u00e9. A f\u00fcst most kavarog, benne k\u00e9pek villannak: k\u00f3rterem, cs\u00f6vek, inf\u00fazi\u00f3. Fiatalok, akik m\u00e1r nem tudj\u00e1k bedikt\u00e1lni az adataikat, mi a nev\u00fck. Az egyik szemp\u00e1r ismer\u0151s. Zita l\u00e1tsz\u00f3dik. A g\u00f6mb megsz\u00f3lal: \u201eNextHorm\u201d. Keresztmama berekeszti a krist\u00e1lyg\u00f6mbvizsg\u00e1latot. Kih\u00fazza mag\u00e1t, \u00e9s sz\u00e9tnyitja a szob\u00e1t \u00e1lland\u00f3 hom\u00e1lyban tart\u00f3 sodrott bojtos f\u00fcgg\u00f6nyt. A vezet\u00e9kes telefonhoz megy, \u00e9s a saj\u00e1t kez\u00e9be veszi a dolgokat. Egy r\u00e9gi bar\u00e1tn\u0151j\u00e9t h\u00edvja, rajta kereszt\u00fcl kapcsolatba l\u00e9p azzal az okkult renddel, akik a krist\u00e1lyg\u00f6mb k\u00e9pess\u00e9geit n\u00e1la is jobban ismerik.<\/p>\n\n\n\n<p>Vas\u00e1rnap kora reggel Zita m\u00e9g jav\u00e1ban alszik, amikor keresztmama munk\u00e1hoz l\u00e1t. A szer nem csak testi \u00e1talakul\u00e1st ind\u00edt el, hanem ment\u00e1lis befoly\u00e1st is gyakorol, h\u00e1t ezzel \u00e1llunk szemben, akkor ezen kereszt\u00fcl kezelj\u00fck. Keresztmama a g\u00f6mb\u00f6t az ablakba teszi, hogy el\u00e9rje azt a felkel\u0151 napf\u00e9ny sugara. K\u00f6zben \u00e1ll el\u0151tte, \u00e9s elk\u00e9pzeli, megid\u00e9zi a l\u00e1ny k\u00e9p\u00e9t. Suttogja: \u201eAki nincs megtan\u00edtva \u00e9lni, mindig keres valakit, aki majd megmondja, hogy kicsoda. Itt leszek. Nem kellenek a gy\u00f3gyszerc\u00e9gek k\u00eds\u00e9rletei. Nem kell a rend\u0151rs\u00e9g. Itt vagyok.\u201d<\/p>\n\n\n\n<p>A rend\u0151rs\u00e9ghez sem Erzs\u00e9bet, sem Zita nem megy be eg\u00e9sz h\u00e9ten. Viszont eltelik egy eg\u00e9sz h\u00e9t, \u00e9s ideje felkeresni a fr\u00f6ccspinc\u00e9t, ahol M\u00e1rk majd v\u00e1rja. \u201eMenjek veled?\u201d k\u00e9rdezi keresztmama. Zita lassan rendbe j\u00f6tt egy h\u00e9t alatt, \u00e9s a vizsga h\u00e1rmas\u00e1val is t\u00f6k\u00e9letesen el\u00e9gedett \u2013 ennyi tanul\u00e1ssal ez teljesen korrekt. M\u00e1r nem akarja Lack\u00f3t. Nem akar senkit, csak \u00f6nmag\u00e1t. Egyed\u00fcl indul. El\u00e9r a klubhoz, \u00e9s megd\u00f6bben. Fekete falak, f\u00fcstszag, \u00fcres l\u00e9pcs\u0151lej\u00e1r\u00f3 fogadja. A szomsz\u00e9d kapualjban \u00e1ll\u00f3kt\u00f3l megtudja, a hely <em>v\u00e9letlen baleset<\/em> folyt\u00e1n le\u00e9gett. Valami \u00f6ngyullad\u00e1s volt. M\u00e1rk nem jelent meg, Zita nagy leveg\u0151ket vesz, hazas\u00e9t\u00e1l. Egy n\u00e9vtelen pap\u00edrszelet van a postal\u00e1d\u00e1ban: \u201eNem l\u00e1tt\u00e1l semmit. Maradj a g\u00f6mb\u00f6dn\u00e9l.\u201d \u00dcresnek \u00e9rzi a lelk\u00e9t. Mint egy \u00edg\u00e9ret, amit soha nem is akartak betartani.&nbsp;<\/p>\n\n\n\n<p><\/p>\n","protected":false},"excerpt":{"rendered":"<p>K\u00e9ts\u00e9gek m\u00e9ly\u00e9n A nappaliban a konyhaasztalon halv\u00e1ny cs\u00edkok, a red\u0151ny az alkonyat utols\u00f3 f\u00e9nys\u00e1vjait engedi be, furcs\u00e1n t\u00f6rnek meg a k\u00f6nyvkupacokon. Jegyzethalmok sorakoznak k\u00fcl\u00f6n-k\u00fcl\u00f6n csoportos\u00edtva, egy darab gy\u0171r\u00f6tt pap\u00edr zsebkend\u0151ben a faragott grafitceruz\u00e1k egym\u00e1sba tekerg\u0151z\u0151 maradv\u00e1nyai. Zita magasra tornyosul\u00f3 irodalomk\u00f6nyvei &hellip; <a href=\"https:\/\/opus-folyoirat.sk\/?page_id=4137\">Egy kattint\u00e1s ide a folytat\u00e1shoz&#8230;. <span class=\"meta-nav\">&rarr;<\/span><\/a><\/p>\n","protected":false},"author":4,"featured_media":0,"parent":0,"menu_order":0,"comment_status":"closed","ping_status":"closed","template":"","meta":{"footnotes":""},"class_list":["post-4137","page","type-page","status-publish","hentry"],"_links":{"self":[{"href":"https:\/\/opus-folyoirat.sk\/index.php?rest_route=\/wp\/v2\/pages\/4137","targetHints":{"allow":["GET"]}}],"collection":[{"href":"https:\/\/opus-folyoirat.sk\/index.php?rest_route=\/wp\/v2\/pages"}],"about":[{"href":"https:\/\/opus-folyoirat.sk\/index.php?rest_route=\/wp\/v2\/types\/page"}],"author":[{"embeddable":true,"href":"https:\/\/opus-folyoirat.sk\/index.php?rest_route=\/wp\/v2\/users\/4"}],"replies":[{"embeddable":true,"href":"https:\/\/opus-folyoirat.sk\/index.php?rest_route=%2Fwp%2Fv2%2Fcomments&post=4137"}],"version-history":[{"count":1,"href":"https:\/\/opus-folyoirat.sk\/index.php?rest_route=\/wp\/v2\/pages\/4137\/revisions"}],"predecessor-version":[{"id":4139,"href":"https:\/\/opus-folyoirat.sk\/index.php?rest_route=\/wp\/v2\/pages\/4137\/revisions\/4139"}],"wp:attachment":[{"href":"https:\/\/opus-folyoirat.sk\/index.php?rest_route=%2Fwp%2Fv2%2Fmedia&parent=4137"}],"curies":[{"name":"wp","href":"https:\/\/api.w.org\/{rel}","templated":true}]}}