{"id":4154,"date":"2025-09-05T10:00:00","date_gmt":"2025-09-05T08:00:00","guid":{"rendered":"https:\/\/opus-folyoirat.sk\/?page_id=4154"},"modified":"2026-01-20T10:17:11","modified_gmt":"2026-01-20T08:17:11","slug":"a-csontnyelu-kes","status":"publish","type":"page","link":"https:\/\/opus-folyoirat.sk\/?page_id=4154","title":{"rendered":"A Csontnyel\u0171 k\u00e9s"},"content":{"rendered":"<div class=\"has-text-align-right wp-block-post-date\"><time datetime=\"2025-09-05T10:00:00+02:00\">2025-09-05<\/time><\/div>\n\n\n<div class=\"wp-block-group is-vertical is-layout-flex wp-container-core-group-is-layout-8cf370e7 wp-block-group-is-layout-flex\">\n<p><\/p>\n\n\n\n<p>A magas vasoszlopokon \u00e1ll\u00f3 erdei h\u00e1zat sz\u00e9les, \u00e1tj\u00e1rhatatlan bokors\u00e1v v\u00e1lasztotta el a foly\u00f3t\u00f3l, a k\u00f6rnyez\u0151 \u00e1rt\u00e9ri f\u00e1k pedig eltakart\u00e1k a nem messze halad\u00f3 orsz\u00e1g\u00fatt\u00f3l is.<\/p>\n\n\n\n<p>A t\u00e1rsas\u00e1g k\u00e9t aut\u00f3val \u00e9rkezett, \u00e9s r\u00e1\u00e9r\u0151sen kezdett kipakolni. A t\u00e1sk\u00e1kat a vasl\u00e9pcs\u0151n a f\u00e9rfiak vitt\u00e9k fel, \u00edgy az asszonyok addig s\u00e9t\u00e1lni indultak. Vil\u00e1gos ruh\u00e1jukban imbolyg\u00f3 kis \u00e1llatk\u00e1kra eml\u00e9keztettek, amint a hatalmas f\u00e1k alatt \u00f3vatosan ker\u00fclgett\u00e9k a nemr\u00e9g esett es\u0151 pocsoly\u00e1it, s az erdei \u00faton t\u00e9tov\u00e1n haladva jobbra-balra pislogtak, mintha keresn\u00e9nek valamit. Azt\u00e1n \u00f6sszen\u00e9ztek \u00e9s felnevettek, cinkosan, ahogyan csak a n\u0151k tudnak.<\/p>\n\n\n\n<p>\u2014 A gyerek \u00e9jjel \u00e1lm\u00e1b\u00f3l besz\u00e9lt \u2014 mondta az egyik.<\/p>\n\n\n\n<p>\u2014 \u00c9s mit mondott?<\/p>\n\n\n\n<p>\u2014 \u00c9ppen ez az! Nem \u00e9rtettem egy sz\u00f3t sem! Valami idegen nyelven mondta, amit mondott&#8230; mintha figyelmeztetni akart volna valamire&#8230;<\/p>\n\n\n\n<p>V\u00e9gre megtal\u00e1lt\u00e1k a s\u00f6v\u00e9nybe v\u00e1gott lej\u00e1r\u00f3t, melynek v\u00e9g\u00e9n agyagba v\u00e1gott l\u00e9pcs\u0151k vezettek a v\u00edzhez.<\/p>\n\n\n\n<p>\u2014 Gondolod, hogy ez jelent valamit? \u2014 k\u00e9rdezte.<\/p>\n\n\n\n<p>\u2014 Nem tudom \u2014 h\u00fazta fel a v\u00e1ll\u00e1t.<\/p>\n\n\n\n<p>A f\u00e9rfiak kiab\u00e1lni kezdtek ut\u00e1nuk, \u00edgy siet\u0151s l\u00e9ptekkel indultak vissza. Egyik\u00fck egy sz\u00e1l vir\u00e1got \u00e9s egy furcsa alak\u00fa k\u00f6vet szorongatott a kez\u00e9ben. Sz\u00edvesen gy\u0171jt\u00f6tt eml\u00e9keket, amelyeket gondosan elrakott.<\/p>\n\n\n\n<p>A vir\u00e1got a v\u00e1z\u00e1ba tett\u00e9k, \u00e9s nekil\u00e1ttak a f\u0151z\u00e9snek. Egy\u00e9bk\u00e9nt a k\u00e9t f\u00e9rfi szokott f\u0151zni \u2014 egyik\u00fck guly\u00e1st, m\u00e1sikuk hal\u00e1szlevet \u2014, \u00e1m most vend\u00e9get is hoztak magukkal, akivel ink\u00e1bb k\u00edv\u00e1ntak foglalkozni.<\/p>\n\n\n\n<p>A Vend\u00e9g, egyetemi tan\u00e1r, k\u00f6zgazd\u00e1sz, kiterjedt kapcsolatokkal, p\u00e9nzzel \u00e9s rengeteg tapasztalattal, j\u00f3les\u0151 mosollyal fogadta a figyelmess\u00e9get \u00e9s b\u00f6lcseket hallgatott.<\/p>\n\n\n\n<p>A k\u00e9t h\u00e1zigazda egym\u00e1st t\u00fallicit\u00e1lva igyekezett bizony\u00edtani a megval\u00f3s\u00edtand\u00f3 tranzakci\u00f3 sikeress\u00e9g\u00e9t, nyeres\u00e9gess\u00e9g\u00e9t, s ennek \u00f6r\u00f6m\u00e9re kedves er\u0151szakkal egy-egy poh\u00e1r h\u00e1zi p\u00e1link\u00e1t is beledikt\u00e1lva a Vend\u00e9gbe.<\/p>\n\n\n\n<p>Id\u0151k\u00f6zben ism\u00e9t beborult, \u00edgy az asszonyok benn a h\u00e1zban ter\u00edtettek meg. A k\u00e9t f\u00e9rfi tal\u00e1n kiss\u00e9 t\u00falj\u00e1tszott szimp\u00e1ti\u00e1val tov\u00e1bbra is hars\u00e1nyan kedveskedett a Vend\u00e9gnek, aki azonban tov\u00e1bbra is csak csendesen elejtett megjegyz\u00e9sekkel sz\u00e1llt be a t\u00e1rsalg\u00e1sba.<\/p>\n\n\n\n<p>A guly\u00e1s pomp\u00e1san siker\u00fclt, b\u00e1r a f\u00e9rfiak meg voltak r\u00f3la gy\u0151z\u0151dve, hogy egy \u00e1rnyalattal gyeng\u00e9bb, mint amilyet \u0151k szoktak f\u0151zni.<\/p>\n\n\n\n<p>Ek\u00f6zben \u00fajra esni kezdett \u2014 beigazolva az asszonyok aggodalm\u00e1t \u00e9s el\u0151rel\u00e1t\u00e1s\u00e1t \u2014, \u00edgy azok elmentek k\u00f6r\u00fcln\u00e9zni, nem maradt-e valami a szabadban. Csak egy feh\u00e9r, csontnyel\u0171 k\u00e9s maradt kint, de senki sem eml\u00e9kezett r\u00e1, hogy k\u00e9zbe vette volna.<\/p>\n\n\n\n<p>M\u00e1r a vacsor\u00e1nak \u00e9s a d\u00e9lut\u00e1nnak is a v\u00e9g\u00e9re \u00e9rtek, valamint ugyancsak esett az es\u0151, amikor az Idegen megjelent. A ruh\u00e1ja m\u00e9g nem \u00e1zott \u00e1t teljesen, \u00edgy val\u00f3sz\u00edn\u0171leg a k\u00f6zelben parkolhatott le, b\u00e1r motorz\u00fag\u00e1st egyik\u00fck sem hallott. Mint kider\u00fclt nem is hallhattak, mivel a f\u00e9rfinak az orsz\u00e1g\u00faton robbant le a kocsija, s csak a f\u00fcst miatt gondolta, hogy itt seg\u00edts\u00e9get tal\u00e1l.<\/p>\n\n\n\n<p>A k\u00e9t h\u00e1zigazda alapterm\u00e9szet\u00fck dikt\u00e1lta \u00f3vatoss\u00e1ggal, de kell\u0151 udvariass\u00e1ggal fogadta, s m\u00e9gsem vett\u00e9k \u00e9szre, hogy a bemutatkoz\u00f3 k\u00e9zfog\u00e1sn\u00e1l az Idegen a szok\u00e1sosn\u00e1l hosszabb ideig n\u00e9zett a Vend\u00e9g szem\u00e9be, majd \u00fagy \u00fcltek le, hogy a lehet\u0151 legmesszebb legyenek egym\u00e1st\u00f3l.<\/p>\n\n\n\n<p>Felaj\u00e1nlott\u00e1k, hogy ha ideje engedi, v\u00e1rja meg am\u00edg el\u00e1ll az es\u0151, \u00e9s majd azt\u00e1n megn\u00e9zik mit tehetnek az \u00e9rdek\u00e9ben. Az Idegen beleegyezett, s\u0151t engedve az asszonyok k\u00edn\u00e1l\u00e1s\u00e1nak egy t\u00e1ny\u00e9r guly\u00e1st is elfogadott, mondv\u00e1n, nehezen megmondhat\u00f3 tal\u00e1l-e a k\u00f6rny\u00e9ken nyitott \u00e9ttermet. Ezen a vid\u00e9ken bizony nyolc ut\u00e1n m\u00e1r neh\u00e9z \u00e9tteremben vacsor\u00e1t kapni, b\u00f3lintottak r\u00e1 a f\u00e9rfiak.<\/p>\n\n\n\n<p>\u2014 \u00c9s mi j\u00e1ratban errefel\u00e9? \u2014 kezdte a bar\u00e1tkoz\u00e1st az alacsonyabbik h\u00e1zigazda. \u2014 Persze, csak ha nem titok!<\/p>\n\n\n\n<p>\u2014 Nem, egy\u00e1ltal\u00e1n nem titok \u2014 felelte k\u00e9szs\u00e9gesen. \u2014 \u00c9n hipnotiz\u0151r vagyok \u00e9s holnap nem messze lesz egy el\u0151ad\u00e1som.<\/p>\n\n\n\n<p><em>\u201cKedves koll\u00e9ga!<\/em><\/p>\n\n\n\n<p><em>Eln\u00e9z\u00e9st kell k\u00e9rnem, ami\u00e9rt h\u00e9tf\u0151n reggel nem lehetek ott k\u00f6z\u00f6s k\u00eds\u00e9rlet\u00fcnkn\u00e9l, de bizonyos vagyok benne, hogy \u00d6n n\u00e9lk\u00fclem is nagyszer\u0171en boldogul majd az akarat\u00e1tvitel eme probl\u00e9m\u00e1j\u00e1nak megold\u00e1s\u00e1n\u00e1l.<\/em><\/p>\n\n\n\n<p><em>\u00c9n \u00fagy d\u00f6nt\u00f6ttem, hogy most m\u00e1r nem csin\u00e1lom tov\u00e1bb. Val\u00f3sz\u00edn\u0171leg \u00d6n lesz az egyetlen, aki ezt meg fogja \u00e9rteni. Tudja, hogy \u00e9letemben mindig az alkot\u00e1st, a munk\u00e1t tartottam a legt\u00f6bbre, \u00e9s ez hat\u00e1rozta meg nemcsak kett\u0151nk kapcsolat\u00e1t, de a t\u00e1rsadalomhoz val\u00f3 viszonyomat is. \u00c9ppen a munk\u00e1mnak k\u00f6sz\u00f6nhetem, hogy ar\u00e1nylag f\u00fcggetlen\u00fcl, senki \u00e1ltal nem befoly\u00e1solva, \u00e9s senkihez nem alkalmazkodva \u00e9lhettem \u00e9s dolgozhattam.<\/em><\/p>\n\n\n\n<p><em>Mint minden alkot\u00e1snak, \u00edgy az eny\u00e9mnek is az a kock\u00e1zata, hogy kudarcba fullad, zs\u00e1kutc\u00e1ba vezet vagy egyszer\u0171en csak holtpontra jut, s nem megy tov\u00e1bb&#8230; az adapt\u00edv radi\u00e1ci\u00f3ba ez is belef\u00e9r&#8230; a fennmaradt, \u00e9l\u0151 egyedek \u00fajabb lehet\u0151s\u00e9geit keresik az \u00e9letfelt\u00e9telek kiakn\u00e1z\u00e1s\u00e1nak, az \u00fajabb fajok pedig megism\u00e9tlik a kihal\u00e1s pr\u00f3ba-szerencse j\u00e1t\u00e9k\u00e1t.<\/em><\/p>\n\n\n\n<p><em>Tal\u00e1n cinikusnak tal\u00e1l, de ebben a \u201ehangos semmitmond\u00e1sban\u201d amit az \u00c9let sz\u00e1momra jelent, eddig sem vettem komolyan sem mag\u00e1t az \u00e9letet sem a t\u00e1rsadalmat. \u00edgy szab\u00e1lyait sem ismertem el magamra n\u00e9zve k\u00f6telez\u0151nek. \u00c9ljen vel\u00fck a t\u00e1rsadalom maga&#8230; ha tud.<\/em><\/p>\n\n\n\n<p><em>\u00c9n magam mindig is \u00fagy \u00e9reztem, hogy m\u00e9ltatlanul kaptam azt a k\u00e9pess\u00e9gemet, hogy akarat\u00e1tvitellel, hipn\u00f3zissal azt tegyek az emberekkel, amit akarok, s \u00e9ppen ez\u00e9rt nem ebbe a vil\u00e1gba val\u00f3 vagyok.<\/em><\/p>\n\n\n\n<p><em>Ezek ut\u00e1n d\u00f6nt\u00f6ttem \u00fagy, hogy elt\u00e1vozom ebb\u0151l a vil\u00e1gb\u00f3l, \u00e9s persze \u00fagy, hogy ez a t\u00e1voz\u00e1s \u201etehets\u00e9gemhez m\u00e9lt\u00f3n\u201d t\u00f6rt\u00e9njen, teh\u00e1t \u00e9rthetetlen\u00fcl, az emberek sz\u00e1m\u00e1ra felfoghatatlanul!<\/em><\/p>\n\n\n\n<p><em>De ez m\u00e1r mag\u00e1n\u00fcgy.<\/em><\/p>\n\n\n\n<p><em>Munk\u00e1j\u00e1hoz sok sikert k\u00edv\u00e1nok!\u201d<\/em><\/p>\n\n\n\n<p>\u2014 Hipnotiz\u0151r? \u2014 k\u00e9rdezt\u00e9k az asszonyok, \u00e9s l\u00e1tszott, hogy fel\u00e9bredt benn\u00fck az \u00e9rdekl\u0151d\u00e9s.<\/p>\n\n\n\n<p>\u2014 Az, aki elaltat meg ilyesmi? \u2014 k\u00e9rdezte az alacsonyabbik h\u00e1zigazda \u00e9s a k\u00e9rd\u00e9s meg a hangs\u00faly, ahogyan feltette el\u00e1rulta, hogy b\u00e1r igyekszik nem megs\u00e9rteni az Idegent, val\u00f3j\u00e1ban nem sokra tartja ezt a mesters\u00e9get.<\/p>\n\n\n\n<p>\u2014 F\u0151leg ilyesmi \u2014 felelte mosolyogva. \u2014 Nem sz\u00edvesen altatok, az igazi er\u0151pr\u00f3ba sz\u00e1momra az akarat\u00e1tvitel.<\/p>\n\n\n\n<p>A t\u00e1rsas\u00e1g \u00fagy b\u00f3logatott, mint aki igyekszik meg\u00e9rteni a hallottakat.<\/p>\n\n\n\n<p>\u2014 M\u00e1r ne haragudjon \u2014 kezdte megint az \u00e9l\u00e9nkebb \u2014, de j\u00f3l hoz ez a mesters\u00e9g?<\/p>\n\n\n\n<p>Miel\u0151tt v\u00e1laszolt volna, l\u00e1tszott az idegenen, hogy nagyon gondolkozik valamin.<\/p>\n\n\n\n<p>\u2014 \u00dagy l\u00e1tom, nemigen hisz az <em>ilyesmiben.<\/em> \u2014 Az utols\u00f3 sz\u00f3t, legal\u00e1bbis hangs\u00falyoz\u00e1s\u00e1t tekintve, igyekezett a h\u00e1zigazd\u00e1\u00e9hoz igaz\u00edtani.<\/p>\n\n\n\n<p>Az \u00e9szrevette a c\u00e9lz\u00e1st.<\/p>\n\n\n\n<p>\u2014 Nem mintha nem hinn\u00e9k, de tudja, mi \u00fczletemberek vagyunk, akik \u00e1ltal\u00e1ban csak annak hisz\u00fcnk, amit l\u00e1tunk&#8230;<\/p>\n\n\n\n<p>\u2014 S\u0151t n\u00e9ha m\u00e9g annak sem \u2014 tette hozz\u00e1 a t\u00e1rsa.<\/p>\n\n\n\n<p>\u2014 H\u00e1t j\u00f6jjenek el egyszer megn\u00e9zni egy ilyen el\u0151ad\u00e1st, \u00e9s akkor megl\u00e1tj\u00e1k \u00e9rdemes volt-e r\u00e1 p\u00e9nzt kiadni. \u2014 L\u00e1tszott, hogy szeretn\u00e9, ha ink\u00e1bb m\u00e1sr\u00f3l besz\u00e9ln\u00e9nek.<\/p>\n\n\n\n<p>\u2014 Ne csod\u00e1lkozzon rajtunk \u2014 sz\u00f3lt ekkor k\u00f6zbe a sarokban \u00fcl\u0151 Vend\u00e9g \u2014, az \u00e9sznek annyi form\u00e1ja van m\u00e1r, hogy n\u00e9ha magunk sem tudjuk, melyikhez igazodjunk.<\/p>\n\n\n\n<p>A hangba nyilv\u00e1nval\u00f3 b\u00e9k\u00edt\u00e9si sz\u00e1nd\u00e9k keveredett, mintegy jelezve, hogy meg\u00e9rti az Idegent, \u00e9s egy\u00fctt \u00e9rez vele.<\/p>\n\n\n\n<p>\u2014 H\u00e1t igen, ma m\u00e1r szinte mindenki szkeptikus mindennel szemben \u2014 tette hozz\u00e1 a h\u00e1zigazda.<\/p>\n\n\n\n<p>\u2014 Sajnos a szkepszis \u00e1ltal\u00e1ban egy \u00e9lethelyzet sikertelen megold\u00e1s\u00e1b\u00f3l sz\u00fcletik. Pontosabban az etikai megold\u00e1s k\u00e9ptelens\u00e9ge eredm\u00e9nyezi&#8230; Ez t\u00f6bbek k\u00f6z\u00f6tt mag\u00e1ramaradotts\u00e1got is jelent. \u2014 mondta az Idegen.<\/p>\n\n\n\n<p>\u2014 \u00c9s hogyan lett&#8230; \u00f6\u00f6&#8230; \u2014 a k\u00e9rdez\u0151n l\u00e1tszott, hogy nem fogja tudni befejezni a k\u00e9rd\u00e9st.<\/p>\n\n\n\n<p>\u2014 Hipnotiz\u0151r? \u2014 mosolyodott el a k\u00e9rdezett. \u2014 Nos, pontosan magam sem tudom. Neh\u00e9z volna ezt meghat\u00e1rozni&#8230; valamikor r\u00e9gen&#8230;<\/p>\n\n\n\n<p>\u2014 \u00d3, ne vegye tolakod\u00e1snak \u2014 pr\u00f3b\u00e1lta menteni az egyik feles\u00e9g a helyzetet \u2014, term\u00e9szetesen, ha ez probl\u00e9ma, akkor ne besz\u00e9ljen r\u00f3la.<\/p>\n\n\n\n<p>\u2014 Nem, nincs ebben semmi titok, sem takargatni val\u00f3 \u2014 folytatta \u2014, val\u00f3ban van ilyen k\u00e9pess\u00e9gem, s ha az id\u0151 meg a kedv\u00fck engedi, szeml\u00e9ltethetem is. Sokkal fontosabbnak tartom azonban magam is a <em>mi\u00e9rt<\/em> helyett a <em>hogyan <\/em>folyamat\u00e1t. Mert nyilv\u00e1nval\u00f3an egy folyamatr\u00f3l van sz\u00f3, amely \u00e9vekig tartott. Nem el\u00e9g meg\u00e9rezni a tehets\u00e9get, k\u00e9pezni is kell. \u00c9n rengeteget tanultam, utaztam, s mindez kev\u00e9s lett volna teljes testi-lelki elk\u00f6telezetts\u00e9g n\u00e9lk\u00fcl. Megr\u00f6gz\u00f6tten, m\u00e1r-m\u00e1r fanatikusan ragaszkodtam minden olyan benyom\u00e1shoz, \u00e9lm\u00e9nyhez, amelyben felhaszn\u00e1lhat\u00f3 energi\u00e1t \u00e9reztem, s ezeket az energi\u00e1kat siker\u00fclt is \u00f6sszegy\u0171jtenem \u00e9s meg\u0151riznem!<\/p>\n\n\n\n<p>\u2014 Fantasztikus! \u2014 \u00e1lm\u00e9lkodott az egyik feles\u00e9g, s az Idegen szer\u00e9nyen hallgatott. Csak a t\u0171z pattog\u00e1s\u00e1t \u00e9s az es\u0151 kopog\u00e1s\u00e1t lehetett hallani.<\/p>\n\n\n\n<p>\u2014 Van ebben valami f\u00e9lelmetes \u2014 sz\u00f3lalt meg a sarok hom\u00e1ly\u00e1b\u00f3l a Vend\u00e9g. \u2014 Egy t\u00f6rt\u00e9netet juttatott az eszembe, amelyben egy titokzatos idegen \u00e9vekig elz\u00e1rva tart egy fi\u00fat, majd az emberek k\u00f6z\u00e9 engedte.<\/p>\n\n\n\n<p>\u2014 Ismerem a t\u00f6rt\u00e9netet \u2014 felelte az idegen. \u2014 Azt\u00e1n k\u00e9s\u0151bb megjelent, hogy meg\u00f6lje&#8230;<\/p>\n\n\n\n<p>\u2014 Igen. Mintha olyan ember lenne, aki korl\u00e1tlanul rendelkezhet egy idegen \u00e9lettel! Mintha&#8230; mintha joga lenne semmibe venni az emberi t\u00e1rsadalmat \u00e9s annak szab\u00e1lyait!<\/p>\n\n\n\n<p>A Vend\u00e9g, az egyetemi tan\u00e1r, elhallgatott egy pillanatra.<\/p>\n\n\n\n<p>\u2014 Azt hiszem, ez az ember nagyon mag\u00e1nyos lehetett \u2014 tette hozz\u00e1.<\/p>\n\n\n\n<p>\u2014 Lehet \u2014 felelte az \u00fajonnan j\u00f6tt Idegen, s a hallgat\u00f3ik sz\u00e1m\u00e1ra a k\u00e9t f\u00e9rfi mintha egy l\u00e1thatatlan hatalmas ballonban besz\u00e9lgetne, melyb\u0151l ugyan kihallatszik a hang, de befel\u00e9 semmilyen hat\u00e1st nem enged. \u2014 Csakhogy a mag\u00e1ra maradt r\u00e1ci\u00f3, mint a p\u00e9lda is mutatja vesz\u00e9lyes, emberellenes energi\u00e1kat termel, szinte mitologiz\u00e1lja mag\u00e1t, \u00e9s nagyon k\u00f6zel ker\u00fcl az \u00fagynevezett \u201efels\u0151bbrend\u0171 erk\u00f6lcsh\u00f6z\u201d.<\/p>\n\n\n\n<p>\u2014 Teh\u00e1t nincs l\u00e9tjogosults\u00e1ga? \u2014 k\u00e9rdezte a Vend\u00e9g.<\/p>\n\n\n\n<p>\u2014 Ezt \u00d6n mondta \u2014 ker\u00fclte meg a v\u00e1laszt az Idegen.<\/p>\n\n\n\n<p>\u00c9szrevett\u00e9k, hogy a besz\u00e9lget\u00e9s kettej\u00fck k\u00f6z\u00f6tti p\u00e1rbesz\u00e9dbe sz\u0171k\u00fclt, m\u00edg a t\u00f6bbiek szemmel l\u00e1that\u00f3an nemigen tudt\u00e1k tartani a l\u00e9p\u00e9st vel\u00fck. \u00cdgy elhallgattak.<\/p>\n\n\n\n<p>A h\u00e1zigazd\u00e1k gondolkoztak.<\/p>\n\n\n\n<p>Megszokt\u00e1k, hogy minden t\u00e1rsas\u00e1gban sz\u00e1m\u00edtanak valakinek, ha m\u00e1s\u00e9rt nem, akkor a p\u00e9nz\u00fck\u00e9rt felt\u00e9tlen\u00fcl. Most viszont, hogy sz\u00e1mukra idegen ter\u00fcletre terel\u0151d\u00f6tt a sz\u00f3, fel\u00e9bredt benn\u00fck az agg\u00e1ly, hogy nem olyan ir\u00e1nyba haladnak a dolgok, mint eredetileg eltervezt\u00e9k, \u00e9s \u00edgy tal\u00e1n nem \u00e9rkeznek d\u0171l\u0151re vinni saj\u00e1t \u00fcgy\u00fcket. Idegesen kezdtek f\u00fclelni, fel\u00e1lltak, hogy meggy\u0151z\u0151djenek r\u00f3la t\u00e9nyleg esik-e az es\u0151, s\u0151t egyik\u00fck nekil\u00e1tott, hogy elrakodjon az asztalr\u00f3l. Majd maga sem tudta mi\u00e9rt, a kandall\u00f3 mellett \u00e1ll\u00f3 kapar\u00f3vasat, amelyet a par\u00e1zs kotr\u00e1s\u00e1ra haszn\u00e1ltak, betette az \u00e9g\u0151 fahas\u00e1bok k\u00f6z\u00e9. L\u00e1tszott rajta, hogy valami nem hagy neki b\u00e9k\u00e9t. Tal\u00e1n a k\u00edv\u00e1ncsis\u00e1g, tal\u00e1n az elfogyasztott p\u00e1linka tette, k\u00e9t v\u00e1lla mozg\u00e1sba kezdett, mintha nem l\u00e9tez\u0151 sz\u00e1rnyait pr\u00f3b\u00e1lgatn\u00e1, majd apr\u00f3 k\u00f6r\u00f6ket rajzolt, mint aki er\u0151t gy\u0171jt. A katonatisztek igaz\u00edtj\u00e1k \u00edgy egyenruh\u00e1jukat felettes\u00fckh\u00f6z val\u00f3 bel\u00e9p\u00e9s el\u0151tt.<\/p>\n\n\n\n<p>\u2014 Ha j\u00f3l eml\u00e9kszem, valami szeml\u00e9ltet\u00e9sr\u0151l besz\u00e9lt az im\u00e9nt \u2014 mondta v\u00e9g\u00fcl.<\/p>\n\n\n\n<p>\u2014 \u00c9ppen az im\u00e9nt t\u00f6rt\u00e9nt meg \u2014 nevetett az idegen.<\/p>\n\n\n\n<p>\u2014 Hogyan? \u2014 k\u00e9rdezt\u00e9k t\u00f6bben is.<\/p>\n\n\n\n<p>\u2014 Azt a kapar\u00f3vasat \u00f6n az \u00e9n hat\u00e1somra tette a t\u0171zbe \u2014 felelte.<\/p>\n\n\n\n<p>\u2014 Micsoda!? \u2014 horkant fel a gazda. \u2014 Csak nem akarja bebesz\u00e9lni nekem, hogy azt a vasat az\u00e9rt tettem a t\u0171zbe, mert maga akarta? \u2014 A \u201emaga\u201d sz\u00f3ba ut\u00e1nozhatatlan s\u00e9rt\u0151d\u00f6tts\u00e9get koncentr\u00e1lt.<\/p>\n\n\n\n<p>\u2014 Mi\u00e9rt, maga akarta? \u2014 nyomta meg az utols\u00f3 sz\u00f3t az Idegen.<\/p>\n\n\n\n<p>\u2014 Nem tudom mi\u00e9rt tettem \u2014 vallotta be zavarodottan \u2014, de ez csak valami beidegz\u0151d\u00e9s lehetett.<\/p>\n\n\n\n<p>\u2014 Rendben van \u2014 felelte az Idegen, \u00e9s a hangja sz\u00ednt v\u00e1ltott.<\/p>\n\n\n\n<p>\u2014 Most akkor fogja meg a vasat m\u00e9g egyszer.<\/p>\n\n\n\n<p>\u2014 Eszemben sincs \u2014 fesz\u00edtette meg mag\u00e1t a f\u00e9rfi, \u00e9s l\u00e1tszott, hogy er\u0151sen elt\u00f6k\u00e9lte mag\u00e1t.<\/p>\n\n\n\n<p>\u2014 Fogja meg nyugodtan azt a vasat \u2014 folytatta az Idegen, \u00e9s mer\u0151n a szem\u00e9be n\u00e9zett \u2014 Ne f\u00e9ljen, nem lesz semmi baja.<\/p>\n\n\n\n<p>Hangja l\u00e1gyan, r\u00e1besz\u00e9l\u0151en hatott, \u00e9s mindenki nagy szemekkel, mozdulatlanul figyelte a jelenetet. A Vend\u00e9g volt az egyetlen, aki levette a szem\u00fcveg\u00e9t, \u00e9s zavartan t\u00f6r\u00fclgetni kezdte.<\/p>\n\n\n\n<p>\u2014 Nyugodtan fogja meg&#8230; \u00fagy,&#8230; lejjebb&#8230; ott, ahol olyan sz\u00e9pen izzik&#8230;<\/p>\n\n\n\n<p>Mindenki \u00e9rezte az \u00e9gett h\u00fas szag\u00e1t. A feles\u00e9gek sik\u00edtani akartak, de tov\u00e1bbra sem tudtak mozdulni.<\/p>\n\n\n\n<p>A hipnotiz\u0151r mag\u00e1ban el\u00e9gedetten nyugt\u00e1zta a sokszor pr\u00f3b\u00e1lt jelenetet, hiszen e pillanatban csak \u0151 tudta, hogy a h\u00e1zigazd\u00e1nak az idegess\u00e9gen \u00e9s a sz\u00e9gyen\u00e9rzeten k\u00edv\u00fcl semmi baja nem lesz, hacsak nem a kormos keze, viszont nagyon zavarta, hogy \u00faj er\u0151teret \u00e9rzett a helyis\u00e9gben, amely k\u00e9ts\u00e9gtelen\u00fcl a Vend\u00e9g szem\u00e9lye k\u00f6r\u00fcl gerjedt. S\u0151t mi t\u00f6bb, az er\u0151t\u00e9r egyre terjedt, ellepte a szob\u00e1t, \u00e9s \u0151 \u00fagy \u00e9rezte, nemcsak az alanyok feletti hatalm\u00e1t vesz\u00edti el, de lassan saj\u00e1t er\u0151tere is annyira \u00f6sszezsugorodott, hogy teljesen elvesz\u00edtette \u00e1ttekint\u00e9s\u00e9t a jelenet felett&#8230;<\/p>\n\n\n\n<p>Mikor magukhoz t\u00e9rtek, rettenetes sikoltoz\u00e1s t\u00e1madt.<\/p>\n\n\n\n<p>A h\u00e1zigazda m\u00e9g mindig ott \u00e1llt az asztal mellett, l\u00e1bain\u00e1l a f\u00fcst\u00f6lg\u0151 kapar\u00f3vassal, \u00e9s \u00e9gett kez\u00e9t f\u00e1jlalta, m\u00edg a sarokban h\u00e1trad\u0151lve f\u00e9lreesett fejjel a Vend\u00e9g \u00fclt. Mell\u00e9b\u0151l, val\u00f3sz\u00edn\u0171leg a sz\u00edvet eltal\u00e1lva a feh\u00e9r csontnyel\u0171 k\u00e9s \u00e1llt ki.<\/p>\n\n\n\n<p>Az eset term\u00e9szetesen nagy port vert fel. Miut\u00e1n a k\u00e9sen valamennyi jelenl\u00e9v\u0151 ujjlenyomat\u00e1t megtal\u00e1lt\u00e1k, neh\u00e9z volt v\u00e9lem\u00e9nyt nyilv\u00e1n\u00edtani, \u00e9s persze v\u00e1dat emelni. Rengeteg k\u00e9rd\u00e9s mer\u00fclt fel a hipnotiz\u00e1l\u00e1ssal kapcsolatban, lehet-e hipn\u00f3zisban \u00f6lni, lehet-e t\u00f6bb szem\u00e9lyt visszatartani, hogy ilyen esetet megakad\u00e1lyozzon, van-e l\u00e9tjogosults\u00e1ga, mi lehet a szerepe a hadseregben \u00e9s hasonl\u00f3k. Term\u00e9szetesen k\u00fcl\u00f6nb\u00f6z\u0151 elm\u00e9letek sz\u00fclettek az \u00fcgy megold\u00e1s\u00e1t illet\u0151en is. Az egyik tal\u00e1n legk\u00e9ptelenebb elm\u00e9letet \u00e9ppen a Vend\u00e9g-professzor egykori koll\u00e9g\u00e1ja tal\u00e1lta, aki szerint a professzor levelet hagyott h\u00e1tra, amelyben utalt arra, hogy elt\u00e1vozik. Szerinte sz\u00e1nd\u00e9kosan \u00f6lette meg mag\u00e1t, ily m\u00f3don lett \u00f6ngyilkos!<\/p>\n\n\n\n<p>Miut\u00e1n ez a felt\u00e9telez\u00e9s n\u00e9lk\u00fcl\u00f6zte a legcsek\u00e9lyebb logik\u00e1t is, nagyon hamar elvetett\u00e9k, s a figyelem a k\u00e9t v\u00e1llalkoz\u00f3 \u00e1ltal kezdem\u00e9nyezett b\u00edr\u00f3s\u00e1gi per fel\u00e9 fordult.<\/p>\n\n\n\n<p>Nemsok\u00e1ra \u00edt\u00e9lethirdet\u00e9s lesz.<\/p>\n<\/div>\n","protected":false},"excerpt":{"rendered":"<p>A magas vasoszlopokon \u00e1ll\u00f3 erdei h\u00e1zat sz\u00e9les, \u00e1tj\u00e1rhatatlan bokors\u00e1v v\u00e1lasztotta el a foly\u00f3t\u00f3l, a k\u00f6rnyez\u0151 \u00e1rt\u00e9ri f\u00e1k pedig eltakart\u00e1k a nem messze halad\u00f3 orsz\u00e1g\u00fatt\u00f3l is. A t\u00e1rsas\u00e1g k\u00e9t aut\u00f3val \u00e9rkezett, \u00e9s r\u00e1\u00e9r\u0151sen kezdett kipakolni. A t\u00e1sk\u00e1kat a vasl\u00e9pcs\u0151n a f\u00e9rfiak &hellip; <a href=\"https:\/\/opus-folyoirat.sk\/?page_id=4154\">Egy kattint\u00e1s ide a folytat\u00e1shoz&#8230;. <span class=\"meta-nav\">&rarr;<\/span><\/a><\/p>\n","protected":false},"author":4,"featured_media":0,"parent":0,"menu_order":0,"comment_status":"closed","ping_status":"closed","template":"","meta":{"footnotes":""},"class_list":["post-4154","page","type-page","status-publish","hentry"],"_links":{"self":[{"href":"https:\/\/opus-folyoirat.sk\/index.php?rest_route=\/wp\/v2\/pages\/4154","targetHints":{"allow":["GET"]}}],"collection":[{"href":"https:\/\/opus-folyoirat.sk\/index.php?rest_route=\/wp\/v2\/pages"}],"about":[{"href":"https:\/\/opus-folyoirat.sk\/index.php?rest_route=\/wp\/v2\/types\/page"}],"author":[{"embeddable":true,"href":"https:\/\/opus-folyoirat.sk\/index.php?rest_route=\/wp\/v2\/users\/4"}],"replies":[{"embeddable":true,"href":"https:\/\/opus-folyoirat.sk\/index.php?rest_route=%2Fwp%2Fv2%2Fcomments&post=4154"}],"version-history":[{"count":1,"href":"https:\/\/opus-folyoirat.sk\/index.php?rest_route=\/wp\/v2\/pages\/4154\/revisions"}],"predecessor-version":[{"id":4156,"href":"https:\/\/opus-folyoirat.sk\/index.php?rest_route=\/wp\/v2\/pages\/4154\/revisions\/4156"}],"wp:attachment":[{"href":"https:\/\/opus-folyoirat.sk\/index.php?rest_route=%2Fwp%2Fv2%2Fmedia&parent=4154"}],"curies":[{"name":"wp","href":"https:\/\/api.w.org\/{rel}","templated":true}]}}