{"id":4185,"date":"2025-08-26T13:06:00","date_gmt":"2025-08-26T11:06:00","guid":{"rendered":"https:\/\/opus-folyoirat.sk\/?page_id=4185"},"modified":"2026-01-20T13:08:03","modified_gmt":"2026-01-20T11:08:03","slug":"eleg-hogy-kimondhatja-a-szavakat","status":"publish","type":"page","link":"https:\/\/opus-folyoirat.sk\/?page_id=4185","title":{"rendered":"\u201e\u2026el\u00e9g, hogy kimondhatja a szavakat\u2026\u201d"},"content":{"rendered":"<div class=\"wp-block-post-date\"><time datetime=\"2025-08-26T13:06:00+02:00\">2025-08-26<\/time><\/div>\n\n<div class=\"wp-block-image\">\n<figure class=\"alignright size-large is-resized\"><img loading=\"lazy\" decoding=\"async\" width=\"629\" height=\"1024\" src=\"http:\/\/opus-folyoirat.sk\/wp-content\/uploads\/2024\/06\/macskako-629x1024.jpeg\" alt=\"\" class=\"wp-image-1287\" style=\"width:238px;height:auto\" srcset=\"https:\/\/opus-folyoirat.sk\/wp-content\/uploads\/2024\/06\/macskako-629x1024.jpeg 629w, https:\/\/opus-folyoirat.sk\/wp-content\/uploads\/2024\/06\/macskako-184x300.jpeg 184w, https:\/\/opus-folyoirat.sk\/wp-content\/uploads\/2024\/06\/macskako-768x1249.jpeg 768w, https:\/\/opus-folyoirat.sk\/wp-content\/uploads\/2024\/06\/macskako-944x1536.jpeg 944w, https:\/\/opus-folyoirat.sk\/wp-content\/uploads\/2024\/06\/macskako.jpeg 1080w\" sizes=\"auto, (max-width: 629px) 100vw, 629px\" \/><\/figure><\/div>\n\n\n<p><em>\u201eMost m\u00e1r ketten j\u00e1rjuk a macskak\u00f6ves utc\u00e1kat, ha \u00e9ppen tudni akarunk arr\u00f3l, hol tart az emberis\u00e9g. Csak r\u00f6vid ideig b\u00edrjuk a l\u00e1tom\u00e1sokat\u2026\u201d<\/em> \u2013 \u00edrja biblikus ihlet\u00e9s\u0171 \u00e9s ihletetts\u00e9g\u0171 t\u00f6rt\u00e9netei egyik\u00e9ben <em>P\u00f3da Erzs\u00e9bet<\/em>. A karcs\u00fa k\u00f6tet c\u00edmad\u00f3 (<em>Macskak\u0151<\/em>) kisnovell\u00e1j\u00e1ban bukkanhatunk r\u00e1; s a \u201eketten j\u00e1rjuk\u201d szavakat ak\u00e1r megh\u00edv\u00e1sk\u00e9nt (beavat\u00e1sk\u00e9nt) is \u00e9rtelmezhetj\u00fck (noha az adott helyen nem erre utalnak), hiszen a t\u00e1rcanovell\u00e1k kereteit ostroml\u00f3 \u2013 mert t\u00f6bb k\u00f6z\u00fcl\u00fck enn\u00e9l m\u00e9lyebb tartalommal b\u00edr \u2013 t\u00f6rt\u00e9netek egyazon t\u0151r\u0151l fakadnak (f\u00f6l, mint a gy\u00f3gy\u00edthatatlan sebek): az ember \u00e9s az embertelens\u00e9g, a testi gonoszs\u00e1g \u00e9s a l\u00e9lek kilobban\u00e1s\u00e1nak megr\u00e1z\u00f3 \u00e1br\u00e1zol\u00e1s\u00e1b\u00f3l. S az \u00edr\u00f3 a s\u00f6t\u00e9t oldal bej\u00e1r\u00e1s\u00e1ra invit\u00e1lja olvas\u00f3it eme tanuls\u00e1gos utaz\u00e1s st\u00e1ci\u00f3ival. B\u00e1r megt\u00f6rt\u00e9nt esetek, mondja a szerz\u0151, de ha \u00edgy is van, az legf\u00f6ljebb a t\u00e9m\u00e1t \u00e9rinti: a kerett\u00f6rt\u00e9net h\u00e1tt\u00e9rr\u00e9, p\u00e9ldabesz\u00e9d-\u00e9rt\u00e9k\u0171v\u00e9 v\u00e1lik az elbesz\u00e9l\u00e9s nyom\u00e1n. Biblikus, \u00edrtam, de am\u00fagy hat\u00e1s\u00e1ban \u00e9s \u00e1thall\u00e1saiban az \u2013 mert \u00edzig-v\u00e9rig embermes\u00e9k ezek, a korr\u00f3l, amelyben \u00e9l\u00fcnk, most \u00e9s mind\u00f6r\u00f6kk\u00e9. S \u00e9lni fogunk, \u00f6r\u00f6kk\u00f6n-\u00f6r\u00f6kk\u00e9, ha nem tal\u00e1lunk r\u00e1 az <em>egyetlen<\/em> igazra. \u00d6tvenen, negyven\u00f6ten, de legal\u00e1bb t\u00edzen.&nbsp;<\/p>\n\n\n\n<p>Meglehet, magasra tettem a m\u00e9rc\u00e9t e fel\u00fct\u00e9ssel. Meglehet. De vajon magasabbra-e, mint a Biblia teszi az emberis\u00e9ggel? Amely, sz\u00e1mos bonyolultnak t\u0171n\u0151 p\u00e9ld\u00e1zaton \u00e1t, a v\u00e9gletekig leegyszer\u0171s\u00edtett tan\u00e1csot adja mindig, minden esetre: legyetek <em>j\u00f3k<\/em>. Ha tudtok, tessz\u00fck hozz\u00e1, de <em>nincs<\/em> felment\u00e9s \u2013 b\u00e1r az \u00f6rd\u00f6g ott lapul a hom\u00e1lyban, nem gy\u0151zhet, ha j\u00f3k maradunk. \u00c9s \u2013 <em>szeresd<\/em> felebar\u00e1todat. Kell enn\u00e9l t\u00f6bb? Egy\u00e1ltal\u00e1n: kell ehhez Biblia? Szent\u00edr\u00e1s? Kell-e az \u00e9lethez enn\u00e9l t\u00f6bb? Az <em>egyetlen<\/em> tal\u00e1n csak addig marad vel\u00fcnk, am\u00edg megtanuljuk legy\u0151zni a k\u00eds\u00e9rt\u00e9seket; ha elfogadjuk azt, hogy a v\u00e9r\u00e1ztatta m\u00falt, az emberi t\u00f6rt\u00e9nelem \u00f6r\u00f6kk\u00e9val\u00f3 szenved\u00e9st\u00f6rt\u00e9nete ellen az <em>egyetlen<\/em> eszk\u00f6z\u00fcnk a szeretet. S az \u00e9let <em>tisztelete<\/em> \u2013 hiszen a <em>szeretet<\/em> val\u00f3j\u00e1ban <em>ebb\u0151l<\/em> fakad.<\/p>\n\n\n\n<p>K\u00e9ptelenek vagyunk r\u00e1. Az ember l\u00e9tez\u00e9s\u00e9t az embert\u00e1rsa elleni folyamatos <em>tiszteletlens\u00e9g<\/em> kinyilv\u00e1n\u00edt\u00e1sa, annak legkegyetlenebb form\u00e1kat \u00f6lt\u0151 gyakorl\u00e1sa \u00e1gyazza keretbe. Enyhe lenne a sz\u00f3? Mi\u00e9rt is? A t\u00f6rt\u00e9nelem legs\u00f6t\u00e9tebb fejezet\u00e9nek \u00e1br\u00e1zol\u00e1s\u00e1ra, jellemz\u00e9s\u00e9re tal\u00e1n nem \u00e9pp <em>Pilinszky<\/em> szava a leghitelesebb: \u201e<em>botr\u00e1ny<\/em>\u201d? Vagy az emberi gonoszs\u00e1g sz\u00e1mtalan \u00e1br\u00e1zol\u00e1sa, megnevez\u00e9se k\u00f6z\u00fcl nem \u00e9pp a legcs\u00f6ndesebb a leghitelesebb: \u201e<em>b\u0171n\u00f6s<\/em>\u201d?<\/p>\n\n\n\n<p>A t\u00f6rt\u00e9netek a b\u0171nt, a b\u0171nh\u0151d\u00e9st \u00e9s annak hasztalans\u00e1g\u00e1t k\u00f6zel\u00edtik. A legs\u00falyosabb, legnagyobb b\u0171n\u00f6ket t\u00e1rja olvas\u00f3i el\u00e9: a n\u0151k \u00e9s a gyermekek elleni ab\u00fazus elk\u00f6vet\u00e9seit. Sorolhatn\u00e1nk a k\u00ednok v\u00e1ltozatait, de tal\u00e1n annyi is el\u00e9g: a gonosz ereje, tombol\u00e1sa kimer\u00fclhetetlen; s ha elszabadul, tettei f\u00f6lm\u00e9rhetetlen k\u00f6vetkezm\u00e9nyekkel j\u00e1rnak. A sz\u00edvtelen, rideg k\u00f6rnyezet (<em>H\u00f3<\/em>), a bemocskolt test (<em>Olthatatlan<\/em> <em>par\u00e1zs<\/em>), az \u00f6nz\u00e9s (<em>Seg\u00e9lyk\u00e9r\u00e9s<\/em>), a csak titokban gy\u00e1szolhat\u00f3 csecsem\u0151 (<em>A<\/em> <em>kisbaba<\/em>), a gyermekkori ab\u00fazus (<em>Del\u00edrium<\/em>) l\u00e9lekroncsol\u00f3 gy\u00f3gy\u00edthatatlans\u00e1ga; s m\u00e9g sz\u00e1mos szenved\u00e9st\u00f6rt\u00e9net f\u00e9r el a karcs\u00fa k\u00f6tetben, plasztikus, egyszer\u0171, visszafogotts\u00e1g\u00e1ban is t\u00f6r\u00e9keny mondatokkal. T\u00f6r\u00e9kenyek, mert a s\u0171r\u00fc atmoszf\u00e9ra, a bekezd\u00e9sek k\u00f6z\u00f6tti egyre nehezebb\u00e9 v\u00e1l\u00f3 l\u00e9legzetv\u00e9tel jelzik: az \u00e9let mes\u00e9l, besz\u00e9l hozz\u00e1nk. Arr\u00f3l, hogy hi\u00e1ba volt Isten k\u00e9n- \u00e9s t\u0171zes\u0151je, hi\u00e1ba v\u00e1lt hamuv\u00e1 Szodoma, Gomora, a b\u0171n v\u00e1gya, k\u00e9sztet\u00e9se ott maradt az emberben, ott maradt a b\u0171n \u00e9hs\u00e9ge \u2013 s nem menek\u00fclhetsz az\u00f3ta sem. S \u00edgy fogunk \u00e9lni, \u00f6r\u00f6kk\u00f6n-\u00f6r\u00f6kk\u00e9, ha nem tal\u00e1lunk r\u00e1 az <em>egyetlen<\/em> igazra. \u00d6tvenen, negyven\u00f6ten, de legal\u00e1bb t\u00edzen.&nbsp;<\/p>\n\n\n\n<p>\u201eSokan bolyonganak az erd\u0151ben ma is. Nincs \u00e9lelm\u00fck, nincs innival\u00f3juk, de van egy vezet\u0151j\u00fck, aki sz\u00e9p szavakkal meggy\u0151zi \u0151ket arr\u00f3l, hogy az az \u00f6sv\u00e9ny vezet a forr\u00e1shoz, amelyen \u00e9ppen j\u00e1rnak. Pedig az ut\u00f3d nincs birtok\u00e1ban annak a tud\u00e1snak, amely a szer\u00e9ny, de nagy tud\u00e1s\u00fa \u00e9s b\u00f6lcs Mester\u00e9 volt. \u00c1m erre a csapat tagjai k\u00f6z\u00fcl m\u00e1r senki sem akar gondolni. \u2026 \u00cdgy m\u00falik \u00e9s felejt\u0151dik el az igazi Mesterek tan\u00edt\u00e1sa\u2026\u201d<\/p>\n\n\n\n<p><em>Igen, \u00edgy m\u00falik el. Ember\u00f6l\u00e9snyi id\u0151 alatt.<\/em><\/p>\n\n\n\n<p>(P\u00f3da Erzs\u00e9bet: Macskak\u0151. V\u00e1mb\u00e9ri Polg\u00e1ri T\u00e1rsul\u00e1s, Dunaszerdahely, 2023. 94. old.)<\/p>\n\n\n\n<p><em>Tam\u00e1si Orosz J\u00e1nos<\/em><\/p>\n","protected":false},"excerpt":{"rendered":"<p>\u201eMost m\u00e1r ketten j\u00e1rjuk a macskak\u00f6ves utc\u00e1kat, ha \u00e9ppen tudni akarunk arr\u00f3l, hol tart az emberis\u00e9g. Csak r\u00f6vid ideig b\u00edrjuk a l\u00e1tom\u00e1sokat\u2026\u201d \u2013 \u00edrja biblikus ihlet\u00e9s\u0171 \u00e9s ihletetts\u00e9g\u0171 t\u00f6rt\u00e9netei egyik\u00e9ben P\u00f3da Erzs\u00e9bet. A karcs\u00fa k\u00f6tet c\u00edmad\u00f3 (Macskak\u0151) kisnovell\u00e1j\u00e1ban bukkanhatunk r\u00e1; &hellip; <a href=\"https:\/\/opus-folyoirat.sk\/?page_id=4185\">Egy kattint\u00e1s ide a folytat\u00e1shoz&#8230;. <span class=\"meta-nav\">&rarr;<\/span><\/a><\/p>\n","protected":false},"author":4,"featured_media":0,"parent":0,"menu_order":0,"comment_status":"closed","ping_status":"closed","template":"","meta":{"footnotes":""},"class_list":["post-4185","page","type-page","status-publish","hentry"],"_links":{"self":[{"href":"https:\/\/opus-folyoirat.sk\/index.php?rest_route=\/wp\/v2\/pages\/4185","targetHints":{"allow":["GET"]}}],"collection":[{"href":"https:\/\/opus-folyoirat.sk\/index.php?rest_route=\/wp\/v2\/pages"}],"about":[{"href":"https:\/\/opus-folyoirat.sk\/index.php?rest_route=\/wp\/v2\/types\/page"}],"author":[{"embeddable":true,"href":"https:\/\/opus-folyoirat.sk\/index.php?rest_route=\/wp\/v2\/users\/4"}],"replies":[{"embeddable":true,"href":"https:\/\/opus-folyoirat.sk\/index.php?rest_route=%2Fwp%2Fv2%2Fcomments&post=4185"}],"version-history":[{"count":1,"href":"https:\/\/opus-folyoirat.sk\/index.php?rest_route=\/wp\/v2\/pages\/4185\/revisions"}],"predecessor-version":[{"id":4187,"href":"https:\/\/opus-folyoirat.sk\/index.php?rest_route=\/wp\/v2\/pages\/4185\/revisions\/4187"}],"wp:attachment":[{"href":"https:\/\/opus-folyoirat.sk\/index.php?rest_route=%2Fwp%2Fv2%2Fmedia&parent=4185"}],"curies":[{"name":"wp","href":"https:\/\/api.w.org\/{rel}","templated":true}]}}