{"id":4190,"date":"2025-09-10T13:00:00","date_gmt":"2025-09-10T11:00:00","guid":{"rendered":"https:\/\/opus-folyoirat.sk\/?page_id=4190"},"modified":"2026-01-20T13:54:23","modified_gmt":"2026-01-20T11:54:23","slug":"arcunk-a-foldbe-asva-partot-ert","status":"publish","type":"page","link":"https:\/\/opus-folyoirat.sk\/?page_id=4190","title":{"rendered":"\u201e\u2026arcunk a f\u00f6ldbe \u00e1sva partot \u00e9rt\u2026\u201d"},"content":{"rendered":"\n<p><em>K\u00f6vesdi K\u00e1roly frissen kapott verseir\u0151l<\/em><\/p>\n\n\n<div class=\"wp-block-post-date\"><time datetime=\"2025-09-10T13:00:00+02:00\">2025-09-10<\/time><\/div>\n\n\n<p>Hogyan \u00e9rkezik? A sokszor f\u00f6ltett k\u00e9rd\u00e9sre van egy \u00e1t\u00edrt tr\u00e9f\u00e1b\u00f3l mer\u00edtett v\u00e1laszom. Egy-k\u00e9t \u00f3r\u00e1val \u00e9jf\u00e9l ut\u00e1n z\u00f6rgetnek K\u00e1roly b\u00e1ty\u00e1nk ablak\u00e1n. Az \u00f6reg m\u00e9g m\u00e9ly \u00e1lm\u00e1t fogyasztja, de nagy nehezen meg\u00e9bred, f\u00f6lt\u00e1p\u00e1szkodik, kin\u00e9z, kisz\u00f3l, ki az, k\u00e9rdi. \u00c9n vagyok, K\u00e1roly b\u00e1&#8217;. Van-e b\u00edbor tint\u00e1ja? Az \u00f6reg elkanyar\u00edtja a sz\u00f3t, kihaj\u00edt valami k\u00e9zre \u00e1ll\u00f3t az ablakon, majd visszafekszik. S m\u00e1r alszik is &#8211; nem forgol\u00f3dik, mint valami nyikhaj v\u00e1rosi stresszdudva. Igen \u00e1m, de megint megverik az ablakot, \u00e9pp csak virrad, de verik, szorgalmasan. Kisz\u00f3l, k\u00e9rdez, s hallatszik is a lelkes v\u00e1lasz: Karcsi b\u00e1&#8217;, hoztam b\u00edbor tint\u00e1t, ki\u00e1ltja a <em>Vers<\/em>. N\u00e9zzen a pirkanat fel\u00e9, onnan mer\u00edtettem. H\u00e1t valahogy \u00edgy \u00e9rkezik a vers az \u00e1ltala v\u00e1lasztotthoz.<\/p>\n\n\n<div class=\"wp-block-image\">\n<figure class=\"alignright size-full is-resized\"><img loading=\"lazy\" decoding=\"async\" width=\"522\" height=\"821\" src=\"http:\/\/opus-folyoirat.sk\/wp-content\/uploads\/2026\/01\/Kepernyofoto-2026-01-14-14.46.33.png\" alt=\"\" class=\"wp-image-3839\" style=\"width:239px;height:auto\" srcset=\"https:\/\/opus-folyoirat.sk\/wp-content\/uploads\/2026\/01\/Kepernyofoto-2026-01-14-14.46.33.png 522w, https:\/\/opus-folyoirat.sk\/wp-content\/uploads\/2026\/01\/Kepernyofoto-2026-01-14-14.46.33-191x300.png 191w\" sizes=\"auto, (max-width: 522px) 100vw, 522px\" \/><\/figure><\/div>\n\n\n<p>Eset\u00fcnkben <em>K\u00f6vesdi K\u00e1roly<\/em>hoz, akit \u2013 rem\u00e9lem \u2013 nem igaz\u00e1n kell bemutatnunk a magyar olvas\u00f3knak. Verseket f\u00e9l \u00e9vsz\u00e1zada publik\u00e1l, \u00fajs\u00e1g\u00edr\u00f3k\u00e9nt majd ennyi ideje dolgozik, mondjuk ki, f\u00e1radhatatlanul, olyannyira, hogy eme ut\u00f3bbi k\u00f6lt\u0151i jelenl\u00e9t\u00e9nek ritkul\u00e1s\u00e1hoz vezetett. Amit els\u0151sorban nem versesk\u00f6teteinek gy\u00e9rebb megjelen\u00e9se mutat, hisz vannak n\u00e1la \u00f6nmagukat szigor\u00fabban rost\u00e1l\u00f3 k\u00f6lt\u0151k is, hanem az \u00fajs\u00e1g\u00edr\u00f3b\u00f3l k\u00f6z\u00e9leti publicist\u00e1v\u00e1, meghat\u00e1roz\u00f3 hang\u00fa v\u00e9lem\u00e9nyform\u00e1l\u00f3v\u00e1 kin\u0151v\u0151 karakteres \u00e9s a maga igaz\u00e1t k\u00edm\u00e9letlen sz\u00f3kimond\u00e1ssal tolm\u00e1csol\u00f3 zsurnaliszta (k\u00f6z)ismertebb\u00e9 v\u00e1l\u00e1sa. (Ez sem ismeretlen t\u00f6rt\u00e9net, p\u00e9lda lehet erre Lendvai Istv\u00e1nt\u00f3l Bolg\u00e1r Gy\u00f6rgyig sz\u00e1mos \u00e9letp\u00e1lya, s\u0151t, f\u00f6lhozhatjuk a Vajda J\u00e1nost\u00f3l Arisztideszig, avagy a Bodor P\u00e1lt\u00f3l Diurnusig tart\u00f3 bels\u0151 utakat.)&nbsp;<\/p>\n\n\n\n<p>Mindezt K\u00f6vesdi eset\u00e9ben az\u00e9rt \u00e9rdemes elmondanunk, mert a p\u00e9ld\u00e1k t\u00f6bb esetben is r\u00e1mutatnak a vesz\u00e9lyre: a po\u00e9zis \u00e9s a publicisztika sokszor ink\u00e1bb tasz\u00edtj\u00e1k, mintsem vonzz\u00e1k egym\u00e1st. A legjobb publicisztik\u00e1k az\u00e9rt v\u00e1lnak olyann\u00e1, mert a pillanatnyi val\u00f3s\u00e1got teszik meg\u00e9rthet\u0151v\u00e9 a k\u00e9sei olvas\u00f3k sz\u00e1m\u00e1ra; a k\u00f6lt\u00e9szet viszont akkor maradand\u00f3, ha \u2013 a pillanatokt\u00f3l s a percemberk\u00e9kt\u0151l elrugaszkodva \u2013 mondand\u00f3j\u00e1t az egyetemess\u00e9ghez int\u00e9zi. Egy k\u00f6lt\u0151i \u00e9letm\u0171 ann\u00e1l kev\u00e9sb\u00e9 maradand\u00f3bb, min\u00e9l t\u00f6bb aktu\u00e1lis programverset halmoz f\u00f6l munk\u00e1iban. S h\u00e1t a programvers mindig cs\u00fasz\u00f3s talaj; a leg\u0151szint\u00e9bb sz\u00e1nd\u00e9k is kikezdhet\u0151 akkor, ha indulatb\u00f3l fakad. K\u00f6vesdin\u00e9l sajnos ez t\u00f6bbsz\u00f6r is becs\u00faszik, s b\u00e1r azt mondtam, sz\u00e1nd\u00e9ka \u0151szinte, az eredm\u00e9ny m\u00e9gis k\u00e9ts\u00e9ges.<\/p>\n\n\n\n<p>Mondjuk \u00fagy: \u00faj k\u00f6tete kezd\u00e9se \u00e9s v\u00e9ge a k\u00f6lt\u00e9szet ir\u00e1nt elk\u00f6telezett po\u00e9t\u00e1t id\u00e9zik, de a szerkeszt\u00e9si \u00edv alapj\u00e1n is kirajzol\u00f3d\u00f3 k\u00f6z\u00e9ps\u0151 harmad sokszor nem t\u00f6bb pillanatnyi d\u00fchkit\u00f6r\u00e9sn\u00e9l, gyorsan elillan\u00f3, semmit f\u00f6l nem lobbant\u00f3 szikr\u00e1n\u00e1l. S b\u00e1r az, amir\u0151l most \u00edrok, alig sem jellemz\u0151 horzsol\u00e1s, de az\u00e9rt el\u0151fordul\u00e1sa v\u00e9rz\u0151 sebb\u00e9 v\u00e1lik; ezzel kapcsolatban a magam r\u00e9sz\u00e9r\u0151l itt is megjegyezn\u00e9m, hogy a \u201efajta, fajt\u00e1ja\u201d kifejez\u00e9s (minden nyelvi sz\u00f3sz\u00e1ty\u00e1rkod\u00f3 cs\u0171r\u00e9s-csavar\u00e1s ellen\u00e9re) a fajra utal\u00f3 meghat\u00e1roz\u00e1s, s ebb\u0151l fakad\u00f3an minden fajra tett megjegyz\u00e9s b\u00e1rkit \u00f6sszemoshat a saj\u00e1tjaib\u00f3l sz\u00e1rmaz\u00f3 sz\u00f6rnyekkel, s\u0151t, b\u00e1rmilyen etnikai alapon \u2013 ak\u00e1r ellen\u00fcnk is &#8211; elk\u00f6vetett b\u0171ncselekm\u00e9nyek nyerhetnek olyan optik\u00e1t, amely \u00e1ltal azok magyar\u00e1zhat\u00f3ak, felmenthet\u0151k. (L\u00e1sd erre \u2013 ak\u00e1r \u2013 <em>Esterh\u00e1zy J\u00e1nos<\/em> sorsv\u00e1laszt\u00f3 parlamenti besz\u00e9d\u00e9t.) Hiszen &#8211; nem \u00edgy van.<\/p>\n\n\n\n<p>S nem j\u00f3, hogy \u00edgy van K\u00f6vesdi n\u00e9h\u00e1ny vers\u00e9ben, n\u00e9h\u00e1ny sor\u00e1ban, hiszen am\u00fagy verseinek t\u00f6bbs\u00e9ge <em>Nagy L\u00e1szl\u00f3<\/em>hoz, olykor <em>Juh\u00e1sz Ferenc<\/em>hez (a <em>Mer\u00fcl\u00e9s<\/em> nyelvi megold\u00e1saiban), de legt\u00f6bbsz\u00f6r <em>Ratk\u00f3 J\u00f3zsef<\/em>hez m\u00e9rhet\u0151. Magyarorsz\u00e1g temet\u0151f\u00f6ld, posztumusz humusz, t\u00f6rt\u00e9nelme soha el nem \u00e9v\u00fcl\u0151 priusz, mondjuk eml\u00e9kezetb\u0151l, azonnal, K\u00f6vesdit olvasva, \u201e<em>a f\u00f6ld nem \u00e1rul el senkit, \u00f6lel\u00e9se \u00f6r\u00f6k, &#8230; mindig hazat\u00e9r\u00edt \u00e9s hazatal\u00e1l<\/em>\u201d (Ap\u00e1mmal a kertben); \u201e<em>Nekik majd jobb lesz \u0151k majd &#8230; visszaszerzik amit mi hagytunk elorozni<\/em>\u201d (Az unok\u00e1k);&nbsp; \u201e<em>V\u00e9g\u00fcl maga a haza is, amelyet annyiszor \/ elloptak, meggyal\u00e1ztak, dobra vertek, \/ vel\u00fcnk egyszer haza\u00e9r, hazatal\u00e1l.<\/em>\u201d (Hazatal\u00e1l). \u00c1m el\u0151tte m\u00e9g \u201e<em>l\u00e1sd miv\u00e9 lett\u00fcnk ezz\u00e9 v\u00e1ltunk \/ itt nyugszik ezer \u00e9vnek \/ minden g\u00f6d\u00f6rbe lap\u00e1tolt \u00e1lma \/ k\u00ednja keserve t\u00e9ved\u00e9se b\u0171ne<\/em>\u201d (elej\u00e9t\u0151l a v\u00e9g\u00e9ig \u2013 a reform\u00e1ci\u00f3 \u00e9vfordul\u00f3j\u00e1n).&nbsp;<\/p>\n\n\n\n<p>A k\u00f6r \u2013 a t\u00f6rt\u00e9nelmi \u2013 bez\u00e1rult, Ratk\u00f3t\u00f3l Ratk\u00f3ig juthattunk, m\u00e9lt\u00f3 m\u00f3don megid\u00e9zve s folytatva sz\u00f3kimond\u00f3, m\u00e9gis egyetemes po\u00e9zis\u00e9t, de az is nyilv\u00e1nval\u00f3, hogy K\u00f6vesdi egy erre t\u00f6rekv\u0151, m\u00e9lyebb v\u00e1logat\u00e1s r\u00e9v\u00e9n a kort\u00e1rs k\u00f6lt\u00e9szet vagabund egy\u00e9nis\u00e9g\u00e9n\u00e9l messze t\u00falmutat\u00f3bb l\u00edr\u00e1t reprezent\u00e1l(hat)(na);&nbsp; hatalmas, messze hangz\u00f3 vers az <em>\u00d6r\u00f6ks\u00e9g<\/em>, a <em>A szolgas\u00e1g hegy\u00e9n<\/em>, az <em>Isten tarsolya<\/em>, az <em>In extremis<\/em>, hegyeket renget\u0151 s\u00f3haj az <em>\u00c1lom a szabads\u00e1gr\u00f3l<\/em>, majd j\u00f6n az a ciklus (Napiparancs), amire f\u00f6ntebb utaltam, s ami ballasztk\u00e9nt nehezedik a k\u00f6tetre, de t\u00faljutunk rajta (n\u00e9h\u00e1ny olvas\u00f3 m\u00e1r kev\u00e9sb\u00e9 lesz \u00edgy ezzel), k\u00e1r, mert tal\u00e1n el sem jutnak a <em>L\u00f6v\u00e9sz\u00e1rok-kering\u0151<\/em>ig, a <em>Lelt\u00e1r<\/em>ig, s m\u00e9g sorolhatn\u00e1nk (mik\u00e9nt az itt-ott bet\u00f6r\u0151 publicista hangv\u00e9tel z\u00f6kken\u0151it), de k\u00e1r lenne torpannunk pirkanat el\u0151tt, hiszen a k\u00f6tetz\u00e1r\u00f3 leletment\u00e9s, a nyolcvanas \u00e9vek k\u00e9zirataib\u00f3l most el\u0151sz\u00f6r publik\u00e1lt <em>Mer\u00fcl\u00e9s<\/em> majd minden\u00e9rt k\u00e1rp\u00f3tolhat benn\u00fcnket. Ez az a hangv\u00e9tel, amelyre K\u00f6vesdi els\u0151 szerkeszt\u0151je (ahogyan egy nemr\u00e9gi konferenci\u00e1n elcs\u00edpett besz\u00e9lget\u00e9sb\u0151l kihallottam: mindenkire eml\u00e9kszik, s ez j\u00f3 \u00e9rz\u00e9seket kelt benn\u00fck) bizony\u00e1ra csettint most egyet. Igen, ez a hang jellemzi K\u00f6vesdi K\u00e1roly maradand\u00f3 k\u00f6lt\u00e9szet\u00e9t. (<em>K\u00f6vesdi K\u00e1roly: Visszakapott szavak, Lilium Aurum, Dunaszerdahely, 2023<\/em>).<\/p>\n\n\n\n<p><em>Tam\u00e1si Orosz J\u00e1nos<\/em><\/p>\n","protected":false},"excerpt":{"rendered":"<p>K\u00f6vesdi K\u00e1roly frissen kapott verseir\u0151l Hogyan \u00e9rkezik? A sokszor f\u00f6ltett k\u00e9rd\u00e9sre van egy \u00e1t\u00edrt tr\u00e9f\u00e1b\u00f3l mer\u00edtett v\u00e1laszom. Egy-k\u00e9t \u00f3r\u00e1val \u00e9jf\u00e9l ut\u00e1n z\u00f6rgetnek K\u00e1roly b\u00e1ty\u00e1nk ablak\u00e1n. Az \u00f6reg m\u00e9g m\u00e9ly \u00e1lm\u00e1t fogyasztja, de nagy nehezen meg\u00e9bred, f\u00f6lt\u00e1p\u00e1szkodik, kin\u00e9z, kisz\u00f3l, ki az, &hellip; <a href=\"https:\/\/opus-folyoirat.sk\/?page_id=4190\">Egy kattint\u00e1s ide a folytat\u00e1shoz&#8230;. <span class=\"meta-nav\">&rarr;<\/span><\/a><\/p>\n","protected":false},"author":4,"featured_media":0,"parent":0,"menu_order":0,"comment_status":"closed","ping_status":"closed","template":"","meta":{"footnotes":""},"class_list":["post-4190","page","type-page","status-publish","hentry"],"_links":{"self":[{"href":"https:\/\/opus-folyoirat.sk\/index.php?rest_route=\/wp\/v2\/pages\/4190","targetHints":{"allow":["GET"]}}],"collection":[{"href":"https:\/\/opus-folyoirat.sk\/index.php?rest_route=\/wp\/v2\/pages"}],"about":[{"href":"https:\/\/opus-folyoirat.sk\/index.php?rest_route=\/wp\/v2\/types\/page"}],"author":[{"embeddable":true,"href":"https:\/\/opus-folyoirat.sk\/index.php?rest_route=\/wp\/v2\/users\/4"}],"replies":[{"embeddable":true,"href":"https:\/\/opus-folyoirat.sk\/index.php?rest_route=%2Fwp%2Fv2%2Fcomments&post=4190"}],"version-history":[{"count":1,"href":"https:\/\/opus-folyoirat.sk\/index.php?rest_route=\/wp\/v2\/pages\/4190\/revisions"}],"predecessor-version":[{"id":4191,"href":"https:\/\/opus-folyoirat.sk\/index.php?rest_route=\/wp\/v2\/pages\/4190\/revisions\/4191"}],"wp:attachment":[{"href":"https:\/\/opus-folyoirat.sk\/index.php?rest_route=%2Fwp%2Fv2%2Fmedia&parent=4190"}],"curies":[{"name":"wp","href":"https:\/\/api.w.org\/{rel}","templated":true}]}}