{"id":4193,"date":"2025-09-14T13:00:00","date_gmt":"2025-09-14T11:00:00","guid":{"rendered":"https:\/\/opus-folyoirat.sk\/?page_id=4193"},"modified":"2026-01-20T13:59:43","modified_gmt":"2026-01-20T11:59:43","slug":"lesz-e-a-verskenyerbol-kenyerszaporitas","status":"publish","type":"page","link":"https:\/\/opus-folyoirat.sk\/?page_id=4193","title":{"rendered":"Lesz-e a verskeny\u00e9rb\u0151l keny\u00e9rszapor\u00edt\u00e1s\u2026?"},"content":{"rendered":"\n<p><em>Bevezet\u0151 Ravasz J\u00f3zsef \u00faj k\u00f6tet\u00e9nek bemutat\u00f3j\u00e1n<\/em><\/p>\n\n\n<div class=\"wp-block-post-date\"><time datetime=\"2025-09-14T13:00:00+02:00\">2025-09-14<\/time><\/div>\n\n<div class=\"wp-block-image\">\n<figure class=\"alignright size-full is-resized\"><img loading=\"lazy\" decoding=\"async\" width=\"627\" height=\"900\" src=\"http:\/\/opus-folyoirat.sk\/wp-content\/uploads\/2026\/01\/Mindennapi-verskenyer.jpeg\" alt=\"\" class=\"wp-image-4195\" style=\"width:203px;height:auto\" srcset=\"https:\/\/opus-folyoirat.sk\/wp-content\/uploads\/2026\/01\/Mindennapi-verskenyer.jpeg 627w, https:\/\/opus-folyoirat.sk\/wp-content\/uploads\/2026\/01\/Mindennapi-verskenyer-209x300.jpeg 209w\" sizes=\"auto, (max-width: 627px) 100vw, 627px\" \/><\/figure><\/div>\n\n\n<p>H\u00f6lgyeim \u00e9s uraim, ha megengedik, egy kiss\u00e9 szokatlan m\u00f3don szeretn\u00e9k most a k\u00f6tetr\u0151l sz\u00f3lni. Pontosabban nem is arr\u00f3l, legfeljebb csak arra utalva, mert ink\u00e1bb a versekr\u0151l, a k\u00f6lt\u00e9szetr\u0151l, \u00e9s annak egyre ink\u00e1bb megfogy\u00f3 term\u00e9szetes el\u0151fordul\u00e1si helyeir\u0151l besz\u00e9ln\u00e9k. Ravasz J\u00f3zsef \u00faj k\u00f6nyv\u00e9r\u0151l, mai \u2013 m\u00e9g nyomdaillat\u00fa \u2013 verskenyer\u00e9r\u0151l, s persze annak szerz\u0151j\u00e9r\u0151l egy\u00e9bk\u00e9nt is elmondtam azt a keveset, amennyit illett mag\u00e1ban a k\u00f6tetben, annak el\u0151szav\u00e1ban, s gondolom (rem\u00e9lem), ha odajutnak, el fogj\u00e1k olvasni. Benne van, a nyomdai levonatban m\u00e9g l\u00e1ttam \u00e9n magam is, b\u00edzzanak bennem, ahogy \u00e9n a V\u00e1mb\u00e9ry kiad\u00f3ban. Remek munk\u00e1t v\u00e9geztek \u2013 azt gondolom, nagy k\u00f6sz\u00f6net illeti ez\u00e9rt R\u00e1cz Zsuzs\u00e1t, a bor\u00edt\u00f3 \u00e9s a tipogr\u00e1fia harmonikus megjelen\u00edt\u0151j\u00e9t.&nbsp;<\/p>\n\n\n\n<p>Amit azonban nem eml\u00edtettem abban, m\u00e1rmint a bevezet\u0151mben, nem fejtettem ott ki, mert hiszen a k\u00f6tet verseinek legfeljebb inspirat\u00edv m\u00f3don volt ehhez k\u00f6z\u00fck, az maga a vers \u2013 annak \u00e9rt\u00e9ke, \u00e9rtelme, l\u00e9nyege, fontoss\u00e1ga. K\u00fcl\u00f6n\u00f6sen k\u00f6lt\u0151nk eset\u00e9ben, tenn\u00e9m hozz\u00e1, ha a k\u00e9rd\u00e9s komplexit\u00e1s\u00e1t a szok\u00e1sos felsz\u00edness\u00e9ggel kezeln\u00e9m. Mert hiszen adja mag\u00e1t a k\u00f6zhelyek sokszor igaz terepe: az \u00e9let\u00fat, a m\u00e9lyr\u0151l kapaszkod\u00e1s, a csehszlov\u00e1kiai magyar cig\u00e1ny \u00fatja \u00f6nmaga elfogadtat\u00e1s\u00e1ig. Nem kell azt k\u00fcl\u00f6n\u00f6sebben ecsetelnem: meglehet\u0151sen dr\u00e1mai \u00e9lethelyzet. S mindek\u00f6zben m\u00e9g megk\u00fczdenie a kett\u0151s anyanyelvi k\u00f6zeggel, s a kult\u00far\u00e1k elt\u00e9r\u0151 gy\u00f6kereiben lehet\u0151leg nem elt\u00e9vedve kimondani \u00e9s megszem\u00e9lyes\u00edteni mag\u00e1t a verset, azt, amit abban a pillanatban Ravasz J\u00f3zsef \u2013 mondjuk \u00edgy \u2013 szublim\u00e1l; versbesz\u00e9dd\u00e9, sz\u00f3k\u00e9pp\u00e9 alak\u00edt, r\u00f6gz\u00edt az \u0151t k\u00f6r\u00fclvev\u0151 vil\u00e1gb\u00f3l. Megragad valami fontos pillanatot, amelyben \u00f6sszegz\u0151dve l\u00e1tja \u2013 vagy v\u00e9li l\u00e1tni \u2013 az abban egym\u00e1sba fut\u00f3 sorsok teljes panor\u00e1m\u00e1j\u00e1t, \u00e1tfog\u00f3 \u00edv\u00e9t, a l\u00e1that\u00f3 \u00e9s a l\u00e1thatatlan pann\u00f3j\u00e1t. T\u00f6m\u00f6r, s\u00falyos k\u00e9p ez, \u00e9rz\u00e9keny \u00e9lethelyzet \u2013 de ki az, akiben mindez nem fogalmaz\u00f3dik meg?<\/p>\n\n\n\n<p>Legal\u00e1bbis maga a felismer\u00e9s \u2013 mert a t\u00f6bbh\u00f6z valami hi\u00e1nyzik. Valami k\u00e9pess\u00e9g, lehet\u0151s\u00e9g, valami olyan \u00e9rzelmi t\u00f6bblet, ami sokakban nincs, vagy jelen van, de be\u00e9rik annyival, hogy meg\u00e9rtik a k\u00e9pet, \u00e1tl\u00e1tj\u00e1k, megfogalmazz\u00e1k, s elteszik \u00e9lettapasztalataik k\u00f6z\u00e9. \u00c9s csak nagyon kevesen gondolnak arra, hogy mindezt megossz\u00e1k embert\u00e1rsaikkal. megossz\u00e1k azt a l\u00e9lekt\u00f6bbletet, amit lesz\u0171rtek abban s abb\u00f3l a pillanatb\u00f3l. Vagy \u00edgy, vagy \u00edgy. Ceruza, ecset, v\u00e9s\u0151, expon\u00e1l\u00f3 gomb, kotta, s h\u00e1t az \u00e9p\u00fcletek sokszor t\u00e1jidegen testk\u00e9nt megjelen\u0151 l\u00e1tv\u00e1nya; f\u00far\u00f3torony, v\u00f6lgyh\u00edd, betonkocka-h\u00e1zak \u2013 maga a l\u00fcktet\u0151, eleven sz\u00fcrrealizmus. Az emberis\u00e9g technokrata \u00e9letvitel\u00e9nek kivet\u00fcl\u00e9se \u2013 egy sivatagi piramis ehhez k\u00e9pest a reinkarn\u00e1l\u00f3d\u00f3 barlangrajzfest\u0151 impresszionizmusa.<\/p>\n\n\n\n<p>Ironikus vagyok, mert pr\u00f3b\u00e1lom \u00edgy elmondani, de az\u00e9rt nagyon komoly dolgot pedzegetek. Azt m\u00e9gpedig, hogy a k\u00f6lt\u00e9szet ott van minden l\u00e9legzetv\u00e9tel\u00fcnkben; \u00e9pp csak vannak, akiknek nehezebb\u00e9 teszi a l\u00e9legz\u00e9st. \u00c9s nem azoknak, akik kev\u00e9sb\u00e9 fog\u00e9konyak a l\u00edr\u00e1ra, avagy ak\u00e1r a sz\u00e9pen \u00e9l\u00e9s megval\u00f3s\u00edt\u00e1s\u00e1ra; mert h\u00e1t sz\u00e9pen \u00e9lni am\u00fagy maga a meg\u00e9lt k\u00f6lt\u00e9szet; hanem annak neh\u00e9z, aki megl\u00e1tja, meg\u00e9rzi minden pillanatban a verset. A vil\u00e1g e nyelven besz\u00e9l hozz\u00e1, a term\u00e9szet minden titk\u00e1t azonnal s k\u00e9szs\u00e9gesen t\u00e1rja fel az el\u0151tt, aki m\u00e1r a tekintet\u00e9vel is pontosan, j\u00f3l k\u00e9rdez. \u00c9s sokszor nem is k\u00e9rdez, csak megfigyel, megtanul, meg\u00e9rez valamit abb\u00f3l, ami az eleve elrendeltet\u00e9s volt \u00e9s lehetne m\u00e9g, ak\u00e1r &#8211; ha \u00e9ln\u00e9nk ezzel. \u00c9s nem vissza\u00e9ln\u00e9nk.<\/p>\n\n\n\n<p>Verset \u00edrni tulajdonk\u00e9ppen j\u00f3. Verset hallgatni tal\u00e1n enn\u00e9l is jobb. Verset l\u00e1tni maga az \u00e9letszents\u00e9g.<\/p>\n\n\n\n<p>P\u00e1r \u00e9ve, nem annyira r\u00e9gen, r\u00e9szt vettem egy irodalmi konferenci\u00e1n. T\u00e9m\u00e1ja a szok\u00e1sos volt, az irodalom helyzete napjainkban, az ellent\u00e9tek legy\u0151z\u00e9si strat\u00e9gi\u00e1i, hogy mik\u00e9pp m\u0171k\u00f6dhetn\u00e9nek azok, s mi\u00e9rt nem fognak, tal\u00e1n soha, \u00e9n kicsit untam, mert h\u00e1t ellent\u00e9tek val\u00f3j\u00e1ban nincsenek. Boz\u00f3tt\u00fczek vannak, de azokb\u00f3l nem lesz val\u00f3s\u00e1gos erd\u0151t\u0171z, sem es\u0151erd\u0151irt\u00e1s \u2013 hiszen m\u00e9g ezen a konferenci\u00e1n is elhangzott, egy \u00e9rt\u0151 pillanatban, hogy a magyar nyelv\u0171 irodalom mintegy k\u00e9tsz\u00e1zezer ember meg\u00e9lhet\u00e9s\u00e9t jelenti. Ennyien \u00e9lnek abb\u00f3l, j\u00f3l vagy rosszul, ism\u00e9tlem meg pr\u00f3zaian, mintegy t\u00edz-tizenegy milli\u00f3 emberre vet\u00edtve. S e n\u00e9pess\u00e9gb\u0151l vajon h\u00e1ny embert foglalkoztat, ak\u00e1r csak havi szinten, ez a mi kis mai tal\u00e1lkoz\u00f3nk t\u00e9m\u00e1ja, \u00f6r\u00f6me, egy\u00e1ltal\u00e1n \u2013 ennek h\u00edre? &nbsp;<\/p>\n\n\n\n<p>\u00c9s ez a k\u00e9tsz\u00e1zezer sem &#8211; garant\u00e1ltan &#8211; nem foglalkozik egym\u00e1ssal, nem olvass\u00e1k egym\u00e1st, s\u0151t, egyn\u00e9mely p\u00e1lyat\u00e1rsuk hal\u00e1l\u00e1r\u00f3l legfeljebb akkor \u00e9rtes\u00fclnek, ha felt\u0171nik nev\u00fck hi\u00e1nya valami \u00e9pp aktu\u00e1lis al\u00e1\u00edr\u00f3-\u00edven. L\u00e9pjen ki, mondjon fel, sat\u00f6bbi, ezt \u0151 al\u00e1 szokta \u00edrni, k\u00e9rdeznek vissza, te nem tudod, \u00e9rkezik a v\u00e1lasz, s akkor egy pici cs\u00f6nd. A pillanaton \u00e1trebben egy versangyal sz\u00e1rnya. Majd kisv\u00e1rtatva \u00fajra kezd\u0151dik a verb\u00e1lis paintball, r\u00f6pk\u00f6dnek a jelz\u0151s szerkezetben sz\u00ednes zselatin-kapszul\u00e1k. Ez az eml\u00edtett boz\u00f3tt\u0171z, mert hiszen ott, ahov\u00e1 el kellene jutniuk, az eml\u00edtett t\u00edz-tizenegy milli\u00f3hoz, egy kicsit kem\u00e9nyebbek az \u00e9let terepviszonyai.<\/p>\n\n\n\n<p>Kit\u00e9r\u0151nek t\u0171nik ez, de nem annak sz\u00e1ntam. Valami nagyon fontosnak \u00e9rzett gondolat kimond\u00e1s\u00e1t pr\u00f3b\u00e1ltam: ez a k\u00f6tet, amit ma a kez\u00fckbe vesznek, t\u00f6bbet \u00e9rdemel n\u00e1lunk. Egy kicsivel t\u00f6bbet. Ravasz J\u00f3zsef hetven\u00f6t esztend\u0151t t\u00f6lt\u00f6tt versk\u00f6zelben, s igen, legal\u00e1bb ennyit, de h\u00e1t identit\u00e1s-\u00e9lm\u00e9nyb\u0151l, \u00e1ltala k\u00f6z\u00f6ss\u00e9 elfogadott etnikai kultur\u00e1lis hagyom\u00e1nyokb\u00f3l, a t\u00f6rt\u00e9nelem \u00f6r\u00f6m\u00f3d\u00e1ib\u00f3l, s\u00e1rtengereib\u0151l \u00e9s sorsszimf\u00f3ni\u00e1ib\u00f3l meglehet, hogy hetven\u00f6t milli\u00f3nyi \u00e9vre val\u00f3 \u00e9rzelmek rezd\u00fcl\u00e9s\u00e9t fogta s fogja fel minden pillanatban. A legt\u00f6bb ember, ha feltekint az \u00e9jszakai \u00e9gboltra, lehet\u0151leg ragyog\u00f3 csillagsugaras est\u00e9ken, akkor a szeme a legf\u00e9nyesebbet keresi, a nev\u00e9t is tudja, s megmutatja, annak, akivel van \u2013 ott a Sarkcsillag. A k\u00f6lt\u0151, ha nincs egyed\u00fcl, nem a csillagokat kutatja, de amikor egyed\u00fcl van, akkor felpillant, s meg\u00e9rzi, hogy nincs egyed\u00fcl. L\u00e1tja \u0150t, \u00e9s tudja, hogy Neki \u0151 sem l\u00e1thatatlan.<\/p>\n\n\n\n<p>Ennyi el\u00e9g. Megsz\u00f3lal benne a vers, csillaghalmokat l\u00e1t, k\u00e9pzeletben \u00f6sszek\u00f6ti \u0151ket s nevet is ad annak, amit l\u00e1t. Ahogyan valamelyik \u0151se tette ezt sok-sokezer \u00e9vvel ezel\u0151tt, de m\u00e1r elveszett az \u0151 t\u00e9rk\u00e9pe, ahogyan az is, hogy mik\u00e9nt h\u00edvt\u00e1k a Nagymedv\u00e9t soksz\u00e1z nemzed\u00e9kkel kor\u00e1bban. Vagy hogyan h\u00edvj\u00e1k azt napjainkban a f\u00f6ldj\u00fck\u00e9rt, entit\u00e1suk\u00e9rt, \u00e9let\u00fck\u00e9rt harcol\u00f3 yanomamik Amaz\u00f3ni\u00e1ban.&nbsp; E ponthoz \u00e9rve engedj\u00e9k meg, hogy m\u00e9gis \u00e1tadjam magamnak a sz\u00f3t, s id\u00e9zzek a k\u00f6tethez \u00edrt bevezet\u0151mb\u0151l:&nbsp; hadd sz\u00f3ljak arr\u00f3l a f\u00f6lismer\u00e9sr\u0151l, vagy f\u00f6lismer\u00e9sekr\u0151l, mely-melyek ment\u00e9n haladtam az \u00f6ssze\u00e1ll\u00edt\u00e1s sor\u00e1n. Az egyikre eddigi mondataimban m\u00e1r utaltam: Ravasz versei ugyanazon k\u00f6z\u00e9ppontban sz\u00fcletnek, a l\u00e9tez\u00e9s(e) sz\u00edvver\u00e9sei, l\u00e9legzetv\u00e9telei, pulz\u00e1lnak, hatnak, mindk\u00e9t ir\u00e1nyba, k\u00f6tnek-k\u00f6t\u0151dnek s elszakadnak, hogy visszat\u00e9rhessenek; a k\u00f6z\u00e9ppontb\u00f3l sugarasodnak, de ez a k\u00f6z\u00e9ppont nem egyfajta Nap, hiszen a szavak nem v\u00e1lnak bolyg\u00f3v\u00e1, bolyg\u00f3rendszerr\u00e9, mert visszakapaszkodnak abba a val\u00f3s\u00e1g f\u00f6l\u00f6tti \u00f3hajba-csod\u00e1ba, ahonnan v\u00e9tettek s ahonnan megbocs\u00e1jtanak az ellen\u00fck elk\u00f6vetett v\u00e9tkeseknek is, csak legyen v\u00e9ge sorsuk rombol\u00e1s\u00e1nak; Ravasz versvil\u00e1ga teh\u00e1t egy v\u00e9gtelen kiterjed\u00e9s\u0171 pont, s a bel\u0151le f\u00f6lszakad\u00f3 versek nem tematiz\u00e1lhat\u00f3ak, nem sz\u0171k\u00edthet\u0151ek le egy, a l\u00e9tez\u00e9sn\u00e9l kisebb \u00e1tfog\u00f3j\u00fa probl\u00e9mak\u00f6r hadrendj\u00e9be, ciklus\u00e1ba. Ez sz\u00e1momra nagyon vil\u00e1gosan megmutatkozott szinte valamennyi kor\u00e1bbi k\u00f6tet\u00e9t olvasva; azok szerkeszt\u0151i roppant er\u0151s \u00e9s dics\u00e9retes m\u00f3dozatokban pr\u00f3b\u00e1lt\u00e1k ezt megc\u00e1folni, line\u00e1ris bels\u0151 ciklusokba rendezni az \u00f6sszerendezhetetlent, kedvezni akarv\u00e1n a versolvas\u00f3k megszokott ritmus\u00e1nak, p\u00e9ld\u00e1ul: gyerekkor, eszm\u00e9l\u0151d\u00e9s, csal\u00e1d, nagyvil\u00e1g, vagy enn\u00e9l elt\u00e9r\u0151bb, m\u00e1sf\u00e9le ak\u00e1r kontemplat\u00edv megk\u00f6zel\u00edt\u00e9s; de nem, egyik sem \u2013 mondom: <em>sz\u00e1momra<\/em> <em>nem<\/em> \u2013 eredm\u00e9nyez <em>t\u00f6k\u00e9letes<\/em> megold\u00e1st. Mert Ravasz verseinek dinamik\u00e1ja a v\u00e1ratlan asszociat\u00edv pillanatokb\u00f3l t\u00e1pl\u00e1lkozik, a l\u00e9tez\u00e9s k\u00f6rforg\u00e1sa \u2013 \u00fajra hangs\u00falyozzuk \u2013 nem line\u00e1ris, hiszen annak rezd\u00fcl\u00e9sei, pillanatnyi t\u00f6rt\u00e9n\u00e9sei f\u00f6lgyors\u00edtj\u00e1k a sz\u00edvver\u00e9st, egy\u00fattal visszahatnak valami nagyon r\u00e9gi, m\u00e1r-m\u00e1r elfeledett-eltemetett pillanatra; a kett\u0151 hat egym\u00e1sra, s ebb\u0151l sz\u00fcletik, k\u00e9t gy\u00f6tr\u0151-f\u00e1jdalmas eml\u00e9k m\u00e9gis-boldogs\u00e1gos \u00f6lelkez\u00e9s\u00e9b\u0151l a vers. T\u00fckr\u00f6zve a k\u00f6lt\u0151 l\u00e9tez\u00e9s\u00e9nek teljess\u00e9g\u00e9t, a vil\u00e1ggal val\u00f3 viszony\u00e1nak \u2013 kitasz\u00edtotts\u00e1g \u00e9s befogad\u00e1s \u2013 teljess\u00e9g\u00e9t.<\/p>\n\n\n\n<p>Ami: im\u00e1ds\u00e1g, foh\u00e1sz befogad\u00e1s\u00e9rt, elfogad\u00e1s\u00e9rt, a l\u00e9tez\u00e9s <em>lehet\u0151s\u00e9g\u00e9\u00e9rt<\/em>. S itt \u00e9rdekes igaz\u00e1n f\u00f6lfigyeln\u00fcnk Ravasz egyszer\u0171 sz\u00f3alkot\u00f3-k\u00e9pess\u00e9geire is: arra a mag\u00e1t\u00f3l \u00e9rtet\u0151d\u0151 term\u00e9szetess\u00e9gre, ahogyan jelz\u0151s szerkezetei f\u0151n\u00e9vv\u00e9 \u2013 s \u00edgy egy nemzet jellemz\u0151 jegyeiv\u00e9 \u2013 m\u00f3dosulnak. L\u00e1sd cig\u00e1nysors, cig\u00e1nyorsz\u00e1g, cig\u00e1nyl\u00e9tra, cig\u00e1nyhumor, cig\u00e1nyl\u00e9t, cig\u00e1nys\u00f3haj, cig\u00e1nyk\u00e9z, cig\u00e1nykeny\u00e9r, cig\u00e1nyk\u00f6nny, cig\u00e1nytudat, cig\u00e1ny\u00fat, cig\u00e1nyokos, cig\u00e1nyhal \u2013 a helyes\u00edr\u00e1s-ellen\u0151rz\u0151 automatikusan hib\u00e1t jelezve h\u00fazza al\u00e1 mindegyik kifejez\u00e9st, ahogyan a t\u00e1rsadalmi k\u00f6zfelfog\u00e1s sem \u00e9rti e szavak els\u0151dleges, eredeti jelent\u00e9s\u00e9t; egy sorsk\u00f6z\u00f6ss\u00e9g napi helyzetmegold\u00e1sainak k\u00e9nyszereit, lehet\u0151s\u00e9geit s \u00e1ltal\u00e1ban t\u00fal\u00e9l\u00e9s\u00fck saj\u00e1tos, egyedi eszk\u00f6zeit. Mindez hangs\u00falyos k\u00f6lt\u0151i-nyelvi lek\u00e9pez\u00e9se annak a sorsk\u00f6z\u00f6ss\u00e9gnek, melyb\u0151l Ravasz k\u00f6lt\u0151i \u00e9s k\u00f6z\u00e9leti jelenl\u00e9te f\u00f6lfakadt, meger\u0151s\u00f6d\u00f6tt, kiteljesedett.<\/p>\n\n\n\n<p>S egy\u00fattal, summ\u00e1zom imm\u00e1r visszat\u00e9rve a mai est\u00e9hez, ez a k\u00f6lt\u00e9szet az egyetemes emberi l\u00e9t, az egym\u00e1sba kapaszkod\u00f3 kult\u00far\u00e1k \u00f6sszegz\u0151d\u00e9se, maga az identit\u00e1s entit\u00e1sa. Avagy a vers entit\u00e1s\u00e1nak identit\u00e1sa lenne\u2026? Annak \u00e1ld\u00f3 foh\u00e1sza, hogy vers vagy te is \u2013 ak\u00e1r akarod, kedves olvas\u00f3, ak\u00e1r nem. T\u0151led f\u00fcgg, rajtad is \u00e1ll, hogy a mindennapi verskeny\u00e9rb\u0151l lesz-e keny\u00e9rszapor\u00edt\u00e1s.<\/p>\n\n\n\n<p><em>Tam\u00e1si Orosz J\u00e1nos<\/em><\/p>\n\n\n\n<p><\/p>\n","protected":false},"excerpt":{"rendered":"<p>Bevezet\u0151 Ravasz J\u00f3zsef \u00faj k\u00f6tet\u00e9nek bemutat\u00f3j\u00e1n H\u00f6lgyeim \u00e9s uraim, ha megengedik, egy kiss\u00e9 szokatlan m\u00f3don szeretn\u00e9k most a k\u00f6tetr\u0151l sz\u00f3lni. Pontosabban nem is arr\u00f3l, legfeljebb csak arra utalva, mert ink\u00e1bb a versekr\u0151l, a k\u00f6lt\u00e9szetr\u0151l, \u00e9s annak egyre ink\u00e1bb megfogy\u00f3 term\u00e9szetes &hellip; <a href=\"https:\/\/opus-folyoirat.sk\/?page_id=4193\">Egy kattint\u00e1s ide a folytat\u00e1shoz&#8230;. <span class=\"meta-nav\">&rarr;<\/span><\/a><\/p>\n","protected":false},"author":4,"featured_media":0,"parent":0,"menu_order":0,"comment_status":"closed","ping_status":"closed","template":"","meta":{"footnotes":""},"class_list":["post-4193","page","type-page","status-publish","hentry"],"_links":{"self":[{"href":"https:\/\/opus-folyoirat.sk\/index.php?rest_route=\/wp\/v2\/pages\/4193","targetHints":{"allow":["GET"]}}],"collection":[{"href":"https:\/\/opus-folyoirat.sk\/index.php?rest_route=\/wp\/v2\/pages"}],"about":[{"href":"https:\/\/opus-folyoirat.sk\/index.php?rest_route=\/wp\/v2\/types\/page"}],"author":[{"embeddable":true,"href":"https:\/\/opus-folyoirat.sk\/index.php?rest_route=\/wp\/v2\/users\/4"}],"replies":[{"embeddable":true,"href":"https:\/\/opus-folyoirat.sk\/index.php?rest_route=%2Fwp%2Fv2%2Fcomments&post=4193"}],"version-history":[{"count":1,"href":"https:\/\/opus-folyoirat.sk\/index.php?rest_route=\/wp\/v2\/pages\/4193\/revisions"}],"predecessor-version":[{"id":4196,"href":"https:\/\/opus-folyoirat.sk\/index.php?rest_route=\/wp\/v2\/pages\/4193\/revisions\/4196"}],"wp:attachment":[{"href":"https:\/\/opus-folyoirat.sk\/index.php?rest_route=%2Fwp%2Fv2%2Fmedia&parent=4193"}],"curies":[{"name":"wp","href":"https:\/\/api.w.org\/{rel}","templated":true}]}}