{"id":4204,"date":"2025-08-17T14:10:00","date_gmt":"2025-08-17T12:10:00","guid":{"rendered":"https:\/\/opus-folyoirat.sk\/?page_id=4204"},"modified":"2026-01-20T14:11:30","modified_gmt":"2026-01-20T12:11:30","slug":"itt-van-az-osz-itt-van","status":"publish","type":"page","link":"https:\/\/opus-folyoirat.sk\/?page_id=4204","title":{"rendered":"Itt van az \u0151sz\u2026 itt van?"},"content":{"rendered":"<div class=\"wp-block-post-date\"><time datetime=\"2025-08-17T14:10:00+02:00\">2025-08-17<\/time><\/div>\n\n\n<p>Ha ma az \u0151szre gondolok, zavarba j\u00f6v\u00f6k. Valaki azt mondta, hogy ez a legalkalmasabb id\u0151szak arra, hogy az ember megtal\u00e1lja \u00f6nmag\u00e1t.<br>Lehet, hogy \u00edgy van, \u00e1m ahhoz, hogy ezt eld\u00f6ntsem, olyan embert kellene tal\u00e1lnom, aki megtal\u00e1lta \u00f6nmag\u00e1t\u2026<br>Na de hogyan is \u00e1llunk az \u0151sszel? A k\u00f6lt\u0151i l\u00e9lek ilyenkor aranyl\u00f3 falevelekr\u0151l, f\u00fcrt\u00f6kt\u0151l dagad\u00f3 sz\u0151l\u0151t\u0151k\u00e9kr\u0151l \u00e1lmodik, \u00e1m a mindennapokkal val\u00f3 alaposabb szembes\u00fcl\u00e9s komoly gondolatokkal terheli \u0151szv\u00e1r\u00f3 ked\u00e9ly\u00fcnket. R\u00e9gen ilyenkor mifel\u00e9nk a csal\u00e1dok nagy t\u00f6bbs\u00e9g\u00e9nek gondolatai a betakar\u00edt\u00e1s, a sz\u00fcret k\u00f6r\u00fcl j\u00e1rtak, s bizony a sz\u0151l\u0151t felv\u00e1s\u00e1rl\u00f3 bor\u00fczemt\u0151l le a szentesi \u00fatig hossz\u00fa sorokban \u00e1lltak a k\u00fcl\u00f6nb\u00f6z\u0151 m\u00e1rk\u00e1j\u00fa, megrakott teheraut\u00f3k \u00e9s p\u00f3tkocsis traktorok. A gazd\u00e1k el\u00e9gedetten sz\u00e1molt\u00e1k a t\u00f6bb m\u00e1zsa sz\u0151l\u0151 ut\u00e1n j\u00e1r\u00f3 p\u00e9nzt.<br>Ma m\u00e1r nincs bor\u00fczem, a kisgazd\u00e1k sz\u00e1m\u00e1ra neh\u00e9z (legal\u00e1bbis nehezebb) feladat a sz\u0151l\u0151t vagy a bort eladni. A meg\u00e9lhet\u00e9s akkor sem volt k\u00f6nny\u0171, de m\u00e1ra mintha k\u00fcl\u00f6n kih\u00edv\u00e1st jelentene\u2026<br>Valami megv\u00e1ltozott\u2026<\/p>\n\n\n\n<p>Persze, van sz\u0151l\u0151 \u00e9s bor is van b\u0151ven, csak \u00e9ppen a gazd\u00e1lkod\u00e1s m\u00f3dja v\u00e1ltozott egy kicsit \u00e9s a haszon nagyobb r\u00e9sze is m\u00e1s zsebekbe v\u00e1ndorol. \u201e\u0150k\u201d, val\u00f3ban \u201esz\u00fcretelhetnek\u201d\u2026<br><br>Sz\u00f3val ezek az \u0151sz\u00f6k m\u00e1r mintha nem \u201eolyan\u201d \u0151sz\u00f6k lenn\u00e9nek, mint hajdan\u00e1n voltak, s\u0151t mi t\u00f6bb, a tavaszaink \u00e9s a teleink sem olyanok, mint r\u00e9gen.&nbsp;<br>Eltart egy ideig m\u00edg meg\u00e9rtj\u00fck, hogy a term\u00e9szet v\u00e1ltozik, \u00e9s mi hi\u00e1ba fogjuk hajtani, hogy most \u0151sznek kell lennie, ha egyszer m\u00e1r nem lesz \u0151sz\u2026 \u00e9s nem lesz t\u00e9l\u2026<br>A r\u00e9gi, h\u00f3f\u00fav\u00e1sokkal teli telek is enyh\u00e9bbek, r\u00e1ad\u00e1sul robban\u00e1sszer\u0171 melegek v\u00e1ltj\u00e1k \u0151ket, mi\u00e1ltal \u00e9szre sem vessz\u00fck, \u00e9s hirtelen m\u00e1r el is b\u00facs\u00faztunk a tavaszt\u00f3l. De a telet \u00e9rtelemszer\u0171en tov\u00e1bbra is t\u00e9lnek, a tavaszt pedig tavasznak nevezz\u00fck, holott valami \u201eeg\u00e9szen m\u00e1st\u201d kaptunk cser\u00e9be. Mintha azt v\u00e1rn\u00e1nk, hogy a term\u00e9szet \u2013 csak az\u00e9rt, mert mi \u00edgy szeretn\u00e9nk \u2013 ism\u00e9t hozz\u00e1nk idomul, hozz\u00e1nk id\u0151z\u00edti az \u00e9vszakokat. Mert ugye megszoktuk, hogy aminek nevet adunk, az az. \u00c1m lassan rengeteg dolog, aminek egykor nevet adtunk, nem ugyanaz, mint r\u00e9gen \u00e9s amint tapasztaljuk, a term\u00e9szet sem k\u00edv\u00e1n alkalmazkodni hozz\u00e1nk\u2026<\/p>\n\n\n\n<p>Milyen j\u00f3 is lenne, ha legal\u00e1bb l\u00e9p\u00e9st tudn\u00e1nk tartani a k\u00f6r\u00f6tt\u00fcnk l\u00e9v\u0151 v\u00e1ltoz\u00e1sokkal, s nem ut\u00f3lag kellene nev\u00e9n nevezn\u00fcnk \u0151ket! Milyen j\u00f3 is lenne, ha \u2013 \u00e9vszakt\u00f3l f\u00fcggetlen\u00fcl \u2013 megtal\u00e1ln\u00e1nk \u00f6nmagunkat, s nev\u00e9n tudn\u00e1nk nevezni a dolgokat!<\/p>\n\n\n\n<p>Petrarca jut eszembe. V\u00e9grendelet\u00e9ben a sz\u0171k\u00f6sen \u00e9l\u0151 j\u00f3bar\u00e1tj\u00e1nak Boccaccionak egy bund\u00e1t aj\u00e1nd\u00e9kozott, hogy az a Certaldo k\u00f6r\u00fcli hegyekben s\u00e9t\u00e1lva meg ne f\u00e1zzon. Ak\u00e1r az \u201e\u0151szi mag\u00e1ra tal\u00e1l\u00e1s\u201d p\u00e9ld\u00e1ja is lehet.&nbsp; Az \u0151sz ill\u00fazi\u00f3ja tal\u00e1n val\u00f3ban seg\u00edthet nek\u00fcnk abban, hogy \u2013 a cudar id\u0151kre k\u00e9sz\u00fclve \u2013 valamit mi is hagyjunk ut\u00f3dainkra, \u201eBoccaccioinkra\u201d \u2026<br><\/p>\n\n\n\n<p class=\"has-text-align-right\"><em>Hogya Gy\u00f6rgy<\/em><\/p>\n","protected":false},"excerpt":{"rendered":"<p>Ha ma az \u0151szre gondolok, zavarba j\u00f6v\u00f6k. Valaki azt mondta, hogy ez a legalkalmasabb id\u0151szak arra, hogy az ember megtal\u00e1lja \u00f6nmag\u00e1t.Lehet, hogy \u00edgy van, \u00e1m ahhoz, hogy ezt eld\u00f6ntsem, olyan embert kellene tal\u00e1lnom, aki megtal\u00e1lta \u00f6nmag\u00e1t\u2026Na de hogyan is \u00e1llunk &hellip; <a href=\"https:\/\/opus-folyoirat.sk\/?page_id=4204\">Egy kattint\u00e1s ide a folytat\u00e1shoz&#8230;. <span class=\"meta-nav\">&rarr;<\/span><\/a><\/p>\n","protected":false},"author":4,"featured_media":0,"parent":0,"menu_order":0,"comment_status":"closed","ping_status":"closed","template":"","meta":{"footnotes":""},"class_list":["post-4204","page","type-page","status-publish","hentry"],"_links":{"self":[{"href":"https:\/\/opus-folyoirat.sk\/index.php?rest_route=\/wp\/v2\/pages\/4204","targetHints":{"allow":["GET"]}}],"collection":[{"href":"https:\/\/opus-folyoirat.sk\/index.php?rest_route=\/wp\/v2\/pages"}],"about":[{"href":"https:\/\/opus-folyoirat.sk\/index.php?rest_route=\/wp\/v2\/types\/page"}],"author":[{"embeddable":true,"href":"https:\/\/opus-folyoirat.sk\/index.php?rest_route=\/wp\/v2\/users\/4"}],"replies":[{"embeddable":true,"href":"https:\/\/opus-folyoirat.sk\/index.php?rest_route=%2Fwp%2Fv2%2Fcomments&post=4204"}],"version-history":[{"count":1,"href":"https:\/\/opus-folyoirat.sk\/index.php?rest_route=\/wp\/v2\/pages\/4204\/revisions"}],"predecessor-version":[{"id":4205,"href":"https:\/\/opus-folyoirat.sk\/index.php?rest_route=\/wp\/v2\/pages\/4204\/revisions\/4205"}],"wp:attachment":[{"href":"https:\/\/opus-folyoirat.sk\/index.php?rest_route=%2Fwp%2Fv2%2Fmedia&parent=4204"}],"curies":[{"name":"wp","href":"https:\/\/api.w.org\/{rel}","templated":true}]}}