{"id":4208,"date":"2025-09-09T14:20:00","date_gmt":"2025-09-09T12:20:00","guid":{"rendered":"https:\/\/opus-folyoirat.sk\/?page_id=4208"},"modified":"2026-01-20T14:21:24","modified_gmt":"2026-01-20T12:21:24","slug":"hol-terem-a-lokalpatriota","status":"publish","type":"page","link":"https:\/\/opus-folyoirat.sk\/?page_id=4208","title":{"rendered":"Hol terem a lok\u00e1lpatri\u00f3ta?"},"content":{"rendered":"<div class=\"wp-block-post-date\"><time datetime=\"2025-09-09T14:20:00+02:00\">2025-09-09<\/time><\/div>\n\n\n<p>K\u00f6ztudott, hogy G\u00e1rdonyi G\u00e9za az <em>Egri csillagok<\/em> \u00edr\u00e1sa k\u00f6zben t\u00f6bb munkac\u00edmet is elhaszn\u00e1lt, latolgatta a <em>Gerg\u0151 di\u00e1kot<\/em>, a <em>T\u00f6r\u00f6k gy\u0171r\u0171t<\/em>, a <em>Hold \u00e9s csillagokat<\/em> \u00e9s fontolgatta a <em>Hol terem a magyar vit\u00e9z?<\/em> c\u00edmet is, m\u00edg v\u00e9g\u00fcl a m\u00e1r ismert c\u00edmn\u00e9l \u00e1llapodott meg.&nbsp;<\/p>\n\n\n\n<p>Hasonl\u00f3 c\u00edmad\u00e1si gondjai lehetnek annak is, aki a kir\u00e1lyhelmeci Csonkav\u00e1r gazd\u00e1j\u00e1val, tulajdonos\u00e1val szeretne riportot k\u00e9sz\u00edteni, hiszen mostan\u00e1ban egyre t\u00f6bb riport, s\u0151t a neten el\u0151ad\u00e1s is megjelent a kir\u00e1lyhelmeci \u00e1sat\u00e1sokkal kapcsolatosan. Neh\u00e9z \u00e9rdekl\u0151d\u00e9sre sz\u00e1mot tart\u00f3 c\u00edmet \u00e9s m\u00e9g nehezebb \u00faj, az olvas\u00f3 \u00e9rdekl\u0151d\u00e9sre sz\u00e1mot tart\u00f3 k\u00e9rd\u00e9seket feltenni G\u00f6nczy Bertalannak, hiszen a riportok nagy r\u00e9sz\u00e9ben m\u00e1r v\u00e1laszt kaphattak a Csonkav\u00e1r jelen\u00e9vel \u00e9s j\u00f6v\u0151j\u00e9vel kapcsolatos k\u00e9rd\u00e9sekre. Ebben a besz\u00e9lget\u00e9sben teh\u00e1t \u2013 rendhagy\u00f3 m\u00f3don \u2013 ink\u00e1bb a v\u00e1r t\u00f6rt\u00e9nelm\u00e9nek h\u00e1tter\u00e9t j\u00e1rtuk k\u00f6rbe.<br><strong>G\u00f6nczy Bertalan<\/strong> eredetileg sz\u0151l\u00e9szettel \u00e9s bor\u00e1szattal k\u00edv\u00e1nt foglalkozni, \u00e9s a pince k\u00e9rd\u00e9s\u00e9nek megold\u00e1sa k\u00f6zben mer\u00fclt fel a gondolat, hogy a majdan t\u00f6bb hekt\u00e1rr\u00f3l lesz\u00fcretelend\u0151 \u00e9s feldolgozand\u00f3 mustnak tal\u00e1n j\u00f3 helye lehetne a kir\u00e1lyhelmeci Csonkav\u00e1r pinc\u00e9j\u00e9ben is. \u00a0<br>Az elgondol\u00e1st tett k\u00f6vette \u00e9s most m\u00e1r negyedik \u00e9ve megfesz\u00edtett munk\u00e1val k\u00e9sz\u00edti el\u0151 \u00faj pinc\u00e9j\u00e9t az \u00faj v\u00e1r\u00far.<\/p>\n\n\n\n<p><strong>\u2013 Meglehet\u0151sen nagyszab\u00e1s\u00fa pincev\u00e1laszt\u00e1s\u2026<\/strong><br>\u2013 Kir\u00e1lyhelmci vagyok \u00e9s hossz\u00fa t\u00e1von, majd, ha befejezem az irodai munk\u00e1t (megj.: sz\u00e1m\u00edt\u00f3g\u00e9pes szakember) annak ellen\u00e9re, hogy nem vagyok k\u00fcl\u00f6n\u00f6sebben nagy boriv\u00f3, a sz\u0151l\u00e9szettel \u00e9s bor\u00e1szattal szeretn\u00e9k foglalkozni. A v\u00e1rosban \u00e9s k\u00f6rny\u00e9k\u00e9n kezdtem f\u00f6ldter\u00fcletek felv\u00e1s\u00e1rl\u00e1s\u00e1val foglalkozni, \u00e9s eredetileg a nem messze fekv\u0151 Nagyg\u00e9resben akadtam megfelel\u0151 felt\u00e9telekre. Egy bar\u00e1tom javasolta, hogy ha m\u00e1r helmeci vagyok, akkor mi\u00e9rt nem pr\u00f3b\u00e1lok a saj\u00e1t v\u00e1rosomban pinc\u00e9t tal\u00e1lni, v\u00e9g\u00fcl \u00edgy esett a v\u00e1laszt\u00e1s a Csonkav\u00e1rra. T\u00e1rgyalni kezdtem a r\u00e9gi tulajdonossal \u00e9s 2018 janu\u00e1rj\u00e1t\u00f3l m\u00e1r \u00e9n lettem a Csonkav\u00e1r \u00faj tulajdonosa.\u00a0<\/p>\n\n\n\n<p><strong>\u2013 Az eltelt id\u0151ben szemmel l\u00e1that\u00f3an nem sokat pihent\u00e9l, rengeteg munk\u00e1t v\u00e9gezt\u00e9l. Az 1939-ben hordal\u00e9kkal felt\u00f6lt\u00f6tt ezideig nem l\u00e1tott termeket lassan ki\u00e1sod, ki\u00e1satod \u00e9s mindenki sz\u00e1m\u00e1ra l\u00e1that\u00f3v\u00e1 teszed. A rengeteg munka \u00e9s ut\u00e1naj\u00e1r\u00e1s azonba azzal is j\u00e1r, hogy rengeteg \u00faj inform\u00e1ci\u00f3hoz is hozz\u00e1jutott\u00e1l. T\u00f6rt\u00e9n\u00e9szekkel, r\u00e9g\u00e9szekkel, lev\u00e9lt\u00e1rosokkal \u00e9s m\u0171eml\u00e9kv\u00e9d\u0151kkel t\u00e1rgyalsz rendszeresen. Sokan Per\u00e9nyi P\u00e9ter nev\u00e9hez k\u00f6tik a Csonkav\u00e1r eredet\u00e9t, \u00e1m val\u00f3j\u00e1ban a P\u00e1l\u00f3cziaknak k\u00f6sz\u00f6nhetj\u00fck, hogy ez a v\u00e1r fel\u00e9p\u00fclt. Mi \u00fajat tudhatunk meg a v\u00e1r eredeti \u00e9p\u00edt\u0151ir\u0151l a P\u00e1l\u00f3cziakr\u00f3l?<\/strong><br>\u2013 A P\u00e1l\u00f3cziakkal val\u00f3ban nem sokat foglalkoztak eddig, \u00e1m a k\u00f6z\u00e9pkorban egy nagyhatalm\u00fa, j\u00f3 kapcsolatokkal rendelkez\u0151 csal\u00e1dnak sz\u00e1m\u00edtottak. Kibontakoz\u00e1suk a XIV. sz\u00e1zadban indult meg \u00e9s a moh\u00e1csi csata idej\u00e9n ker\u00fcltek hatalmuk cs\u00facspontj\u00e1ra. A nem messze l\u00e9v\u0151 Ung-megyei P\u00e1l\u00f3c k\u00f6zs\u00e9gben volt az eredeti sz\u00e9khely\u00fck, majd Kir\u00e1lyhelmec \u00e9s S\u00e1rospatak is a tulajdonukba ker\u00fclt. A renesz\u00e1nsz idej\u00e9n \u00e9ltek \u00e9s a hatalmuk kiteljesed\u00e9s\u00e9t nagyban seg\u00edtette M\u00e1ty\u00e1s kir\u00e1ly, aki igazi renesz\u00e1nsz ember volt, s\u0151t megel\u0151zte a kor\u00e1t. Nem rang, hanem teljes\u00edtm\u00e9ny alapj\u00e1n jutalmazott. Ennek a kornak \u00e9s eszm\u00e9nyeinek k\u00f6sz\u00f6nhet\u0151, hogy nagyon sok P\u00e1l\u00f3czi magas rangba ker\u00fclt, ak\u00e1r vil\u00e1gi ak\u00e1r egyh\u00e1zi ter\u00fcleten.\u00a0 \u00c9rdekes \u00f6r\u00f6k\u00f6s\u00f6d\u00e9si szok\u00e1sjogot vezettek be, a birtokok ut\u00e1ni j\u00f6vedelemb\u0151l minden egyes \u00f6r\u00f6k\u00f6s egyenl\u0151 ar\u00e1nyban r\u00e9szes\u00fclt. Teh\u00e1t a vagyont, az ingatlanokat nem osztott\u00e1k el, hanem csup\u00e1n a befolyt ad\u00f3n osztozkodtak. \u00cdgy megt\u00f6rt\u00e9nt, hogy a kir\u00e1lyhelmeci v\u00e1rban a k\u00e9t P\u00e1l\u00f3czi testv\u00e9rnek k\u00e9t v\u00e1rkapit\u00e1nya is volt, mert ily m\u00f3don ellen\u0151rizt\u00e9k a beszolg\u00e1ltatott ad\u00f3kat. Ez az \u00f6r\u00f6k\u00f6s\u00f6d\u00e9si rend eg\u00e9szen 1526-ig maradt meg, amikoris P\u00e1l\u00f3czi Antal a moh\u00e1csi csat\u00e1ban elesett.\u00a0<\/p>\n\n\n\n<p><strong>\u2013 Az tudhat\u00f3-e, hogy milyen c\u00e9lb\u00f3l \u00e9p\u00edtett\u00e9k a kir\u00e1lyhelmeci v\u00e1rat?<\/strong><br>\u2013 Fontos tudni, hogy nem minden v\u00e1rat \u00e9p\u00edtettek v\u00e9delmi c\u00e9lb\u00f3l. Ha egy P\u00e1l\u00f3czi \u2013 vagy adott esetben egy m\u00e1s f\u0151\u00far \u2013 utazott, akkor \u00e1ltal\u00e1ban a saj\u00e1t uradalmain kereszt\u00fcl hat\u00e1rozta meg az \u00fatvonalat \u00e9s ilyenkor a saj\u00e1t kis kast\u00e9ly\u00e1ban esetleg k\u00fari\u00e1j\u00e1ban sz\u00e1llt meg. Teh\u00e1t rengeteg sz\u00e1ll\u00e1shely \u00e9p\u00fclt, eml\u00edthetem a R\u00e1k\u00f3cziakat is, akiknek Borsi szint\u00e9n egy ilyen sz\u00e1ll\u00e1shely\u00fck volt S\u00e1rospatakr\u00f3l Munk\u00e1csra menet. Persze nyilv\u00e1nval\u00f3, hogy ezek a helyek bizonyos v\u00e9detts\u00e9get kellett, hogy adjanak.\u00a0<\/p>\n\n\n\n<p><strong>\u2013 A borsi kast\u00e9ly fel\u00faj\u00edt\u00e1s\u00e1nak aprop\u00f3j\u00e1n k\u00fcl\u00f6nb\u00f6z\u0151 cikkek jelennek meg \u00e9s egyik\u00fckben az \u00e1ll, hogy a borsi kast\u00e9ly \u00e1lland\u00f3 lak\u00f3inak sz\u00e1ma 20-30 f\u0151 is lehetet. Van-e utal\u00e1s arra n\u00e9zve, hogy a Csonkav\u00e1r \u0151s\u00e9t h\u00e1nyan lakt\u00e1k?\u00a0<\/strong><br>\u2013 J\u00f3 k\u00e9rd\u00e9s, ugyanis nem egy\u00e9rtelm\u0171 a v\u00e1r elnevez\u00e9se sem. T\u00f6rt\u00e9nelmi iratokban \u00f6tsz\u00f6r eml\u00edtik, mint v\u00e1rat, h\u00e9tszer, mint v\u00e1rkast\u00e9lyt. Ne felejts\u00fck el, hogy egy \u00e1lland\u00f3 hely\u0151rs\u00e9g fenntart\u00e1sa ugyancsak k\u00f6lts\u00e9ges lett volna. Val\u00f3sz\u00edn\u0171, hogy az \u00e1lland\u00f3 szem\u00e9lyzet k\u00e9t-h\u00e1rom f\u0151 lehetett, \u00e9s ha egy rabl\u00f3banda t\u00e1madta volna meg az \u00e9p\u00fcletet, akkor a helyi lakosok seg\u00edthettek a v\u00e9delm\u00e9ben.\u00a0<\/p>\n\n\n\n<p><strong>\u2013 Mint tudjuk, P\u00e1l\u00f3czi Antal a moh\u00e1csi csat\u00e1ba odaveszett \u00e9s ezt k\u00f6vet\u0151en ker\u00fclt a v\u00e1r a Per\u00e9nyiek kez\u00e9be.\u00a0<\/strong><br>\u2013 \u00c9rdekes dolog. P\u00e1l\u00f3czi Antal ugyan hagyott h\u00e1tra test\u00e1mentumot, \u00e1m a csata ut\u00e1n Per\u00e9nyi P\u00e9ter azzal rukkolt el\u0151, hogy miel\u0151tt a csat\u00e1ba mentek, megegyeztek P\u00e1l\u00f3czi Antallal, hogy ha egyik\u00fck odaveszne akkor a m\u00e1sikuk \u00f6r\u00f6kli az elhunyt vagyon\u00e1t. B\u00e1r ez az irat nem ker\u00fclt el\u0151, ennek alapj\u00e1n Per\u00e9nyi P\u00e9ter m\u00e9gis kisemmizte a P\u00e1l\u00f3czi rokons\u00e1got. Tegy\u00fck hozz\u00e1, hogy ebben szerepet j\u00e1tszott az, hogy hatalma, befoly\u00e1sa nagyon meger\u0151s\u00f6d\u00f6tt, hiszen id\u0151k\u00f6zben korona\u0151r lett. A P\u00e1l\u00f3cziak teljesen tehetetlennek voltak ellene.\u00a0<\/p>\n\n\n\n<p><strong>\u2013 Teh\u00e1t ett\u0151l az id\u0151t\u0151l kezdve besz\u00e9lhet\u00fcnk Per\u00e9nyi v\u00e1r\u00e1r\u00f3l. Az \u00faj tulajdonos hozott-e v\u00e1ltoz\u00e1st a v\u00e1r \u00e9s vid\u00e9ke szempontj\u00e1b\u00f3l?<\/strong><br>\u2013 Igen, Per\u00e9nyi nagyon nagy hat\u00e1ssal volt nem csak a v\u00e1r, de az akkori Magyarorsz\u00e1g t\u00f6rt\u00e9nelm\u00e9re is. A v\u00e1rral kapcsolatosan annyit tudunk, hogy a r\u00e9gi falakhoz hozz\u00e1\u00e9p\u00edttetett, \u00e9s az \u00e9p\u00edtkez\u00e9s k\u00f6zben m\u00e1r figyelembe vett\u00e9k a haditechnika fejl\u0151d\u00e9s\u00e9t is teh\u00e1t az \u00faj falak 1,8 m vastagok voltak, hogy az esetleges \u00e1gy\u00faz\u00e1snak is ellen\u00e1lljanak. Ami az orsz\u00e1g t\u00f6rt\u00e9nelm\u00e9t illeti, k\u00f6ztudott, hogy Per\u00e9nyi eg\u00e9sz \u00e9let\u00e9ben k\u00e9tkulcsos politik\u00e1t folytatott, hiszen a moh\u00e1csi csat\u00e1t k\u00f6vet\u0151en, korona\u0151rk\u00e9nt ott tartotta a koron\u00e1t Szapolyai J\u00e1nos koron\u00e1z\u00e1sakor \u00e9s nem sokkal k\u00e9s\u0151bb m\u00e1r Ferdin\u00e1nd mellett is elj\u00e1tszotta ugyanezt a szerepet. \u00c9n \u00fagy v\u00e9lem, hogy azzal, hogy elvitte a koron\u00e1t Ferdin\u00e1ndnak, d\u00f6nt\u0151 m\u00e9rt\u00e9kben befoly\u00e1solta a magyar t\u00f6rt\u00e9nelmet.\u00a0<\/p>\n\n\n\n<p><strong>\u2013 A v\u00e1r fel\u00faj\u00edt\u00e1s\u00e1t az \u00faj v\u00e1r\u00far saj\u00e1t p\u00e9nzb\u0151l fedezte?<\/strong><br>\u2013 Fennmaradtak levelei, t\u00f6bbek k\u00f6z\u00f6tt B\u00e1rtfa \u00e9s Kassa vezet\u0151s\u00e9g\u00e9nek c\u00edmzett leveleket eml\u00edten\u00e9m, amelyekben Per\u00e9nyi arra hivatkozva, hogy \u0151 korona\u0151r, mindenfajta seg\u00edts\u00e9get sz\u00edvesen fogad, teh\u00e1t nem csak p\u00e9nzt k\u00e9rt, de \u00e9p\u00edt\u0151anyagot \u00e9s munk\u00e1sokat is elv\u00e1rt a seg\u00edt\u0151k\u00e9sz v\u00e1rosokt\u00f3l. Az \u00e1sat\u00e1sok sor\u00e1n lassan meg is mutatkoznak az \u00fajabb falak \u00e9s az \u00fajabb \u00e9p\u00edtkez\u00e9si technol\u00f3gia nyomai, s\u0151t annak nyomait is felfedezt\u00fck, hogy id\u0151k\u00f6zben a v\u00e1rat valakik meg is rong\u00e1lt\u00e1k. Egyel\u0151re nem tal\u00e1ltunk \u00edr\u00e1sos anyagot azzal kapcsolatban, hogy mi t\u00f6rt\u00e9nhetett, de szemmel l\u00e1that\u00f3an m\u00e9g a cs\u00e1sz\u00e1ri lebont\u00e1si rendelet meghirdet\u00e9se \u00e9s \u00e9rv\u00e9nybel\u00e9ptet\u00e9se el\u0151tt is t\u00f6rt\u00e9nt a v\u00e1rban er\u0151szakos rombol\u00e1s, amelyet csak tess\u00e9k-l\u00e1ss\u00e9k m\u00f3don hoztak rendbe. Per\u00e9nyi er\u0151szakos birtokszerz\u00e9sei azzal j\u00e1rtak, hogy a moh\u00e1csi csat\u00e1ban elesett nemesek k\u00fari\u00e1it ak\u00e1r t\u00f6rv\u00e9nytelen m\u00f3don is megszerezte, \u00e1m nyilv\u00e1nval\u00f3, hogy a v\u00e9delm\u00fckre \u00e9s a meg\u0151rz\u00e9s\u00fckre, net\u00e1n \u00fajj\u00e1\u00e9p\u00edt\u00e9s\u00fckre nem volt sem p\u00e9nze, sem ideje, sem energi\u00e1ja. Elk\u00e9pzelhet\u0151, hogy ennek ok\u00e1n t\u00f6rt\u00e9ntek ezek a rombol\u00e1sok.<\/p>\n\n\n\n<p><strong>\u2013 A helyiek fant\u00e1zi\u00e1j\u00e1t nagyon izgatja, hogy hogyan is n\u00e9zhetett ki ez a v\u00e1r, ak\u00e1r a P\u00e1l\u00f3czi ak\u00e1r a Per\u00e9nyi korszakban. Lassan belet\u00f6r\u0151dt\u00fcnk abba, hogy a k\u00f6rnyez\u0151 \u00e9s el\u00e9rhet\u0151 lev\u00e9lt\u00e1rakban nem akadtunk ilyen \u00e1br\u00e1zol\u00e1s nyom\u00e1ra. Neked vajon siker\u00fclt-e?\u00a0<\/strong><br>\u2013 Nem, persze engem is nagyon \u00e9rdekelne. Azonban \u00fagy v\u00e9lem, hogy van egy nyom, amelyen el lehetne indulni, \u00e9spedig a Per\u00e9nyi \u00e1ltal foglalkoztatott k\u00e9t olasz \u00e9p\u00edt\u00e9sz. A s\u00e1rospataki v\u00e1r \u00e9p\u00edt\u00e9s\u00e9hez ugyanis Per\u00e9nyi Olaszorsz\u00e1gb\u00f3l hozatott \u00e9p\u00edt\u00e9szeket \u00e9s \u0151k nem csak a pataki v\u00e1r \u00e9p\u00edt\u00e9s\u00e9ben, de felt\u00e9telezhet\u0151en t\u00f6bb Per\u00e9nyi tulajdonban l\u00e9v\u0151 \u00e9p\u00edtm\u00e9ny fel\u00e9p\u00edt\u00e9s\u00e9n\u00e9l, rendbehozatal\u00e1n\u00e1l, \u00e1t\u00e9p\u00edt\u00e9s\u00e9n\u00e9l is munk\u00e1lkodtak. Teh\u00e1t elk\u00e9pzelhet\u0151, hogy valamely olaszorsz\u00e1gi lev\u00e9lt\u00e1rban nyom\u00e1ra akadhatunk azoknak a terveknek, amelyek alapj\u00e1n ezek az \u00e9p\u00edt\u00e9szek dolgoztak.\u00a0<\/p>\n\n\n\n<p><strong>\u2013 Mindenesetre a Csonkav\u00e1r \u2013 els\u0151sorban neked k\u00f6sz\u00f6nhet\u0151en \u2013 v\u00e9gre el\u00e1rul valamit m\u00faltj\u00e1r\u00f3l, de tal\u00e1n hely\u00e9nval\u00f3 lenne megeml\u00edteni azoknak a seg\u00edt\u0151knek a nev\u00e9t is akik melletted \u00e1llnak ebben a meger\u0151ltet\u0151 \u00e9s kitart\u00e1st k\u00f6vetel\u0151 munk\u00e1ban.<\/strong><br>\u2013 \u00cdgy van. A sok seg\u00edt\u0151 k\u00f6z\u00fcl megeml\u00edten\u00e9m Mgr. Tom\u00e1\u0161 Janura, PhD. (Historick\u00fd \u00fastav SAV) nev\u00e9t, aki a lev\u00e9lt\u00e1ri kutat\u00e1sban seg\u00edt, Mgr. Michal \u0160imkovicot, aki a falkutat\u00e1s ter\u00e9n ad tan\u00e1csokat, a M\u0171eml\u00e9kv\u00e9delmi hivatalb\u00f3l Mgr. Martin Prist\u00e1\u0161 a kassai Technikai egyetem\/m\u0171v\u00e9szeti kar\u00e1r\u00f3l pedig \u00c1rp\u00e1d Balogh seg\u00edti munk\u00e1nkat. Valamint eml\u00edt\u00e9st \u00e9rdemel m\u00e9g Murin\u010d\u00e1k Istv\u00e1n helyi t\u00e1mogat\u00f3 is.\u00a0<\/p>\n\n\n\n<p><strong>A Csonkav\u00e1r k\u00f6r\u00fcli munk\u00e1latok m\u00e9g \u00e9vekig eltartanak, \u00e1m az, hogy \u201evalami megmozdult\u201d, m\u00e1ris el\u00e9gedetts\u00e9ggel \u00e9s \u00e9rdekl\u0151d\u00e9ssel t\u00f6lti el nem csak a helyieket, de az idel\u00e1togat\u00f3kat is. P\u00e1r \u00e9v m\u00falva hangulatos boroz\u00f3, lapid\u00e1rium, idegenforgalmi iroda \u00e9s gy\u00f6ny\u00f6r\u0171 kil\u00e1t\u00e1st biztos\u00edt\u00f3 terasz v\u00e1rja a Csonkav\u00e1r \u00e9s a t\u00f6rt\u00e9nelem elk\u00f6telezettjeit.&nbsp;<\/strong><\/p>\n\n\n\n<p class=\"has-text-align-right\">\u00a0\u00a0 \u00a0 \u00a0 \u00a0 \u00a0 \u00a0 \u00a0 \u00a0 \u00a0 \u00a0 \u00a0 \u00a0 \u00a0 \u00a0 \u00a0 \u00a0 \u00a0 \u00a0 \u00a0 \u00a0 \u00a0 \u00a0 \u00a0 \u00a0 \u00a0 \u00a0 \u00a0 \u00a0 \u00a0 \u00a0 \u00a0 \u00a0 \u00a0 \u00a0 \u00a0 \u00a0 \u00a0 \u00a0 <em>Hogya Gy\u00f6rgy<\/em><\/p>\n","protected":false},"excerpt":{"rendered":"<p>K\u00f6ztudott, hogy G\u00e1rdonyi G\u00e9za az Egri csillagok \u00edr\u00e1sa k\u00f6zben t\u00f6bb munkac\u00edmet is elhaszn\u00e1lt, latolgatta a Gerg\u0151 di\u00e1kot, a T\u00f6r\u00f6k gy\u0171r\u0171t, a Hold \u00e9s csillagokat \u00e9s fontolgatta a Hol terem a magyar vit\u00e9z? c\u00edmet is, m\u00edg v\u00e9g\u00fcl a m\u00e1r ismert c\u00edmn\u00e9l &hellip; <a href=\"https:\/\/opus-folyoirat.sk\/?page_id=4208\">Egy kattint\u00e1s ide a folytat\u00e1shoz&#8230;. <span class=\"meta-nav\">&rarr;<\/span><\/a><\/p>\n","protected":false},"author":4,"featured_media":0,"parent":0,"menu_order":0,"comment_status":"closed","ping_status":"closed","template":"","meta":{"footnotes":""},"class_list":["post-4208","page","type-page","status-publish","hentry"],"_links":{"self":[{"href":"https:\/\/opus-folyoirat.sk\/index.php?rest_route=\/wp\/v2\/pages\/4208","targetHints":{"allow":["GET"]}}],"collection":[{"href":"https:\/\/opus-folyoirat.sk\/index.php?rest_route=\/wp\/v2\/pages"}],"about":[{"href":"https:\/\/opus-folyoirat.sk\/index.php?rest_route=\/wp\/v2\/types\/page"}],"author":[{"embeddable":true,"href":"https:\/\/opus-folyoirat.sk\/index.php?rest_route=\/wp\/v2\/users\/4"}],"replies":[{"embeddable":true,"href":"https:\/\/opus-folyoirat.sk\/index.php?rest_route=%2Fwp%2Fv2%2Fcomments&post=4208"}],"version-history":[{"count":2,"href":"https:\/\/opus-folyoirat.sk\/index.php?rest_route=\/wp\/v2\/pages\/4208\/revisions"}],"predecessor-version":[{"id":4211,"href":"https:\/\/opus-folyoirat.sk\/index.php?rest_route=\/wp\/v2\/pages\/4208\/revisions\/4211"}],"wp:attachment":[{"href":"https:\/\/opus-folyoirat.sk\/index.php?rest_route=%2Fwp%2Fv2%2Fmedia&parent=4208"}],"curies":[{"name":"wp","href":"https:\/\/api.w.org\/{rel}","templated":true}]}}