{"id":4213,"date":"2025-10-11T14:26:00","date_gmt":"2025-10-11T12:26:00","guid":{"rendered":"https:\/\/opus-folyoirat.sk\/?page_id=4213"},"modified":"2026-01-20T14:26:43","modified_gmt":"2026-01-20T12:26:43","slug":"kulcsar-ferenc-hetvenotodik-szuletesnapjara","status":"publish","type":"page","link":"https:\/\/opus-folyoirat.sk\/?page_id=4213","title":{"rendered":"Kulcs\u00e1r Ferenc hetven\u00f6t\u00f6dik sz\u00fclet\u00e9snapj\u00e1ra\u2026"},"content":{"rendered":"<div class=\"wp-block-post-date\"><time datetime=\"2025-10-11T14:26:00+02:00\">2025-10-11<\/time><\/div>\n\n\n<p>L\u00e1m, f\u00f6ldim, itt van a hetven\u00f6t\u00f6dik is!<br>M\u00edg \u00e9lt\u00e9l sem gyakran tal\u00e1lkoztunk \u2013 messze eresztett\u00e9l \u00faj gy\u00f6kereket \u2013, m\u00e9gis f\u00f6ldim vagy; a sz\u00fcl\u0151f\u00f6ld, az otthoni \u00f6r\u00f6ks\u00e9g nem enged\u2026. Var\u00e1zsereje van ennek a sz\u00f3nak. B\u00e1rhol, b\u00e1rmikor \u00f6sszefuthattunk, a k\u00e9zfog\u00e1st megel\u0151z\u0151 felki\u00e1lt\u00e1s \u2013 Szervusz f\u00f6ldi! \u2013 megremegtette az ember sz\u00edv\u00e9t. \u00d6sszetartoz\u00e1st jelentett, figyelmeztetett \u00e9s fegyelmezett. Figyelmeztetett, hogy honnan j\u00f6tt\u00e9l \u2013 ne felejtsd el sz\u0171kebb haz\u00e1dt\u00f3l mit kapt\u00e1l \u2013, ugyanakkor fegyelmezett \u00e9s k\u00f6telezett a megszerzett tud\u00e1sod hasznos\u00edt\u00e1s\u00e1ra.<br>Nem a d\u00edjaidat j\u00f6ttem felsorolni, m\u00e9ltatlan lenne hozz\u00e1d. Ezt hagyjuk meg azoknak, akik ahelyett, hogy \u00f6nmaguk t\u00f6k\u00e9letes\u00edt\u00e9s\u00e9re ford\u00edtan\u00e1k energi\u00e1jukat abban lelik boldogs\u00e1gukat, hogy eg\u00e9sz \u00e9let\u00fckben d\u00edjak ut\u00e1n epedeznek! Ebben is egyet\u00e9rtettem veled: <em>\u201eNincs szomor\u00fabb jelens\u00e9ge a szellem vil\u00e1g\u00e1nak, mint az, amikor olyan \u00bbversekkel\u00ab tal\u00e1lkozunk, amelyben nem az \u00e9let sz\u00e9ps\u00e9ge \u00e9s j\u00f3s\u00e1ga izzik, hanem \u2013 a \u00bbk\u00f6lt\u0151\u00ab hi\u00fas\u00e1ga!\u201d <\/em>E hetven\u00f6t\u00f6dik \u00e9vfordul\u00f3n sem a d\u00edjaid miatt eml\u00e9kezem\/eml\u00e9kez\u00fcnk r\u00e1d. Semper honos nomenque tuum laudasque manebunt, (Mindig megmarad a te tiszteleted, neved \u00e9s dics\u0151s\u00e9ged.)&nbsp;<\/p>\n\n\n\n<figure class=\"wp-block-image size-full\"><img loading=\"lazy\" decoding=\"async\" width=\"960\" height=\"640\" src=\"http:\/\/opus-folyoirat.sk\/wp-content\/uploads\/2018\/07\/KULCSAR-FERENC.jpg\" alt=\"\" class=\"wp-image-306\" srcset=\"https:\/\/opus-folyoirat.sk\/wp-content\/uploads\/2018\/07\/KULCSAR-FERENC.jpg 960w, https:\/\/opus-folyoirat.sk\/wp-content\/uploads\/2018\/07\/KULCSAR-FERENC-300x200.jpg 300w, https:\/\/opus-folyoirat.sk\/wp-content\/uploads\/2018\/07\/KULCSAR-FERENC-768x512.jpg 768w\" sizes=\"auto, (max-width: 960px) 100vw, 960px\" \/><\/figure>\n\n\n\n<p>Mi f\u00f6ldik, ha \u00f6sszej\u00f6tt\u00fcnk nem a d\u00edjakr\u00f3l besz\u00e9lt\u00fcnk, hanem \u201eerr\u0151l-arr\u00f3l\u201d. A term\u00e9sr\u0151l. Van-e el\u00e9g sz\u0151l\u0151 \u00e9s mennyi a must foka? Apr\u00f3, l\u00e1tsz\u00f3lag kicsinyes dolgokr\u00f3l, amelyeknek azonban m\u00e9lyebb \u00fczenet\u00fck volt\u2026 Szubtilis \u00e9s mark\u00e1ns \u201ek\u00f6t\u00e9seket\u201d, kapcsol\u00f3d\u00e1sokat jelentettek valamihez, amit sz\u0171kebb haz\u00e1nak nevez\u00fcnk, valakikhez, akiket f\u00f6ldijeinkek nevez\u00fcnk.<\/p>\n\n\n\n<p>Ugyanakkor \u2013 besz\u00e9lget\u00e9s k\u00f6zben \u2013 minden egyes szavad \u00e9s gondolatod az \u00e1gostoni gondolati s\u00edkok tal\u00e1lkoz\u00e1s\u00e1t t\u00fckr\u00f6zte azzal a logikai tisztas\u00e1ggal, amely a saj\u00e1tod volt. A hit \u00e9s a k\u00e9tely n\u00e1lad nem csak hogy megf\u00e9rt egym\u00e1ssal, de elengedhetetlen\u00fcl \u00f6sszetartoztak. Mert \u00edgy tartottad Eg\u00e9sznek. Ez a v\u00e1gyakoz\u00e1s \u00e1ts\u00fct\u00f6tt inden \u00edr\u00e1sodon minden megnyilv\u00e1nul\u00e1sodon, m\u00e9g akkor is ha ezt \u00edrtad: \u201e<em>Eg\u00e9sz nap nem \u00edrok. Ember szeretn\u00e9k lenni. Eg\u00e9sz: az, ami e h\u00e1rom mondat \u00e9rzelme.\u201d<\/em><\/p>\n\n\n\n<p>Pedig dehogyis nem \u00edrt\u00e1l!&nbsp;<\/p>\n\n\n\n<p>Az \u00e1gostoni szenth\u00e1roms\u00e1got \u2013 teljes sz\u00f3, teljes term\u00e9szet, teljes isten \u2013 nagyon kev\u00e9s m\u0171v\u00e9sz vette annyira komolyan, mint te kedves f\u00f6ldim! A sz\u00f3ban a term\u00e9szetben \u00e9s az istenben val\u00f3 hitet kevesen \u00e9lt\u00e9k meg olyan m\u00e9lyen, mint te. M\u00e9g kevesebben mer\u00fcltek el annyira m\u00e9lyen a l\u00e9t \u00e9rtelmezhetetlens\u00e9g\u00e9nek k\u00e9rd\u00e9s\u00e9ben, mint te, kevesen \u00e1lltak olyan tiszt\u00e1n a Gondvisel\u00e9s sz\u00edne az el\u0151tt, mint te\u2026<br>Elm\u00e9lked\u0151 \u00edr\u00e1saiddal azon apol\u00f3gi\u00e1k sor\u00e1t gazdag\u00edtottad, amelyeket \u201el\u00e9lekkel \u00edrtak a lelkeknek, \u00e9s sz\u00edvvel sz\u00edveknek\u201d.<\/p>\n\n\n\n<p>\u00c9s ezt is te \u00edrtad: <em>\u201eEgyetlen j\u00f3 \u00fat \u00e1ll el\u0151tt\u00fcnk: vissza kell szerezn\u00fcnk a Sz\u00f3, a Besz\u00e9d becs\u00fclet\u00e9t \u00e9s m\u00e9lt\u00f3s\u00e1g\u00e1t. A feladat roppant nagy, \u00e1m a t\u00e9t is legal\u00e1bb akkora. Tanul\u00e1s \u00e9s ima, t\u00e9r \u00e9s id\u0151, t\u00fcrelem \u00e9s kegyelem kell, hogy v\u00e9gbevihess\u00fck.\u201d<\/em>&nbsp;<\/p>\n\n\n\n<p>\u00c9leted, hitvall\u00e1sod, munk\u00e1ss\u00e1god tiszta \u00e9s p\u00e9ldaerej\u0171 volt, ugyanakkor szer\u00e9ny \u00e9s csendes, mint <em>\u201eegy gy\u0171r\u0171 koppan\u00e1sa a mosd\u00f3t\u00e1l feletti \u00fcvegpolcon.\u201d<br><\/em><\/p>\n","protected":false},"excerpt":{"rendered":"<p>L\u00e1m, f\u00f6ldim, itt van a hetven\u00f6t\u00f6dik is!M\u00edg \u00e9lt\u00e9l sem gyakran tal\u00e1lkoztunk \u2013 messze eresztett\u00e9l \u00faj gy\u00f6kereket \u2013, m\u00e9gis f\u00f6ldim vagy; a sz\u00fcl\u0151f\u00f6ld, az otthoni \u00f6r\u00f6ks\u00e9g nem enged\u2026. Var\u00e1zsereje van ennek a sz\u00f3nak. B\u00e1rhol, b\u00e1rmikor \u00f6sszefuthattunk, a k\u00e9zfog\u00e1st megel\u0151z\u0151 felki\u00e1lt\u00e1s \u2013 &hellip; <a href=\"https:\/\/opus-folyoirat.sk\/?page_id=4213\">Egy kattint\u00e1s ide a folytat\u00e1shoz&#8230;. <span class=\"meta-nav\">&rarr;<\/span><\/a><\/p>\n","protected":false},"author":4,"featured_media":0,"parent":0,"menu_order":0,"comment_status":"closed","ping_status":"closed","template":"","meta":{"footnotes":""},"class_list":["post-4213","page","type-page","status-publish","hentry"],"_links":{"self":[{"href":"https:\/\/opus-folyoirat.sk\/index.php?rest_route=\/wp\/v2\/pages\/4213","targetHints":{"allow":["GET"]}}],"collection":[{"href":"https:\/\/opus-folyoirat.sk\/index.php?rest_route=\/wp\/v2\/pages"}],"about":[{"href":"https:\/\/opus-folyoirat.sk\/index.php?rest_route=\/wp\/v2\/types\/page"}],"author":[{"embeddable":true,"href":"https:\/\/opus-folyoirat.sk\/index.php?rest_route=\/wp\/v2\/users\/4"}],"replies":[{"embeddable":true,"href":"https:\/\/opus-folyoirat.sk\/index.php?rest_route=%2Fwp%2Fv2%2Fcomments&post=4213"}],"version-history":[{"count":1,"href":"https:\/\/opus-folyoirat.sk\/index.php?rest_route=\/wp\/v2\/pages\/4213\/revisions"}],"predecessor-version":[{"id":4214,"href":"https:\/\/opus-folyoirat.sk\/index.php?rest_route=\/wp\/v2\/pages\/4213\/revisions\/4214"}],"wp:attachment":[{"href":"https:\/\/opus-folyoirat.sk\/index.php?rest_route=%2Fwp%2Fv2%2Fmedia&parent=4213"}],"curies":[{"name":"wp","href":"https:\/\/api.w.org\/{rel}","templated":true}]}}