{"id":4217,"date":"2025-10-18T14:50:00","date_gmt":"2025-10-18T12:50:00","guid":{"rendered":"https:\/\/opus-folyoirat.sk\/?page_id=4217"},"modified":"2026-01-20T14:51:47","modified_gmt":"2026-01-20T12:51:47","slug":"elnoki-adomany","status":"publish","type":"page","link":"https:\/\/opus-folyoirat.sk\/?page_id=4217","title":{"rendered":"Eln\u00f6ki adom\u00e1ny"},"content":{"rendered":"<div class=\"wp-block-post-date\"><time datetime=\"2025-10-18T14:50:00+02:00\">2025-10-18<\/time><\/div>\n\n\n<p>2020-ban volt kilencven \u00e9ve annak, hogy Tom\u00e1\u0161 G. Masaryk k\u00f6zt\u00e1rsas\u00e1gi eln\u00f6k szlovenszk\u00f3i k\u00f6r\u00fatja sor\u00e1n Losoncon bejelentette: egymilli\u00f3 koron\u00e1t adom\u00e1nyoz a Csehszlov\u00e1kiai Magyar Tudom\u00e1nyos, Irodalmi \u00e9s M\u0171v\u00e9szeti T\u00e1rsas\u00e1g l\u00e9trehoz\u00e1s\u00e1ra, amelyet r\u00f6viden csak Masaryk Akad\u00e9mi\u00e1nak neveztek. Ezt az egymilli\u00f3 koron\u00e1t az eln\u00f6k a nyolcvanadik sz\u00fclet\u00e9snapj\u00e1ra kapott h\u00faszmilli\u00f3s aj\u00e1nd\u00e9k\u00e1b\u00f3l aj\u00e1nlotta fel erre a nemes c\u00e9lra.<\/p>\n\n\n\n<p>A szlovenszk\u00f3i magyar \u00e9rtelmis\u00e9g nagy r\u00e9sze lelkesen dics\u00e9rte az eln\u00f6k\u00f6t.<\/p>\n\n\n\n<p>Akadt ugyan, aki eleinte fanyalgott, mint a kommunista F\u00e1bry Zolt\u00e1n: \u201eTekintettel arra, hogy a Masaryk Alap\u00edtv\u00e1ny tiszt\u00e1ra a polg\u00e1ri-kapitalista oszt\u00e1lykult\u00fara \u00fcgye, ahhoz semmi k\u00f6z\u00f6m.&#8221; \u00c1m p\u00e1r \u00e9vvel k\u00e9s\u0151bb (1950-ben) \u0151 maga is elismer\u0151en nyilatkozott err\u0151l a tettr\u0151l: \u201eIgazs\u00e1gtalanok voltunk, t\u00fcrelmetlenek \u00e9s kegyetlenek, mert Masaryk t\u00f6bb volt, mint somm\u00e1san a polg\u00e1ri kult\u00fara, \u00e9s m\u00e1s, mint az agr\u00e1rszocialist\u00e1k \u00e1ltal kisaj\u00e1t\u00edtott Masaryk Akad\u00e9mia \u00fcgye. Nagy igyekezet\u00fcnkben a f\u00fcrd\u0151v\u00edzzel egy\u00fctt ki\u00f6nt\u00f6tt\u00fck a gyereket: az elherd\u00e1lhatatlan \u00f6r\u00f6ks\u00e9get, a hum\u00e1numot.&#8221;<\/p>\n\n\n\n<p>Ugyancsak fanyalgott a Hlinka-f\u00e9le <em>Slov\u00e1k <\/em>c\u00edm\u0171 foly\u00f3irat \u00fajs\u00e1g\u00edr\u00f3ja, mondv\u00e1n: \u201eMasaryk eln\u00f6k a magyaroknak tudom\u00e1nyos \u00e9s m\u0171v\u00e9szeti akad\u00e9mi\u00e1t alap\u00edt, mely m\u00e9g a szlov\u00e1koknak sincs.&#8221;<\/p>\n\n\n\n<p>\u00c1m l\u00e9nyeg\u00e9ben, a magyar (\u00e9rtelmis\u00e9gi) t\u00f6bbs\u00e9g el\u00e9gedetten vette tudom\u00e1sul, hogy hatalmas lehet\u0151s\u00e9g ny\u00edlik a saj\u00e1t kultur\u00e1lis, tudom\u00e1nyos \u00e9s m\u0171v\u00e9szeti \u00e9let\u00fcnk beind\u00edt\u00e1s\u00e1ra, fejleszt\u00e9s\u00e9re, kibontakoztat\u00e1s\u00e1ra.<\/p>\n\n\n\n<p>A budapestiek k\u00f6z\u00fcl Babits Mih\u00e1ly, M\u00f3ricz Zsigmond, Kosztol\u00e1nyi Dezs\u0151, Koml\u00f3s Alad\u00e1r \u00e9s Moh\u00e1csi Jen\u0151 sz\u00f3laltak meg. K\u00f6z\u00fcl\u00fck M\u00f3ricz Zsigmond egyenesen fejedelmi aj\u00e1nd\u00e9knak nevezte Masaryk eln\u00f6k milli\u00f3j\u00e1t. S\u0151t a k\u00f6zt\u00e1rsas\u00e1gban tett l\u00e1togat\u00e1sa ut\u00e1n azt \u00edrta, hogy Csehszlov\u00e1ki\u00e1ban \u201e\u00fajarc\u00fa magyarokat tal\u00e1lt: szoci\u00e1lisan \u00e9s kult\u00far\u00e1ban eur\u00f3pai magyarokat\u201d.<\/p>\n\n\n\n<p>Koml\u00f3s Alad\u00e1r, a felvid\u00e9ki, losonci sz\u00e1rmaz\u00e1s\u00fa \u00edr\u00f3 \u00e9s kritikus pedig magyar k\u00f6nyvkiad\u00f3 megteremt\u00e9s\u00e9t \u00e9s egy sz\u00ednvonalas irodalmi foly\u00f3irat kiad\u00e1s\u00e1t javasolta.<\/p>\n\n\n\n<p>A Masaryk Akad\u00e9mia 1931-ben alakult meg hivatalosan.<\/p>\n\n\n\n<p>A k\u00f6zv\u00e9lem\u00e9nyt az els\u0151 csal\u00f3d\u00e1s akkor \u00e9rte, amikor a korm\u00e1ny a l\u00e9tes\u00edtend\u0151 int\u00e9zm\u00e9nyt az uralmon lev\u0151 k\u00e9t p\u00e1rt \u2013 a szoci\u00e1ldemokrat\u00e1k \u00e9s az agr\u00e1riusok \u2013 magyar exponenseinek a kez\u00e9re j\u00e1tszotta. A T\u00e1rsas\u00e1g vezet\u0151s\u00e9g\u00e9nek nagy r\u00e9sz\u00e9t a kinevez\u00e9si jog\u00e1val \u00e9l\u0151 korm\u00e1ny kipr\u00f3b\u00e1lt \u201eaktivist\u00e1kb\u00f3l\u201d (aktivist\u00e1knak nevezt\u00e9k a felt\u00e9tlen\u00fcl korm\u00e1nyh\u0171 magyar politikusokat \u00e9s \u00e9rtelmis\u00e9gieket) v\u00e1logatta ki, \u00e9s ezek k\u00f6zrem\u0171k\u00f6d\u00e9s\u00e9vel az egyes oszt\u00e1lyokat is ellept\u00e9k a \u201etud\u00f3sokk\u00e1 \u00e9s \u00edr\u00f3kk\u00e1 el\u0151l\u00e9ptetett\u201d korm\u00e1nyp\u00e1rti \u00fajs\u00e1g\u00edr\u00f3k. Ily m\u00f3don a T\u00e1rsas\u00e1gt\u00f3l nem lehetett gy\u00fcm\u00f6lcs\u00f6z\u0151 kultur\u00e1lis tev\u00e9kenys\u00e9get elv\u00e1rni. 1930-ban a szlovenszk\u00f3i magyars\u00e1g elitje k\u00fcl\u00f6nb\u00f6z\u0151 klikkekben t\u00f6m\u00f6r\u00fclt. Ha csak az \u00fajs\u00e1gokat, foly\u00f3iratokat n\u00e9zz\u00fck, akkor ott volt az<\/p>\n\n\n\n<p><em>\u00dat,<\/em> a kommunist\u00e1k lapja, maga m\u00f6g\u00f6tt tudva F\u00e1bry Zolt\u00e1nt, Forb\u00e1th Imr\u00e9t, Szil\u00e1gyi Andr\u00e1st, B\u00e1nyai P\u00e1lt, Balogh Edg\u00e1rt \u00e9s Horv\u00e1th Ferencet. A <em>Magyar \u00dajs\u00e1gba<\/em> Gy\u0151ry Dezs\u0151, Voz\u00e1ri Dezs\u0151, F\u00f6ldes S\u00e1ndor, Barta Lajos, Kacz\u00e9r Ill\u00e9s \u00edrt, a <em>Pr\u00e1gai Magyar H\u00edrlap<\/em> M\u00e9cs L\u00e1szl\u00f3, S\u00e1ndor Imre, Neubauer P\u00e1l, Szvatk\u00f3 P\u00e1l, Szombathy Viktor, Darvas J\u00e1nos, Pa\u00e1l Ferenc \u00edr\u00e1sait k\u00f6z\u00f6lte, \u00e9s ott volt m\u00e9g a Budapest-orient\u00e1lt <em>Magyar \u00cdr\u00e1s<\/em>, amely a kassai Kazinczy T\u00e1rsas\u00e1ggal tartott kapcsolatot \u00e9s amelybe Dark\u00f3 Istv\u00e1n, Sziklay Ferenc, R\u00e1cz P\u00e1l, Tichy K\u00e1lm\u00e1n \u00edrt. Vagy megeml\u00edthet\u0151 m\u00e9g a Toldy K\u00f6r \u00e1ltal t\u00e1mogatott <em>Magyar Minerva<\/em>, Jankovics Marcell, Tam\u00e1s Lajos, Klimits Lajos, Szeredai-Gruber K\u00e1roly, P\u00e1l Mikl\u00f3s, Erd\u0151h\u00e1zy Hug\u00f3 \u00edr\u00e1saival.<\/p>\n\n\n\n<p>A lista m\u00e9g t\u00e1volr\u00f3l sem teljes: lapjuk volt a nemzeti kisebbs\u00e9geknek, vagy ott volt p\u00e9ld\u00e1nak ok\u00e1\u00e9rt a pozsonyi <em>N\u00e9p\u00fajs\u00e1g<\/em> is. (Megjegyzem, 1930-ban a csehszlov\u00e1kiai magyarok l\u00e9tsz\u00e1ma j\u00f3val nagyobb volt, mint a k\u00e9s\u0151bbi \u00e9vekben.)<\/p>\n\n\n\n<p>Voltak teh\u00e1t \u00edr\u00f3ink, volt irodalmi \u00e9let\u00fcnk, s\u0151t az egymilli\u00f3s adom\u00e1ny \u00e1ltal lehet\u0151s\u00e9g ny\u00edlt arra is, hogy er\u0151s\u00edts\u00fck int\u00e9zm\u00e9nyes h\u00e1tter\u00fcnket, kritikai \u00e9let\u00fcnket.<\/p>\n\n\n\n<p>Ezer zsibbadt v\u00e1gyb\u00f3l m\u00e9rt nem lett v\u00e9g\u00fcl er\u0151s akarat?<\/p>\n\n\n\n<p>A kezdetekben m\u00e9g Masaryk is \u00e9rdekl\u0151d\u00f6tt az Akad\u00e9mia tev\u00e9kenys\u00e9ge fel\u0151l, annak els\u0151 l\u00e9p\u00e9seit az alap\u00edt\u00f3 eln\u00f6k figyelemmel k\u00eds\u00e9rte. D\u00e9rer iskola\u00fcgyi miniszter jelenl\u00e9t\u00e9ben 1933. febru\u00e1r 16-\u00e1n a pr\u00e1gai v\u00e1rban fogadta a T\u00e1rsas\u00e1g eln\u00f6ks\u00e9g\u00e9t, \u00e9s melegen \u00e9rdekl\u0151d\u00f6tt a magyar akad\u00e9mia tev\u00e9kenys\u00e9ge ir\u00e1nt: \u201e\u00c9rdekl\u0151d\u00e9ssel k\u00eds\u00e9rem az \u00f6n\u00f6k munk\u00e1j\u00e1t, \u00e9s \u00f6r\u00f6mmel v\u00e1rom, hogy ez a munka kultur\u00e1lis gyarapod\u00e1st fog jelenteni mind a k\u00f6zt\u00e1rsas\u00e1gbeli magyar n\u00e9p fejl\u0151d\u00e9s\u00e9ben, mind \u00e1llamunk halad\u00e1s\u00e1ban.\u201d<\/p>\n\n\n\n<p>\u00dagy l\u00e1tszik, m\u00e9gsem ismerte el\u00e9gg\u00e9 a magyarokat, mert a T\u00e1rsas\u00e1g, m\u0171k\u00f6d\u00e9se sor\u00e1n, sem a kisebbs\u00e9gi tudom\u00e1nyoss\u00e1g, sem az irodalmi \u00e9s m\u0171v\u00e9szeti \u00e9let ter\u00e9n nem mutatott fel \u00e9rdemleges eredm\u00e9nyeket. A k\u00e9t vil\u00e1gh\u00e1bor\u00fa k\u00f6z\u00f6tti korszak legnagyobb szlov\u00e1kiai magyar k\u00f6lt\u0151je, Gy\u0151ry Dezs\u0151, teljes joggal nevezi \u201eki nem haszn\u00e1lt lehet\u0151s\u00e9gek t\u00e1rh\u00e1z\u00e1nak\u201d a Masaryk Akad\u00e9mi\u00e1t.<\/p>\n\n\n\n<p>\u201eSajnos, az int\u00e9zm\u00e9ny irodalmi oszt\u00e1lya nem v\u00e1lt \u00f6sszefog\u00f3 \u00e9s politikai \u00e9rdekeken t\u00falmen\u0151 k\u00f6zpontt\u00e1, hanem a volt emigr\u00e1nsok maradv\u00e1nyainak vezet\u00e9se alatt a gutgesinnt \u00edr\u00f3k szinekur\u00e1j\u00e1v\u00e1 lett\u201d \u2013 \u00edrta 1935-ben Szvatk\u00f3 P\u00e1l.<\/p>\n\n\n\n<p>A T\u00e1rsas\u00e1g \u00e9let\u00e9re kedvez\u0151tlen\u00fcl hatott Masaryk lemond\u00e1sa az eln\u00f6ki tiszt\u00e9r\u0151l 1935. december 14-\u00e9n. A Masaryk-kultusz ugyan tov\u00e1bb \u00e9lt a T\u00e1rsas\u00e1g \u00e9let\u00e9ben, de ez \u00f6nmag\u00e1ban nem bizonyult el\u00e9gs\u00e9gesnek ahhoz, hogy a sz\u00e9kh\u00e1z falai k\u00f6z\u00f6tt kibontakozhasson a kisebbs\u00e9gi magyars\u00e1g tudom\u00e1nyos \u00e9lete. A Csehszlov\u00e1k K\u00f6zt\u00e1rsas\u00e1g els\u0151 eln\u00f6k\u00e9nek nagylelk\u0171 adom\u00e1nya csak lehet\u0151s\u00e9get ny\u00fajtott ehhez. Az Akad\u00e9mia m\u0171k\u00f6d\u00e9s\u00e9nek szer\u00e9ny eredm\u00e9nyei elt\u00f6rp\u00fclnek e lehet\u0151s\u00e9gek mellett, amelyekkel a vezet\u0151s\u00e9g kicsinyes politikai megosztotts\u00e1g \u00e9s szem\u00e9lyi torzsalkod\u00e1s miatt nem tudott \u00e9lni.<\/p>\n\n\n\n<p>\u00dcnnepelni kellene volt k\u00f6zt\u00e1rsas\u00e1gi eln\u00f6k\u00fcnk 1930-beli nemes tett\u00e9t, \u00e1m sajn\u00e1latos, hogy a kezdem\u00e9nyez\u00e9s \u00e9rtelmis\u00e9g\u00fcnk telhetetlens\u00e9g\u00e9be \u00e9s tehetetlens\u00e9g\u00e9be fulladt bele.<\/p>\n\n\n\n<p>Igen. Vannak szomor\u00fa lapokkal tele\u00edrt oldalai is a t\u00f6rt\u00e9nelm\u00fcnknek.<\/p>\n\n\n\n<p>Igaz, hogy ma m\u00e1r nem n\u00e9pszer\u0171ek Plat\u00f3n gondolatai, de felid\u00e9zni n\u00e9h\u00e1nyat nem \u00e1rthat. Adeimantoszok \u00e9s Glaukonok minden korban akadnak, mik\u00e9nt a nyitotts\u00e1g \u00e9s j\u00f3indulat sem vesztek ki. Nekik sz\u00f3l teh\u00e1t Plat\u00f3n, amikor id\u0151sekre b\u00edzn\u00e1 az orsz\u00e1g, egy k\u00f6z\u00f6ss\u00e9g vezet\u00e9s\u00e9t. Olyan emberekre, akiket a k\u00f6z\u00f6ss\u00e9g maga tett pr\u00f3b\u00e1ra; ellen\u00e1llnak-e b\u00e1rmif\u00e9le cs\u00e1b\u00edt\u00e1snak, s lelk\u00fck f\u00e9ny\u00e9t felfel\u00e9 ir\u00e1ny\u00edtva a j\u00f3t p\u00e9ldak\u00e9pp haszn\u00e1lj\u00e1k, s \u00e9let\u00fck h\u00e1tral\u00e9v\u0151 r\u00e9sz\u00e9ben az \u00e1llamot, polg\u00e1rt\u00e1rsaikat \u00e9s \u00f6nmagukat gondozz\u00e1k.<\/p>\n\n\n\n<p>Lehet, hogy idealist\u00e1nak t\u0171nnek ezek a gondolatok, de ha v\u00e9gign\u00e9zem az 1930-as \u00e9vek \u00e9rtelmis\u00e9g\u00e9nek list\u00e1j\u00e1t, el\u00e9gedetten kell meg\u00e1llap\u00edtanom, hogy nem kell sz\u00e9gyenkezn\u00fcnk.&nbsp;<\/p>\n\n\n\n<p>M\u00e9g egy apr\u00f3s\u00e1g: Plat\u00f3nnak m\u00e9g arra is kiterjedt a figyelme, amire mostan\u00e1ban is csak nehezen \u00e9s kevesek figyelnek: a n\u0151k is ugyanannyira jogosultak az \u00e1llam vezet\u00e9s\u00e9re, mint a f\u00e9rfiak.<\/p>\n\n\n\n<p class=\"has-text-align-right\"><em>Hogya Gy\u00f6rgy<\/em><\/p>\n","protected":false},"excerpt":{"rendered":"<p>2020-ban volt kilencven \u00e9ve annak, hogy Tom\u00e1\u0161 G. Masaryk k\u00f6zt\u00e1rsas\u00e1gi eln\u00f6k szlovenszk\u00f3i k\u00f6r\u00fatja sor\u00e1n Losoncon bejelentette: egymilli\u00f3 koron\u00e1t adom\u00e1nyoz a Csehszlov\u00e1kiai Magyar Tudom\u00e1nyos, Irodalmi \u00e9s M\u0171v\u00e9szeti T\u00e1rsas\u00e1g l\u00e9trehoz\u00e1s\u00e1ra, amelyet r\u00f6viden csak Masaryk Akad\u00e9mi\u00e1nak neveztek. Ezt az egymilli\u00f3 koron\u00e1t az eln\u00f6k &hellip; <a href=\"https:\/\/opus-folyoirat.sk\/?page_id=4217\">Egy kattint\u00e1s ide a folytat\u00e1shoz&#8230;. <span class=\"meta-nav\">&rarr;<\/span><\/a><\/p>\n","protected":false},"author":4,"featured_media":0,"parent":0,"menu_order":0,"comment_status":"closed","ping_status":"closed","template":"","meta":{"footnotes":""},"class_list":["post-4217","page","type-page","status-publish","hentry"],"_links":{"self":[{"href":"https:\/\/opus-folyoirat.sk\/index.php?rest_route=\/wp\/v2\/pages\/4217","targetHints":{"allow":["GET"]}}],"collection":[{"href":"https:\/\/opus-folyoirat.sk\/index.php?rest_route=\/wp\/v2\/pages"}],"about":[{"href":"https:\/\/opus-folyoirat.sk\/index.php?rest_route=\/wp\/v2\/types\/page"}],"author":[{"embeddable":true,"href":"https:\/\/opus-folyoirat.sk\/index.php?rest_route=\/wp\/v2\/users\/4"}],"replies":[{"embeddable":true,"href":"https:\/\/opus-folyoirat.sk\/index.php?rest_route=%2Fwp%2Fv2%2Fcomments&post=4217"}],"version-history":[{"count":1,"href":"https:\/\/opus-folyoirat.sk\/index.php?rest_route=\/wp\/v2\/pages\/4217\/revisions"}],"predecessor-version":[{"id":4218,"href":"https:\/\/opus-folyoirat.sk\/index.php?rest_route=\/wp\/v2\/pages\/4217\/revisions\/4218"}],"wp:attachment":[{"href":"https:\/\/opus-folyoirat.sk\/index.php?rest_route=%2Fwp%2Fv2%2Fmedia&parent=4217"}],"curies":[{"name":"wp","href":"https:\/\/api.w.org\/{rel}","templated":true}]}}