{"id":4253,"date":"2025-09-06T17:59:00","date_gmt":"2025-09-06T15:59:00","guid":{"rendered":"https:\/\/opus-folyoirat.sk\/?page_id=4253"},"modified":"2026-01-21T18:00:48","modified_gmt":"2026-01-21T16:00:48","slug":"aich-peter-konyvbemutatojan","status":"publish","type":"page","link":"https:\/\/opus-folyoirat.sk\/?page_id=4253","title":{"rendered":"Aich P\u00e9ter k\u00f6nyvbemutat\u00f3j\u00e1n"},"content":{"rendered":"<div class=\"wp-block-post-date\"><time datetime=\"2025-09-06T17:59:00+02:00\">2025-09-06<\/time><\/div>\n\n\n<p>I.<br>Aich P\u00e9ter: Haza (novella)<\/p>\n\n\n\n<p>Nem s\u00fct a nap. Igen, a nap.\u00a0<br>Az \u00e9gbolt sz\u00fcrke. Gyan\u00fas egyenruha.\u00a0<br>Unalmas, \u00f6sszeolvadt felh\u0151boltozat.\u00a0<br>Nem is felh\u0151k ezek, k\u00f6d, egykedv\u0171 k\u00f6d,\u00a0<br>cseppfoly\u00f3sul\u00f3 halotti lepel.<br>F\u00fajt a sz\u00e9l, \u00fagy \u00e9rezte. Furcsa<br>sz\u00e9l f\u00faj a sz\u00e9lcsendben. Olyan vacak.<br>\u00c9rezte, fesz\u00fclnek benne az inak.\u00a0<br>Pedig csak a jelsz\u00f3 volt.\u00a0<br>A visszhangtalan parancs. A mozdulat\u00a0<br>akarata. Mozdulni, haladni. Haza.<br>A meg\u00e1ll\u00f3 \u00fcres. Senki emberfia.<\/p>\n\n\n\n<p>&#8212;<\/p>\n\n\n\n<p>S\u0171r\u0171s\u00f6dik a k\u00f6d, csak a villamos rohan.\u00a0<br>Egy\u00fctt a F\u00f6lddel a Nap k\u00f6r\u00fcl.\u00a0<br>Mindig a Napot ker\u00fclgetj\u00fck. A meleg miatt.\u00a0<br>A f\u00e9ny miatt. Sosem \u00e9r\u00fcnk a Napba.\u00a0<br>Holott oda v\u00e1gy\u00f3dunk mindig. Meg\u00e9gn\u00e9nk.\u00a0<br>S nem lesz, aki helyett\u00fcnk \u00e1lmodik.\u00a0<br>Mert egyed\u00fcl vagyunk m\u00e9gis.\u00a0<\/p>\n\n\n\n<p>&#8212;<\/p>\n\n\n\n<p>Mindenki elindul egyszer. Ki tudja, merre.\u00a0<br>Valahol messze, az unalmas, egybeolvadt\u00a0<br>felh\u0151boltozat perem\u00e9n a meleget \u00e1h\u00edtva\u00a0<br>bandukolnak az \u00e1lmok. S a k\u00e9z. Hol van\u00a0<br>a meleg k\u00e9z? F\u00e1zik. Csukd \u00f6ssze kab\u00e1tod.<\/p>\n\n\n\n<p>II.<\/p>\n\n\n\n<p>Az im\u00e9nti p\u00e9ld\u00e1t k\u00e9t aprop\u00f3 szolg\u00e1ltatta sz\u00e1momra. K\u00e9t gondolat al\u00e1h\u00faz\u00e1sa. Az egyik annak \u00e9szrev\u00e9telez\u00e9se, hogy kort\u00e1rsaim \u00fajabb munk\u00e1it b\u00f6ng\u00e9szve felt\u0171nt valami: min\u00e9l ink\u00e1bb k\u00f6zelednek a hatodik, hat \u00e9s feledik \u00e9vtizedhat\u00e1rh\u00edd fel\u00e9, ann\u00e1l ink\u00e1bb szaporodnak az egyre vaskosabb \u00e9letm\u0171-\u00f6sszegz\u00e9sek, hat-nyolcsz\u00e1z, vagy ak\u00e1r ezervalah\u00e1nysz\u00e1z oldalra nyomtatva igyekeznek s\u00falyt adni l\u00edr\u00e1juknak. Komoly posztamensek ezek, de n\u00e9melyik\u00fck porcel\u00e1nnippek, vagy zongor\u00e1n pilled\u0151 mellszobrok al\u00e1 ill\u0151. Mert h\u00e1t k\u00e9zbe-\u00f6lbe venni, lapozgatni, valljuk be, macer\u00e1s \u00fcgy. T\u00e9nyleg nem k\u00edv\u00e1nom ezek tartalm\u00e1t is \u00e9rinteni, t\u00f6bbnyire nagyszer\u0171 l\u00edrai \u00e9letp\u00e1ly\u00e1k, remek teljes\u00edtm\u00e9nyek \u00e1llnak ezek m\u00f6g\u00f6tt, azt is elismerem, hogy gyakorta hi\u00e1nyp\u00f3tl\u00f3 \u00f6sszegz\u00e9sekhez jutunk eme kiad\u00f3i v\u00e1llalkoz\u00e1soknak k\u00f6sz\u00f6nhet\u0151en, de az (mondom mell\u00e9kmondatk\u00e9nt) olykor zavar, hogy m\u00e9g le sem \u00fclepedett egyik-m\u00e1sik vaskos k\u00f6tet kritikai \u00e9s olvas\u00f3i visszaigazol\u00e1sa, m\u00e1ris \u2013 m\u00e9g abban a negyed\u00e9vben \u2013 ott sorakozik mellett\u00fck a boltok polcain egy, vagy k\u00e9t \u00faj k\u00f6tete a szerz\u0151nek. Magam szerz\u0151k\u00e9nt \u00e9s a kiad\u00f3i-p\u00e1ly\u00e1zati &#8211; olykor kaotikus, olykor hektikus &#8211; gyakorlatot ismer\u0151 szerkeszt\u0151k\u00e9nt is \u00e9rteni v\u00e9lem e siets\u00e9g ok\u00e1t, m\u00e9gis azt mondom: tal\u00e1n nem \u00e1rtana nagyobb t\u00fcrelmet \u00e9s \u00f6nm\u00e9rs\u00e9kletet gyakorolni az olvas\u00f3 ideje \u00e9s p\u00e9nzt\u00e1rc\u00e1ja ir\u00e1nt. A tervezettn\u00e9l t\u00f6bbet mondtam itt err\u0151l, egyik mondat sz\u00fclte a m\u00e1sikat, t\u00e9nyleg nem a gyakorlat egyes darabjainak tartalm\u00e1t b\u00edr\u00e1lom most, hanem ink\u00e1bb arra utaln\u00e9k: a kevesebb n\u00e9ha sokkal t\u00f6bbet mond. \u00c9s m\u00e9g t\u00f6bbet \u00e9r.<\/p>\n\n\n\n<p>S ezzel kanyarodn\u00e9k r\u00e1 (de nem azonnal\u2026) a m\u00e1sik gondolatra, mert hogy kett\u0151t eml\u00edtettem. Nos, ez az im\u00e9nti ellenp\u00e9ld\u00e1ja: manifeszt\u00e1l\u00f3dva itt hever el\u0151tt\u00fcnk, az asztalon. Aich P\u00e9ter kecses, karcs\u00fa, p\u00e1r \u00edvnyi, eleg\u00e1ns k\u00f6tete, benne s \u00e1ltala \u00e1t\u00f6lelve majd minden abb\u00f3l, amit az emberis\u00e9g n\u00e9h\u00e1ny t\u00edzezer \u00e9vnyi t\u0171n\u0151d\u00e9s, vil\u00e1g\u00e9rtelmez\u00e9s, b\u00f6lcsess\u00e9gszerz\u00e9s \u00fatj\u00e1n f\u00f6lhalmozni igyekezett. A k\u00f6tet ciklusai, ahogyan ezt annak ut\u00f3szav\u00e1ban is \u00edrtam,&nbsp; \u201ep\u00e1ratlan \u00e9lm\u00e9nyt k\u00edn\u00e1l\u00f3, gondolat-gazdag, empirikus l\u00e9tk\u00f6lt\u00e9szet s\u00faly\u00e1t hordozz\u00e1k\u201d. Teszi ezt \u00fagy, hogy \u201eH\u00e1rom ciklusba rendezv\u00e9n \u0151ket fokozatosan \u00e9p\u00edti f\u00f6l az egy\u00e9ni-k\u00f6z\u00f6ss\u00e9gi-metafizikai tripartitum \u00e1ltala megk\u00e9pzett saj\u00e1tos \u00f6sszegz\u00e9s\u00e9t.\u201d Mivel nem szeretn\u00e9m magam ism\u00e9telni, utaln\u00e9k ism\u00e9t a k\u00f6tethez f\u0171z\u00f6tt szerkeszt\u0151i ut\u00f3sz\u00f3 tartalm\u00e1ra, ha most elkezden\u00e9m kibontani a k\u00f6tet tartalmi r\u00e9szeit, \u00e9rt\u00e9keit, tematikus fel\u00e9p\u00edt\u00e9s\u00e9t, f\u00e9l\u0151, hogy t\u00fal hosszan besz\u00e9ln\u00e9k, hiszen \u2013 eml\u00edtettem \u2013 a k\u00f6tet egyszerre sz\u00f3l egyetlen ember\u00f6lt\u0151r\u0151l, a szerz\u0151 \u00e9letepiz\u00f3djainak felvillan\u00e1sair\u00f3l, s ugyanakkor egy sorsk\u00f6z\u00f6ss\u00e9g, s\u0151t, egy emberi civiliz\u00e1ci\u00f3 kollekt\u00edv eml\u00e9kezet\u00e9r\u0151l is. Aforisztikus \u00e9rtelmez\u00e9s \u00fatj\u00e1n, \u00e1m ezt is k\u00e9retik a klasszikus b\u00f6lcseletekhez m\u00e9rni, Az \u00fat \u00e9s er\u00e9ny k\u00f6nyv\u00e9t\u0151l a teljess\u00e9g k\u00f6nyv\u00e9ig rajzolt \u00edv ment\u00e9n, \u00e1m m\u00e9g sz\u00e1mos hasonl\u00f3 alkot\u00f3t eml\u00edthetn\u00e9k azok k\u00f6z\u00fcl, akik e k\u00e9t pill\u00e9r k\u00f6z\u00e9 fesz\u00edtett k\u00f6t\u00e9len s\u00e9t\u00e1lnak, lehunyt szemmel, magabiztosan.<\/p>\n\n\n\n<p>Van viszont ezen t\u00fal valami, amit felt\u00e9tlen\u00fcl el szeretn\u00e9k mondani Aich P\u00e9terr\u0151l, nem eg\u00e9szen mai t\u00e1rgyunkban, de ak\u00e1r ennek p\u00e1rhuzamak\u00e9nt is. Nos, f\u00f6l\u00f6sleges id\u0151h\u00faz\u00e1s lenne, f\u0151leg ebben a k\u00f6rben, ha r\u00e9szletesen t\u00e9rn\u00e9k ki a hozz\u00e1 f\u0171z\u0151d\u0151 egyik legend\u00e1hoz \u2013 hogy sok \u00e9vvel ezel\u0151tt m\u00e9lyen megs\u00e9rtve \u00e9s megb\u00e1ntva (mondj\u00e1k, \u00edrj\u00e1k le ezt r\u00f3la oly sokan) visszavonult az irodalom m\u0171vel\u00e9s\u00e9t\u0151l, majd \u00e9vtizedekkel k\u00e9s\u0151bb visszat\u00e9rt, de imm\u00e1r pr\u00f3za\u00edr\u00f3k\u00e9nt, novell\u00e1k \u00e9s reg\u00e9nyek szerz\u0151jek\u00e9nt. Nos, ill\u0151 tisztelettel szeretn\u00e9k err\u0151l p\u00e1r sz\u00f3t mondani. Ugyanis t\u00e1madt egy gyan\u00fam \u2013 ezen \u00e1lca m\u00f6g\u00f6tt Aich, hogy is mondjam, imposztorkodik. Persze, nehezen \u00edrom le ezt a sz\u00f3t, nem is eg\u00e9szen helyt\u00e1ll\u00f3, ha annak szoros \u00e9rtelmez\u00e9s\u00e9re gondolok, imposztor az, \u201eaki megt\u00e9veszti t\u00e1rsait az\u00e1ltal, hogy valaki m\u00e1snak tetteti mag\u00e1t, vagy olyan k\u00e9pzetts\u00e9g \u00e9s tud\u00e1s megl\u00e9t\u00e9r\u0151l biztos\u00edt, aminek nincs birtok\u00e1ban\u201d, olvashatjuk, de h\u00e1t err\u0151l itt sz\u00f3 sincs. Ink\u00e1bb amolyan Ludas Matyis imposztorkod\u00e1sra tess\u00e9k r\u00e1v\u00e9lni, aki orvosdoktort\u00f3l talj\u00e1n \u00e9p\u00edt\u00e9szig mindent is megtett, hittek is \u00e1lruh\u00e1j\u00e1nak, nos, \u00e9n ez ut\u00f3bbira gondolva jelentem most ki: Aich, mint pr\u00f3za\u00edr\u00f3, imposztorkodik. Kedvesen, de szigor\u00faan.&nbsp;<\/p>\n\n\n\n<p>Mert sz\u00e1momra a legkedvesebb pr\u00f3zai m\u0171fajt m\u0171veli, lehet, ez\u00e9rt t\u0171n\u00f6k itt most elfogultnak, s ez a l\u00edr\u00e1val \u00e1tsz\u0151tt, a verstani elemekkel oper\u00e1l\u00f3 t\u00f6rt\u00e9netmes\u00e9l\u00e9s, metafor\u00e1kban, po\u00e9tikus hasonlatokban gazdag, m\u00e9gis a t\u00f6rt\u00e9net narrat\u00edv\u00e1j\u00e1hoz ill\u0151, annak dramaturgi\u00e1j\u00e1t nem zavar\u00f3 m\u00f3don \u00e9p\u00fcl\u0151 pr\u00f3za\u00edr\u00f3i \u00e9letm\u0171szakasz val\u00f3j\u00e1ban a k\u00f6lt\u0151 jelenl\u00e9t\u00e9re vall. Aki \u00fagy ment el, hogy maradt, egy ideig az alkot\u00f3 bels\u0151-szellemi tartom\u00e1nyaiban rejt\u0151zk\u00f6dve, majd megjelent, helyet k\u00f6vetelve, a pr\u00f3za textusaiban.<\/p>\n\n\n\n<p>P\u00e9lda erre az els\u0151 pillanatokban \u00e1ltalam felolvasott vers, akaratlan szerz\u0151je Aich P\u00e9ter, hiszen a verset \u00e9n imposztorkadtam \u00f6ssze az \u0151 b\u0151r\u00e9be b\u00fajva, mert az a vers val\u00f3j\u00e1ban egy Aich-novella \u2013 a c\u00edme&nbsp; Haza, megjelent az Agria foly\u00f3iratban, 2010-ben &#8211; kiemelt sorainak egym\u00e1s mell\u00e9 \u00e1ll\u00edt\u00e1sa k\u00f6zben rajzol\u00f3dott ki. Most \u00fagy t\u0171nhet, hogy ar\u00e1nytalanul sok id\u0151t vesztegettem el eme v\u00e9g\u00fcl is j\u00e1t\u00e9kra. Nem annak sz\u00e1ntam. Ink\u00e1bb al\u00e1h\u00faz\u00e1s\u00e1ra, kiemel\u00e9s\u00e9re a most bemutatott k\u00f6tet l\u00e9nyeg\u00e9nek: egy olyan szerz\u0151 versei ezek, aki a k\u00f6lt\u00e9szettel napi szinten \u00e9l egy\u00fctt, aki egy nagyon t\u00f6m\u00f6r gondolat mondatsz\u0151ttes\u00e9be \u00e9vezredek b\u00f6lcsess\u00e9g\u00e9t k\u00e9pes belerejteni; aki, ha kell, nyolcvan-kilencven oldalas t\u00f6rt\u00e9netbe rejti el k\u00f6lt\u0151i szign\u00f3j\u00e1t, majd m\u00e1skor n\u00e9h\u00e1ny soros versekbe \u00e1gyazza mag\u00e1n- \u00e9s k\u00f6z\u00f6ss\u00e9gi sorskr\u00f3nik\u00e1j\u00e1nak t\u00f6bbezer \u00e9ves foglalat\u00e1t. \u00cdgy vegy\u00e9k a kez\u00fckbe, r\u00f6gvest. Olvas\u00e1s ut\u00e1n pedig helyezz\u00e9k a nippek, vagy mellszobrok hely\u00e9re \u2013 megfelel\u0151, al\u00e1val\u00f3 j\u00f3 vastag posztamensben b\u0151velkednek a k\u00f6nyvesboltok. K\u00f6sz\u00f6n\u00f6m, hogy meghallgattak.<\/p>\n\n\n\n<p><\/p>\n\n\n\n<p class=\"has-text-align-right\"><em>Tam\u00e1si Orosz J\u00e1nos<\/em><\/p>\n","protected":false},"excerpt":{"rendered":"<p>I.Aich P\u00e9ter: Haza (novella) Nem s\u00fct a nap. Igen, a nap.\u00a0Az \u00e9gbolt sz\u00fcrke. Gyan\u00fas egyenruha.\u00a0Unalmas, \u00f6sszeolvadt felh\u0151boltozat.\u00a0Nem is felh\u0151k ezek, k\u00f6d, egykedv\u0171 k\u00f6d,\u00a0cseppfoly\u00f3sul\u00f3 halotti lepel.F\u00fajt a sz\u00e9l, \u00fagy \u00e9rezte. Furcsasz\u00e9l f\u00faj a sz\u00e9lcsendben. Olyan vacak.\u00c9rezte, fesz\u00fclnek benne az inak.\u00a0Pedig csak &hellip; <a href=\"https:\/\/opus-folyoirat.sk\/?page_id=4253\">Egy kattint\u00e1s ide a folytat\u00e1shoz&#8230;. <span class=\"meta-nav\">&rarr;<\/span><\/a><\/p>\n","protected":false},"author":4,"featured_media":0,"parent":0,"menu_order":0,"comment_status":"closed","ping_status":"closed","template":"","meta":{"footnotes":""},"class_list":["post-4253","page","type-page","status-publish","hentry"],"_links":{"self":[{"href":"https:\/\/opus-folyoirat.sk\/index.php?rest_route=\/wp\/v2\/pages\/4253","targetHints":{"allow":["GET"]}}],"collection":[{"href":"https:\/\/opus-folyoirat.sk\/index.php?rest_route=\/wp\/v2\/pages"}],"about":[{"href":"https:\/\/opus-folyoirat.sk\/index.php?rest_route=\/wp\/v2\/types\/page"}],"author":[{"embeddable":true,"href":"https:\/\/opus-folyoirat.sk\/index.php?rest_route=\/wp\/v2\/users\/4"}],"replies":[{"embeddable":true,"href":"https:\/\/opus-folyoirat.sk\/index.php?rest_route=%2Fwp%2Fv2%2Fcomments&post=4253"}],"version-history":[{"count":1,"href":"https:\/\/opus-folyoirat.sk\/index.php?rest_route=\/wp\/v2\/pages\/4253\/revisions"}],"predecessor-version":[{"id":4254,"href":"https:\/\/opus-folyoirat.sk\/index.php?rest_route=\/wp\/v2\/pages\/4253\/revisions\/4254"}],"wp:attachment":[{"href":"https:\/\/opus-folyoirat.sk\/index.php?rest_route=%2Fwp%2Fv2%2Fmedia&parent=4253"}],"curies":[{"name":"wp","href":"https:\/\/api.w.org\/{rel}","templated":true}]}}