{"id":4265,"date":"2025-10-30T18:00:00","date_gmt":"2025-10-30T16:00:00","guid":{"rendered":"https:\/\/opus-folyoirat.sk\/?page_id=4265"},"modified":"2026-01-21T18:17:19","modified_gmt":"2026-01-21T16:17:19","slug":"a-kenyelmetlen-esterhazy","status":"publish","type":"page","link":"https:\/\/opus-folyoirat.sk\/?page_id=4265","title":{"rendered":"A k\u00e9nyelmetlen Esterh\u00e1zy"},"content":{"rendered":"<div class=\"wp-block-post-date\"><time datetime=\"2025-10-30T18:00:00+02:00\">2025-10-30<\/time><\/div>\n\n\n<p>K\u00e9nyelmetlen darab \u00c9bert Tibor\u00e9: az Esterh\u00e1zy. Legal\u00e1bb annyira az, mint amennyire k\u00e9nyelmetlen volt (?) Esterh\u00e1zy J\u00e1nos jelenl\u00e9te a t\u00f6rt\u00e9nelem sz\u00ednpad\u00e1n. Egy k\u00fcl\u00f6n\u00f6s magyar arisztokrata, aki kisebbs\u00e9gi politikusk\u00e9nt sz\u00e1llt szembe mindenfajta diktat\u00far\u00e1val: Hitler\u00e9vel, Bene\u0161\u00e9vel, Szt\u00e1lin\u00e9val; a t\u00f6bbs\u00e9gi er\u0151 embertelen fitogtat\u00e1s\u00e1val. Amely, ha filoz\u00f3fiai s\u00edkokhoz k\u00f6zel\u00edt\u00fcnk a k\u00e9rd\u00e9s felvet\u00e9s\u00e9vel, egy\u00e9rtelm\u0171en t\u00f6bbs\u00e9gi f\u00e9lelem \u00e9s gyenges\u00e9g: hiszen n\u00e9pek leig\u00e1z\u00e1s\u00e1ra, kitelep\u00edt\u00e9s\u00e9re, kiirt\u00e1s\u00e1ra, de ak\u00e1rcsak egyp\u00e1rtrendszerre, monolitikus hatalomgyakorl\u00e1sra, tankdiplom\u00e1ci\u00e1ra csak m\u00faland\u00f3 hatalmak v\u00e1llalkoznak. Akik nagyonis tiszt\u00e1ban vannak e m\u00faland\u00f3s\u00e1ggal; fiaikat \u00e9s unok\u00e1ikat \u2013 a d\u00f6rzs\u00f6ltebbje! \u2013 tal\u00e1n \u00e9pp ez\u00e9rt neveli a \u201emegtagadva meg\u0151rizni\u201d politik\u00e1j\u00e1nak elsaj\u00e1t\u00edt\u00e1s\u00e1ra&#8230;<\/p>\n\n\n\n<p>Mondom: k\u00e9nyelmetlen darab \u00c9bert Tibor egyfelvon\u00e1sosa. \u00c9pp \u00fagy, ahogyan az az \u00edr\u00f3 teljes (eddig megismert! s a megjelent m\u0171vek gyarap\u00edt\u00e1s\u00e1ra tal\u00e1n j\u00f3 alkalom lehetne az \u00edr\u00f3 idei hetvenedik sz\u00fclet\u00e9snapj\u00e1nak k\u00f6sz\u00f6nt\u00e9se!!) \u00e9letm\u0171ve; hiszen valami nagyon fontosr\u00f3l sohasem feledkezett meg: \u00e9spedig arr\u00f3l, hogy a nyelv hagyom\u00e1nyai \u00e9s szab\u00e1lyai, a szavak anonimm\u00e9 fokozott hangalakja mindig m\u00e1sodlagos \u00e9rt\u00e9k\u0171 a tartalom, a gondolat kifejez\u00e9s\u00e9vel szemben. Mert ha csup\u00e1n a szavak test\u00e9vel j\u00e1tszadozunk, akkor mintha az utcasarki l\u00e1nyok vagy orfeumi t\u00e1ncosn\u0151k ny\u00fajtotta felsz\u00ednes, \u00f6nc\u00e9l\u00fa gy\u00f6ny\u00f6r\u00f6kbe mer\u00fcln\u00e9nk; nem juthatunk \u00e1t, Orfeuszk\u00e9nt, e sz\u00f3alvil\u00e1gi labirintuson. \u00c9bert st\u00edlusa, \u00edr\u00f3i oeuvre\u2013je t\u00f6bbnyire a posztmodern t\u00e1g kereteibe volt sorolhat\u00f3; ugyanakkor mindig is kil\u00f3gott abb\u00f3l az \u00e1ll\u00e1sfoglal\u00e1sok k\u0151kem\u00e9ny, szigor\u00fa, ny\u00edlt kimond\u00e1s\u00e1val. \u00c1ll ez ak\u00e1r az \u201eautomatikus avantgarde\u2013ig\u201d elmen\u0151 verssz\u00f6veg\u2013alkot\u00e1s\u00e1ra is. Relev\u00e1ns bizony\u00edt\u00e9k erre a Diktat\u00fara c\u00edm\u0171 sz\u00f6veg, amelyben csak ez a sz\u00f3 pulz\u00e1l, dobban, l\u00fcktet; kiterjeszkedik vagy \u00f6nmag\u00e1ba fordul, sz\u00f3tagjaira hull vagy transzparenss\u00e9 fesz\u00fcl; mik\u00f6zben a monotonnak t\u0171n\u0151 sz\u00f6vegb\u0151l egyre jobban bel\u00e9nk k\u00faszik a f\u00e9lelem, egyre ink\u00e1bb re\u00e1nk hurkol\u00f3dik a kiszolg\u00e1ltatotts\u00e1g p\u00e1nyv\u00e1ja. Hat\u00e1sa \u00edgy er\u0151teljesebb sok \u201es\u00fcltrealista\u201d m\u0171n\u00e9l is. De \u00e1ll ez \u00e9lm\u00e9nyasszoci\u00e1ci\u00f3kb\u00f3l \u00e9p\u00fcl\u0151 novell\u00e1ira, avagy koll\u00e1zstechnik\u00e1val k\u00e9sz\u00fclt, \u00f6n\u00e9letrajzi ihlet\u00e9s\u0171 reg\u00e9nyfolyam\u00e1ra. Amelyr\u0151l n\u00e9h\u00e1nyan azt mondt\u00e1k: nem szerves eg\u00e9ssz\u00e9 \u00f6ssze\u00e1ll\u00f3 jelenetek, epiz\u00f3dok csup\u00e1n. Ami persze nem igaz: hiszen nem felt\u00e9tlen\u00fcl a cselekm\u00e9ny az, ami \u00f6sszek\u00f6thet teret \u00e9s id\u0151t; de ha igaz is lenne: h\u00e1t nem \u00e9ppen az a k\u00fcl\u00f6n\u00f6s reg\u00e9nyess\u00e9g jellemzi a trianoni magyars\u00e1g t\u00f6rt\u00e9netis\u00e9g\u00e9t, hogy \u00e9lete foszl\u00e1nyokk\u00e1 fakad, epiz\u00f3dokk\u00e1 hull, l\u00e9tkatedr\u00e1lisa folytonos t\u00f6rmel\u00e9khalmaz csup\u00e1n, amelyben K\u0151m\u00edves Kelemenk\u00e9nt k\u00fczd a falak\u00e9rt \u2013 megannyi testv\u00e9rv\u00e9rt \u00e9s k\u00f6nnyet keverve annak habarcs\u00e1ba!?<\/p>\n\n\n\n<p>Esterh\u00e1zy J\u00e1nos\u00e9t p\u00e9ld\u00e1ul. Aki magyar arisztokratak\u00e9nt egymaga tiltakozott a szlov\u00e1k parlamentben a zsid\u00f3t\u00f6rv\u00e9nyek ellen; amikor kellett, ugyanazt tette, amit Budapesten a sv\u00e9d Wallenberg, vagy amit Krakk\u00f3ban a m\u00e1ra hollywoodi h\u0151ss\u00e9 avanzs\u00e1lt n\u00e9met&nbsp; Schindler \u2013 de a magyar Esterh\u00e1zy J\u00e1nosr\u00f3l mindm\u00e1ig vonakodva, k\u00e9nyszeredetten besz\u00e9l a szlov\u00e1k (\u00e9s a magyar!) ut\u00f3kor. Tettei kev\u00e9snek \u2013 vagy \u00e9ppen elegend\u0151nek! \u2013 bizonyultak ahhoz, hogy ne ker\u00fclje el a moszkvai Ljubjanka h\u00edrhedt cell\u00e1it; az \u00f3lomb\u00e1ny\u00e1t; de \u00e9lt m\u00e9g ott is, eg\u00e9szen 1956 tavasz\u00e1ig. Vajon h\u00edr\u00e9t vette\u2013e annak, hogy a legy\u0151z\u00f6tt fasizmus romjain egy m\u00e9goly alattomos \u00e9s kegyetlen diktat\u00fara \u00e9p\u00fcl!? Amelyben nincs sz\u00fcks\u00e9g arisztokrat\u00e1kra, nincs sz\u00fcks\u00e9g polg\u00e1rokra, \u00e9s nincs sz\u00fcks\u00e9g \u00f6nrendelkez\u0151 nemzeti kisebbs\u00e9gekre sem, hiszen az internacionalizmus b\u0171vk\u00f6r\u00e9ben a kis orsz\u00e1gok \u00f6nrendelkez\u00e9se is l\u00e1tsz\u00f3lagos csup\u00e1n.<\/p>\n\n\n\n<p>K\u00e9nyelmetlen darabot \u00edrt \u00c9bert Tibor. Tal\u00e1n ez\u00e9rt bukd\u00e1csolt annyit a m\u0171 megismertet\u00e9se. Ugyan m\u0171sorra t\u0171zte a kom\u00e1romi sz\u00ednh\u00e1z; (pardon: kom\u00e1rnoi&#8230;); 1993\u2013ban h\u00e1rom d\u00edjat nyert vele a t\u00e1rsulat Kisv\u00e1rd\u00e1n, a Hat\u00e1ron T\u00fali Magyar Sz\u00ednh\u00e1zak Fesztiv\u00e1lj\u00e1n; az \u00fcnnepl\u00e9s m\u00e1mor\u00e1ban f\u0151v\u00e1rosi bemutat\u00f3t \u00edg\u00e9rt a szerz\u0151nek egy jeles sz\u00ednh\u00e1zi direktor, mindm\u00e1ig bev\u00e1ltatlanul; de a Kisv\u00e1rd\u00e1n k\u00e9sz\u00fclt t\u00e9v\u00e9felv\u00e9telt is csak most, 1996 \u00e1prilis\u00e1ban mutatta be a telev\u00edzi\u00f3, a huszadik\u00e1r\u00f3l huszonegyedik\u00e9re virrad\u00f3 \u00e9jszak\u00e1n. Az id\u0151pont kiv\u00e1laszt\u00e1sa egyszerre k\u00e9nyelmes, bizarr, \u00e9s telital\u00e1lat.<\/p>\n\n\n\n<p>K\u00e9nyelmes, mert hiszen min\u00e9l kevesebbre sz\u0171k\u00edtj\u00fck le a lehets\u00e9ges n\u00e9z\u0151k sz\u00e1m\u00e1t, ann\u00e1l biztosabban v\u00e9dhet\u0151 ki a darab okozta k\u00e9nyelmetlens\u00e9gek visszah\u00e1rul\u00e1sa. Bizarr, hiszen ez a legenyh\u00e9bb jelz\u0151 arra, hogy a hitlerizmus ellen tettekkel is k\u00fczd\u0151 Esterh\u00e1zy \u00e9pp Hitler sz\u00fclet\u00e9snapj\u00e1n k\u00eds\u00e9rtsen a k\u00e9perny\u0151n. \u00c9s telital\u00e1lat, ha puszt\u00e1n a darabb\u00f3l indulunk ki: hiszen mikor jelenjenek meg a szellemek, ha nem a k\u00eds\u00e9rtetek \u00f3r\u00e1j\u00e1ban&#8230;?<\/p>\n\n\n\n<p>Mert ez a darab cselekm\u00e9ny\u00e9nek k\u00f6z\u00e9ppontja is. Egy sz\u00edndarab pr\u00f3b\u00e1j\u00e1ra k\u00e9sz\u00fcl\u0151d\u0151 sz\u00edn\u00e9szt l\u00e1tunk az els\u0151 pillanatokban, halljuk a Hamlet sorait, amolyan j\u00e1t\u00e9k a \u201ej\u00e1t\u00e9k a j\u00e1t\u00e9kban\u201d m\u00f3dj\u00e1n, hiszen a n\u00e9z\u0151 tudja, hogy nem Shakespearre v\u00e1ltott jegyet, teh\u00e1t m\u00e1ris fokozza k\u00edv\u00e1ncsis\u00e1g\u00e1t a jellegzetes pirandell\u00f3i szitu\u00e1ci\u00f3, a \u201ej\u00e1t\u00e9k a j\u00e1t\u00e9kban\u201d (avagy shakespeare-i: hiszen a Hamlet is sz\u00ednh\u00e1z a sz\u00ednh\u00e1zban, tudjuk ezt.) Ugyanakkor mintha egy mindenre kiterjed\u0151 skizofr\u00e9nia jeleit tapasztaln\u00e1nk: a pr\u00f3b\u00e1l\u00f3 sz\u00edn\u00e9sz fokozza a j\u00e1t\u00e9kot, hiszen k\u00e9t szerepet mond az els\u0151 percekben, \u00f6n\u00e1ll\u00f3 karakterekkel, s h\u00e1romszoross\u00e1 v\u00e1lik \u00edgy a j\u00e1t\u00e9k. Majd Hamlet szavaira v\u00e1lt \u2013 s bel\u00e9p a sz\u00ednre Esterh\u00e1zy J\u00e1nos szelleme. A j\u00e1t\u00e9k tov\u00e1bbra is \u201ee szellemben\u201d folyik el\u0151tt\u00fcnk. Megjelennek a trag\u00e9dia negat\u00edv karakterei, Oph\u00e9liak\u00e9nt sz\u00f3l a kedves\u00e9t kutat\u00f3, \u00e9rte k\u00fczd\u0151 \u00f6zvegy, Esterh\u00e1zy J\u00e1nos \u00f6zvegye; a t\u00f6rt\u00e9net maga teh\u00e1t tulajdonk\u00e9ppen \u2013 r\u00e9mesen egyszer\u0171: \u201eTele van a darab bet\u00e9ttel, fegyelmezetlenebb, mint nyom\u00e1ban a nagy trag\u00e9di\u00e1k.\u201d (Cs.Szab\u00f3 L\u00e1szl\u00f3 a Hamletr\u0151l.) \u00c9s ugyan\u0151: \u201eHamlet mi vagyunk, Hamlet \u00e9n vagyok.\u201d<\/p>\n\n\n\n<p>Sokak sz\u00e1m\u00e1ra e felismer\u00e9s pillanat\u00e1ban v\u00e1lhat k\u00e9nyelmetlenn\u00e9 \u00c9bert j\u00e1t\u00e9ka. Amikor r\u00e1d\u00f6bben\u00fcnk: nem egy sz\u00edndarab pr\u00f3b\u00e1ja zajlik a sz\u00ednen, h\u00e1t persze, hogy nem. Hanem maga a t\u00f6rt\u00e9nelem, az a n\u00e9h\u00e1ny \u00e9vtized z\u00e1porozik r\u00e1nk, amelyben elhallgattuk \u00e9s elhallgattattuk az arisztokrata h\u0151s\u00f6ket. Amelyben hozz\u00e1szoktunk egy m\u00e1sfajta diktat\u00far\u00e1hoz. Amelyben a polg\u00e1ri \u00e9leteszm\u00e9ny holocaustj\u00e1hoz assziszt\u00e1ltunk, meg sem \u00e9rtve a \u201ekiz\u00f6kkent id\u0151\u201d trag\u00e9di\u00e1j\u00e1t. Lefegyverz\u0151en eleg\u00e1ns az az er\u0151, amellyel a szerz\u0151 elv\u00e1rja a n\u00e9z\u0151t\u0151l saj\u00e1t, meg\u00e9lt t\u00f6rt\u00e9nelme pontos ismeret\u00e9t, kend\u0151zetlen bevall\u00e1s\u00e1t. Nem magyar\u00e1zza, csup\u00e1n \u00e9rz\u00e9kelteti azt a folyamatot, ahogy a valahai polg\u00e1ri ellen\u00e1ll\u00e1s \u2013 Esterh\u00e1zy bar\u00e1tai \u2013 hozz\u00e1\u2013, \u00e9s beleidomulnak az \u00faj rend nomenklat\u00far\u00e1j\u00e1ba, el\u00e1rulva r\u00e9gi eszm\u00e9nyeiket, el\u00e1rulva volt bar\u00e1taikat. De azt sem r\u00e9szletezi, hogy mi\u00e9rt oly tragikus jelk\u00e9p p\u00e9ld\u00e1ul \u00c1gcserny\u0151 neve. Nek\u00fcnk kell tudnunk azt, hogy ott (pardon: Ciern\u00e1ban&#8230;) hat\u00e1roztatott el a Vars\u00f3i Szerz\u0151d\u00e9s hader\u0151inek bevet\u00e9se a Pr\u00e1gai Tavasz ellen. Pszichol\u00f3giai folyamatokat \u00e9rz\u00e9keltetnek a sz\u00edn\u00e9szek, mesterien meg\u00edrt lehet\u0151s\u00e9geket kapva erre, mik\u00f6zben \u201e&#8230;egy \u00e1l dics\u0151s\u00e9g \/ K\u00e1pr\u00e1zat\u00e1\u00e9rt a k\u00e9sz s\u00edrba mennek, \/ Ugy, mint az \u00e1gyba; v\u00ednak egy r\u00f6g\u00e9rt, \/ Melyen a k\u00fczd\u0151k sz\u00e1ma el se f\u00e9r\u201d.<\/p>\n\n\n\n<p>\u00cdt\u00e9let\u00e9t minden diktat\u00far\u00e1k f\u00f6l\u00f6tt mondja ki \u00c9bert Tibor. De kimondja azt a k\u00e9tsz\u00edn\u0171ek, gy\u00e1v\u00e1k \u00e9s megalkuv\u00f3k f\u00f6l\u00f6tt is. \u00cdt\u00e9lete a lehet\u0151 legs\u00falyosabb: mert lassan r\u00e1d\u00f6bben\u00fcnk arra, hogy a darab egyetlen h\u00fas\u2013v\u00e9r, \u00e9l\u0151 szerepl\u0151je a halott Esterh\u00e1zy szelleme. Mindenki m\u00e1s festett kulissz\u00e1k feslett\u2013fesl\u0151 panoptikumfigur\u00e1ja csup\u00e1n. Heltai Jen\u0151 klasszikus sz\u00ednpadi mes\u00e9j\u00e9n ford\u00edt itt a szerz\u0151: az Egy fill\u00e9r\u00e9n. Abban, mint tudjuk, a haldokl\u00f3 \u00edr\u00f3 \u00e9let\u00e9t hosszabb\u00edtan\u00e1 meg az \u00f6rd\u00f6g, azzal, hogy tal\u00e1ljon valakit, egyetlen olyan, hozz\u00e1 k\u00f6zel \u00e1ll\u00f3 szem\u00e9lyt, aki kiemelne ez\u00e9rt \u2013 \u00e9rte! \u2013 egyetlen fill\u00e9rt egy forr\u00f3 olajjal teli \u00fcstb\u0151l. \u00c9bert mes\u00e9j\u00e9ben mindenki beleny\u00fal \u2013 \u00f6nmag\u00e1\u00e9rt \u2013 ebbe az \u00fcstbe, kiv\u00e9ve Esterh\u00e1zy J\u00e1nost. \u00c9s mindenki \u00e9letben is marad, b\u00e1r egyik\u00fck \u00e9lete sem annyira val\u00f3s\u00e1gos, mint a halott Esterh\u00e1zy\u00e9.&nbsp;<\/p>\n\n\n\n<p>T\u00fal\u00e9lhetj\u00fck\u2013e \u00f6nmagunk hal\u00e1l\u00e1t \u00f6nmagunk erk\u00f6lcsi fel\u00e1ldoz\u00e1s\u00e1val? A k\u00e9rd\u00e9s roppant egyszer\u0171.<\/p>\n\n\n\n<p>\u00c9s roppant k\u00e9nyelmetlen.<\/p>\n\n\n\n<p><em>Tam\u00e1si Orosz J\u00e1nos<\/em><\/p>\n","protected":false},"excerpt":{"rendered":"<p>K\u00e9nyelmetlen darab \u00c9bert Tibor\u00e9: az Esterh\u00e1zy. Legal\u00e1bb annyira az, mint amennyire k\u00e9nyelmetlen volt (?) Esterh\u00e1zy J\u00e1nos jelenl\u00e9te a t\u00f6rt\u00e9nelem sz\u00ednpad\u00e1n. Egy k\u00fcl\u00f6n\u00f6s magyar arisztokrata, aki kisebbs\u00e9gi politikusk\u00e9nt sz\u00e1llt szembe mindenfajta diktat\u00far\u00e1val: Hitler\u00e9vel, Bene\u0161\u00e9vel, Szt\u00e1lin\u00e9val; a t\u00f6bbs\u00e9gi er\u0151 embertelen fitogtat\u00e1s\u00e1val. Amely, &hellip; <a href=\"https:\/\/opus-folyoirat.sk\/?page_id=4265\">Egy kattint\u00e1s ide a folytat\u00e1shoz&#8230;. <span class=\"meta-nav\">&rarr;<\/span><\/a><\/p>\n","protected":false},"author":4,"featured_media":0,"parent":0,"menu_order":0,"comment_status":"closed","ping_status":"closed","template":"","meta":{"footnotes":""},"class_list":["post-4265","page","type-page","status-publish","hentry"],"_links":{"self":[{"href":"https:\/\/opus-folyoirat.sk\/index.php?rest_route=\/wp\/v2\/pages\/4265","targetHints":{"allow":["GET"]}}],"collection":[{"href":"https:\/\/opus-folyoirat.sk\/index.php?rest_route=\/wp\/v2\/pages"}],"about":[{"href":"https:\/\/opus-folyoirat.sk\/index.php?rest_route=\/wp\/v2\/types\/page"}],"author":[{"embeddable":true,"href":"https:\/\/opus-folyoirat.sk\/index.php?rest_route=\/wp\/v2\/users\/4"}],"replies":[{"embeddable":true,"href":"https:\/\/opus-folyoirat.sk\/index.php?rest_route=%2Fwp%2Fv2%2Fcomments&post=4265"}],"version-history":[{"count":1,"href":"https:\/\/opus-folyoirat.sk\/index.php?rest_route=\/wp\/v2\/pages\/4265\/revisions"}],"predecessor-version":[{"id":4266,"href":"https:\/\/opus-folyoirat.sk\/index.php?rest_route=\/wp\/v2\/pages\/4265\/revisions\/4266"}],"wp:attachment":[{"href":"https:\/\/opus-folyoirat.sk\/index.php?rest_route=%2Fwp%2Fv2%2Fmedia&parent=4265"}],"curies":[{"name":"wp","href":"https:\/\/api.w.org\/{rel}","templated":true}]}}