{"id":4271,"date":"2025-03-22T18:00:00","date_gmt":"2025-03-22T16:00:00","guid":{"rendered":"https:\/\/opus-folyoirat.sk\/?page_id=4271"},"modified":"2026-01-21T18:28:30","modified_gmt":"2026-01-21T16:28:30","slug":"egyszemu-ejszakak-elerhetetlen-foldje","status":"publish","type":"page","link":"https:\/\/opus-folyoirat.sk\/?page_id=4271","title":{"rendered":"Egyszem\u0171 \u00e9jszak\u00e1k el\u00e9rhetetlen f\u00f6ldje"},"content":{"rendered":"<div class=\"wp-block-post-date\"><time datetime=\"2025-03-22T18:00:00+02:00\">2025-03-22<\/time><\/div>\n\n\n<p><em>Alkalmatlan szavak Kulcs\u00e1r Ferencr\u0151l<\/em><\/p>\n\n\n\n<p>Minden soromat le\u00edrtam, \u00edgy ezt is, hogy <em>minden soromat le\u00edrtam<\/em>, nem besz\u00e9lve a megsz\u00f3l\u00edt\u00e1sr\u00f3l. Ugyanis azt az invit\u00e1l\u00e1st kaptam alig n\u00e9h\u00e1ny napja, hogy ma itt <em>Kulcs\u00e1r Ferenc<\/em>r\u0151l sz\u00f3ljak, belef\u0171zv\u00e9n valamelyes sz\u00edvesl\u00e1t\u00e1st a Parnasszus r\u00f3la sz\u00f3l\u00f3 fejezet\u00e9hez, legyek r\u00f6vid, mondt\u00e1k, n\u00e9gy-\u00f6t perc, le\u00edrnom sem kell. H\u00e1t ez az, ami nem megy, annak j\u00f3 v\u00e9ge nincs, ha \u00e9n csak \u00fagy szabadon elkezdek besz\u00e9lni, r\u00f6viden, \u00edgy, hogy imm\u00e1r fecseg\u0151 v\u00e9nember lettem. No de \u00d6n\u00f6k is, ti is, ahogy itt k\u00f6r\u00fcl pillantok \u2013 aki nem hiszi, forduljon felvil\u00e1gos\u00edt\u00e1s\u00e9rt csal\u00e1dtagjaihoz.&nbsp;<\/p>\n\n\n\n<figure class=\"wp-block-image size-full\"><img loading=\"lazy\" decoding=\"async\" width=\"960\" height=\"640\" src=\"http:\/\/opus-folyoirat.sk\/wp-content\/uploads\/2018\/07\/KULCSAR-FERENC.jpg\" alt=\"\" class=\"wp-image-306\" srcset=\"https:\/\/opus-folyoirat.sk\/wp-content\/uploads\/2018\/07\/KULCSAR-FERENC.jpg 960w, https:\/\/opus-folyoirat.sk\/wp-content\/uploads\/2018\/07\/KULCSAR-FERENC-300x200.jpg 300w, https:\/\/opus-folyoirat.sk\/wp-content\/uploads\/2018\/07\/KULCSAR-FERENC-768x512.jpg 768w\" sizes=\"auto, (max-width: 960px) 100vw, 960px\" \/><\/figure>\n\n\n\n<p>Le\u00edrtam teh\u00e1t, de \u00edgy is t\u00f6bbsz\u00f6r\u00f6s k\u00f6r\u00f6kben \u00e9rek majd Kulcs\u00e1r Ferenchez, ezt el\u0151re bocs\u00e1tom, hiszen els\u0151k\u00e9nt \u2013 k\u00e9rve Turczi Istv\u00e1nt, hogy k\u00f6zismert szer\u00e9nys\u00e9ge bel\u00e9m ne fojtsa a sz\u00f3t \u2013 arr\u00f3l sz\u00f3ln\u00e9k: \u00e9n szem\u00e9ly szerint roppant h\u00e1l\u00e1san \u00e9s tisztelettel k\u00f6sz\u00f6n\u00f6m neki, valamint valamennyi alkalmi \u00e9s rendszeres munkat\u00e1rs\u00e1nak a Parnasszus tematikus \u00e9vfolyamait. Nagy \u00f6tlet, \u00e1m ezen t\u00fal, rettent\u0151 hasznos kiadv\u00e1ny-sorozatot hozott l\u00e9tre. Tudom, el szok\u00e1s ezt mondani, nem is tartalmatlan szavakkal, \u0151szint\u00e9n is gondolva a dics\u00e9retet, \u00e1m kev\u00e9s sz\u00f3t hallottam eddig a mi\u00e9rtr\u0151l. Hogy mi\u00e9rt annyira fontos \u00e9s kiemelked\u0151 ez a v\u00e1llalkoz\u00e1s?<\/p>\n\n\n\n<p>Nos, az\u00e9rt, mert \u00fagy nagyj\u00e1b\u00f3l h\u00e1rom t\u00edpust ismer\u00fcnk az eff\u00e9le \u00e9letm\u0171-influenza v\u00edrusb\u00f3l. Kismonogr\u00e1fia a m\u00e9g \u00e9l\u0151 alkot\u00f3r\u00f3l, elismer\u0151 hangv\u00e9teleit nem forsz\u00edrozn\u00e1m, azt sem \u00e1ll\u00edtom, hogy \u00e9rdemtelen\u00fcl sz\u00f3rj\u00e1k a piros pontokat, de h\u00e1t az\u00e9rt \u2013 valljuk be \u2013 mindig csapdahelyzet az egyes nemzed\u00e9kek legjobbjair\u00f3l \u00edrni, hisz a jogosan kiv\u00edvott rangjukat n\u00e9zve nagyot nem lehet t\u00e9vedni, ez\u00e9rt nem is t\u00e9vedett Szepes Erika, vagy Kabdeb\u00f3 L\u00f3r\u00e1nt Turczi Istv\u00e1nr\u00f3l \u00edrva, ahogyan Filep Tam\u00e1s Guszt\u00e1v \u00e9s T\u0151zs\u00e9r \u00c1rp\u00e1d T\u00f3th L\u00e1szl\u00f3r\u00f3l, avagy Vilcsek B\u00e9la \u00edrv\u00e1n mindh\u00e1rmukr\u00f3l. S majd j\u00f6n az \u00e9letm\u0171-\u00f6sszegz\u0151 nagy-monogr\u00e1fia, \u00e9s \u2013 mert a legv\u00e9g\u00e9n lesz m\u00e9g egy dal \u2013 a tank\u00f6nyv-fejezet; ez ut\u00f3bbi m\u00e1r tartalmaz n\u00e9mi kritikai felhangot id\u0151nk\u00e9nt, majd szinte csak azt, nemzeti alaptanterve v\u00e1logatja.&nbsp;<\/p>\n\n\n\n<p>Nos, az eml\u00edtettek hull\u00e1mver\u00e9s\u00e9ben rendk\u00edv\u00fcl j\u00f3l esik egy h\u0171t\u00f6tt unikum k\u00eds\u00e9ret\u00e9ben valamely unik\u00e1lis Parnasszus-sz\u00e1m, mely az \u00e9pp ter\u00edt\u00e9ken l\u00e9v\u0151 alkot\u00f3t kort\u00e1rsi, bar\u00e1ti, ha \u00fagy tetszik, k\u00e1v\u00e9h\u00e1zi f\u00f6lolvas\u00e1sok f\u0151szerepl\u0151j\u00e9v\u00e9 teszi. Az alkot\u00f3 lel\u00e9p a posztamensr\u0151l, s mi ugyan l\u00e1tjuk, hogy a galambok v\u00e1ltozatlanul ott \u00fccs\u00f6r\u00f6gnek a v\u00e1ll\u00e1n, lenne mintha r\u00e9gi t\u00edzfill\u00e9res az a v\u00e1ll, vagy ak\u00e1r egy r\u00e9gi vashatos, ott, kicsit lejjebb, azzal a lyukkal a k\u00f6zep\u00e9n&#8230;; \u00e1m m\u00e9gis: halhatatlan bar\u00e1tainkr\u00f3l, ismer\u0151seinkr\u0151l sz\u00f3lnak ezek a lapsz\u00e1mok, a legrosszabb tapasztalatom vel\u00fck kapcsolatban az, hogy kidobhatatlanak. Nincs az a kin\u0151tt k\u00f6nyvespolc, amelyen a legszigor\u00fabb szelekt\u00e1l\u00e1s k\u00f6zepette sem \u00fcld\u00f6g\u00e9ln\u00e9nek a legb\u00e9k\u00e9sebb, legj\u00e1mborabb, mondhatni t\u00f6k\u00e9letes biztons\u00e1gban. Kritik\u00e1m, ha van, legfeljebb annyi a szerkeszt\u0151 fel\u00e9: n\u00e9h\u00e1ny szerz\u0151 lehetne akt\u00edvabb, gyakoribb szerepl\u0151je.&nbsp;<\/p>\n\n\n\n<p>Nem, nem, hervadjanak le azok az elsietett mosolyok, nem \u00f6nmagamra gondolok, sokkal ink\u00e1bb Kabdeb\u00f3 L\u00f3r\u00e1ntra, akib\u0151l az utols\u00f3 cseppig ki kellene facsarni mindent, amit tud \u00e9s meg\u00e9rez a k\u00f6lt\u00e9szetr\u0151l; tudom, hogy folyton panaszkodik, ny\u00f6gd\u00e9csel, ebben csak \u00e9n teszek t\u00fal rajta, de azt is tudom, hogy \u2013 h\u00e1la egy kor\u00e1bbi Parnasszus-sz\u00e1mnak \u2013 a tal\u00e1n legkerekebb, legnagyobb \u00edv\u0171 p\u00e1lyak\u00e9pet \u00edrta meg Juh\u00e1sz Ferencr\u0151l; m\u00e1r csak \u00f6ssze kellene rakni egy k\u00f6tetbe azokat, amiket eddig publik\u00e1lt itt, vagy ott; m\u00e1rmint Juh\u00e1szr\u00f3l, mert am\u00fagy a Parnasszus-essz\u00e9k megjelentek t\u0151le egy igen izgalmas \u00f6sszefoglal\u00f3 k\u00f6tetben. S ami \u2013 a Juh\u00e1sz-p\u00e1lyak\u00e9p &#8211; ezzel a Parnasszusban megjelenttel lett nagyon kerek, nagyon pontos.<\/p>\n\n\n\n<p>Persze, tudom \u00e9n, hogy k\u00f6nnyen besz\u00e9lek \u2013 nem egyszer\u0171 egy-egy lapsz\u00e1m passzusait, tematik\u00e1j\u00e1t megtal\u00e1lni, pl\u00e1ne most, hogy ism\u00e9t itt az \u00f6sszegz\u00e9sek nyak\u00e1n egy fura alaptanterv-attit\u0171d, amibe \u2013 hisz mi\u00e9rt ne tenn\u00e9 \u2013 belesz\u0171r\u0151dik a politika. L\u00e1m, le\u00edrva is b\u0151besz\u00e9d\u0171 vagyok, mondom a l\u00e9nyeget, avagy sz\u0171k\u00edtem a k\u00f6r\u00f6ket: az a helyzet, kedves bar\u00e1taim, hogy a hatvannyolcasoknak \u201ereszeltek\u201d. M\u00e1r ha j\u00f3l figyeltem. Azt az\u00e9rt nem \u00e1ll\u00edtan\u00e1m, hogy mennek a levesbe, hogy ti, kedves j\u00f3 emberek itt, Laci, Imre s Feri, imm\u00e1r amonnan figyelve, s ti sem, akik m\u00e9g itt \u00fclt\u00f6k, e lapsz\u00e1mot \u00fcnnepelv\u00e9n, de h\u00e1t a t\u00f6rt\u00e9net ism\u00e9t a j\u00f3l ismert kanyart vette be, el\u0151bb egy politikai szlogen hangzik el, s ut\u00f3bb k\u00f6veti azt a nemzed\u00e9k-v\u00e1lt\u00e1snak, vagy paradigma-v\u00e1lt\u00e1snak nevezett domin\u00f3elv-szer\u0171 v\u00e1ltoz\u00e1s.&nbsp;<\/p>\n\n\n\n<p>Ez mindig \u00f3ri\u00e1si feladat, val\u00f3s\u00e1gos sz\u00fcletett Herkulesek kellenek hozz\u00e1 a musz\u00e1j-Herkulesek helyett s ellen, hatalmas s\u00f3hajok k\u00f6zepette hallgatjuk a \u201ekiz\u00f6kkent az id\u0151 kereke, \u00f3 k\u00e1rhozat, hogy \u00e9n sz\u00fclettem helyre tenni azt\u201d, vagy a \u201erossz hep\u00e9n g\u00f6rd\u00fclt az id\u0151 kereke, \u00f3 k\u00e1rhozat, hogy \u00e9n sz\u00fclettem j\u00f3 hup\u00e1ra tenni azt\u201d szlogeneket \u00e9s ennek vari\u00e1nsait \u2013 de a l\u00e9nyeg a l\u00e9nyeg: j\u00f6nnek az \u00faj nekigy\u00fcrk\u0151z\u00e9sek, s k\u00f6zben kider\u00fcl, hogy az <em>el\u00e9rhetetlen f\u00f6ld<\/em> val\u00f3ban el\u00e9rhetetlen s az <em>egyszem\u0171 \u00e9jszaka<\/em> val\u00f3ban egyszem\u0171. De val\u00f3ban \u00fagy kell ezt a metafor\u00e1t \u00e9rtelmezn\u00fcnk, ahogyan T\u0151zs\u00e9r \u00c1rp\u00e1d \u00edrta anno a h\u00edres-neves antol\u00f3gia el\u0151szav\u00e1ban: ez a szem \u201e<em>Egyszerre fejez ki hitet \u00e9s nihilt, rem\u00e9nyt \u00e9s rem\u00e9nytelens\u00e9get, mag\u00e1nyt \u00e9s k\u00f6z\u00f6ss\u00e9g ut\u00e1ni v\u00e1gyat. Az ut\u00e1na k\u00f6vetkez\u0151 versek az \u00e9jszak\u00e1t egyfajta t\u00e1rsadalmi gy\u00f6ker\u0171 mag\u00e1ny (\u00e9s pesszimizmus), az egyetlen szemet pedig a k\u00f6lt\u00e9szet jelk\u00e9p\u00e9v\u00e9 emelik.<\/em>\u201d Kifejezte bizony, h\u00edvebben az elj\u00f6vend\u0151 id\u0151kh\u00f6z ann\u00e1l is, mint azt a k\u00f6lt\u0151k megsejtett\u00e9k. Mert a t\u00f6rt\u00e9net, mint a f\u00f6ld, fordul egyet saj\u00e1t tengelye k\u00f6r\u00fcl, de tov\u00e1bbra is \u201e<em>barlangj\u00e1ban \u0151rzi foglyait az egyszem\u0171 \u00e9jszaka<\/em>\u201d. Mik\u00e9nt T\u00f3th L\u00e1szl\u00f3 jegyezte le, s ahogy Kulcs\u00e1r Ferenc k\u00e9rdezte: \u201e<em>Hol vagytok, \u00f3, sz\u00e1rnyaim, \/ \u00f6r\u00f6ksz\u00e9p hajnalok? \/ Mi\u00e9rt nem ny\u00edltok r\u00e1m, \/nagy \u00e9gi ablakok?\u201d<\/em>&nbsp;<\/p>\n\n\n\n<p>Tudta, persze, a v\u00e1laszt, r\u00e1tal\u00e1lt a sz\u00e1rnyakra, r\u00e1 az ablakokra, hatalmas r\u00f6pt\u00e9ket \u00edrt le, f\u00e9l \u00e9vsz\u00e1zadot kellene itt \u00f6sszefognom, de ennyi id\u0151t \u00e9rz\u00e9keltetni \u00f6n- \u00e9s k\u00f6zvesz\u00e9lyes. Ez az id\u0151nek \u00fagy \u00e1ltal\u00e1ban is rendes szok\u00e1sa. De h\u00e1t t\u00e9nyleg, sz\u00f3lhatok-e olyasmir\u0151l, amir\u0151l az itt jelen l\u00e9v\u0151k ne tudn\u00e1nak j\u00f3val t\u00f6bbet n\u00e1lam, s f\u0151leg annyit, hogy m\u00e1r nem szeretn\u00e9k ugyanazt \u00fajra hallgatni. Sz\u00f3lhatok-e kiragadott sorokr\u00f3l egy imm\u00e1r befejezett \u00e9s csak rem\u00e9lem, hogy ismert \u00e9letm\u0171 kapcs\u00e1n? Mondjam-e, hogy h\u0171s\u00e9ges maradt ahhoz, amit a m\u00e1r emlegetett antol\u00f3gi\u00e1ban pap\u00edrra v\u00e9sett, \u00e9rcn\u00e9l maradand\u00f3bban: \u201e<em>Vers kell \/ K\u00f6zel a hal\u00e1lomhoz \/ K\u00f6zel az \u00e9letemhez \/ \u2026 S visszaadom l\u00e1t\u00e1s\u00e1t a s\u00f6t\u00e9tnek<\/em>\u201d.&nbsp;<\/p>\n\n\n\n<p>Megpr\u00f3b\u00e1lta. Megtette. Le\u00edrta, milyen a s\u00f6t\u00e9t. Milyen vagy, s\u00f6t\u00e9t f\u00e9lelem. Mondom, olvass\u00e1k \u0151t, sok verse k\u00f6lt\u00e9szet\u00fcnk maradand\u00f3 kincse, \u00e9rt\u00e9ke, \u00e9posza; mint p\u00e9ld\u00e1ul ez: \u201e<em>Eml\u00e9kszel, \/ huszadik sz\u00e1zad? \/ Eszedet vette puszt\u00edt\u00f3 l\u00e1zad. \/ Fejvev\u0151 prib\u00e9k, porkol\u00e1b volt\u00e1l, \/ b\u0171n\u00f6s bens\u0151db\u0151l kihajolt\u00e1l, \/\/ s lefejezted \u00f6nmagad. \/ Nem \u00f6lelt\u00e9l \u2013 \u00f6lt\u00e9l. \/ Bak\u00f3 volt\u00e1l, b\u00f6ll\u00e9r. \/ V\u00e9res k\u00e9zzel&nbsp; \/ d\u00e9delgett\u00e9l, \/ hi\u00e9nah\u00fassal etett\u00e9l: \/ kifosztattak benned \/ elevenek \u00e9s holtak, \/ megal\u00e1ztattak \u00e1ltalad \/ elj\u00f6vend\u0151k s voltak<\/em>.\u201d S majd mell\u00e9 illeszti a rezign\u00e1ltabb \u00f6sszegz\u00e9st: \u201e<em>Csak cs\u00f6nd \u00e9s ragyog\u00e1s. \/ Csak \u00f6r\u00f6m \u00e9s b\u00e1nat. \/ Elrobogott, mint gyorsvonat, \/ a huszadik sz\u00e1zad. \/\/ Csak f\u00e9ny \u00e9s \u00f6lel\u00e9s. \/ Csak napkelet \u00e9s napnyugat. \/ \u00daj \u00e9vezred, s\u00edneiden \/ r\u00f6p\u00edted sorsomat.\u201d<\/em> S meglehet, hogy val\u00f3ban csak az egyszem\u0171 \u00e9jszaka l\u00e1t\u00e1s\u00e1ban b\u00edzhatunk, ha beleb\u00e1mulunk e sorok k\u00e1pr\u00e1zat\u00e1ba, s elmorzsoljuk a k\u00e9pet: napkelet \u00e9s napnyugat r\u00f6p\u00edti sorsunkat, a szek\u00e9r robogva halad, de \u00e1llni l\u00e1tsz\u00e9k az id\u0151, s \u0151rzi barlangj\u00e1ban a foglyokat.<\/p>\n\n\n\n<p>Mondom, olvass\u00e1k \u0151t, am\u00edg tudj\u00e1k s lehet, iratkozzanak fel ennek \u00e9rdek\u00e9ben a v\u00e1r\u00f3list\u00e1kra, mert \u2013 \u00fajabb anekdota, idef\u0171z\u00f6m \u2013 saj\u00e1t k\u00f6nyvt\u00e1ram \u00e9vek \u00f3ta dobozokban l\u00e9v\u00e9n, pr\u00f3b\u00e1ltam beszerezni n\u00e9h\u00e1nyat (k\u00fcl\u00f6n\u00f6sen a Napkit\u00f6r\u00e9seket szerettem volna \u00fajra olvasni) \u00fagy kutyafutt\u00e1ban, de sem \u00faj, sem antikv\u00e1riumi p\u00e9ld\u00e1ny a budapesti boltokban, saj\u00e1t keres\u0151list\u00e1ik szerint, nincs. De addig is remek a Vilcsek-h\u00e1rmask\u00f6nyv s m\u00e9g remekebb ez a Parnasszus-sz\u00e1m, Koncsol ut\u00e1n valamilyen korfest\u0151bb mond\u00f3k\u00e1val nehezen tudtam volna el\u0151\u00e1llni, T\u00f3th Laci ihletett (azt hiszem, erre mondj\u00e1k t\u00falz\u00e1sok n\u00e9lk\u00fcl is) p\u00e1lyak\u00e9pe Kulcs\u00e1rr\u00f3l sokkal jobb, mint amit \u00e9n k\u00f6vettem volna el, noha a sarokpontokat egyform\u00e1n l\u00e1tjuk, azokra \u00e9p\u00edtettem volna magam is, de hi\u00e1ba, ha a k\u00f6vek bels\u0151 vil\u00e1g\u00e1r\u00f3l \u0151 sokkal t\u00f6bbet tud. Vilcsek itt olvashat\u00f3 \u00edr\u00e1sa mag\u00e1ban hordozza azt az unik\u00e1lis jelleget, mik\u00e9nt Varga Imr\u00e9\u00e9, amire mondand\u00f3m elej\u00e9n utaltam; k\u00fcl\u00f6n\u00f6sen megrend\u00edt\u0151 Varga Imre bels\u0151 szomor\u00fas\u00e1ga, aki biztosan \u00f6r\u00f6kre meg\u0151rzi Kulcs\u00e1r egyik szem\u00e9lyes gesztus\u00e1t; azt, mid\u0151n Kulcs\u00e1r a Balassi-kard \u00e1tv\u00e9telekor fontosnak tartotta f\u00f6leml\u00edteni a m\u00e1sokkal szembeni ad\u00f3ss\u00e1got, \u00edgy az eg\u00e9szen addig elmaradt J\u00f3zsef Attila-d\u00edjat &#8211; Varga Imr\u00e9nek. Remek \u00f6ssze\u00e1ll\u00edt\u00e1s, t\u00fal sokat nem tudn\u00e9k hozz\u00e1tenni, \u00e1m van valami, amit szeretn\u00e9k m\u00e9g sz\u00f3v\u00e1 tenni.<\/p>\n\n\n\n<p>Sz\u00e1momra \u00e9rdekesen hangzanak olykor bizonyos mondatok. Nem tudom, egy t\u00e9nyt c\u00e1folnak, vagy azt er\u0151s\u00edtik, \u00f6nk\u00e9ntelen\u00fcl? Id\u00e9zn\u00e9k egyet a hasonl\u00f3 mondatok k\u00f6z\u00fcl: \u201e<em>Meg azt\u00e1n felvid\u00e9ki v. szlov\u00e1kiai (magyar) irodalom, olyan egy\u00e1ltal\u00e1n nincs. Annyira van, mint Szondy utcai (magyar) irodalom: teh\u00e1t \u00fagy van, hogy nincs..<\/em>.\u201d Ezt v\u00e9letlen\u00fcl Kukorelly Endr\u00e9t\u0151l emeltem ide, valamely \u00e9vb\u00e9li szlov\u00e1kiai magyar k\u00f6lt\u0151k antol\u00f3gi\u00e1j\u00e1nak \u00e1ltala \u00edrt szerkeszt\u0151i ut\u00f3szav\u00e1b\u00f3l. \u00c9rtem ezt a mondatot, vallom is igaz\u00e1t, de tudom s \u00e9rz\u00e9kelem, azt kell mondjam, mi\u00f3ta az eszemet tudom, hogy \u2013 van. Ha m\u00e1sb\u00f3l nem, a versekb\u0151l tudom, T\u00f3th L\u00e1szl\u00f3 egyik \u00f6r\u00f6k mot\u00edvum\u00e1b\u00f3l, a se itt se ott, mindig k\u00e9t hat\u00e1r k\u00f6z\u00f6tt a senki-f\u00f6ldj\u00e9n gy\u00f6kerez\u0151 attit\u0171dj\u00e9b\u0151l, vagy ahogy \u00e9ppen Kulcs\u00e1rr\u00f3l \u00edrja, \u201e<em>mi m\u00e1r nem valamely t\u00f6bb\u00e9-kev\u00e9sb\u00e9 behat\u00e1rolhat\u00f3 kult\u00fara&nbsp; &#8211; hanem hat\u00e1rtalan kult\u00far\u00e1k gyermekei vagyunk.\u201d<\/em> S id\u00e9zi itt Kulcs\u00e1r Ferenc k\u00e9t sor\u00e1t: \u201e<em>\u00daton vagyunk. \u00c9s micsoda \u00faton! A m\u00e1ss\u00e1g egyazon \u00fatj\u00e1n<\/em>\u201d.&nbsp; A ragaszkod\u00e1s a magyar \u00f6r\u00f6ks\u00e9ghez term\u00e9szetesen a legs\u00falyosabb k\u00f6t\u00e9s \u00e9s a legk\u00f6nnyebb \u2013 m\u00e9gis, a k\u00e9pviselete, megfogalmaz\u00e1sa, az \u00e9rte \u00e9s \u00e9rv\u00e9nyess\u00e9ge miatt v\u00edvott k\u00fczdelm\u00fck sokkal szigor\u00fabb m\u00e9rc\u00e9vel m\u00e9r. Nem tudom, \u00edgy van-e, csak azt, hogy itt kellene elkezdeni egy hossz\u00fa-hossz\u00fa besz\u00e9lget\u00e9st, de meg sem k\u00eds\u00e9rlem.&nbsp;<\/p>\n\n\n\n<p>T\u00e9m\u00e1t v\u00e1ltok. B\u00e1r \u2013 t\u00e9m\u00e1t v\u00e1ltok, csakugyan&#8230;? Minden jelent\u0151s k\u00f6lt\u0151 \u00edrt nagy \u00edv\u0171, hatalmas verspann\u00f3kat, amolyan klasszikus antol\u00f3gia-darabokat. Kulcs\u00e1r Ferenc is. De \u0151 sz\u00e1momra m\u00e9gis egy mozaik, egy kirak\u00f3s j\u00e1t\u00e9k egyik fontos, karakteres darabk\u00e1ja. Ez a j\u00e1t\u00e9k a magyar k\u00f6lt\u00e9szet mai napig tart\u00f3 huszadik sz\u00e1zad\u00e1nak atomjaira szak\u00edtott eg\u00e9sze; hadd mondjak, z\u00e1rsz\u00f3k\u00e9nt is, erre egy p\u00e9ld\u00e1t. P\u00e1r napja, tal\u00e1n egy hete <em>P\u00e1sztor B\u00e9la<\/em> versgy\u0171jtem\u00e9ny\u00e9nek bemutat\u00f3j\u00e1n j\u00e1rtam, sz\u00e9p este volt, s szolg\u00e1lni fogja rem\u00e9lhet\u0151leg P\u00e1sztor B\u00e9la \u00fajabb f\u00f6lfedez\u00e9s\u00e9t; mert ez olykor, h\u00fasz, negyven \u00e9venk\u00e9nt mindenkivel megesik, de j\u00f3 lenne, ha kapaszkod\u00f3t is tal\u00e1lna az eml\u00e9kezet n\u00e9h\u00e1ny \u00faj hajt\u00e1sa. Nos, lapozgatva a k\u00f6tetet, r\u00e1futott a szemem Benj\u00e1min L\u00e1szl\u00f3 r\u00e9gr\u0151l oda emelt visszaeml\u00e9kez\u0151 soraira (Benj\u00e1minnak am\u00fagy, miel\u0151tt minden lez\u00fadul a f\u00fcrd\u0151v\u00edzzel egy\u00fctt, \u00e9rdemes lenne elt\u0171n\u0151dni a Tengerek fogs\u00e1g\u00e1ban c\u00edm\u0171 k\u00f6tet\u00e9n), nos, P\u00e1sztorral kapcsolatban Govrik Elem\u00e9rt eml\u00edti, aki egy\u00e9bk\u00e9nt karpaszom\u00e1nyos tizedesk\u00e9nt esett el 1942-ben (vagy 43-ban, ha m\u00e1sba lapozunk bele) s Benj\u00e1min \u2013 persze kor\u00e1bban &#8211; Govrikkal k\u00fcldte el n\u00e9h\u00e1ny vers\u00e9t P\u00e1sztornak.&nbsp;<\/p>\n\n\n\n<p>Nos, a l\u00e9nyeg: sok \u00e9vtizede megeml\u00edtettem Govrik nev\u00e9t Vas Istv\u00e1nnak, akkoriban ker\u00fclt kezembe a k\u00f6tete, felt\u0171nt a versek min\u0151s\u00e9ge, s ha m\u00e1r hosszasabb dial\u00f3gusba keveredt\u00fcnk, egy hirtelen \u00f6tlet kapcs\u00e1n megk\u00e9rdeztem: az Egy szerelem h\u00e1rom \u00e9jszak\u00e1j\u00e1nak egyik mell\u00e9kalakja nem lehet Govrik? Vagy nem tudta, vagy \u00fajabb k\u00f6r\u00f6ket akart velem futtatni, vagy csak bosszantotta, hogy val\u00f3s\u00e1gos szem\u00e9lyekkel akarom kit\u00f6lteni s \u00edgy kisebb\u00edteni az \u00e1br\u00e1zolt dr\u00e1mai jelenet l\u00e9nyeg\u00e9t, no, nem bonyol\u00edtom, a l\u00e9nyeg itt az, hogy kis t\u0171n\u0151d\u00e9s ut\u00e1n azt mondta, lehet, de lehet P\u00e1sztor B\u00e9la is \u2013 k\u00e9rdezzem meg Hubayt. Akivel j\u00f3val t\u00f6bbet besz\u00e9lgethettem, szerencs\u00e9s voltam, de meglehet\u0151sen sz\u00edv\u00e9lyes volt \u0151 is, hiszen sok\u00e1ig k\u00f6z\u00f6tt\u00fcnk maradt, \u00e1m ezt valahogy soha nem jutott eszembe megk\u00e9rdezni.&nbsp;<\/p>\n\n\n\n<p>\u00cdgy a konkr\u00e9t k\u00e9rd\u00e9semre nincs konkr\u00e9t v\u00e1laszom, csak azt tudom elmondani az eml\u00edtett kirak\u00f3s j\u00e1t\u00e9kr\u00f3l, hogy a m\u00e1ig tart\u00f3 huszadik sz\u00e1zad magyar k\u00f6lt\u00e9szet\u00e9nek els\u0151 vil\u00e1gh\u00e1bor\u00faj\u00e1b\u00f3l sok, t\u00fal sok h\u0151si halottat tarthatunk nyilv\u00e1n. Hatalmas volt a v\u00e9r\u00e1ldozatunk. Ki ilyen, ki olyan n\u00e1ci\u00f3b\u00f3l. A m\u00e1sodik vil\u00e1gh\u00e1bor\u00fa alatt volt, aki karpaszom\u00e1nyosk\u00e9nt, s volt, aki munkaszolg\u00e1latosk\u00e9nt vesztette el az \u00e9let\u00e9t, ugyanazon bar\u00e1ti t\u00e1rsas\u00e1gb\u00f3l, ugyanazon v\u00e9r\u00e1ztatta id\u0151ben, s egyazon por lepi be \u00e9let\u00fck, szem\u00e9lyis\u00e9g\u00fck konkr\u00e9t t\u00e9nyeit, sorsukat az ezen vagy azon oly sz\u00edvesen p\u00f6rleked\u0151 ut\u00f3kor elvonatkoztat\u00f3 eml\u00e9kezete. B\u00e1r persze sz\u00fcletnek r\u00f3luk versek, legyen a l\u00edrai fonal utols\u00f3 megsz\u00f3lal\u00f3ja ism\u00e9t Kulcs\u00e1r Ferenc, egy sora a Vil\u00e1g\u00e1rvas\u00e1gb\u00f3l: \u201e<em>meg\u00e1ll\u00edthatatlan fekete rettenet korotojak krinyica p\u00e1nc\u00e9lt\u00f6r\u0151 k\u00f6dvet\u0151 j\u00e9gg\u00e9 fagyot puskaz\u00e1v\u00e1r v\u00e9rfoltos h\u00f3mez\u0151 t\u00e9pett z\u00e1szl\u00f3k t\u00f6rt szuronyok lel\u0151tt bak\u00e1k le\u00edrt bak\u00e1k \u00e9jfekete h\u00f3feh\u00e9r vil\u00e1g\u00e1rvas\u00e1g<\/em>\u201d&nbsp;<\/p>\n\n\n\n<p>S amikor a mai \u2013 k\u00e9ts\u00e9gk\u00edv\u00fcl eltagadhat\u00f3, de k\u00e9ts\u00e9gk\u00edv\u00fcl l\u00e9tez\u0151 \u2013 hidegh\u00e1bor\u00fara pillantok, amelybe az indulat olykor azokat is belekeveri, akikt\u0151l ez mindig is kell\u0151 s megfelel\u0151 t\u00e1vols\u00e1gra maradt volna, nos, arra gondolok olykor-olykor: a hidegh\u00e1bor\u00fanak is vannak \u00e1ldozatai. Ne higgy\u00fck, hogy nincsenek. Ne tegy\u00fcnk \u00fagy, de tegy\u00fcnk az\u00e9rt, hogy ne legyenek. Ne gondoljuk, hogy a hatvannyolcasok igaz\u00e1nak val\u00f3ban \u201ereszeltek\u201d volna, s ne gondoljuk, hogy az el\u00e9rhetetlen f\u00f6ld el\u00e9rhetetlen, s hogy az egyszem\u0171 \u00e9jszaka csak rosszat jelenthet. Jelezheti a virraszt\u00f3 \u00e9ji felleg jelenl\u00e9t\u00e9t is, mik\u00f6zben, igen, \u00e9rett\u00fcnk foh\u00e1szkodik minden k\u00f6lt\u0151, \u00edgy Kulcs\u00e1r Ferenc is, m\u00e1r az \u00f6r\u00f6kl\u00e9tb\u0151l k\u00e9rve: \u201e<em>Zabol\u00e1zd meg Uram soksz\u00edn\u0171 lovaid&nbsp; \/ Hisz barlangba \u00e9r m\u00e1r \u00edgy is a kez\u00fcnk<\/em>\u201d.<\/p>\n\n\n\n<p>Ne ez legyen s maradjon az egyszem\u0171 \u00e9jszak\u00e1k el\u00e9rhetetlen f\u00f6ldje.<\/p>\n\n\n\n<p><em>Tam\u00e1si Orosz J\u00e1nos<\/em><\/p>\n","protected":false},"excerpt":{"rendered":"<p>Alkalmatlan szavak Kulcs\u00e1r Ferencr\u0151l Minden soromat le\u00edrtam, \u00edgy ezt is, hogy minden soromat le\u00edrtam, nem besz\u00e9lve a megsz\u00f3l\u00edt\u00e1sr\u00f3l. Ugyanis azt az invit\u00e1l\u00e1st kaptam alig n\u00e9h\u00e1ny napja, hogy ma itt Kulcs\u00e1r Ferencr\u0151l sz\u00f3ljak, belef\u0171zv\u00e9n valamelyes sz\u00edvesl\u00e1t\u00e1st a Parnasszus r\u00f3la sz\u00f3l\u00f3 fejezet\u00e9hez, &hellip; <a href=\"https:\/\/opus-folyoirat.sk\/?page_id=4271\">Egy kattint\u00e1s ide a folytat\u00e1shoz&#8230;. <span class=\"meta-nav\">&rarr;<\/span><\/a><\/p>\n","protected":false},"author":4,"featured_media":0,"parent":0,"menu_order":0,"comment_status":"closed","ping_status":"closed","template":"","meta":{"footnotes":""},"class_list":["post-4271","page","type-page","status-publish","hentry"],"_links":{"self":[{"href":"https:\/\/opus-folyoirat.sk\/index.php?rest_route=\/wp\/v2\/pages\/4271","targetHints":{"allow":["GET"]}}],"collection":[{"href":"https:\/\/opus-folyoirat.sk\/index.php?rest_route=\/wp\/v2\/pages"}],"about":[{"href":"https:\/\/opus-folyoirat.sk\/index.php?rest_route=\/wp\/v2\/types\/page"}],"author":[{"embeddable":true,"href":"https:\/\/opus-folyoirat.sk\/index.php?rest_route=\/wp\/v2\/users\/4"}],"replies":[{"embeddable":true,"href":"https:\/\/opus-folyoirat.sk\/index.php?rest_route=%2Fwp%2Fv2%2Fcomments&post=4271"}],"version-history":[{"count":1,"href":"https:\/\/opus-folyoirat.sk\/index.php?rest_route=\/wp\/v2\/pages\/4271\/revisions"}],"predecessor-version":[{"id":4272,"href":"https:\/\/opus-folyoirat.sk\/index.php?rest_route=\/wp\/v2\/pages\/4271\/revisions\/4272"}],"wp:attachment":[{"href":"https:\/\/opus-folyoirat.sk\/index.php?rest_route=%2Fwp%2Fv2%2Fmedia&parent=4271"}],"curies":[{"name":"wp","href":"https:\/\/api.w.org\/{rel}","templated":true}]}}