{"id":4273,"date":"2025-10-15T18:30:00","date_gmt":"2025-10-15T16:30:00","guid":{"rendered":"https:\/\/opus-folyoirat.sk\/?page_id=4273"},"modified":"2026-01-21T18:31:30","modified_gmt":"2026-01-21T16:31:30","slug":"nezi-a-feszek-repuleset","status":"publish","type":"page","link":"https:\/\/opus-folyoirat.sk\/?page_id=4273","title":{"rendered":"\u201e\u2026n\u00e9zi a f\u00e9szek rep\u00fcl\u00e9s\u00e9t\u2026\u201d"},"content":{"rendered":"<div class=\"wp-block-post-date\"><time datetime=\"2025-10-15T18:30:00+02:00\">2025-10-15<\/time><\/div>\n\n\n<p><em>K\u00f6vesdi K\u00e1roly k\u00f6sz\u00f6nt\u00e9se<\/em><\/p>\n\n\n\n<p>A majdani k\u00f6z\u00edr\u00f3 hatvannyolcban l\u00e9pett k\u00f6z\u00e9piskol\u00e1s fokra. Hatvannyolcban. S\u00falya volt annak az \u00e9vnek, jelen id\u0151s s\u00falya. Egy sz\u00e9p, hossz\u00fa, soha v\u00e9get nem \u00e9r\u0151 &#8211; k\u00e1pr\u00e1zatos \u00edg\u00e9retekkel teli &#8211; tavasz ut\u00e1n, a ny\u00e1r k\u00f6zep\u00e9n el\u0151bb j\u00e9ges\u0151, majd napokig tart\u00f3 havaz\u00e1s. J\u00f6tt. Kem\u00e9ny fagyokkal terhes id\u0151k. J\u00f6ttek, ism\u00e9t. Mennyi f\u00e9r el azokb\u00f3l hetven \u00e9vben? Nos, a hetvenben el\u0151sz\u00f6r is legal\u00e1bb sz\u00e1z esztend\u0151. Hiszen nem a semmibe \u00e9rkez\u00fcnk \u2013 sz\u00fcleink nemzed\u00e9ke, az el\u0151tt\u00fcnk j\u00e1r\u00f3 id\u0151k sorshordoz\u00f3i fogadtak-v\u00e1rtak benn\u00fcnket s nem \u00fcres k\u00e9zzel. Legf\u00f6ljebb, ha hossz\u00fa, besz\u00e9des hallgat\u00e1ssal.<\/p>\n\n\n\n<figure class=\"wp-block-image size-large\"><img loading=\"lazy\" decoding=\"async\" width=\"1024\" height=\"684\" src=\"https:\/\/opus-folyoirat.sk\/wp-content\/uploads\/2026\/01\/KovesdiKarcsi-1024x684.jpg\" alt=\"\" class=\"wp-image-4274\" srcset=\"https:\/\/opus-folyoirat.sk\/wp-content\/uploads\/2026\/01\/KovesdiKarcsi-1024x684.jpg 1024w, https:\/\/opus-folyoirat.sk\/wp-content\/uploads\/2026\/01\/KovesdiKarcsi-300x200.jpg 300w, https:\/\/opus-folyoirat.sk\/wp-content\/uploads\/2026\/01\/KovesdiKarcsi-768x513.jpg 768w, https:\/\/opus-folyoirat.sk\/wp-content\/uploads\/2026\/01\/KovesdiKarcsi-1536x1026.jpg 1536w, https:\/\/opus-folyoirat.sk\/wp-content\/uploads\/2026\/01\/KovesdiKarcsi-2048x1367.jpg 2048w, https:\/\/opus-folyoirat.sk\/wp-content\/uploads\/2026\/01\/KovesdiKarcsi-449x300.jpg 449w\" sizes=\"auto, (max-width: 1024px) 100vw, 1024px\" \/><\/figure>\n\n\n\n<p>K\u00f6vesdit is t\u00f6bbnyire a sz\u00f3k\u00f6z\u00f6k lass\u00fa dek\u00f3dol\u00e1sa tan\u00edtotta a gyorsfut\u00e1s\u00fa id\u0151ben, m\u00e1r messze nem k\u00f6z\u00e9piskol\u00e1s fokon, arra, amib\u0151l s ami ellen imm\u00e1r neki is \u00e9p\u00edtkeznie kellett; arra, amit majd \u00e9vtizedekkel k\u00e9s\u0151bb &#8211; T\u0151zs\u00e9rt k\u00f6sz\u00f6ntve &#8211; \u00edgy fogalmaz meg: \u201eA m\u00e1sodik vil\u00e1gh\u00e1bor\u00fa ut\u00e1n \u2026 az ism\u00e9telten elcsatolt Felvid\u00e9k magyars\u00e1g\u00e1nak \u2026 a sz\u00fcl\u0151f\u00f6ld\u00f6n marad\u00e1snak, a puszta l\u00e9tnek a t\u00e9nye forgott kock\u00e1n. \u2026 \u00e9vtizedek m\u00falva az irodalomt\u00f6rt\u00e9netben gyakran megfogalmaz\u00f3dott: a felvid\u00e9ki magyar irodalomnak szinte a semmib\u0151l kellett \u00fajra indulnia.\u201d A Magyar \u00d6r\u00f6ks\u00e9g D\u00edj \u00e1tad\u00e1s\u00e1n elhangzott laud\u00e1ci\u00f3ban fogalmazott \u00edgy K\u00f6vesdi, s hasonl\u00f3 alkalommal, de m\u00e1r Koncsol eset\u00e9ben, beemel\u0151dik \u201ehatvannyolc\u201d tragikuma is gondolatmenet\u00e9be. Ekkor emeli ki: \u201eA m\u00falt sz\u00e1zad nyolcvanas \u00e9veiben \u2013 amikor \u00e9ppen kiebrudalt\u00e1k [Koncsolt] a kritika- \u00e9s irodalomt\u00f6rt\u00e9net-\u00edr\u00e1sb\u00f3l a p\u00e1rt\u00e1llami korifeusok \u2013 volt szerencs\u00e9m nyomdai korrektork\u00e9nt egy g\u00e1lyapadon h\u00fazni vele az evez\u0151t. K\u00fcl\u00f6n\u00f6s csapat ver\u0151d\u00f6tt \u00f6ssze ott&nbsp; \u2026 elcsapott szerkeszt\u0151k, katedr\u00e1r\u00f3l ler\u00e1ncig\u00e1lt tan\u00edt\u00f3k, kegyvesztett, megt\u0171rt figur\u00e1k alkott\u00e1k, jobb sorsra \u00e9rdemes v\u00e1ndorleg\u00e9nyei a szellemi \u00e9letnek. \u2026 Aur\u00e1ja, szellemi kisug\u00e1rz\u00e1sa a szocialista szellemtelens\u00e9g m\u0171hely\u00e9ben is tekint\u00e9lyt parancsolt. \u2026 M\u00e1ig elfog a sz\u00e9gyenteljes d\u00fch, ha arra gondolok, milyen t\u00f6kmagjank\u00f3k \u00edt\u00e9ltek sorsa f\u00f6l\u00f6tt.\u201d&nbsp;<\/p>\n\n\n\n<p>\u00dagy fest tal\u00e1n, hogy K\u00f6vesdi K\u00e1roly hetvenedik sz\u00fclet\u00e9snapj\u00e1t k\u00f6sz\u00f6ntve, annak aprop\u00f3jak\u00e9nt id\u00e9zetekbe kapaszkodom \u2013 de h\u00e1t hogyan kellene s lehetne pontosabban meghat\u00e1roznunk azt a magyar \u00f6r\u00f6ks\u00e9get, amir\u0151l s ami\u00e9rt \u2013 mint el\u0151dei \u2013 \u0151 sem fogta be p\u00f6r\u00f6s sz\u00e1j\u00e1t\u2026? \u00cdrt, k\u00f6z\u00edrt, f\u00e1radhatatlanul. \u00cdr, k\u00f6z\u00edr, l\u00e1tsz\u00f3lag pihen\u00e9s n\u00e9lk\u00fcl. Hogy mir\u0151l? Hadd id\u00e9zzem most Koncsolt: \u201eEg\u00e9sz anyagi \u00e9s szellemi tev\u00e9kenys\u00e9g\u00fcnk szinte kiz\u00e1r\u00f3lagosan csak az \u00f6nfenntart\u00e1sra \u00e9s megmarad\u00e1sra ir\u00e1nyult, t\u00f6bbre sem er\u0151nkb\u0151l, sem lehet\u0151s\u00e9geinkb\u0151l nem telt\u201d. \u0150 ezt a m\u00falt sz\u00e1zad negyvenes \u00e9veinek v\u00e9g\u00e9r\u0151l \u00edrt \u00f6sszegz\u00e9s\u00e9ben \u00edrta, de r\u00e1illene ez a mondat az els\u0151 vil\u00e1gh\u00e1bor\u00fa ut\u00e1ni \u00e9vekre, s r\u00e1 a harmincas-negyvenes \u00e9vekre, r\u00e1 a hatvanas \u00e9vekre, a nyolcvanasokra, a rendszerv\u00e1lt\u00f3 \u00e9vekre, s r\u00e1 ak\u00e1r napjainkra, amikor szinte csak a bizonytalans\u00e1g az \u00f6r\u00f6k visszat\u00e9r\u0151. \u201eMintha a rendszerv\u00e1lt\u00e1s le lett volna v\u00e1ltva\u201d \u2013 \u00edrja err\u0151l K\u00f6vesdi K\u00e1roly is.<\/p>\n\n\n\n<p>K\u00f6z\u00edr\u00f3, mondtam, mert h\u00e1t hadd \u00e9ljek azzal a stallummal, mellyel \u0151t illette Duray Mikl\u00f3s: \u201e\u2026minden\u00fctt megeml\u00edtik, hogy k\u00f6lt\u0151, publicista, \u00edr\u00f3, \u00fajs\u00e1g\u00edr\u00f3, m\u0171ford\u00edt\u00f3. \u2026 M\u0171fajokat akasztanak a nyak\u00e1ba. Viszont gondolkodni m\u0171faj n\u00e9lk\u00fcl kell. A gondolat kifejez\u00e9s\u00e9nek m\u00f3dja, kerete, eszk\u00f6z k\u00e9rd\u00e9se, amit egyesek m\u0171fajnak neveznek, m\u00e1sok megsz\u00f3lal\u00e1sm\u00f3dnak, a k\u00f6z\u00f6ss\u00e9g pedig megsz\u00f3l\u00edt\u00e1snak. K\u00f6vesdi K\u00e1roly k\u00f6z\u00edr\u00f3, hat\u00e1rozza meg az \u00d6r\u00f6ks\u00e9g Bizotts\u00e1g.\u201d<\/p>\n\n\n\n<p>K\u00f6z\u00edr\u00f3. Rang, kit\u00fcntet\u00e9s, b\u00e1r roppant neh\u00e9z teher. Mert a kiv\u00e9teles tehets\u00e9g\u0171 emberek eset\u00e9ben mindig fel\u00f6tlik bennem (is) a l\u00e9lekb\u0151l sz\u0151tt alkot\u00e1sok mat\u00e9ri\u00e1j\u00e1nak elmaradt gyarap\u00edt\u00e1sa. Er\u0151s, kiemelked\u0151, olykor maradand\u00f3an \u00e9rv\u00e9nyes k\u00f6lt\u00e9szet is megb\u00fajik K\u00f6vesdi tarsoly\u00e1ban, s ki tudja, mennyi nem sz\u00fcletett meg a versekb\u0151l egy adott lapsz\u00e1m gondos szerkeszt\u00e9se, egy vez\u00e9rcikk, egy publicisztika, egy k\u00f6z\u00edr\u00e1s-feladat teljes\u00edt\u00e9se miatt? Hiszen sz\u00e1m\u00e1ra a k\u00f6z\u00edr\u00e1s keretei, meglehet, el\u0151bbre \u00e1llnak a sorban; s aki a redakci\u00f3ban h\u00fazza le az \u00e9let\u00e9t, annak nem r\u00fag ezernyi oldalra sz\u00e9ppr\u00f3zai, avagy l\u00edrai \u00e9letm\u0171ve. Nem jut arra id\u0151 \u2013 j\u00f3 p\u00e9lda erre Czig\u00e1ny L\u00f3r\u00e1nt mondata, aki Szab\u00f3 Zolt\u00e1n portr\u00e9j\u00e1ban sz\u00f3l err\u0151l, \u00edgy: \u201ea hat\u00e1rid\u0151k Damokl\u00e9sz kardjak\u00e9nt f\u00fcggtek Karinthy vagy Kosztol\u00e1nyi feje f\u00f6l\u00f6tt is, az \u00f6tletek, a gondolatok ki\u00e9rlel\u00e9s\u00e9re kev\u00e9s id\u0151 marad\u201d, kev\u00e9s bizony, b\u00e1r K\u00f6vesdi K\u00e1rolyt f\u00e9lten\u00fcnk nem kell; nagy, s\u00falyos \u00f6r\u00f6ks\u00e9g az \u00f6v\u00e9, de gy\u00f6ny\u00f6r\u0171 s zengzetes. El\u00e9g ennek meg\u00e9rt\u00e9s\u00e9hez egy vers\u00e9be lapoznunk: \u201e\u2026dadogtam, \/ mint egy csecsem\u0151, most sem tal\u00e1ltam \/ a szavakat, az \u00e9n f\u00e1j\u00f3, \u00e9des szavaimat, \/ amelyek r\u00e9ges-r\u00e9g elgurultak valahov\u00e1. \/ \u00c9s any\u00e1m, egyre t\u00e1voz\u00f3ban, eln\u00e9z\u0151 mosollyal \/ egyszer csak visszaadta \u0151ket.\u201d S \u0151 \u0151rzi tov\u00e1bb, mint a sorsk\u00f6z\u00f6ss\u00e9g legfontosabb \u00f6r\u00f6ks\u00e9g\u00e9t: az anyanyelvhaza hat\u00e1rtalans\u00e1g\u00e1t.<\/p>\n\n\n\n<p>Mit k\u00edv\u00e1njunk h\u00e1t K\u00f6vesdi K\u00e1rolynak e sz\u00e9p, kerek hetvenediken? \u00cdrhasson s tehessen mindent ugyan\u00edgy. Sz\u00e9p sors az \u00f6v\u00e9, fogy\u00f3ban is teljesed\u0151, p\u00e9ld\u00e1j\u00e1ban s p\u00e9ld\u00e1zat\u00e1ban maradand\u00f3. S nem tudom, mindennek k\u00f6ze van-e ahhoz, hogy hatvannyolcban l\u00e9pett k\u00f6z\u00e9piskol\u00e1s fokra s emelkedett az\u00f3ta sokkal magasabbra? Meglehet, nem sok, hiszen mikor volt e sorst\u00e1jon b\u00e1rki \u00e9rkez\u00e9s\u00e9hez enn\u00e9l k\u00f6nnyebb pillanat? Innen sz\u00f3lni \u2013 \u00e9rdem, dics\u0151s\u00e9g, felel\u0151ss\u00e9g. Ez K\u00f6vesdi K\u00e1roly lassan tov\u00e1bbadand\u00f3 \u00f6r\u00f6ks\u00e9ge; ami el\u0151l \u2013 ne gondolja ezt m\u00e1sk\u00e9pp \u2013 tal\u00e1n soha el sem menek\u00fclhetett volna. Hiszen m\u00e1r Ady Endre megmondta ezt Thury Zolt\u00e1nnak: \u201e\u2026az igazs\u00e1g im\u00e1d\u00e1sa tartja abban a vil\u00e1gban, amelyben \u00e9l. B\u00e1ntja a l\u00e1rma, a sok nyegles\u00e9g, a sok \u00fcress\u00e9g, a sok gonoszs\u00e1g, de m\u00e9gsem keresi fel azt a kis zugot, ahol kib\u00e9k\u00fclve, kimenek\u00fclve szeml\u00e9l\u0151dhetn\u00e9k, s ahol \u00edrhatna m\u00e9g t\u00f6bbet, \u00edrhatna a Thury-\u00edr\u00e1sokra szomjas sok-sok embernek. \u2026 F\u00e9l, hogy elvonulva nem tudna igaz lenni. \u0150 pedig a nagy s\u00falyos igazs\u00e1gok hivatott sz\u00f3sz\u00f3l\u00f3ja, mestere.\u201d<\/p>\n\n\n\n<p>K\u00f6vesdi K\u00e1roly, a nagy s\u00falyos igazs\u00e1gok hivatott sz\u00f3sz\u00f3l\u00f3ja hetven\u00e9ves. K\u00f6sz\u00f6ntj\u00fck. S van sz\u00e1m\u00e1ra egy j\u00f3 h\u00edr\u00fcnk is \u2013 m\u00e9g messze a lapz\u00e1rta. De nincs id\u0151 h\u00e1trad\u0151lni, v\u00e1rjuk az \u00fajabb \u00edr\u00e1sokat. \u201eMert\u201d, ahogyan t\u00edz \u00e9vvel ezel\u0151tt is kimondatott \u00fcnnepelt\u00fcnk \u00e1ltal, \u201eez egyfajta szolg\u00e1lat a k\u00f6z\u00f6ss\u00e9g\u00fcnknek.\u201d&nbsp;<\/p>\n\n\n\n<p><em>Tam\u00e1si Orosz J\u00e1nos<\/em><\/p>\n","protected":false},"excerpt":{"rendered":"<p>K\u00f6vesdi K\u00e1roly k\u00f6sz\u00f6nt\u00e9se A majdani k\u00f6z\u00edr\u00f3 hatvannyolcban l\u00e9pett k\u00f6z\u00e9piskol\u00e1s fokra. Hatvannyolcban. S\u00falya volt annak az \u00e9vnek, jelen id\u0151s s\u00falya. Egy sz\u00e9p, hossz\u00fa, soha v\u00e9get nem \u00e9r\u0151 &#8211; k\u00e1pr\u00e1zatos \u00edg\u00e9retekkel teli &#8211; tavasz ut\u00e1n, a ny\u00e1r k\u00f6zep\u00e9n el\u0151bb j\u00e9ges\u0151, majd napokig &hellip; <a href=\"https:\/\/opus-folyoirat.sk\/?page_id=4273\">Egy kattint\u00e1s ide a folytat\u00e1shoz&#8230;. <span class=\"meta-nav\">&rarr;<\/span><\/a><\/p>\n","protected":false},"author":4,"featured_media":0,"parent":0,"menu_order":0,"comment_status":"closed","ping_status":"closed","template":"","meta":{"footnotes":""},"class_list":["post-4273","page","type-page","status-publish","hentry"],"_links":{"self":[{"href":"https:\/\/opus-folyoirat.sk\/index.php?rest_route=\/wp\/v2\/pages\/4273","targetHints":{"allow":["GET"]}}],"collection":[{"href":"https:\/\/opus-folyoirat.sk\/index.php?rest_route=\/wp\/v2\/pages"}],"about":[{"href":"https:\/\/opus-folyoirat.sk\/index.php?rest_route=\/wp\/v2\/types\/page"}],"author":[{"embeddable":true,"href":"https:\/\/opus-folyoirat.sk\/index.php?rest_route=\/wp\/v2\/users\/4"}],"replies":[{"embeddable":true,"href":"https:\/\/opus-folyoirat.sk\/index.php?rest_route=%2Fwp%2Fv2%2Fcomments&post=4273"}],"version-history":[{"count":1,"href":"https:\/\/opus-folyoirat.sk\/index.php?rest_route=\/wp\/v2\/pages\/4273\/revisions"}],"predecessor-version":[{"id":4275,"href":"https:\/\/opus-folyoirat.sk\/index.php?rest_route=\/wp\/v2\/pages\/4273\/revisions\/4275"}],"wp:attachment":[{"href":"https:\/\/opus-folyoirat.sk\/index.php?rest_route=%2Fwp%2Fv2%2Fmedia&parent=4273"}],"curies":[{"name":"wp","href":"https:\/\/api.w.org\/{rel}","templated":true}]}}