{"id":4280,"date":"2026-01-21T18:36:06","date_gmt":"2026-01-21T16:36:06","guid":{"rendered":"https:\/\/opus-folyoirat.sk\/?page_id=4280"},"modified":"2026-01-21T18:36:06","modified_gmt":"2026-01-21T16:36:06","slug":"haromnegyed-evszazad-unnepere","status":"publish","type":"page","link":"https:\/\/opus-folyoirat.sk\/?page_id=4280","title":{"rendered":"H\u00e1romnegyed \u00e9vsz\u00e1zad \u00fcnnep\u00e9re"},"content":{"rendered":"\n<p><em>\u00dczenet Ravasz J\u00f3zsef sz\u00fclet\u00e9snapj\u00e1ra<\/em><\/p>\n\n\n\n<p>A m\u00falt sz\u00e1zad nyolcvanas \u00e9veiben mark\u00e1ns arculatot \u00f6lt\u00f6tt Ir\u00f3dia-csoport egyik titka (a k\u00e9zenfekv\u0151ek mellett) az lehetett, hogy n\u00e9h\u00e1ny tagja amolyan \u201ekint is vagyok, bent is vagyok\u201d technik\u00e1val nem csup\u00e1n r\u00e9szt vettek, de n\u00e9pszer\u0171s\u00edtett\u00e9k is \u00f6sszej\u00f6veteleiket, kiadv\u00e1nyaikat, s\u00falyt adva ezzel is egyre mark\u00e1nsabb jelenl\u00e9t\u00fcknek. <em>Fellinger<\/em> a Szabad F\u00f6ldm\u0171ves, <em>Juh\u00e1sz<\/em> a H\u00e9t, <em>Krausz<\/em> az Irodalmi Szemle, <em>Ravasz J\u00f3zsef<\/em> a Csall\u00f3k\u00f6z has\u00e1bjain bukkan fel h\u00edrad\u00e1saival. Ut\u00f3bbi n\u00e9gy h\u00f3nappal \u00e9s negyven \u00e9vvel ezel\u0151tt \u00edrta le, hogy \u201eaz Ir\u00f3dia csoportba t\u00f6m\u00f6r\u00edti a tehets\u00e9ges alkot\u00f3kat, akikb\u0151l k\u00e9s\u0151bb form\u00e1l\u00f3dhat egy \u00faj irodalmi nemzed\u00e9k\u201d, \u00e9s j\u00f3slat\u00e1t k\u00f6nny\u0171 sz\u00edvvel kock\u00e1ztathatta meg (azt is mondhatn\u00e1nk, hogy \u00fariemberhez nem m\u00e9lt\u00f3 m\u00f3don, az ugyanis biztosra nem fogad), hiszen az eml\u00edtett n\u00e9vsor m\u00e1r akkor is jelezte az \u00faj nemzed\u00e9k jogos titulus\u00e1t, s az\u00f3ta m\u00e1r a szlov\u00e1kiai magyar irodalomt\u00f6rt\u00e9net egyik fontos fejezet\u00e9t alkotj\u00e1k. Bele\u00e9rtve Ravaszt is, akinek az\u00f3ta is \u201eszeme a p\u00e1ly\u00e1n\u201d, imm\u00e1r hetven\u00f6t\u00f6dik \u00e9let\u00e9v\u00e9t taposva \u2013 mit taposva, ink\u00e1bb sz\u00f6kellve, ruganyos elm\u00e9vel sz\u0171rve \u00e9s s\u0171r\u00edtve versk\u00e9pekbe az l\u00e9tez\u00e9s k\u00e9peit \u2013 j\u00e1rja makacsul a maga \u00fatj\u00e1t, eredm\u00e9nyesen.&nbsp;<\/p>\n\n\n\n<figure class=\"wp-block-image size-large\"><img loading=\"lazy\" decoding=\"async\" width=\"1024\" height=\"682\" src=\"https:\/\/opus-folyoirat.sk\/wp-content\/uploads\/2026\/01\/01_RavaszJozsef03-1024x682.jpg\" alt=\"\" class=\"wp-image-4278\" srcset=\"https:\/\/opus-folyoirat.sk\/wp-content\/uploads\/2026\/01\/01_RavaszJozsef03-1024x682.jpg 1024w, https:\/\/opus-folyoirat.sk\/wp-content\/uploads\/2026\/01\/01_RavaszJozsef03-300x200.jpg 300w, https:\/\/opus-folyoirat.sk\/wp-content\/uploads\/2026\/01\/01_RavaszJozsef03-768x512.jpg 768w, https:\/\/opus-folyoirat.sk\/wp-content\/uploads\/2026\/01\/01_RavaszJozsef03-1536x1024.jpg 1536w, https:\/\/opus-folyoirat.sk\/wp-content\/uploads\/2026\/01\/01_RavaszJozsef03-2048x1365.jpg 2048w, https:\/\/opus-folyoirat.sk\/wp-content\/uploads\/2026\/01\/01_RavaszJozsef03-450x300.jpg 450w\" sizes=\"auto, (max-width: 1024px) 100vw, 1024px\" \/><\/figure>\n\n\n\n<p>\u00d6t \u00e9vvel ezel\u0151tt, Ravasz hetvenedik sz\u00fclet\u00e9snapj\u00e1nak k\u00f6sz\u00f6nt\u00e9s\u00e9n a p\u00e1lyat\u00e1rs <em>Sz\u00e1szi Zolt\u00e1n<\/em> sem hagyta eml\u00edt\u00e9s n\u00e9lk\u00fcl az \u00fcnnepelt sikereit. \u201eTe Dzs\u00e9zi, h\u00e1t l\u00e1tod, mennyit v\u00e1ltozott az id\u0151? Az\u00f3ta egyetemet v\u00e9gezt\u00e9l, tudom\u00e1nyos fokozatokat szerezt\u00e9l, civilk\u00e9nt \u00e9rdekv\u00e9d\u0151k\u00e9nt dolgozt\u00e1l \u00e9vtizedeken \u00e1t. \u00cdrt\u00e1l \u00e9s folyamatosan \u00edrsz m\u00e9g verseket, s ez j\u00f3! Ez j\u00f3 ebben az eg\u00e9szben, hogy van egy ir\u00e1ny, \u00e9s van egy p\u00e1lya \u00e9s sz\u00e9pen kirajzolhat\u00f3.\u201d Ki bizony, s akik ismerik k\u00f6lt\u0151nket, azok tudj\u00e1k: m\u00e1r k\u00f6zeledv\u00e9n is asztalhoz, bar\u00e1tokhoz, a tekintete f\u00fcrg\u00e9n futkos minden ir\u00e1nyba, s ironikusan lecsaphat\u00f3 c\u00e9lt, pillanatot keres. Hiszen az \u00e9let elengedhetetlen felt\u00e9tele a j\u00f3kedv, a nevet\u00e9s, a der\u0171 \u2013 maradjon meg a verseknek a szomor\u00fas\u00e1g, vallja. Igen, Dzs\u00e9zivel j\u00f3 egy\u00fctt besz\u00e9lgetni, n\u00e9zni a vil\u00e1got, s kicsit irigykedni \u00e1lland\u00f3 szellemi izg\u00e9kony-mozg\u00e9konys\u00e1g\u00e1ra, mert bizony, val\u00f3ban folyamatosan \u00edr, s ez \u2013 hadd legyek \u00e9n is ironikus \u2013 nem is olyan j\u00f3, ahogyan Sz\u00e1szi kiemelte. Persze, az olvas\u00f3nak remek, mindig kap valami <em>mindennapi verskenyeret<\/em>, \u00e9rkeznek az <em>\u00e9letjelek<\/em>, biccent\u00fcnk, ha kijelenti, hogy <em>a csoda \u00e9n magam vagyok<\/em>, s ha bepillantunk a <em>sz\u00edvh\u00e1zik\u00f3<\/em>ba, akkor abban is egyet\u00e9rthet\u00fcnk, hogy a <em>cig\u00e1nyorsz\u00e1g<\/em> lehet val\u00f3ban nem m\u00e1s, mint <em>a j\u00f3isten lehajtott feje<\/em>. S e mondatban m\u00e9g nem is sz\u0151ttem \u00f6ssze az eddigi Ravasz-\u00e9letm\u0171 minden egyes darabj\u00e1nak c\u00edm\u00e9t\u2026 Igen, az olvas\u00f3nak ez remek dolog, de \u2013 s hadd legyek most az eddigin\u00e9l is szem\u00e9lyesebb \u2013 a szerkeszt\u0151nek s a kiad\u00f3nak m\u00e1r-m\u00e1r kev\u00e9sb\u00e9. Mert b\u00e1r lend\u00fcletes, de meglehet\u0151sen kem\u00e9ny temp\u00f3t dikt\u00e1l nekik. Hiszen a meg\u00edrt vers nem fi\u00f3kba val\u00f3, azt ki kell adni \u2013 \u00e9n magam ebbe is belek\u00f3stolhattam legut\u00f3bbi v\u00e1logatott k\u00f6tet\u00e9nek szerkeszt\u00e9se k\u00f6zben, s m\u00e1r k\u00e9t tov\u00e1bbi k\u00e9zirat pislog a k\u00e9perny\u0151 fel\u00e9 sz\u00e1m\u00edt\u00f3g\u00e9pem merevlemez\u00e9r\u0151l, s\u0151t, tudom\u00e1som van egy gyermekeknek k\u00e9sz\u00fcl\u0151 \u00fajabb k\u00f6tet\u00e9r\u0151l is. De h\u00e9t mi\u00e9rt ne dolgozna folyamatosan? Hiszen m\u00e9g csak hetven\u00f6t \u00e9ves. \u201eEkkora lelkesed\u00e9s l\u00e1tt\u00e1n azt mondhatjuk, csak b\u00edzzanak \u00f6nmagukban, s az eredm\u00e9nyek sem maradnak el\u201d, \u00fczente-\u00edrta negyven \u00e9ve \u00e9s n\u00e9gy h\u00f3napja a \u201ekint is vagyok, bent is vagyok\u201d l\u00e1t\u00f3sz\u00f6g\u00e9b\u0151l Ir\u00f3di\u00e1s t\u00e1rsainak, s l\u00e1thatjuk: rajta nem m\u00falt, nem m\u00falik. Akkor a Csall\u00f3k\u00f6z has\u00e1bj\u00e1ra r\u00f3tta fel ezt az \u00fczenetet, most k\u00e9t szerelm\u00e9t k\u00e9sz\u00fcl \u00f6n\u00e1ll\u00f3 k\u00f6tetbe \u00e1gyazva meg\u00f6r\u00f6k\u00edteni: Birsk\u00e9hez sz\u00f3l\u00f3 szerelmes verseit, melyek \u00edve s t\u00e1gass\u00e1ga annak \u00e9rzelmi teljess\u00e9g\u00e9r\u0151l, egy kicsit mag\u00e1r\u00f3l a l\u00e9lek r\u00f6ppen\u00e9seir\u0151l is vallanak, s a m\u00e1sik a Csall\u00f3k\u00f6z ihlette sz\u00fcl\u0151f\u00f6ld-versek gy\u0171jtem\u00e9nye, mely vallom\u00e1sok a sz\u00fcl\u0151f\u00f6ld k\u00f6t\u00f6tts\u00e9geket is legy\u0151z\u0151 szabads\u00e1g-\u00e9lm\u00e9nyeit, annak \u2013 a szabads\u00e1gnak \u2013 \u00edv\u00e9t, t\u00e1gass\u00e1g\u00e1t, l\u00e9lek-r\u00f6ppent\u0151 foh\u00e1szait \u00f6lelik l\u00edrai csokorba. &nbsp;<\/p>\n\n\n\n<p>Te Dzs\u00e9zi, h\u00e1t l\u00e1tod, nem sokat v\u00e1ltoztatott rajtad az id\u0151. Els\u0151 verseidet m\u00e9g szinte gyerekk\u00e9nt \u00edrtad, az\u00f3ta egyetemet v\u00e9gezt\u00e9l, tudom\u00e1nyos fokozatokat szerezt\u00e9l, civilk\u00e9nt \u00e9rdekv\u00e9d\u0151k\u00e9nt dolgozt\u00e1l \u00e9vtizedeken \u00e1t, s k\u00f6zben \u00edrt\u00e1l \u00e9s folyamatosan \u00edrsz m\u00e9g verseket, s ez j\u00f3! Ez j\u00f3 ebben az eg\u00e9szben, hogy van egy ir\u00e1ny, \u00e9s van egy p\u00e1lya \u00e9s sz\u00e9pen kirajzolhat\u00f3: a k\u00f6lt\u00e9szet k\u00e9t alapvet\u0151 pill\u00e9r\u00e9re \u00e9p\u00edtett h\u00eddon vezeted olvas\u00f3idat \u00f6nmaguk fel\u00e9. Szabads\u00e1g \u00e9s szerelem. Tartott eddig is, s tartson mindkett\u0151 m\u00e9g j\u00f3 sok\u00e1ig, j\u00f3 szorosan, mert az j\u00f3.&nbsp;<\/p>\n\n\n\n<p><em>Tam\u00e1si Orosz J\u00e1nos<\/em><\/p>\n","protected":false},"excerpt":{"rendered":"<p>\u00dczenet Ravasz J\u00f3zsef sz\u00fclet\u00e9snapj\u00e1ra A m\u00falt sz\u00e1zad nyolcvanas \u00e9veiben mark\u00e1ns arculatot \u00f6lt\u00f6tt Ir\u00f3dia-csoport egyik titka (a k\u00e9zenfekv\u0151ek mellett) az lehetett, hogy n\u00e9h\u00e1ny tagja amolyan \u201ekint is vagyok, bent is vagyok\u201d technik\u00e1val nem csup\u00e1n r\u00e9szt vettek, de n\u00e9pszer\u0171s\u00edtett\u00e9k is \u00f6sszej\u00f6veteleiket, kiadv\u00e1nyaikat, &hellip; <a href=\"https:\/\/opus-folyoirat.sk\/?page_id=4280\">Egy kattint\u00e1s ide a folytat\u00e1shoz&#8230;. <span class=\"meta-nav\">&rarr;<\/span><\/a><\/p>\n","protected":false},"author":4,"featured_media":0,"parent":0,"menu_order":0,"comment_status":"closed","ping_status":"closed","template":"","meta":{"footnotes":""},"class_list":["post-4280","page","type-page","status-publish","hentry"],"_links":{"self":[{"href":"https:\/\/opus-folyoirat.sk\/index.php?rest_route=\/wp\/v2\/pages\/4280","targetHints":{"allow":["GET"]}}],"collection":[{"href":"https:\/\/opus-folyoirat.sk\/index.php?rest_route=\/wp\/v2\/pages"}],"about":[{"href":"https:\/\/opus-folyoirat.sk\/index.php?rest_route=\/wp\/v2\/types\/page"}],"author":[{"embeddable":true,"href":"https:\/\/opus-folyoirat.sk\/index.php?rest_route=\/wp\/v2\/users\/4"}],"replies":[{"embeddable":true,"href":"https:\/\/opus-folyoirat.sk\/index.php?rest_route=%2Fwp%2Fv2%2Fcomments&post=4280"}],"version-history":[{"count":1,"href":"https:\/\/opus-folyoirat.sk\/index.php?rest_route=\/wp\/v2\/pages\/4280\/revisions"}],"predecessor-version":[{"id":4281,"href":"https:\/\/opus-folyoirat.sk\/index.php?rest_route=\/wp\/v2\/pages\/4280\/revisions\/4281"}],"wp:attachment":[{"href":"https:\/\/opus-folyoirat.sk\/index.php?rest_route=%2Fwp%2Fv2%2Fmedia&parent=4280"}],"curies":[{"name":"wp","href":"https:\/\/api.w.org\/{rel}","templated":true}]}}