{"id":4286,"date":"2025-09-16T20:25:00","date_gmt":"2025-09-16T18:25:00","guid":{"rendered":"https:\/\/opus-folyoirat.sk\/?page_id=4286"},"modified":"2026-01-21T20:29:27","modified_gmt":"2026-01-21T18:29:27","slug":"csoka-zsofia","status":"publish","type":"page","link":"https:\/\/opus-folyoirat.sk\/?page_id=4286","title":{"rendered":"Cs\u00f3ka Zs\u00f3fia*:"},"content":{"rendered":"\n<p><strong>a sz\u00e1zt\u00edz \u00e9ves hirdet\u0151t\u00e1bla [plak\u00e1tmag\u00e1ny]<\/strong><\/p>\n\n\n<div class=\"has-text-align-right wp-block-post-date\"><time datetime=\"2025-09-16T20:25:00+02:00\">2025-09-16<\/time><\/div>\n\n\n<p>d\u00e9dnagyany\u00e1m ezt<br>zsolt\u00e1rok a pap\u00edrkeresked\u00e9sben kaphat\u00f3k<br>a kir\u00e1lyi magyar automobil club hegyi versenye<br>r\u00e9szv\u00e9nyszal\u00e1mi t\u00e9li szal\u00e1mi tiszta sert\u00e9sh\u00fas<br><br>nagyany\u00e1m ezt<br>p\u00e1ger antal eszenyi olga f\u00f6ldindul\u00e1s<br>r\u00f3latok besz\u00e9l hozz\u00e1tok sz\u00f3l a n\u00e9pr\u00e1di\u00f3<br>l\u00e9gy az els\u0151k k\u00f6z\u00f6tt a term\u00e9nybead\u00e1si versenyben<br><br>\u00e9desany\u00e1m ezt<br>a sz\u00e9p b\u0151r titka fabulon<br>kezdje a sk\u00e1l\u00e1kn\u00e1l<br>orb\u00e1n viktor rendszerz\u00e1r\u00f3 h\u00e1zibulira h\u00edvja bar\u00e1tait<br><br>\u00e9n ezt<br>nestl\u00e9 chokito ronda \u00e9s finom<br>sziget island of freedom #szabadon #muveszet<br>kij\u00e1r\u00e1si korl\u00e1toz\u00e1s tov\u00e1bbi inform\u00e1ci\u00f3&nbsp;<a href=\"http:\/\/www.koronavirus.gov.hu\/\">www.koronavirus.gov.hu<\/a><br><br>l\u00e1tta volt<br>l\u00e1tta<br>l\u00e1tja<br>l\u00e1tom<br><br>a hirdet\u00e9seket ma m\u00e1r ragasztj\u00e1k<br>nincsenek mag\u00e1nyos szegek<br>nappal is vil\u00e1g\u00edtja az izz\u00f3<br>bontj\u00e1k. n\u00e9gy \u00e9vig \u00e1llt \u00fcresen<\/p>\n\n\n\n<p>* <em>A szerz\u0151 a Kort\u00e1rs Hangon Nemzetk\u00f6zi Irodalmi P\u00e1ly\u00e1zat 3. d\u00edj\u00e1t nyerte el, illetve a p\u00e1ly\u00e1z\u00f3k k\u00f6z\u00fcl az Opus irodalmi \u00e9s m\u0171v\u00e9szeti foly\u00f3irat lapd\u00edj\u00e1t is ki\u00e9rdemelte, mely k\u00f6zl\u00e9si lehet\u0151s\u00e9get biztos\u00edt sz\u00e1m\u00e1ra.<\/em><\/p>\n","protected":false},"excerpt":{"rendered":"<p>a sz\u00e1zt\u00edz \u00e9ves hirdet\u0151t\u00e1bla [plak\u00e1tmag\u00e1ny] d\u00e9dnagyany\u00e1m eztzsolt\u00e1rok a pap\u00edrkeresked\u00e9sben kaphat\u00f3ka kir\u00e1lyi magyar automobil club hegyi versenyer\u00e9szv\u00e9nyszal\u00e1mi t\u00e9li szal\u00e1mi tiszta sert\u00e9sh\u00fas nagyany\u00e1m eztp\u00e1ger antal eszenyi olga f\u00f6ldindul\u00e1sr\u00f3latok besz\u00e9l hozz\u00e1tok sz\u00f3l a n\u00e9pr\u00e1di\u00f3l\u00e9gy az els\u0151k k\u00f6z\u00f6tt a term\u00e9nybead\u00e1si versenyben \u00e9desany\u00e1m ezta sz\u00e9p &hellip; <a href=\"https:\/\/opus-folyoirat.sk\/?page_id=4286\">Egy kattint\u00e1s ide a folytat\u00e1shoz&#8230;. <span class=\"meta-nav\">&rarr;<\/span><\/a><\/p>\n","protected":false},"author":4,"featured_media":0,"parent":0,"menu_order":0,"comment_status":"closed","ping_status":"closed","template":"","meta":{"footnotes":""},"class_list":["post-4286","page","type-page","status-publish","hentry"],"_links":{"self":[{"href":"https:\/\/opus-folyoirat.sk\/index.php?rest_route=\/wp\/v2\/pages\/4286","targetHints":{"allow":["GET"]}}],"collection":[{"href":"https:\/\/opus-folyoirat.sk\/index.php?rest_route=\/wp\/v2\/pages"}],"about":[{"href":"https:\/\/opus-folyoirat.sk\/index.php?rest_route=\/wp\/v2\/types\/page"}],"author":[{"embeddable":true,"href":"https:\/\/opus-folyoirat.sk\/index.php?rest_route=\/wp\/v2\/users\/4"}],"replies":[{"embeddable":true,"href":"https:\/\/opus-folyoirat.sk\/index.php?rest_route=%2Fwp%2Fv2%2Fcomments&post=4286"}],"version-history":[{"count":1,"href":"https:\/\/opus-folyoirat.sk\/index.php?rest_route=\/wp\/v2\/pages\/4286\/revisions"}],"predecessor-version":[{"id":4290,"href":"https:\/\/opus-folyoirat.sk\/index.php?rest_route=\/wp\/v2\/pages\/4286\/revisions\/4290"}],"wp:attachment":[{"href":"https:\/\/opus-folyoirat.sk\/index.php?rest_route=%2Fwp%2Fv2%2Fmedia&parent=4286"}],"curies":[{"name":"wp","href":"https:\/\/api.w.org\/{rel}","templated":true}]}}