{"id":4306,"date":"2025-11-08T20:50:00","date_gmt":"2025-11-08T18:50:00","guid":{"rendered":"https:\/\/opus-folyoirat.sk\/?page_id=4306"},"modified":"2026-01-21T20:52:27","modified_gmt":"2026-01-21T18:52:27","slug":"kugler-viktor","status":"publish","type":"page","link":"https:\/\/opus-folyoirat.sk\/?page_id=4306","title":{"rendered":"Kugler Viktor"},"content":{"rendered":"<div class=\"wp-block-post-date\"><time datetime=\"2025-11-08T20:50:00+02:00\">2025-11-08<\/time><\/div>\n\n\n<p><strong>pinokki\u00f3 2. levele\u00a0<\/strong><\/p>\n\n\n\n<p>apa, parav\u00e1n vagy, kitakarod\u00a0<br>el\u0151lem az \u00e9letet. mikor mell\u00e9d\u00a0<br>settenkedek \u00e9s m\u00f6g\u00e9d pillantok\u00a0<br>a h\u00e1tadon l\u00e1tszik, hogy igaz\u00e1b\u00f3l\u00a0<br>pajzs vagy egy kiv\u00e9gz\u0151osztag\u00a0<br>\u00e9s k\u00f6ztem. felfogod a k\u00ednz\u00e1st,\u00a0<br>az \u00f6ld\u00f6kl\u00e9s domborzat\u00e1t hordod<br>lapock\u00e1idon. az \u00fct\u00e9sek lil\u00e1j\u00e1nak\u00a0<br>komplementereit csillogja szertesz\u00e9t\u00a0<br>szemed. er\u0151t gy\u0171jtesz, magadra\u00a0<br>szor\u00edtod szemh\u00e9jad \u00e9s n\u00f6veled\u00a0<br>magadban szemeid klausztrof\u00f3bi\u00e1j\u00e1t.\u00a0<\/p>\n\n\n\n<p><br><strong>dzsepett\u00f3 2. levele\u00a0<\/strong><\/p>\n\n\n\n<p>fiam, azt hitted, b\u00e1tor vagyok,\u00a0<br>pedig csak a gy\u00e1vas\u00e1g megt\u00e9veszt\u0151\u00a0<br>protot\u00edpus\u00e1nak mondan\u00e1m magam.\u00a0<br>dicsekedni a gy\u00e1vas\u00e1gommal, ennyit\u00a0<br>adhatok. tudod, a leger\u0151sebb ap\u00e1k\u00a0<br>a hat\u00e1rban laknak. \u0151k v\u00e9denek,\u00a0<br>de miattuk is vagyunk kiszolg\u00e1ltatottak.\u00a0<br>a centrumban \u00e9l\u00fcnk, a v\u00e1ros\u00a0<br>f\u00e9lelem\u00e9rzete vagyunk. itt, ahol \u00a0<br>mindig megfordulnak a szavak,\u00a0<br>valamikor egy sors\u00e1ra hagyott\u00a0<br>intertextus \u00e1llt, sz\u00e9ttorz\u00edtott form\u00e1ban,\u00a0<br>m\u00e9g az eml\u00e9k\u00e9t is kih\u00faztam. iszonyodom,\u00a0<br>hogy mindig a holnap paranoi\u00e1j\u00e1ba\u00a0<br>kell tasz\u00edtanom a testem \u00e9s mik\u00f6zben\u00a0<br>m\u00e1szom kifel\u00e9 bel\u0151le, a sz\u00e1mban\u00a0<br>a szabadul\u00e1s seg\u00e9dig\u00e9ivel, olyan\u00a0<br>helyre \u00e9rkezem, ahol mintha mindig\u00a0<br>csak tegnap lenne. fiam, igen sokszor\u00a0<br>\u00e9rzem, hogy az \u00e9letet mintha mell\u00e9m\u00a0<br>szabt\u00e1k volna \u00e9s csak a perif\u00e9ri\u00e1j\u00e1n\u00a0<br>\u00e9ldeg\u00e9lek. sz\u00f3val ilyen f\u00e9lni, fiam,\u00a0<br>var\u00e1zslatosan egyszer\u0171.\u00a0<\/p>\n","protected":false},"excerpt":{"rendered":"<p>pinokki\u00f3 2. levele\u00a0 apa, parav\u00e1n vagy, kitakarod\u00a0el\u0151lem az \u00e9letet. mikor mell\u00e9d\u00a0settenkedek \u00e9s m\u00f6g\u00e9d pillantok\u00a0a h\u00e1tadon l\u00e1tszik, hogy igaz\u00e1b\u00f3l\u00a0pajzs vagy egy kiv\u00e9gz\u0151osztag\u00a0\u00e9s k\u00f6ztem. felfogod a k\u00ednz\u00e1st,\u00a0az \u00f6ld\u00f6kl\u00e9s domborzat\u00e1t hordodlapock\u00e1idon. az \u00fct\u00e9sek lil\u00e1j\u00e1nak\u00a0komplementereit csillogja szertesz\u00e9t\u00a0szemed. er\u0151t gy\u0171jtesz, magadra\u00a0szor\u00edtod szemh\u00e9jad \u00e9s n\u00f6veled\u00a0magadban szemeid &hellip; <a href=\"https:\/\/opus-folyoirat.sk\/?page_id=4306\">Egy kattint\u00e1s ide a folytat\u00e1shoz&#8230;. <span class=\"meta-nav\">&rarr;<\/span><\/a><\/p>\n","protected":false},"author":4,"featured_media":0,"parent":0,"menu_order":0,"comment_status":"closed","ping_status":"closed","template":"","meta":{"footnotes":""},"class_list":["post-4306","page","type-page","status-publish","hentry"],"_links":{"self":[{"href":"https:\/\/opus-folyoirat.sk\/index.php?rest_route=\/wp\/v2\/pages\/4306","targetHints":{"allow":["GET"]}}],"collection":[{"href":"https:\/\/opus-folyoirat.sk\/index.php?rest_route=\/wp\/v2\/pages"}],"about":[{"href":"https:\/\/opus-folyoirat.sk\/index.php?rest_route=\/wp\/v2\/types\/page"}],"author":[{"embeddable":true,"href":"https:\/\/opus-folyoirat.sk\/index.php?rest_route=\/wp\/v2\/users\/4"}],"replies":[{"embeddable":true,"href":"https:\/\/opus-folyoirat.sk\/index.php?rest_route=%2Fwp%2Fv2%2Fcomments&post=4306"}],"version-history":[{"count":1,"href":"https:\/\/opus-folyoirat.sk\/index.php?rest_route=\/wp\/v2\/pages\/4306\/revisions"}],"predecessor-version":[{"id":4308,"href":"https:\/\/opus-folyoirat.sk\/index.php?rest_route=\/wp\/v2\/pages\/4306\/revisions\/4308"}],"wp:attachment":[{"href":"https:\/\/opus-folyoirat.sk\/index.php?rest_route=%2Fwp%2Fv2%2Fmedia&parent=4306"}],"curies":[{"name":"wp","href":"https:\/\/api.w.org\/{rel}","templated":true}]}}