{"id":4325,"date":"2025-11-18T11:23:00","date_gmt":"2025-11-18T09:23:00","guid":{"rendered":"https:\/\/opus-folyoirat.sk\/?page_id=4325"},"modified":"2026-01-21T21:24:26","modified_gmt":"2026-01-21T19:24:26","slug":"leczo-bence","status":"publish","type":"page","link":"https:\/\/opus-folyoirat.sk\/?page_id=4325","title":{"rendered":"Leczo Bence"},"content":{"rendered":"\n<p><strong>\u00c9s a h\u00e1zam se a h\u00e1zam<\/strong><\/p>\n\n\n<div class=\"wp-block-post-date\"><time datetime=\"2025-11-18T11:23:00+02:00\">2025-11-18<\/time><\/div>\n\n\n<p>Sz\u00f6rny\u0171 hideg t\u00e9l volt. A sz\u00e9l \u00e9jszak\u00e1nk\u00e9nt csapdosta a ny\u00e1rikonyha ajtaj\u00e1t, alig lehetett aludni. Est\u00e9nk\u00e9nt a s\u00f6t\u00e9tben \u00fclt\u00fcnk, mert kimenni nem lehetett, anyuka \u00e9s apuka mes\u00e9ltek a gyerekkorukr\u00f3l, azt\u00e1n az eny\u00e9mr\u0151l. A pinc\u00e9ben megfagyott a krumpli meg a c\u00e9kla, \u00f6k\u00f6llel kellett sz\u00e9tverni a f\u00f6ldet \u00e9s elg\u00e9mberedett ujjakkal kikaparni a z\u00f6lds\u00e9get. Ebben anyuka volt a leg\u00fcgyesebb, de mindig engem k\u00fcldtek le. A gyerty\u00e1t a bef\u0151ttek k\u00f6z\u00e9 raktam, tetszett, ahogy furcsa \u00e1rny\u00e9kokat vet a telezs\u00fafolt polcr\u00f3l a l\u00e1ng.&nbsp;<\/p>\n\n\n\n<p>T\u00edzezer koron\u00e1t adtunk a partiz\u00e1nnak, aki h\u00e1rom nappal azel\u0151tt j\u00e1rta a falut. Csak \u00e9n tudtam vele besz\u00e9lni a csal\u00e1db\u00f3l, azt mondta, hogy nem kell f\u00e9ln\u00fcnk, mindent elint\u00e9z, \u0151t ismerik, \u0151 mentette meg a j\u00e1r\u00e1si tan\u00e1cseln\u00f6k \u00e9let\u00e9t m\u00e9g a h\u00e1bor\u00faban. Kifizett\u00fck. Addigra h\u00e1zr\u00f3l h\u00e1zra j\u00e1rtak a katon\u00e1k, \u00e9s egy-k\u00e9t \u00f3r\u00e1t adtak, hogy az ember mindent \u00f6sszeszedjen. A partiz\u00e1nnak fegyvere is volt, l\u00f6v\u00f6ld\u00f6z\u00f6tt a leveg\u0151be, mikor valaki nem akart fizetni. Pap\u00edrt nem adott, elismerv\u00e9nyt sem, elment a p\u00e9nzzel elint\u00e9zni, hogy ne vigyenek el benn\u00fcnket. K\u00e9t nappal k\u00e9s\u0151bb, kora reggel, mikor anyuka \u00e9pp csak megj\u00f6tt a boltb\u00f3l, hozott tejet meg Pravd\u00e1t, meg\u00e1llt a plat\u00f3s aut\u00f3 a h\u00e1z el\u0151tt. Anyuka kez\u00e9b\u0151l kiesett a tejes\u00fcveg, apuka pedig ord\u00edtott, egy \u00f6kr\u00f6t vehett\u00fcnk volna bel\u0151le, \u00fcv\u00f6lt\u00f6tte a sarok fel\u00e9 fordulva, nehogy meghallj\u00e1k a katon\u00e1k. Kik\u00fcldtek, hogy k\u00e9rdezzem meg, mit akarnak. El\u0151sz\u00f6r meg\u00f6r\u00fcltek, v\u00e9gre valaki tud cseh\u00fcl, van kivel besz\u00e9lgetni. Azt\u00e1n mikor sz\u00f3bahoztam a partiz\u00e1nt meg a p\u00e9nzt, mindj\u00e1rt elkomorodtak. \u00dct\u00f6ttek, puskatussal. Azt \u00fcv\u00f6lt\u00f6tt\u00e9k, hogy f\u00e9l \u00f3r\u00e1nk van, meg takarodjunk innen. Bent anyuka k\u00f6t\u00e9st rakott a fejemre. Csak n\u00e9zte a sebem, apuka idegesen m\u00e1szk\u00e1lt k\u00f6rbe a szob\u00e1ban. Mama a kemence sark\u00e1n \u00fclt. \u00c9lvezte a meleget.&nbsp;<\/p>\n\n\n\n<p>Le\u00fclt\u00fcnk megbesz\u00e9lni, hogy mi legyen. Anyuka leszedette ap\u00e1mmal a szekr\u00e9ny tetej\u00e9r\u0151l a nagy utaz\u00f3b\u0151r\u00f6nd\u00f6t, amit sosem haszn\u00e1ltak, tartogatt\u00e1k. A h\u00e1l\u00f3szob\u00e1ba mentek, hogy meleg ruh\u00e1t csomagoljanak, engem a pinc\u00e9be k\u00fcldtek, hogy szedjem \u00f6ssze a vet\u0151magnak val\u00f3t, meg valami bef\u0151ttet is hozzak fel, ami nem pen\u00e9szes. Tal\u00e1lomra markoltam a magokb\u00f3l, \u00e9s egy v\u00e1szonzs\u00e1kba pakoltam. Mikor tele lett, szedtem a tetej\u00e9be p\u00e1r vet\u0151krumplit, a kezembe vettem k\u00e9t \u00fcveg savany\u00fa ubork\u00e1t. A korl\u00e1t mell\u00e9 raktam az \u00fcvegeket, \u00e9s a v\u00e1szonzs\u00e1kkal a kezemben el\u0151re indultam a katon\u00e1khoz. Ahogy megl\u00e1ttak, fegyvert szegeztek r\u00e1m. Meg\u00e1lltam, sz\u00e9tt\u00e1rtam a karomat. A nagyobbnak cigaretta l\u00f3gott a sz\u00e1j\u00e1b\u00f3l, v\u00e1ll\u00e1ra csapta a pusk\u00e1t \u00e9s megindult fel\u00e9m. \u00c1llon \u00fct\u00f6tt, arccal fordultam a h\u00f3ba. Felr\u00e1ncig\u00e1lt, \u00e9s a hajamn\u00e1l fogva pr\u00f3b\u00e1lt elh\u00fazni az ajt\u00f3ig. Nem siker\u00fclt. Talpra \u00e1ll\u00edtott, elvitt a k\u00fcsz\u00f6big, majd egy hatalmasat taszajtott rajtam. T\u00e9rdre estem, h\u00e1tba r\u00fagott, anyuka azonnal odarohant. A cseh \u00fcv\u00f6lteni kezdett, majd fogta v\u00e1szonzs\u00e1kot \u00e9s f\u00f6ldh\u00f6z v\u00e1gta. Magok \u00e9s vet\u0151krumpli gurult mindenfel\u00e9. Anyuka \u00e9s apuka csak \u00e1lltak, a katon\u00e1nak kiesett a sz\u00e1j\u00e1b\u00f3l a cigaretta. Eltaposta, sarkon fordult \u00e9s kiment, az ajt\u00f3t is nyitva hagyta. Mi baja volt, k\u00e9rdezte anyuka. Azt hitte p\u00e9nz, mondtam.&nbsp;<\/p>\n\n\n\n<p>A tisztaszoba fel\u0151l cs\u00f6r\u00f6mp\u00f6l\u00e9st hallottunk. Mama \u00e1llt bent, \u00e9s egyes\u00e9vel ejtette el a l\u00e1nya ut\u00e1n hozom\u00e1nyba adott krist\u00e1lypoharakat. Azt\u00e1n t\u00e1ny\u00e9rok k\u00f6vetkeztek. Ap\u00e1mnak felcsillant a szeme, a t\u00e1lal\u00f3b\u00f3l szedte el\u0151 a porcel\u00e1n \u00e9tk\u00e9szletet, egyes\u00e9vel vagdosta falhoz a t\u00e1ny\u00e9rokat. M\u00edg anyuka kab\u00e1tokat gy\u00f6m\u00f6sz\u00f6lt az utaz\u00f3b\u0151r\u00f6ndbe, addig apuk\u00e1val \u00e9s mam\u00e1val \u00f6sszet\u00f6rt\u00fck a t\u00e1lal\u00f3b\u00f3l az \u00f6sszes poharat, cs\u00e9sz\u00e9t, kist\u00e1ny\u00e9rt. A vill\u00e1kat, kanalakat az asztal lapj\u00e1n hajl\u00edtgattam el. Odakint a f\u00e9szerben kezdt\u00fck, kih\u00faztuk a boron\u00e1t, apuka egy kalap\u00e1ccsal kezdte \u00fctni. Balt\u00e1val mentem vissza a h\u00e1zba, lecsaptam a l\u00e1d\u00e1r\u00f3l a vasal\u00e1sokat \u00e9s a mint\u00e1kat. Az asztal n\u00e9gy l\u00e1b\u00e1t az ablakon haj\u00edtottam ki. Felbor\u00edtottuk a ruh\u00e1sszekr\u00e9nyt, leszaggattuk a fogasokat, a t\u00e1rol\u00f3rudat \u00e9s a t\u00e9k\u00e1t is. Az \u00e1gyban a b\u00e9l\u00e9st, a p\u00e1rn\u00e1kat \u00e9s a takar\u00f3kat k\u00e9ssel cinc\u00e1ltuk sz\u00e9t. A konyha romjaira borsot \u00e9s mindenf\u00e9le f\u0171szereket sz\u00f3rtunk, amit csak tal\u00e1ltunk.&nbsp;<\/p>\n\n\n\n<p>Kintr\u0151l l\u00f6v\u00e9s hallatszott. A katon\u00e1k megel\u00e9gelt\u00e9k a puszt\u00edt\u00e1st, akkor l\u0151ttek a leveg\u0151be, amikor apuka megpr\u00f3b\u00e1lta meggy\u00fajtani a g\u00f3r\u00e9t. H\u00e1tba v\u00e1gt\u00e1k a tus\u00e1val, engem homlokon csapott a nagyobbik. Kihozatt\u00e1k az utaz\u00f3b\u0151r\u00f6nd\u00f6t a h\u00e1zb\u00f3l, \u00e9s mell\u00e9 \u00e1ll\u00edtottak, fegyvert fogtak r\u00e1nk. Csak a mam\u00e1t nem b\u00e1ntott\u00e1k. N\u00e9zt\u00e9k, ahogy k\u00f6nnyeden l\u00e9pdelve s\u00f3t sz\u00f3r sz\u00e9t a kertben. Mikor v\u00e9gzett, kinyitotta a liba\u00f3lat. Egyes\u00e9vel t\u0171ntek el\u0151 az \u00e1llatok a h\u00f3ban, sorban gy\u0171ltek a mama el\u00e9. Megsimogatta az el\u0151l \u00e1ll\u00f3t, eg\u00e9szen sok\u00e1ig simogatta, azt\u00e1n kitekerte a nyak\u00e1t. Az \u00e9lettelen testeket egym\u00e1sra halmozta. Azt\u00e1n a ny\u00e1rikonyh\u00e1ba ment, \u00e9s kez\u00e9ben a v\u00f6r\u00f6s kand\u00farunkkal t\u00e9rt vissza. A mellkas\u00e1n tartotta, \u00e9s elindult a h\u00e1z fel\u00e9. A macska dorombolt. Mama \u00e1tny\u00fajt a feje f\u00f6l\u00f6tt, megragadta a grabanc\u00e1n\u00e1l fogva, \u00e9s \u00e1tl\u00f3d\u00edtotta a ker\u00edt\u00e9sen a szomsz\u00e9dba.&nbsp;<\/p>\n\n\n\n<p>Csendben pakoltuk fel a plat\u00f3ra az utaz\u00f3b\u0151r\u00f6nd\u00f6t. Apuka \u00e9s anyuka bebugyol\u00e1lt\u00e1k magukat, egyed\u00fcl a mama \u00fclt nyak\u00f3con. A h\u00e1z fel\u00e9 n\u00e9zett. Nem sokkal k\u00e9s\u0151bb felb\u0151g\u00f6tt a motor, \u00e9s elintult a z\u00f6ld Tatra. Ahogy t\u00e1volodtunk, egy v\u00f6r\u00f6s cicafej bukkant fel a szomsz\u00e9d kapuj\u00e1ban, de nem j\u00f6tt ki az \u00fatra. Mama azt mondta, majd a Szab\u00f3\u00e9k gondj\u00e1t viselik.&nbsp;<\/p>\n","protected":false},"excerpt":{"rendered":"<p>\u00c9s a h\u00e1zam se a h\u00e1zam Sz\u00f6rny\u0171 hideg t\u00e9l volt. A sz\u00e9l \u00e9jszak\u00e1nk\u00e9nt csapdosta a ny\u00e1rikonyha ajtaj\u00e1t, alig lehetett aludni. Est\u00e9nk\u00e9nt a s\u00f6t\u00e9tben \u00fclt\u00fcnk, mert kimenni nem lehetett, anyuka \u00e9s apuka mes\u00e9ltek a gyerekkorukr\u00f3l, azt\u00e1n az eny\u00e9mr\u0151l. A pinc\u00e9ben megfagyott &hellip; <a href=\"https:\/\/opus-folyoirat.sk\/?page_id=4325\">Egy kattint\u00e1s ide a folytat\u00e1shoz&#8230;. <span class=\"meta-nav\">&rarr;<\/span><\/a><\/p>\n","protected":false},"author":4,"featured_media":0,"parent":0,"menu_order":0,"comment_status":"closed","ping_status":"closed","template":"","meta":{"footnotes":""},"class_list":["post-4325","page","type-page","status-publish","hentry"],"_links":{"self":[{"href":"https:\/\/opus-folyoirat.sk\/index.php?rest_route=\/wp\/v2\/pages\/4325","targetHints":{"allow":["GET"]}}],"collection":[{"href":"https:\/\/opus-folyoirat.sk\/index.php?rest_route=\/wp\/v2\/pages"}],"about":[{"href":"https:\/\/opus-folyoirat.sk\/index.php?rest_route=\/wp\/v2\/types\/page"}],"author":[{"embeddable":true,"href":"https:\/\/opus-folyoirat.sk\/index.php?rest_route=\/wp\/v2\/users\/4"}],"replies":[{"embeddable":true,"href":"https:\/\/opus-folyoirat.sk\/index.php?rest_route=%2Fwp%2Fv2%2Fcomments&post=4325"}],"version-history":[{"count":1,"href":"https:\/\/opus-folyoirat.sk\/index.php?rest_route=\/wp\/v2\/pages\/4325\/revisions"}],"predecessor-version":[{"id":4326,"href":"https:\/\/opus-folyoirat.sk\/index.php?rest_route=\/wp\/v2\/pages\/4325\/revisions\/4326"}],"wp:attachment":[{"href":"https:\/\/opus-folyoirat.sk\/index.php?rest_route=%2Fwp%2Fv2%2Fmedia&parent=4325"}],"curies":[{"name":"wp","href":"https:\/\/api.w.org\/{rel}","templated":true}]}}